{"id":441,"date":"2016-09-01T11:03:38","date_gmt":"2016-09-01T09:03:38","guid":{"rendered":"http:\/\/demo.n-3.it\/ptm\/fr\/?page_id=441"},"modified":"2016-11-09T11:22:57","modified_gmt":"2016-11-09T10:22:57","slug":"ptm-management-epuiser","status":"publish","type":"page","link":"https:\/\/service.ptmsrl.com\/fr\/ptm-management\/ptm-management-epuiser\/","title":{"rendered":"PTM Management &#8211; Epuiser"},"content":{"rendered":"<p>[et_pb_section admin_label=\u00a0\u00bbsection\u00a0\u00bb fullwidth=\u00a0\u00bbon\u00a0\u00bb][et_pb_fullwidth_header admin_label=\u00a0\u00bbIntestazione a Larghezza Piena\u00a0\u00bb title=\u00a0\u00bbPTM MANAGEMENT\u00a0\u00bb background_layout=\u00a0\u00bblight\u00a0\u00bb text_orientation=\u00a0\u00bbleft\u00a0\u00bb header_fullscreen=\u00a0\u00bboff\u00a0\u00bb header_scroll_down=\u00a0\u00bboff\u00a0\u00bb background_color=\u00a0\u00bb#222349&Prime; parallax=\u00a0\u00bboff\u00a0\u00bb parallax_method=\u00a0\u00bboff\u00a0\u00bb content_orientation=\u00a0\u00bbcenter\u00a0\u00bb image_orientation=\u00a0\u00bbcenter\u00a0\u00bb title_font_color=\u00a0\u00bb#ffffff\u00a0\u00bb title_font=\u00a0\u00bbMontserrat|on|||\u00a0\u00bb custom_button_one=\u00a0\u00bboff\u00a0\u00bb button_one_letter_spacing=\u00a0\u00bb0&Prime; button_one_use_icon=\u00a0\u00bbdefault\u00a0\u00bb button_one_icon_placement=\u00a0\u00bbright\u00a0\u00bb button_one_on_hover=\u00a0\u00bbon\u00a0\u00bb button_one_letter_spacing_hover=\u00a0\u00bb0&Prime; custom_button_two=\u00a0\u00bboff\u00a0\u00bb button_two_letter_spacing=\u00a0\u00bb0&Prime; button_two_use_icon=\u00a0\u00bbdefault\u00a0\u00bb button_two_icon_placement=\u00a0\u00bbright\u00a0\u00bb button_two_on_hover=\u00a0\u00bbon\u00a0\u00bb button_two_letter_spacing_hover=\u00a0\u00bb0&Prime; title_font_size=\u00a0\u00bb40px\u00a0\u00bb] [\/et_pb_fullwidth_header][\/et_pb_section][et_pb_section admin_label=\u00a0\u00bbSezione\u00a0\u00bb fullwidth=\u00a0\u00bboff\u00a0\u00bb specialty=\u00a0\u00bbon\u00a0\u00bb transparent_background=\u00a0\u00bboff\u00a0\u00bb background_color=\u00a0\u00bb#ffffff\u00a0\u00bb allow_player_pause=\u00a0\u00bboff\u00a0\u00bb inner_shadow=\u00a0\u00bboff\u00a0\u00bb parallax=\u00a0\u00bboff\u00a0\u00bb parallax_method=\u00a0\u00bboff\u00a0\u00bb custom_padding=\u00a0\u00bb0px|||\u00a0\u00bb padding_mobile=\u00a0\u00bboff\u00a0\u00bb make_fullwidth=\u00a0\u00bboff\u00a0\u00bb use_custom_width=\u00a0\u00bboff\u00a0\u00bb width_unit=\u00a0\u00bbon\u00a0\u00bb make_equal=\u00a0\u00bboff\u00a0\u00bb use_custom_gutter=\u00a0\u00bboff\u00a0\u00bb parallax_1=\u00a0\u00bboff\u00a0\u00bb parallax_method_1=\u00a0\u00bboff\u00a0\u00bb parallax_2=\u00a0\u00bboff\u00a0\u00bb parallax_method_2=\u00a0\u00bboff\u00a0\u00bb custom_css_main_1=\u00a0\u00bbborder-right: solid 1px #bababa;\u00a0\u00bb][et_pb_column type=\u00a0\u00bb1_4&Prime;][et_pb_blurb admin_label=\u00a0\u00bbLink a scheda prodotto &#8211; FR\u00a0\u00bb global_module=\u00a0\u00bb283&Prime; saved_tabs=\u00a0\u00bball\u00a0\u00bb title=\u00a0\u00bb Fiche produit\u00a0\u00bb url=\u00a0\u00bbhttp:\/\/www.ptmsrl.com\/it\/s33\/product\/\u00a0\u00bb url_new_window=\u00a0\u00bbon\u00a0\u00bb use_icon=\u00a0\u00bbon\u00a0\u00bb font_icon=\u00a0\u00bb%%101%%\u00a0\u00bb icon_color=\u00a0\u00bb#b5b5b5&Prime; use_circle=\u00a0\u00bboff\u00a0\u00bb circle_color=\u00a0\u00bb#0d76ec\u00a0\u00bb use_circle_border=\u00a0\u00bboff\u00a0\u00bb circle_border_color=\u00a0\u00bb#0d76ec\u00a0\u00bb icon_placement=\u00a0\u00bbleft\u00a0\u00bb animation=\u00a0\u00bboff\u00a0\u00bb background_layout=\u00a0\u00bblight\u00a0\u00bb text_orientation=\u00a0\u00bbleft\u00a0\u00bb use_icon_font_size=\u00a0\u00bboff\u00a0\u00bb use_border_color=\u00a0\u00bboff\u00a0\u00bb border_color=\u00a0\u00bb#ffffff\u00a0\u00bb border_style=\u00a0\u00bbsolid\u00a0\u00bb] PTM Management [\/et_pb_blurb][et_pb_divider admin_label=\u00a0\u00bbModulo Separatore\u00a0\u00bb color=\u00a0\u00bb#b5b5b5&Prime; show_divider=\u00a0\u00bbon\u00a0\u00bb divider_style=\u00a0\u00bbsolid\u00a0\u00bb divider_position=\u00a0\u00bbtop\u00a0\u00bb hide_on_mobile=\u00a0\u00bbon\u00a0\u00bb height=\u00a0\u00bb10&Prime;] [\/et_pb_divider][et_pb_text admin_label=\u00a0\u00bbMenu laterale &#8211; PTM Management &#8211; FR\u00a0\u00bb global_module=\u00a0\u00bb952&Prime; background_layout=\u00a0\u00bblight\u00a0\u00bb text_orientation=\u00a0\u00bbleft\u00a0\u00bb use_border_color=\u00a0\u00bboff\u00a0\u00bb border_color=\u00a0\u00bb#ffffff\u00a0\u00bb border_style=\u00a0\u00bbsolid\u00a0\u00bb saved_tabs=\u00a0\u00bball\u00a0\u00bb]<\/p>\n<p><a href=\"http:\/\/service.ptmsrl.com\/fr\/ptm-management\/\"><strong>PTM MANAGEMENT<\/strong><\/a><\/p>\n<ul>\n<li><a href=\"http:\/\/service.ptmsrl.com\/fr\/ptm-management\/premier-enregistrement\/\">Premier enregistrement<\/a><\/li>\n<li><a href=\"http:\/\/service.ptmsrl.com\/fr\/ptm-management\/ptm-management-controler\/\">Contr\u00f4ler<\/a><\/li>\n<li><a href=\"http:\/\/service.ptmsrl.com\/fr\/ptm-management\/ptm-management-composants\/\">Composants<\/a><\/li>\n<li><a href=\"http:\/\/service.ptmsrl.com\/fr\/ptm-management\/ptm-management-recettes\/\">Recettes<\/a><\/li>\n<li><a href=\"http:\/\/service.ptmsrl.com\/fr\/ptm-management\/ptm-management-groupes-super\/\">Groupes (SUPER)<\/a><\/li>\n<li><a href=\"http:\/\/service.ptmsrl.com\/fr\/ptm-management\/ptm-management-entrepot\/\">Entrep\u00f4t<\/a><\/li>\n<li><a href=\"http:\/\/service.ptmsrl.com\/fr\/ptm-management\/ptm-management-provisions\/\">Provisions<\/a><\/li>\n<li><a href=\"http:\/\/service.ptmsrl.com\/fr\/ptm-management\/ptm-management-programmation\/\">Programmation<\/a><\/li>\n<li><a href=\"http:\/\/service.ptmsrl.com\/fr\/ptm-management\/ptm-management-charges\/\">Charges<\/a><\/li>\n<li><a href=\"http:\/\/service.ptmsrl.com\/fr\/ptm-management\/ptm-management-epuiser\/\">Epuiser<\/a><\/li>\n<li><a href=\"http:\/\/service.ptmsrl.com\/fr\/ptm-management\/ptm-management-clientele\/\">Client\u00e8le<\/a><\/li>\n<li><a href=\"http:\/\/service.ptmsrl.com\/fr\/ptm-management\/ptm-management-production-et-couts\/\">Production et co\u00fbts<\/a><\/li>\n<\/ul>\n<p>[\/et_pb_text][\/et_pb_column][et_pb_column type=\u00a0\u00bb3_4&Prime; specialty_columns=\u00a0\u00bb3&Prime;][et_pb_row_inner admin_label=\u00a0\u00bbRiga\u00a0\u00bb][et_pb_column_inner type=\u00a0\u00bb4_4&Prime; saved_specialty_column_type=\u00a0\u00bb3_4&Prime;][et_pb_cta admin_label=\u00a0\u00bbTitolo sezione\u00a0\u00bb title=\u00a0\u00bbEpuiser\u00a0\u00bb url_new_window=\u00a0\u00bboff\u00a0\u00bb use_background_color=\u00a0\u00bboff\u00a0\u00bb background_color=\u00a0\u00bb#0d76ec\u00a0\u00bb background_layout=\u00a0\u00bblight\u00a0\u00bb text_orientation=\u00a0\u00bbleft\u00a0\u00bb use_border_color=\u00a0\u00bboff\u00a0\u00bb border_color=\u00a0\u00bb#ffffff\u00a0\u00bb border_style=\u00a0\u00bbsolid\u00a0\u00bb custom_button=\u00a0\u00bboff\u00a0\u00bb button_letter_spacing=\u00a0\u00bb0&Prime; button_use_icon=\u00a0\u00bbdefault\u00a0\u00bb button_icon_placement=\u00a0\u00bbright\u00a0\u00bb button_on_hover=\u00a0\u00bbon\u00a0\u00bb button_letter_spacing_hover=\u00a0\u00bb0&Prime; header_font_size=\u00a0\u00bb40&Prime;] [\/et_pb_cta][et_pb_text admin_label=\u00a0\u00bbTesto\u00a0\u00bb background_layout=\u00a0\u00bblight\u00a0\u00bb text_orientation=\u00a0\u00bbleft\u00a0\u00bb use_border_color=\u00a0\u00bboff\u00a0\u00bb border_color=\u00a0\u00bb#ffffff\u00a0\u00bb border_style=\u00a0\u00bbsolid\u00a0\u00bb]<\/p>\n<div><span lang=\"fr\">Sur cette page, vous pouvez visualiser et surveiller les d\u00e9chargement et impression des rapports. <\/span><span lang=\"fr\">Dans la partie sup\u00e9rieure gauche, les recherches peuvent \u00eatre filtr\u00e9es pour afficher la liste selon un crit\u00e8re de l\u2019int\u00e9r\u00eat. <\/span><span lang=\"fr\">Pour ex\u00e9cuter ces recherches il suffit de s\u00e9lectionner dans le menu d\u00e9roulant le menu situ\u00e9 en haut des crit\u00e8res de recherche que vous souhaitez afficher les donn\u00e9es. <\/span><span lang=\"fr\">Affiche uniquement les donn\u00e9es qui respecte tous les crit\u00e8res de recherche s\u00e9lectionn\u00e9. <\/span><span lang=\"fr\">En particulier, vous pouvez rechercher :<\/span><\/div>\n<div><\/div>\n<div>\n<ul>\n<li>Chariot<\/li>\n<li>Recette<\/li>\n<li>Commentaires<\/li>\n<li>Groupe<\/li>\n<\/ul>\n<\/div>\n<p>En outre, vous pouvez filtrer la recherche uniquement dans une p\u00e9riode donn\u00e9e, en ins\u00e9rant les dates d\u2019int\u00e9r\u00eat dans la zone sous-jacente aux quatre ci-dessus mentionn\u00e9es entr\u00e9es.<\/p>\n<p>Dans la section droite, le logiciel offre la possibilit\u00e9 d\u2019imprimer des rapports et de lire les charges directement \u00e0 partir de la cl\u00e9 USB.<\/p>\n<p>Le tableau ci-dessous affiche les donn\u00e9es concernant la zone de d\u00e9chargement filtr\u00e9 vient d\u2019\u00eatre compil\u00e9es.<\/p>\n<p>[\/et_pb_text][et_pb_divider admin_label=\u00a0\u00bbModulo Separatore\u00a0\u00bb color=\u00a0\u00bb#bababa\u00a0\u00bb show_divider=\u00a0\u00bbon\u00a0\u00bb height=\u00a0\u00bb10&Prime; divider_style=\u00a0\u00bbsolid\u00a0\u00bb divider_position=\u00a0\u00bbtop\u00a0\u00bb hide_on_mobile=\u00a0\u00bbon\u00a0\u00bb] [\/et_pb_divider][et_pb_cta admin_label=\u00a0\u00bbLink al form &#8211; FR\u00a0\u00bb global_module=\u00a0\u00bb412&Prime; saved_tabs=\u00a0\u00bball\u00a0\u00bb title=\u00a0\u00bbVous ne trouvez pas ce que vous cherchez?\u00a0\u00bb button_url=\u00a0\u00bbhttp:\/\/service.ptmsrl.com\/richiedi-informazioni-sui-prodotti-ptm\/\u00a0\u00bb url_new_window=\u00a0\u00bboff\u00a0\u00bb button_text=\u00a0\u00bbContactez nous\u00a0\u00bb use_background_color=\u00a0\u00bboff\u00a0\u00bb background_color=\u00a0\u00bb#0d76ec\u00a0\u00bb background_layout=\u00a0\u00bblight\u00a0\u00bb text_orientation=\u00a0\u00bbleft\u00a0\u00bb use_border_color=\u00a0\u00bboff\u00a0\u00bb border_color=\u00a0\u00bb#ffffff\u00a0\u00bb border_style=\u00a0\u00bbsolid\u00a0\u00bb custom_button=\u00a0\u00bboff\u00a0\u00bb button_letter_spacing=\u00a0\u00bb0&Prime; button_use_icon=\u00a0\u00bbdefault\u00a0\u00bb button_icon_placement=\u00a0\u00bbright\u00a0\u00bb button_on_hover=\u00a0\u00bbon\u00a0\u00bb button_letter_spacing_hover=\u00a0\u00bb0&Prime;] [\/et_pb_cta][\/et_pb_column_inner][\/et_pb_row_inner][\/et_pb_column][\/et_pb_section]<\/p>\n","protected":false},"excerpt":{"rendered":"<p>PTM Management PTM MANAGEMENT Premier enregistrement Contr\u00f4ler Composants Recettes Groupes (SUPER) Entrep\u00f4t Provisions Programmation Charges Epuiser Client\u00e8le Production et co\u00fbts Sur cette page, vous pouvez visualiser et surveiller les d\u00e9chargement et impression des rapports. Dans la partie sup\u00e9rieure gauche, les recherches peuvent \u00eatre filtr\u00e9es pour afficher la liste selon un crit\u00e8re de l\u2019int\u00e9r\u00eat. Pour ex\u00e9cuter [&hellip;]<\/p>\n","protected":false},"author":9,"featured_media":0,"parent":411,"menu_order":0,"comment_status":"closed","ping_status":"closed","template":"","meta":{"_et_pb_use_builder":"on","_et_pb_old_content":"<p>[et_pb_section admin_label=\"section\" global_module=\"200\" fullwidth=\"on\"][et_pb_fullwidth_header global_parent=\"200\" admin_label=\"Intestazione a Larghezza Piena\" title=\"PTM MANAGEMENT\" background_layout=\"light\" text_orientation=\"left\" header_fullscreen=\"off\" header_scroll_down=\"off\" background_color=\"#222349\" parallax=\"off\" parallax_method=\"off\" content_orientation=\"center\" image_orientation=\"center\" title_font_color=\"#ffffff\" title_font=\"Montserrat|on|||\" custom_button_one=\"off\" button_one_letter_spacing=\"0\" button_one_use_icon=\"default\" button_one_icon_placement=\"right\" button_one_on_hover=\"on\" button_one_letter_spacing_hover=\"0\" custom_button_two=\"off\" button_two_letter_spacing=\"0\" button_two_use_icon=\"default\" button_two_icon_placement=\"right\" button_two_on_hover=\"on\" button_two_letter_spacing_hover=\"0\" title_font_size=\"40px\"] [\/et_pb_fullwidth_header][\/et_pb_section][et_pb_section admin_label=\"Sezione\" fullwidth=\"off\" specialty=\"on\" transparent_background=\"off\" background_color=\"#ffffff\" allow_player_pause=\"off\" inner_shadow=\"off\" parallax=\"off\" parallax_method=\"off\" custom_padding=\"0px|||\" padding_mobile=\"off\" make_fullwidth=\"off\" use_custom_width=\"off\" width_unit=\"on\" make_equal=\"off\" use_custom_gutter=\"off\" parallax_1=\"off\" parallax_method_1=\"off\" parallax_2=\"off\" parallax_method_2=\"off\" custom_css_main_1=\"border-right: solid 1px #bababa;\"][et_pb_column type=\"1_4\"][et_pb_blurb admin_label=\"Link a scheda prodotto\" global_module=\"181\" saved_tabs=\"all\" title=\"Scheda prodotto\" url=\"http:\/\/www.ptmsrl.com\/it\/s33\/product\/\" url_new_window=\"on\" use_icon=\"on\" font_icon=\"%%101%%\" icon_color=\"#b5b5b5\" use_circle=\"off\" circle_color=\"#0d76ec\" use_circle_border=\"off\" circle_border_color=\"#0d76ec\" icon_placement=\"left\" animation=\"top\" background_layout=\"light\" text_orientation=\"left\" use_icon_font_size=\"off\" use_border_color=\"off\" border_color=\"#ffffff\" border_style=\"solid\"] PTM Management [\/et_pb_blurb][et_pb_divider admin_label=\"Modulo Separatore\" color=\"#b5b5b5\" show_divider=\"on\" divider_style=\"solid\" divider_position=\"top\" hide_on_mobile=\"on\" height=\"10\"] [\/et_pb_divider][et_pb_text admin_label=\"Testo\" global_module=\"98\" saved_tabs=\"all\" background_layout=\"light\" text_orientation=\"left\" use_border_color=\"off\" border_color=\"#ffffff\" border_style=\"solid\"]<\/p><p><a href=\"http:\/\/demo.n-3.it\/ptm\/guida-ptm-management\/\"><strong>Guida a PTM Management<\/strong><\/a><\/p><ul><li><a href=\"http:\/\/demo.n-3.it\/ptm\/guida-ptm-management-tipo-di-licenza\/\">Tipo di licenza<\/a><\/li><li>Menu 2<\/li><li>Menu 3<\/li><\/ul><p>[\/et_pb_text][\/et_pb_column][et_pb_column type=\"3_4\" specialty_columns=\"3\"][et_pb_row_inner admin_label=\"Riga\"][et_pb_column_inner type=\"4_4\" saved_specialty_column_type=\"3_4\"][et_pb_cta admin_label=\"Titolo sezione\" title=\"Benvenuto\" url_new_window=\"off\" use_background_color=\"off\" background_color=\"#0d76ec\" background_layout=\"light\" text_orientation=\"left\" use_border_color=\"off\" border_color=\"#ffffff\" border_style=\"solid\" custom_button=\"off\" button_letter_spacing=\"0\" button_use_icon=\"default\" button_icon_placement=\"right\" button_on_hover=\"on\" button_letter_spacing_hover=\"0\" header_font_size=\"40\"] [\/et_pb_cta][et_pb_text admin_label=\"Testo\" background_layout=\"light\" text_orientation=\"left\" use_border_color=\"off\" border_color=\"#ffffff\" border_style=\"solid\"]<\/p><p>Benvenuto nella sezione Wiki di <strong>PTM Managements<\/strong>.<\/p><p>Questo software \u00e8 uno strumento vasto e dettagliato per programmare le diverse Centraline di PTM in tutte le loro specificit\u00e0, e nel rispetto delle loro funzioni originali.<\/p><p><strong>PTM Managements<\/strong> consente tre sessioni di accesso: \u00e8 consigliabile pertanto effettuare il logout (situato nella sezione superiore) una volta terminata la sessione di lavoro. Il sistema, in ogni caso, prevede automaticamente un logout forzato dell\u2019ultima sessione, qualora non sia stato effettuato dall\u2019utente attraverso il tasto logout situato nella sezione men\u00f9 superiore.<\/p><p>Attraverso l\u2019homepage di <strong>PTM Managements<\/strong> \u00e8 possibile accedere a tutte le sezioni del software. In base al tipo di licenza acquistata e alla tipologia di account con cui viene effettuato l\u2019accesso, si attivano i diversi moduli. La presente guida si riferisce ad un\u2019utenza che dispone dell\u2019accesso a tutte le funzioni.<\/p><p>Il men\u00f9 relativo al ciclo di lavoro del software \u00e8 situato nei due pannelli laterali. Nella sezione superiore si trovano invece gli accessi alle sezioni dedicate all\u2019account utente, all\u2019assistenza, alle utility, oltre che al logout.<\/p><p>[\/et_pb_text][et_pb_divider admin_label=\"Modulo Separatore\" color=\"#bababa\" show_divider=\"on\" height=\"10\" divider_style=\"solid\" divider_position=\"top\" hide_on_mobile=\"on\"] [\/et_pb_divider][et_pb_cta admin_label=\"Link al form\" global_module=\"142\" saved_tabs=\"all\" title=\"Non trovi quello che cerchi?\" button_url=\"#\" url_new_window=\"off\" button_text=\"Contattaci\" use_background_color=\"off\" background_color=\"#0d76ec\" background_layout=\"light\" text_orientation=\"center\" use_border_color=\"off\" border_color=\"#ffffff\" border_style=\"solid\" custom_button=\"off\" button_letter_spacing=\"0\" button_use_icon=\"default\" button_icon_placement=\"right\" button_on_hover=\"on\" button_letter_spacing_hover=\"0\"] [\/et_pb_cta][\/et_pb_column_inner][\/et_pb_row_inner][\/et_pb_column][\/et_pb_section]<\/p>","_et_gb_content_width":"","footnotes":""},"_links":{"self":[{"href":"https:\/\/service.ptmsrl.com\/fr\/wp-json\/wp\/v2\/pages\/441"}],"collection":[{"href":"https:\/\/service.ptmsrl.com\/fr\/wp-json\/wp\/v2\/pages"}],"about":[{"href":"https:\/\/service.ptmsrl.com\/fr\/wp-json\/wp\/v2\/types\/page"}],"author":[{"embeddable":true,"href":"https:\/\/service.ptmsrl.com\/fr\/wp-json\/wp\/v2\/users\/9"}],"replies":[{"embeddable":true,"href":"https:\/\/service.ptmsrl.com\/fr\/wp-json\/wp\/v2\/comments?post=441"}],"version-history":[{"count":0,"href":"https:\/\/service.ptmsrl.com\/fr\/wp-json\/wp\/v2\/pages\/441\/revisions"}],"up":[{"embeddable":true,"href":"https:\/\/service.ptmsrl.com\/fr\/wp-json\/wp\/v2\/pages\/411"}],"wp:attachment":[{"href":"https:\/\/service.ptmsrl.com\/fr\/wp-json\/wp\/v2\/media?parent=441"}],"curies":[{"name":"wp","href":"https:\/\/api.w.org\/{rel}","templated":true}]}}