{"id":437,"date":"2016-09-01T11:01:45","date_gmt":"2016-09-01T09:01:45","guid":{"rendered":"http:\/\/demo.n-3.it\/ptm\/fr\/?page_id=437"},"modified":"2018-10-02T15:57:34","modified_gmt":"2018-10-02T13:57:34","slug":"ptm-management-programmation","status":"publish","type":"page","link":"https:\/\/service.ptmsrl.com\/fr\/ptm-management\/ptm-management-programmation\/","title":{"rendered":"PTM Management &#8211; Programmation"},"content":{"rendered":"<p>[et_pb_section admin_label=\u00a0\u00bbsection\u00a0\u00bb fullwidth=\u00a0\u00bbon\u00a0\u00bb][et_pb_fullwidth_header admin_label=\u00a0\u00bbIntestazione a Larghezza Piena\u00a0\u00bb title=\u00a0\u00bbPTM MANAGEMENT\u00a0\u00bb background_layout=\u00a0\u00bblight\u00a0\u00bb text_orientation=\u00a0\u00bbleft\u00a0\u00bb header_fullscreen=\u00a0\u00bboff\u00a0\u00bb header_scroll_down=\u00a0\u00bboff\u00a0\u00bb background_color=\u00a0\u00bb#222349&Prime; parallax=\u00a0\u00bboff\u00a0\u00bb parallax_method=\u00a0\u00bboff\u00a0\u00bb content_orientation=\u00a0\u00bbcenter\u00a0\u00bb image_orientation=\u00a0\u00bbcenter\u00a0\u00bb title_font_color=\u00a0\u00bb#ffffff\u00a0\u00bb title_font=\u00a0\u00bbMontserrat|on|||\u00a0\u00bb custom_button_one=\u00a0\u00bboff\u00a0\u00bb button_one_letter_spacing=\u00a0\u00bb0&Prime; button_one_use_icon=\u00a0\u00bbdefault\u00a0\u00bb button_one_icon_placement=\u00a0\u00bbright\u00a0\u00bb button_one_on_hover=\u00a0\u00bbon\u00a0\u00bb button_one_letter_spacing_hover=\u00a0\u00bb0&Prime; custom_button_two=\u00a0\u00bboff\u00a0\u00bb button_two_letter_spacing=\u00a0\u00bb0&Prime; button_two_use_icon=\u00a0\u00bbdefault\u00a0\u00bb button_two_icon_placement=\u00a0\u00bbright\u00a0\u00bb button_two_on_hover=\u00a0\u00bbon\u00a0\u00bb button_two_letter_spacing_hover=\u00a0\u00bb0&Prime; title_font_size=\u00a0\u00bb40px\u00a0\u00bb] [\/et_pb_fullwidth_header][\/et_pb_section][et_pb_section admin_label=\u00a0\u00bbSezione\u00a0\u00bb fullwidth=\u00a0\u00bboff\u00a0\u00bb specialty=\u00a0\u00bbon\u00a0\u00bb transparent_background=\u00a0\u00bboff\u00a0\u00bb background_color=\u00a0\u00bb#ffffff\u00a0\u00bb allow_player_pause=\u00a0\u00bboff\u00a0\u00bb inner_shadow=\u00a0\u00bboff\u00a0\u00bb parallax=\u00a0\u00bboff\u00a0\u00bb parallax_method=\u00a0\u00bboff\u00a0\u00bb custom_padding=\u00a0\u00bb0px|||\u00a0\u00bb padding_mobile=\u00a0\u00bboff\u00a0\u00bb make_fullwidth=\u00a0\u00bboff\u00a0\u00bb use_custom_width=\u00a0\u00bboff\u00a0\u00bb width_unit=\u00a0\u00bbon\u00a0\u00bb make_equal=\u00a0\u00bboff\u00a0\u00bb use_custom_gutter=\u00a0\u00bboff\u00a0\u00bb parallax_1=\u00a0\u00bboff\u00a0\u00bb parallax_method_1=\u00a0\u00bboff\u00a0\u00bb parallax_2=\u00a0\u00bboff\u00a0\u00bb parallax_method_2=\u00a0\u00bboff\u00a0\u00bb custom_css_main_1=\u00a0\u00bbborder-right: solid 1px #bababa;\u00a0\u00bb][et_pb_column type=\u00a0\u00bb1_4&Prime;][et_pb_blurb admin_label=\u00a0\u00bbLink a scheda prodotto &#8211; FR\u00a0\u00bb global_module=\u00a0\u00bb283&Prime; saved_tabs=\u00a0\u00bball\u00a0\u00bb title=\u00a0\u00bb Fiche produit\u00a0\u00bb url=\u00a0\u00bbhttp:\/\/www.ptmsrl.com\/it\/s33\/product\/\u00a0\u00bb url_new_window=\u00a0\u00bbon\u00a0\u00bb use_icon=\u00a0\u00bbon\u00a0\u00bb font_icon=\u00a0\u00bb%%101%%\u00a0\u00bb icon_color=\u00a0\u00bb#b5b5b5&Prime; use_circle=\u00a0\u00bboff\u00a0\u00bb circle_color=\u00a0\u00bb#0d76ec\u00a0\u00bb use_circle_border=\u00a0\u00bboff\u00a0\u00bb circle_border_color=\u00a0\u00bb#0d76ec\u00a0\u00bb icon_placement=\u00a0\u00bbleft\u00a0\u00bb animation=\u00a0\u00bboff\u00a0\u00bb background_layout=\u00a0\u00bblight\u00a0\u00bb text_orientation=\u00a0\u00bbleft\u00a0\u00bb use_icon_font_size=\u00a0\u00bboff\u00a0\u00bb use_border_color=\u00a0\u00bboff\u00a0\u00bb border_color=\u00a0\u00bb#ffffff\u00a0\u00bb border_style=\u00a0\u00bbsolid\u00a0\u00bb] PTM Management [\/et_pb_blurb][et_pb_divider admin_label=\u00a0\u00bbModulo Separatore\u00a0\u00bb color=\u00a0\u00bb#b5b5b5&Prime; show_divider=\u00a0\u00bbon\u00a0\u00bb divider_style=\u00a0\u00bbsolid\u00a0\u00bb divider_position=\u00a0\u00bbtop\u00a0\u00bb hide_on_mobile=\u00a0\u00bbon\u00a0\u00bb height=\u00a0\u00bb10&Prime;] [\/et_pb_divider][et_pb_text admin_label=\u00a0\u00bbMenu laterale &#8211; PTM Management &#8211; FR\u00a0\u00bb global_module=\u00a0\u00bb952&Prime; background_layout=\u00a0\u00bblight\u00a0\u00bb text_orientation=\u00a0\u00bbleft\u00a0\u00bb use_border_color=\u00a0\u00bboff\u00a0\u00bb border_color=\u00a0\u00bb#ffffff\u00a0\u00bb border_style=\u00a0\u00bbsolid\u00a0\u00bb saved_tabs=\u00a0\u00bball\u00a0\u00bb]<\/p>\n<p><a href=\"http:\/\/service.ptmsrl.com\/fr\/ptm-management\/\"><strong>PTM MANAGEMENT<\/strong><\/a><\/p>\n<ul>\n<li><a href=\"http:\/\/service.ptmsrl.com\/fr\/ptm-management\/premier-enregistrement\/\">Premier enregistrement<\/a><\/li>\n<li><a href=\"http:\/\/service.ptmsrl.com\/fr\/ptm-management\/ptm-management-controler\/\">Contr\u00f4ler<\/a><\/li>\n<li><a href=\"http:\/\/service.ptmsrl.com\/fr\/ptm-management\/ptm-management-composants\/\">Composants<\/a><\/li>\n<li><a href=\"http:\/\/service.ptmsrl.com\/fr\/ptm-management\/ptm-management-recettes\/\">Recettes<\/a><\/li>\n<li><a href=\"http:\/\/service.ptmsrl.com\/fr\/ptm-management\/ptm-management-groupes-super\/\">Groupes (SUPER)<\/a><\/li>\n<li><a href=\"http:\/\/service.ptmsrl.com\/fr\/ptm-management\/ptm-management-entrepot\/\">Entrep\u00f4t<\/a><\/li>\n<li><a href=\"http:\/\/service.ptmsrl.com\/fr\/ptm-management\/ptm-management-provisions\/\">Provisions<\/a><\/li>\n<li><a href=\"http:\/\/service.ptmsrl.com\/fr\/ptm-management\/ptm-management-programmation\/\">Programmation<\/a><\/li>\n<li><a href=\"http:\/\/service.ptmsrl.com\/fr\/ptm-management\/ptm-management-charges\/\">Charges<\/a><\/li>\n<li><a href=\"http:\/\/service.ptmsrl.com\/fr\/ptm-management\/ptm-management-epuiser\/\">Epuiser<\/a><\/li>\n<li><a href=\"http:\/\/service.ptmsrl.com\/fr\/ptm-management\/ptm-management-clientele\/\">Client\u00e8le<\/a><\/li>\n<li><a href=\"http:\/\/service.ptmsrl.com\/fr\/ptm-management\/ptm-management-production-et-couts\/\">Production et co\u00fbts<\/a><\/li>\n<\/ul>\n<p>[\/et_pb_text][\/et_pb_column][et_pb_column type=\u00a0\u00bb3_4&Prime; specialty_columns=\u00a0\u00bb3&Prime;][et_pb_row_inner admin_label=\u00a0\u00bbRiga\u00a0\u00bb][et_pb_column_inner type=\u00a0\u00bb4_4&Prime; saved_specialty_column_type=\u00a0\u00bb3_4&Prime;][et_pb_cta admin_label=\u00a0\u00bbTitolo sezione\u00a0\u00bb title=\u00a0\u00bbProgrammation\u00a0\u00bb url_new_window=\u00a0\u00bboff\u00a0\u00bb use_background_color=\u00a0\u00bboff\u00a0\u00bb background_color=\u00a0\u00bb#0d76ec\u00a0\u00bb background_layout=\u00a0\u00bblight\u00a0\u00bb text_orientation=\u00a0\u00bbleft\u00a0\u00bb use_border_color=\u00a0\u00bboff\u00a0\u00bb border_color=\u00a0\u00bb#ffffff\u00a0\u00bb border_style=\u00a0\u00bbsolid\u00a0\u00bb custom_button=\u00a0\u00bboff\u00a0\u00bb button_letter_spacing=\u00a0\u00bb0&Prime; button_use_icon=\u00a0\u00bbdefault\u00a0\u00bb button_icon_placement=\u00a0\u00bbright\u00a0\u00bb button_on_hover=\u00a0\u00bbon\u00a0\u00bb button_letter_spacing_hover=\u00a0\u00bb0&Prime; header_font_size=\u00a0\u00bb40&Prime;] [\/et_pb_cta][et_pb_text admin_label=\u00a0\u00bbTesto\u00a0\u00bb background_layout=\u00a0\u00bblight\u00a0\u00bb text_orientation=\u00a0\u00bbleft\u00a0\u00bb use_border_color=\u00a0\u00bboff\u00a0\u00bb border_color=\u00a0\u00bb#ffffff\u00a0\u00bb border_style=\u00a0\u00bbsolid\u00a0\u00bb]<\/p>\n<div><span lang=\"fr\">Depuis cette page vous acc\u00e9dez \u00e0 la programmation actuelle du contr\u00f4leur.<\/span><\/div>\n<p><strong>Avant de commencer<\/strong><\/p>\n<p>Pour proc\u00e9der \u00e0 la programmation du contr\u00f4leur, il est n\u00e9cessaire de d\u2019abord mettre en place les composantes des recettes, des recettes et des groupes.<\/p>\n<p><span lang=\"fr\">La premi\u00e8re proposition de l\u2019\u00e9cran contient le nom du logiciel, le nombre de cartes et vous permet d\u2019\u00e9diter le mouvement de changement. <\/span><span lang=\"fr\">La Variation \u00ab wagon \u00bb est une valeur en pourcentage qui s\u2019applique \u00e0 toutes les recettes que vous allez planifier sur l\u2019\u00e9cran suivant.\u00a0<\/span><\/p>\n<div><span lang=\"fr\">Dans cet \u00e9cran le logiciel le rend possible d\u2019organiser un nouveau calendrier, ou de rappeler et de retravailler un des 3 derniers pr\u00e9c\u00e9demment enregistr\u00e9.<\/span><\/div>\n<p>En s\u00e9lectionnant l\u2019une des entr\u00e9es disponibles, continuez en cliquant sur \u00ab Suivant \u00bb.<\/p>\n<p><strong>Programmation<\/strong><\/p>\n<p><span lang=\"fr\">Cette page est structur\u00e9e en trois sections. <\/span><span lang=\"fr\">La section principale est un r\u00e9sum\u00e9 de la porteuse de donn\u00e9es, le nombre de t\u00eates et autres donn\u00e9es utiles au suivi des t\u00e2ches de programmation.<\/span><\/p>\n<p><span lang=\"fr\">Dans la section inf\u00e9rieure affiche deux tableaux c\u00f4te \u00e0 c\u00f4te : le c\u00f4t\u00e9 gauche il y a un menu d\u00e9roulant qui vous permet de s\u00e9lectionner la recette que vous souhaitez programmer. <\/span><span lang=\"fr\">En cliquant sur \u00ab Ajouter \u00bb, la table est remplie.<\/span><\/p>\n<p>Choisissez une recette de la table, il passe au vert : pour associer la recette s\u00e9lectionn\u00e9e \u00e0 un groupe, vous avez besoin d\u2019aller \u00e0 la section suivante, s\u00e9lectionnez un groupe dans le menu d\u00e9roulant et cliquez sur \u00ab Ajouter \u00bb.<\/p>\n<p>Cette action vous permet d\u2019associer des recettes sp\u00e9cifiques \u00e0 des groupes sp\u00e9cifiques.<\/p>\n<p><span lang=\"fr\">Nous avons les donn\u00e9es pr\u00eates programmer le contr\u00f4leur. <\/span><span lang=\"fr\">Le syst\u00e8me fournit \u00e9galement un ensemble d\u2019outil utile \u00e0 la simplification des op\u00e9rations \u00ab physiques \u00bb sur le contr\u00f4leur.<\/span><\/p>\n<p><strong>Outil de configuration<\/strong><\/p>\n<p>Dans la section droite, il y a plusieurs outils qui servent \u00e0 faciliter l\u2019utilisation de l\u2019\u00e9cu.<\/p>\n<p>-Configurer-configurer les groupes de<\/p>\n<p>Besoin de trier les donn\u00e9es avant qu\u2019il est \u00e9crit sur l\u2019unit\u00e9 de contr\u00f4le : de cette fa\u00e7on vous pouvez r\u00e9duire le travail direct sur les touches de l\u2019unit\u00e9 de contr\u00f4le.<\/p>\n<p><span lang=\"fr\">-Importation des donn\u00e9es du contr\u00f4leur met \u00e0 jour tous les composants et regroupe les recettes avec les nouvelles donn\u00e9es. <\/span><span lang=\"fr\">Attention ! <\/span><span lang=\"fr\">Cette op\u00e9ration n\u2019est pas r\u00e9versible.\u00a0Le bouton \u00ab\u00a0<strong>Mettre \u00e0 jour la programmation<\/strong>\u00a0\u00bb est tr\u00e8s important: toute modification est effectu\u00e9e sur les donn\u00e9es personnelles, les groupes, les composants, les recettes, pour l&rsquo;envoyer \u00e0 la centrale avant que cette op\u00e9ration ne soit effectu\u00e9e.<\/span><\/p>\n<p><span lang=\"fr\">-Importation de donn\u00e9es archiv\u00e9es de sauvegardes d\u2019automatiquement par la centrale de programmation des charges et d\u00e9charges et harmoniser toutes les donn\u00e9es du contr\u00f4leur avec le logiciel. <\/span><span lang=\"fr\">Pour tout ce qui et d\u00e9chargement arichi ne sont plus associ\u00e9s \u00e0 un enregistrement (par exemple, relatives aux calendriers p\u00e9rim\u00e9s), le logiciel cr\u00e9e les objets de planification par d\u00e9faut. <\/span><span lang=\"fr\">(Partie 1, partie 2, partie 3)<\/span><\/p>\n<p>[\/et_pb_text][et_pb_divider admin_label=\u00a0\u00bbModulo Separatore\u00a0\u00bb color=\u00a0\u00bb#bababa\u00a0\u00bb show_divider=\u00a0\u00bbon\u00a0\u00bb height=\u00a0\u00bb10&Prime; divider_style=\u00a0\u00bbsolid\u00a0\u00bb divider_position=\u00a0\u00bbtop\u00a0\u00bb hide_on_mobile=\u00a0\u00bbon\u00a0\u00bb] [\/et_pb_divider][et_pb_cta admin_label=\u00a0\u00bbLink al form &#8211; FR\u00a0\u00bb global_module=\u00a0\u00bb412&Prime; saved_tabs=\u00a0\u00bball\u00a0\u00bb title=\u00a0\u00bbVous ne trouvez pas ce que vous cherchez?\u00a0\u00bb button_url=\u00a0\u00bbhttp:\/\/service.ptmsrl.com\/richiedi-informazioni-sui-prodotti-ptm\/\u00a0\u00bb url_new_window=\u00a0\u00bboff\u00a0\u00bb button_text=\u00a0\u00bbContactez nous\u00a0\u00bb use_background_color=\u00a0\u00bboff\u00a0\u00bb background_color=\u00a0\u00bb#0d76ec\u00a0\u00bb background_layout=\u00a0\u00bblight\u00a0\u00bb text_orientation=\u00a0\u00bbleft\u00a0\u00bb use_border_color=\u00a0\u00bboff\u00a0\u00bb border_color=\u00a0\u00bb#ffffff\u00a0\u00bb border_style=\u00a0\u00bbsolid\u00a0\u00bb custom_button=\u00a0\u00bboff\u00a0\u00bb button_letter_spacing=\u00a0\u00bb0&Prime; button_use_icon=\u00a0\u00bbdefault\u00a0\u00bb button_icon_placement=\u00a0\u00bbright\u00a0\u00bb button_on_hover=\u00a0\u00bbon\u00a0\u00bb button_letter_spacing_hover=\u00a0\u00bb0&Prime;] [\/et_pb_cta][\/et_pb_column_inner][\/et_pb_row_inner][\/et_pb_column][\/et_pb_section]<\/p>\n","protected":false},"excerpt":{"rendered":"<p>PTM Management PTM MANAGEMENT Premier enregistrement Contr\u00f4ler Composants Recettes Groupes (SUPER) Entrep\u00f4t Provisions Programmation Charges Epuiser Client\u00e8le Production et co\u00fbts Depuis cette page vous acc\u00e9dez \u00e0 la programmation actuelle du contr\u00f4leur. Avant de commencer Pour proc\u00e9der \u00e0 la programmation du contr\u00f4leur, il est n\u00e9cessaire de d\u2019abord mettre en place les composantes des recettes, des recettes [&hellip;]<\/p>\n","protected":false},"author":9,"featured_media":0,"parent":411,"menu_order":0,"comment_status":"closed","ping_status":"closed","template":"","meta":{"_et_pb_use_builder":"on","_et_pb_old_content":"<p>[et_pb_section admin_label=\"section\" global_module=\"200\" fullwidth=\"on\"][et_pb_fullwidth_header global_parent=\"200\" admin_label=\"Intestazione a Larghezza Piena\" title=\"PTM MANAGEMENT\" background_layout=\"light\" text_orientation=\"left\" header_fullscreen=\"off\" header_scroll_down=\"off\" background_color=\"#222349\" parallax=\"off\" parallax_method=\"off\" content_orientation=\"center\" image_orientation=\"center\" title_font_color=\"#ffffff\" title_font=\"Montserrat|on|||\" custom_button_one=\"off\" button_one_letter_spacing=\"0\" button_one_use_icon=\"default\" button_one_icon_placement=\"right\" button_one_on_hover=\"on\" button_one_letter_spacing_hover=\"0\" custom_button_two=\"off\" button_two_letter_spacing=\"0\" button_two_use_icon=\"default\" button_two_icon_placement=\"right\" button_two_on_hover=\"on\" button_two_letter_spacing_hover=\"0\" title_font_size=\"40px\"] [\/et_pb_fullwidth_header][\/et_pb_section][et_pb_section admin_label=\"Sezione\" fullwidth=\"off\" specialty=\"on\" transparent_background=\"off\" background_color=\"#ffffff\" allow_player_pause=\"off\" inner_shadow=\"off\" parallax=\"off\" parallax_method=\"off\" custom_padding=\"0px|||\" padding_mobile=\"off\" make_fullwidth=\"off\" use_custom_width=\"off\" width_unit=\"on\" make_equal=\"off\" use_custom_gutter=\"off\" parallax_1=\"off\" parallax_method_1=\"off\" parallax_2=\"off\" parallax_method_2=\"off\" custom_css_main_1=\"border-right: solid 1px #bababa;\"][et_pb_column type=\"1_4\"][et_pb_blurb admin_label=\"Link a scheda prodotto\" global_module=\"181\" saved_tabs=\"all\" title=\"Scheda prodotto\" url=\"http:\/\/www.ptmsrl.com\/it\/s33\/product\/\" url_new_window=\"on\" use_icon=\"on\" font_icon=\"%%101%%\" icon_color=\"#b5b5b5\" use_circle=\"off\" circle_color=\"#0d76ec\" use_circle_border=\"off\" circle_border_color=\"#0d76ec\" icon_placement=\"left\" animation=\"top\" background_layout=\"light\" text_orientation=\"left\" use_icon_font_size=\"off\" use_border_color=\"off\" border_color=\"#ffffff\" border_style=\"solid\"] PTM Management [\/et_pb_blurb][et_pb_divider admin_label=\"Modulo Separatore\" color=\"#b5b5b5\" show_divider=\"on\" divider_style=\"solid\" divider_position=\"top\" hide_on_mobile=\"on\" height=\"10\"] [\/et_pb_divider][et_pb_text admin_label=\"Testo\" global_module=\"98\" saved_tabs=\"all\" background_layout=\"light\" text_orientation=\"left\" use_border_color=\"off\" border_color=\"#ffffff\" border_style=\"solid\"]<\/p><p><a href=\"http:\/\/demo.n-3.it\/ptm\/guida-ptm-management\/\"><strong>Guida a PTM Management<\/strong><\/a><\/p><ul><li><a href=\"http:\/\/demo.n-3.it\/ptm\/guida-ptm-management-tipo-di-licenza\/\">Tipo di licenza<\/a><\/li><li>Menu 2<\/li><li>Menu 3<\/li><\/ul><p>[\/et_pb_text][\/et_pb_column][et_pb_column type=\"3_4\" specialty_columns=\"3\"][et_pb_row_inner admin_label=\"Riga\"][et_pb_column_inner type=\"4_4\" saved_specialty_column_type=\"3_4\"][et_pb_cta admin_label=\"Titolo sezione\" title=\"Benvenuto\" url_new_window=\"off\" use_background_color=\"off\" background_color=\"#0d76ec\" background_layout=\"light\" text_orientation=\"left\" use_border_color=\"off\" border_color=\"#ffffff\" border_style=\"solid\" custom_button=\"off\" button_letter_spacing=\"0\" button_use_icon=\"default\" button_icon_placement=\"right\" button_on_hover=\"on\" button_letter_spacing_hover=\"0\" header_font_size=\"40\"] [\/et_pb_cta][et_pb_text admin_label=\"Testo\" background_layout=\"light\" text_orientation=\"left\" use_border_color=\"off\" border_color=\"#ffffff\" border_style=\"solid\"]<\/p><p>Benvenuto nella sezione Wiki di <strong>PTM Managements<\/strong>.<\/p><p>Questo software \u00e8 uno strumento vasto e dettagliato per programmare le diverse Centraline di PTM in tutte le loro specificit\u00e0, e nel rispetto delle loro funzioni originali.<\/p><p><strong>PTM Managements<\/strong> consente tre sessioni di accesso: \u00e8 consigliabile pertanto effettuare il logout (situato nella sezione superiore) una volta terminata la sessione di lavoro. Il sistema, in ogni caso, prevede automaticamente un logout forzato dell\u2019ultima sessione, qualora non sia stato effettuato dall\u2019utente attraverso il tasto logout situato nella sezione men\u00f9 superiore.<\/p><p>Attraverso l\u2019homepage di <strong>PTM Managements<\/strong> \u00e8 possibile accedere a tutte le sezioni del software. In base al tipo di licenza acquistata e alla tipologia di account con cui viene effettuato l\u2019accesso, si attivano i diversi moduli. La presente guida si riferisce ad un\u2019utenza che dispone dell\u2019accesso a tutte le funzioni.<\/p><p>Il men\u00f9 relativo al ciclo di lavoro del software \u00e8 situato nei due pannelli laterali. Nella sezione superiore si trovano invece gli accessi alle sezioni dedicate all\u2019account utente, all\u2019assistenza, alle utility, oltre che al logout.<\/p><p>[\/et_pb_text][et_pb_divider admin_label=\"Modulo Separatore\" color=\"#bababa\" show_divider=\"on\" height=\"10\" divider_style=\"solid\" divider_position=\"top\" hide_on_mobile=\"on\"] [\/et_pb_divider][et_pb_cta admin_label=\"Link al form\" global_module=\"142\" saved_tabs=\"all\" title=\"Non trovi quello che cerchi?\" button_url=\"#\" url_new_window=\"off\" button_text=\"Contattaci\" use_background_color=\"off\" background_color=\"#0d76ec\" background_layout=\"light\" text_orientation=\"center\" use_border_color=\"off\" border_color=\"#ffffff\" border_style=\"solid\" custom_button=\"off\" button_letter_spacing=\"0\" button_use_icon=\"default\" button_icon_placement=\"right\" button_on_hover=\"on\" button_letter_spacing_hover=\"0\"] [\/et_pb_cta][\/et_pb_column_inner][\/et_pb_row_inner][\/et_pb_column][\/et_pb_section]<\/p>","_et_gb_content_width":"","footnotes":""},"_links":{"self":[{"href":"https:\/\/service.ptmsrl.com\/fr\/wp-json\/wp\/v2\/pages\/437"}],"collection":[{"href":"https:\/\/service.ptmsrl.com\/fr\/wp-json\/wp\/v2\/pages"}],"about":[{"href":"https:\/\/service.ptmsrl.com\/fr\/wp-json\/wp\/v2\/types\/page"}],"author":[{"embeddable":true,"href":"https:\/\/service.ptmsrl.com\/fr\/wp-json\/wp\/v2\/users\/9"}],"replies":[{"embeddable":true,"href":"https:\/\/service.ptmsrl.com\/fr\/wp-json\/wp\/v2\/comments?post=437"}],"version-history":[{"count":0,"href":"https:\/\/service.ptmsrl.com\/fr\/wp-json\/wp\/v2\/pages\/437\/revisions"}],"up":[{"embeddable":true,"href":"https:\/\/service.ptmsrl.com\/fr\/wp-json\/wp\/v2\/pages\/411"}],"wp:attachment":[{"href":"https:\/\/service.ptmsrl.com\/fr\/wp-json\/wp\/v2\/media?parent=437"}],"curies":[{"name":"wp","href":"https:\/\/api.w.org\/{rel}","templated":true}]}}