{"id":1886,"date":"2016-11-21T10:18:30","date_gmt":"2016-11-21T09:18:30","guid":{"rendered":"http:\/\/service.ptmsrl.com\/fr\/gsa\/centralina-gsa-display-allaccensione\/"},"modified":"2016-11-28T11:32:55","modified_gmt":"2016-11-28T10:32:55","slug":"ecran-a-lallumage","status":"publish","type":"page","link":"https:\/\/service.ptmsrl.com\/fr\/gsa\/ecran-a-lallumage\/","title":{"rendered":"ECRAN A L&rsquo;ALLUMAGE"},"content":{"rendered":"<p>[et_pb_section admin_label=\u00a0\u00bbsection\u00a0\u00bb fullwidth=\u00a0\u00bbon\u00a0\u00bb][et_pb_fullwidth_header admin_label=\u00a0\u00bbHeader &#8211; Centralina GSA\u00a0\u00bb title=\u00a0\u00bbGSA\u00a0\u00bb background_layout=\u00a0\u00bbdark\u00a0\u00bb text_orientation=\u00a0\u00bbleft\u00a0\u00bb header_fullscreen=\u00a0\u00bboff\u00a0\u00bb header_scroll_down=\u00a0\u00bboff\u00a0\u00bb background_color=\u00a0\u00bb#222349&Prime; parallax=\u00a0\u00bboff\u00a0\u00bb parallax_method=\u00a0\u00bboff\u00a0\u00bb content_orientation=\u00a0\u00bbcenter\u00a0\u00bb image_orientation=\u00a0\u00bbcenter\u00a0\u00bb title_font_color=\u00a0\u00bb#ffffff\u00a0\u00bb title_font=\u00a0\u00bbMontserrat|on|||\u00a0\u00bb title_font_size=\u00a0\u00bb40px\u00a0\u00bb custom_button_one=\u00a0\u00bboff\u00a0\u00bb button_one_letter_spacing=\u00a0\u00bb0&Prime; button_one_use_icon=\u00a0\u00bbdefault\u00a0\u00bb button_one_icon_placement=\u00a0\u00bbright\u00a0\u00bb button_one_on_hover=\u00a0\u00bbon\u00a0\u00bb button_one_letter_spacing_hover=\u00a0\u00bb0&Prime; custom_button_two=\u00a0\u00bboff\u00a0\u00bb button_two_letter_spacing=\u00a0\u00bb0&Prime; button_two_use_icon=\u00a0\u00bbdefault\u00a0\u00bb button_two_icon_placement=\u00a0\u00bbright\u00a0\u00bb button_two_on_hover=\u00a0\u00bbon\u00a0\u00bb button_two_letter_spacing_hover=\u00a0\u00bb0&Prime;] [\/et_pb_fullwidth_header][\/et_pb_section][et_pb_section admin_label=\u00a0\u00bbSezione\u00a0\u00bb fullwidth=\u00a0\u00bboff\u00a0\u00bb specialty=\u00a0\u00bbon\u00a0\u00bb transparent_background=\u00a0\u00bboff\u00a0\u00bb background_color=\u00a0\u00bb#ffffff\u00a0\u00bb allow_player_pause=\u00a0\u00bboff\u00a0\u00bb inner_shadow=\u00a0\u00bboff\u00a0\u00bb parallax=\u00a0\u00bboff\u00a0\u00bb parallax_method=\u00a0\u00bboff\u00a0\u00bb custom_padding=\u00a0\u00bb0px|||\u00a0\u00bb padding_mobile=\u00a0\u00bboff\u00a0\u00bb make_fullwidth=\u00a0\u00bboff\u00a0\u00bb use_custom_width=\u00a0\u00bboff\u00a0\u00bb width_unit=\u00a0\u00bbon\u00a0\u00bb make_equal=\u00a0\u00bboff\u00a0\u00bb use_custom_gutter=\u00a0\u00bboff\u00a0\u00bb parallax_1=\u00a0\u00bboff\u00a0\u00bb parallax_method_1=\u00a0\u00bboff\u00a0\u00bb parallax_2=\u00a0\u00bboff\u00a0\u00bb parallax_method_2=\u00a0\u00bboff\u00a0\u00bb custom_css_main_1=\u00a0\u00bbborder-right: solid 1px #bababa;\u00a0\u00bb][et_pb_column type=\u00a0\u00bb1_4&Prime;][et_pb_blurb admin_label=\u00a0\u00bbLink al prodotto &#8211; CENTRALINA GSA\u00a0\u00bb global_module=\u00a0\u00bb1498&Prime; saved_tabs=\u00a0\u00bball\u00a0\u00bb title=\u00a0\u00bbScheda prodotto\u00a0\u00bb url=\u00a0\u00bbhttp:\/\/www.ptmsrl.com\/it\/s10\/product\/\u00a0\u00bb url_new_window=\u00a0\u00bbon\u00a0\u00bb use_icon=\u00a0\u00bbon\u00a0\u00bb font_icon=\u00a0\u00bb%%101%%\u00a0\u00bb icon_color=\u00a0\u00bb#b5b5b5&Prime; use_circle=\u00a0\u00bboff\u00a0\u00bb circle_color=\u00a0\u00bb#0d76ec\u00a0\u00bb use_circle_border=\u00a0\u00bboff\u00a0\u00bb circle_border_color=\u00a0\u00bb#0d76ec\u00a0\u00bb icon_placement=\u00a0\u00bbleft\u00a0\u00bb animation=\u00a0\u00bbtop\u00a0\u00bb background_layout=\u00a0\u00bblight\u00a0\u00bb text_orientation=\u00a0\u00bbleft\u00a0\u00bb use_icon_font_size=\u00a0\u00bboff\u00a0\u00bb use_border_color=\u00a0\u00bboff\u00a0\u00bb border_color=\u00a0\u00bb#ffffff\u00a0\u00bb border_style=\u00a0\u00bbsolid\u00a0\u00bb] Centralina GSA [\/et_pb_blurb][et_pb_divider admin_label=\u00a0\u00bbModulo Separatore\u00a0\u00bb color=\u00a0\u00bb#b5b5b5&Prime; show_divider=\u00a0\u00bbon\u00a0\u00bb divider_style=\u00a0\u00bbsolid\u00a0\u00bb divider_position=\u00a0\u00bbtop\u00a0\u00bb hide_on_mobile=\u00a0\u00bbon\u00a0\u00bb height=\u00a0\u00bb10&Prime;] [\/et_pb_divider][et_pb_text admin_label=\u00a0\u00bbMENU LATERALE &#8211; CENTRALINA GSA\u00a0\u00bb background_layout=\u00a0\u00bblight\u00a0\u00bb text_orientation=\u00a0\u00bbleft\u00a0\u00bb use_border_color=\u00a0\u00bboff\u00a0\u00bb border_color=\u00a0\u00bb#ffffff\u00a0\u00bb border_style=\u00a0\u00bbsolid\u00a0\u00bb saved_tabs=\u00a0\u00bball\u00a0\u00bb global_module=\u00a0\u00bb1502&Prime;]<\/p>\n<p><strong>APP MYSCALE<\/strong><\/p>\n<ul>\n<li><a href=\"http:\/\/service.ptmsrl.com\/guida-app-myscale\/\">Introduzione<\/a><\/li>\n<li><a href=\"http:\/\/service.ptmsrl.com\/guida-app-myscale\/guida-app-myscale-installazione-dellapp\/\">Installazione<\/a><\/li>\n<li><a href=\"http:\/\/service.ptmsrl.com\/guida-app-myscale\/guida-app-myscale-attivazione-della-modalita-myscale\/\">Attivazione<\/a><\/li>\n<li><a href=\"http:\/\/service.ptmsrl.com\/guida-app-myscale\/guida-app-myscale-segnalazioni-di-stato\/\">Segnalazioni di stato<\/a><\/li>\n<li><a href=\"http:\/\/service.ptmsrl.com\/guida-app-myscale\/guida-app-myscale-stato-della-connessione\/\">Stato della connessione<\/a><\/li>\n<li><a href=\"http:\/\/service.ptmsrl.com\/guida-app-myscale\/guida-app-myscale-funzione-dei-tasti\/\">Funzione dei tasti<\/a><\/li>\n<li>Utilizzo del sistema\n<ul>\n<li><a href=\"http:\/\/service.ptmsrl.com\/guida-app-myscale\/guida-app-myscale-utilizzo-della-tastiera\/\">Tastiera<\/a><\/li>\n<li><a href=\"http:\/\/service.ptmsrl.com\/guida-app-myscale\/guida-app-myscale-peso-totale\/\">Peso totale<\/a><\/li>\n<li><a href=\"http:\/\/service.ptmsrl.com\/guida-app-myscale\/guida-app-myscale-peso-totale-selezione-della-ricetta\/\">Selezione della ricetta<\/a><\/li>\n<li><a href=\"http:\/\/service.ptmsrl.com\/guida-app-myscale\/guida-app-myscale-peso-totale-azzeramento-del-peso-totale\/\">Azzeramento del peso totale<\/a><\/li>\n<li><a href=\"http:\/\/service.ptmsrl.com\/guida-app-myscale\/guida-app-myscale-peso-totale-carico-avvio-del-carico-della-ricetta\/\">Peso totale carico<\/a><\/li>\n<li><a href=\"http:\/\/service.ptmsrl.com\/guida-app-myscale\/guida-app-myscale-peso-totale-scarico-avvio-dello-scarico-della-ricetta\/\">Peso totale scarico<\/a><\/li>\n<li><a href=\"http:\/\/service.ptmsrl.com\/guida-app-myscale\/guida-app-myscale-peso-parziale-azzeramento-del-peso-parziale\/\">Peso parziale<\/a><\/li>\n<\/ul>\n<\/li>\n<\/ul>\n<p>[\/et_pb_text][\/et_pb_column][et_pb_column type=\u00a0\u00bb3_4&Prime; specialty_columns=\u00a0\u00bb3&Prime;][et_pb_row_inner admin_label=\u00a0\u00bbRiga\u00a0\u00bb][et_pb_column_inner type=\u00a0\u00bb4_4&Prime; saved_specialty_column_type=\u00a0\u00bb3_4&Prime;][et_pb_cta admin_label=\u00a0\u00bbTitolo sezione\u00a0\u00bb title=\u00a0\u00bbEcran l&rsquo;allumage\u00a0\u00bb url_new_window=\u00a0\u00bboff\u00a0\u00bb use_background_color=\u00a0\u00bboff\u00a0\u00bb background_color=\u00a0\u00bb#0d76ec\u00a0\u00bb background_layout=\u00a0\u00bblight\u00a0\u00bb text_orientation=\u00a0\u00bbleft\u00a0\u00bb use_border_color=\u00a0\u00bboff\u00a0\u00bb border_color=\u00a0\u00bb#ffffff\u00a0\u00bb border_style=\u00a0\u00bbsolid\u00a0\u00bb custom_button=\u00a0\u00bboff\u00a0\u00bb button_letter_spacing=\u00a0\u00bb0&Prime; button_use_icon=\u00a0\u00bbdefault\u00a0\u00bb button_icon_placement=\u00a0\u00bbright\u00a0\u00bb button_on_hover=\u00a0\u00bbon\u00a0\u00bb button_letter_spacing_hover=\u00a0\u00bb0&Prime; header_font_size=\u00a0\u00bb40&Prime;] [\/et_pb_cta][et_pb_text admin_label=\u00a0\u00bbTesto\u00a0\u00bb background_layout=\u00a0\u00bblight\u00a0\u00bb text_orientation=\u00a0\u00bbleft\u00a0\u00bb use_border_color=\u00a0\u00bboff\u00a0\u00bb border_color=\u00a0\u00bb#ffffff\u00a0\u00bb border_style=\u00a0\u00bbsolid\u00a0\u00bb]<\/p>\n<p>Une fois entr\u00e9s dans le poids total on pourra voir cette page-\u00e9cran:<\/p>\n<p><img loading=\"lazy\" decoding=\"async\" class=\"alignnone wp-image-1887 \" src=\"http:\/\/service.ptmsrl.com\/wp-content\/uploads\/2016\/11\/ptm-gsa-fr-2.png\" width=\"488\" height=\"382\" srcset=\"https:\/\/service.ptmsrl.com\/wp-content\/uploads\/2016\/11\/ptm-gsa-fr-2.png 844w, https:\/\/service.ptmsrl.com\/wp-content\/uploads\/2016\/11\/ptm-gsa-fr-2-300x235.png 300w, https:\/\/service.ptmsrl.com\/wp-content\/uploads\/2016\/11\/ptm-gsa-fr-2-768x601.png 768w\" sizes=\"(max-width: 488px) 100vw, 488px\" \/><\/p>\n<ol>\n<li>Dans cette zone est indiqu\u00e9 si on se trouve dans le poids total ou partiel.<\/li>\n<li>Date et horaire d\u00e9tect\u00e9es par le bo\u00eetier.<\/li>\n<li>Unit\u00e9 de mesure utilis\u00e9e par le bo\u00eetier.<\/li>\n<li>Poids total\/partiel d\u00e9tect\u00e9 par le bo\u00eetier.<\/li>\n<li>Recette actuellement s\u00e9lectionn\u00e9e.<\/li>\n<li>Valeur de poids d\u00e9tect\u00e9e par les p\u00e8ses externes (ATTENTION: si \u00e0 la place de la valeur de poids sont visualis\u00e9s des tirets &#8211; &#8211; &#8211; -, les p\u00e8ses externes ne communiquent pas correctement avec le bo\u00eetier).<\/li>\n<li>(OPTIONNEL) Touche pour acc\u00e9der au menu de d\u00e9but du chargement manuel.<\/li>\n<li>(OPTIONNEL) Touche pour la visualisation des valeurs de poids d\u00e9tect\u00e9s par les p\u00e8ses externes.<\/li>\n<li>Cl\u00e9 USB: ce symbole apparait quand le bo\u00eetier d\u00e9tecte l&rsquo;insertion d&rsquo;une cl\u00e9 USB.<\/li>\n<li>(OPTIONNEL) Zone de gestion des alarmes des modules optionnels. Cette touche apparait quand une ou plusieurs platines optionnelles connect\u00e9es par Protocol Multilink ne communiquent pas avec le GSA, en appuyant sur la touche F4 on peut visualiser les modules actuellement en erreur.<\/li>\n<li>Zone de messages.<\/li>\n<\/ol>\n<p>[\/et_pb_text][et_pb_divider admin_label=\u00a0\u00bbModulo Separatore\u00a0\u00bb color=\u00a0\u00bb#bababa\u00a0\u00bb show_divider=\u00a0\u00bbon\u00a0\u00bb height=\u00a0\u00bb10&Prime; divider_style=\u00a0\u00bbsolid\u00a0\u00bb divider_position=\u00a0\u00bbtop\u00a0\u00bb hide_on_mobile=\u00a0\u00bbon\u00a0\u00bb] [\/et_pb_divider][et_pb_cta admin_label=\u00a0\u00bbLink al form\u00a0\u00bb global_module=\u00a0\u00bb142&Prime; saved_tabs=\u00a0\u00bball\u00a0\u00bb title=\u00a0\u00bbNon trovi quello che cerchi?\u00a0\u00bb button_url=\u00a0\u00bb#\u00a0\u00bb url_new_window=\u00a0\u00bboff\u00a0\u00bb button_text=\u00a0\u00bbContattaci\u00a0\u00bb use_background_color=\u00a0\u00bboff\u00a0\u00bb background_color=\u00a0\u00bb#0d76ec\u00a0\u00bb background_layout=\u00a0\u00bblight\u00a0\u00bb text_orientation=\u00a0\u00bbcenter\u00a0\u00bb use_border_color=\u00a0\u00bboff\u00a0\u00bb border_color=\u00a0\u00bb#ffffff\u00a0\u00bb border_style=\u00a0\u00bbsolid\u00a0\u00bb custom_button=\u00a0\u00bboff\u00a0\u00bb button_letter_spacing=\u00a0\u00bb0&Prime; button_use_icon=\u00a0\u00bbdefault\u00a0\u00bb button_icon_placement=\u00a0\u00bbright\u00a0\u00bb button_on_hover=\u00a0\u00bbon\u00a0\u00bb button_letter_spacing_hover=\u00a0\u00bb0&Prime;] [\/et_pb_cta][\/et_pb_column_inner][\/et_pb_row_inner][\/et_pb_column][\/et_pb_section]<\/p>\n","protected":false},"excerpt":{"rendered":"<p>Centralina GSA APP MYSCALE Introduzione Installazione Attivazione Segnalazioni di stato Stato della connessione Funzione dei tasti Utilizzo del sistema Tastiera Peso totale Selezione della ricetta Azzeramento del peso totale Peso totale carico Peso totale scarico Peso parziale Une fois entr\u00e9s dans le poids total on pourra voir cette page-\u00e9cran: Dans cette zone est indiqu\u00e9 si [&hellip;]<\/p>\n","protected":false},"author":9,"featured_media":0,"parent":1816,"menu_order":0,"comment_status":"closed","ping_status":"closed","template":"","meta":{"_et_pb_use_builder":"on","_et_pb_old_content":"","_et_gb_content_width":"","footnotes":""},"_links":{"self":[{"href":"https:\/\/service.ptmsrl.com\/fr\/wp-json\/wp\/v2\/pages\/1886"}],"collection":[{"href":"https:\/\/service.ptmsrl.com\/fr\/wp-json\/wp\/v2\/pages"}],"about":[{"href":"https:\/\/service.ptmsrl.com\/fr\/wp-json\/wp\/v2\/types\/page"}],"author":[{"embeddable":true,"href":"https:\/\/service.ptmsrl.com\/fr\/wp-json\/wp\/v2\/users\/9"}],"replies":[{"embeddable":true,"href":"https:\/\/service.ptmsrl.com\/fr\/wp-json\/wp\/v2\/comments?post=1886"}],"version-history":[{"count":0,"href":"https:\/\/service.ptmsrl.com\/fr\/wp-json\/wp\/v2\/pages\/1886\/revisions"}],"up":[{"embeddable":true,"href":"https:\/\/service.ptmsrl.com\/fr\/wp-json\/wp\/v2\/pages\/1816"}],"wp:attachment":[{"href":"https:\/\/service.ptmsrl.com\/fr\/wp-json\/wp\/v2\/media?parent=1886"}],"curies":[{"name":"wp","href":"https:\/\/api.w.org\/{rel}","templated":true}]}}