{"id":478,"date":"2016-09-01T11:40:37","date_gmt":"2016-09-01T09:40:37","guid":{"rendered":"http:\/\/demo.n-3.it\/ptm\/es\/?page_id=478"},"modified":"2016-11-09T11:09:41","modified_gmt":"2016-11-09T10:09:41","slug":"ptm-management-suministros","status":"publish","type":"page","link":"https:\/\/service.ptmsrl.com\/es\/ptm-management\/ptm-management-suministros\/","title":{"rendered":"PTM Management &#8211; Suministros"},"content":{"rendered":"<p>[et_pb_section admin_label=\u00bbsection\u00bb fullwidth=\u00bbon\u00bb][et_pb_fullwidth_header admin_label=\u00bbIntestazione a Larghezza Piena\u00bb title=\u00bbPTM MANAGEMENT\u00bb background_layout=\u00bblight\u00bb text_orientation=\u00bbleft\u00bb header_fullscreen=\u00bboff\u00bb header_scroll_down=\u00bboff\u00bb background_color=\u00bb#222349&#8243; parallax=\u00bboff\u00bb parallax_method=\u00bboff\u00bb content_orientation=\u00bbcenter\u00bb image_orientation=\u00bbcenter\u00bb title_font_color=\u00bb#ffffff\u00bb title_font=\u00bbMontserrat|on|||\u00bb custom_button_one=\u00bboff\u00bb button_one_letter_spacing=\u00bb0&#8243; button_one_use_icon=\u00bbdefault\u00bb button_one_icon_placement=\u00bbright\u00bb button_one_on_hover=\u00bbon\u00bb button_one_letter_spacing_hover=\u00bb0&#8243; custom_button_two=\u00bboff\u00bb button_two_letter_spacing=\u00bb0&#8243; button_two_use_icon=\u00bbdefault\u00bb button_two_icon_placement=\u00bbright\u00bb button_two_on_hover=\u00bbon\u00bb button_two_letter_spacing_hover=\u00bb0&#8243; title_font_size=\u00bb40px\u00bb]<\/p>\n<p>[\/et_pb_fullwidth_header][\/et_pb_section][et_pb_section admin_label=\u00bbSezione\u00bb fullwidth=\u00bboff\u00bb specialty=\u00bbon\u00bb transparent_background=\u00bboff\u00bb background_color=\u00bb#ffffff\u00bb allow_player_pause=\u00bboff\u00bb inner_shadow=\u00bboff\u00bb parallax=\u00bboff\u00bb parallax_method=\u00bboff\u00bb custom_padding=\u00bb0px|||\u00bb padding_mobile=\u00bboff\u00bb make_fullwidth=\u00bboff\u00bb use_custom_width=\u00bboff\u00bb width_unit=\u00bbon\u00bb make_equal=\u00bboff\u00bb use_custom_gutter=\u00bboff\u00bb parallax_1=\u00bboff\u00bb parallax_method_1=\u00bboff\u00bb parallax_2=\u00bboff\u00bb parallax_method_2=\u00bboff\u00bb custom_css_main_1=\u00bbborder-right: solid 1px #bababa;\u00bb][et_pb_column type=\u00bb1_4&#8243;][et_pb_blurb admin_label=\u00bbLink a scheda prodotto &#8211; ESP\u00bb global_module=\u00bb285&#8243; saved_tabs=\u00bball\u00bb title=\u00bbLa tarjeta del producto\u00bb url=\u00bbhttp:\/\/www.ptmsrl.com\/it\/s33\/product\/\u00bb url_new_window=\u00bbon\u00bb use_icon=\u00bbon\u00bb font_icon=\u00bb%%101%%\u00bb icon_color=\u00bb#b5b5b5&#8243; use_circle=\u00bboff\u00bb circle_color=\u00bb#0d76ec\u00bb use_circle_border=\u00bboff\u00bb circle_border_color=\u00bb#0d76ec\u00bb icon_placement=\u00bbleft\u00bb animation=\u00bboff\u00bb background_layout=\u00bblight\u00bb text_orientation=\u00bbleft\u00bb use_icon_font_size=\u00bboff\u00bb use_border_color=\u00bboff\u00bb border_color=\u00bb#ffffff\u00bb border_style=\u00bbsolid\u00bb]<\/p>\n<p>PTM Management<\/p>\n<p>[\/et_pb_blurb][et_pb_divider admin_label=\u00bbModulo Separatore\u00bb color=\u00bb#b5b5b5&#8243; show_divider=\u00bbon\u00bb divider_style=\u00bbsolid\u00bb divider_position=\u00bbtop\u00bb hide_on_mobile=\u00bbon\u00bb height=\u00bb10&#8243;]<\/p>\n<p>[\/et_pb_divider][et_pb_text global_module=\u00bb922&#8243; admin_label=\u00bbMenu laterale &#8211; PTM Management &#8211; ESP\u00bb background_layout=\u00bblight\u00bb text_orientation=\u00bbleft\u00bb use_border_color=\u00bboff\u00bb border_color=\u00bb#ffffff\u00bb border_style=\u00bbsolid\u00bb saved_tabs=\u00bball\u00bb]<\/p>\n<p><a href=\"http:\/\/service.ptmsrl.com\/es\/ptm-management\/\"><strong>PTM MANAGEMENT<\/strong><\/a><\/p>\n<ul>\n<li><a href=\"http:\/\/service.ptmsrl.com\/es\/ptm-management\/primer-registro\/\">Primer registro<\/a><\/li>\n<li><a href=\"http:\/\/service.ptmsrl.com\/es\/ptm-management\/ptm-management-controle\/\">Controle<\/a><\/li>\n<li><a href=\"http:\/\/service.ptmsrl.com\/es\/ptm-management\/ptm-management-componentes\/\">Componentes<\/a><\/li>\n<li><a href=\"http:\/\/service.ptmsrl.com\/es\/ptm-management\/ptm-management-recetas\/\">Recetas<\/a><\/li>\n<li><a href=\"http:\/\/service.ptmsrl.com\/es\/ptm-management\/ptm-management-grupos-super\/\">Grupos (SUPER)<\/a><\/li>\n<li><a href=\"http:\/\/service.ptmsrl.com\/es\/ptm-management\/ptm-management-almacen\/\">Almac\u00e9n<\/a><\/li>\n<li><a href=\"http:\/\/service.ptmsrl.com\/es\/ptm-management\/ptm-management-suministros\/\">Suministros<\/a><\/li>\n<li><a href=\"http:\/\/service.ptmsrl.com\/es\/ptm-management\/ptm-management-programacion\/\">Programaci\u00f3n<\/a><\/li>\n<li><a href=\"http:\/\/service.ptmsrl.com\/es\/ptm-management\/ptm-management-carga\/\">Carga<\/a><\/li>\n<li><a href=\"http:\/\/service.ptmsrl.com\/es\/ptm-management\/ptm-management-agotar\/\">Agotar<\/a><\/li>\n<li><a href=\"http:\/\/service.ptmsrl.com\/es\/ptm-management\/ptm-management-clientes\/\">Clientes<\/a><\/li>\n<li><a href=\"http:\/\/service.ptmsrl.com\/es\/ptm-management\/ptm-management-produccion-y-costes\/\">Producci\u00f3n y costes<\/a><\/li>\n<\/ul>\n<p>[\/et_pb_text][\/et_pb_column][et_pb_column type=\u00bb3_4&#8243; specialty_columns=\u00bb3&#8243;][et_pb_row_inner admin_label=\u00bbRiga\u00bb][et_pb_column_inner type=\u00bb4_4&#8243; saved_specialty_column_type=\u00bb3_4&#8243;][et_pb_cta admin_label=\u00bbTitolo sezione\u00bb title=\u00bbSuministros\u00bb url_new_window=\u00bboff\u00bb use_background_color=\u00bboff\u00bb background_color=\u00bb#0d76ec\u00bb background_layout=\u00bblight\u00bb text_orientation=\u00bbleft\u00bb use_border_color=\u00bboff\u00bb border_color=\u00bb#ffffff\u00bb border_style=\u00bbsolid\u00bb custom_button=\u00bboff\u00bb button_letter_spacing=\u00bb0&#8243; button_use_icon=\u00bbdefault\u00bb button_icon_placement=\u00bbright\u00bb button_on_hover=\u00bbon\u00bb button_letter_spacing_hover=\u00bb0&#8243; header_font_size=\u00bb40&#8243;]<\/p>\n<p>[\/et_pb_cta][et_pb_text admin_label=\u00bbTesto\u00bb background_layout=\u00bblight\u00bb text_orientation=\u00bbleft\u00bb use_border_color=\u00bboff\u00bb border_color=\u00bb#ffffff\u00bb border_style=\u00bbsolid\u00bb]<\/p>\n<div><span lang=\"es\">Esta p\u00e1gina muestra los suministros de los diferentes componentes. <\/span><span lang=\"es\">La lista contiene una lista de suministros. <\/span><span lang=\"es\">Para insertar una nueva disposici\u00f3n debe hacer clic en el bot\u00f3n \u201cAgregar nuevo\u201d.<\/span><\/div>\n<p>Cada entrega consta de los siguientes datos:<\/p>\n<div>\n<ul>\n<li>Componente: uno de los componentes en su men\u00fa<\/li>\n<li>Proveedor<\/li>\n<li>Comentarios<\/li>\n<li><span lang=\"es\">Cantidad: cantidad de entrega en Kg; <\/span><span lang=\"es\">Tambi\u00e9n se puede insertar en negativo para corregir la cantidad disponible en stock<\/span><\/li>\n<li>Llegada<\/li>\n<li>N\u00famero de lote<\/li>\n<li>Lote fecha de<\/li>\n<\/ul>\n<\/div>\n<p><strong>Nueva fuente de<\/strong><\/p>\n<p>La inclusi\u00f3n de una nueva disposici\u00f3n (trazabilidad) se proporciona para la colocaci\u00f3n de los siguientes datos en el formulario.<\/p>\n<ul>\n<li>\u00a0Comentarios<\/li>\n<li>Componente<\/li>\n<li>Proveedor<\/li>\n<li>Cantidad<\/li>\n<li>Llegada de la fuente<\/li>\n<li>N\u00famero de documento de transporte<\/li>\n<li>Documento de fecha<\/li>\n<li>Lote n\u00famero<\/li>\n<li>Lote fecha de<\/li>\n<li>Precio de compra<\/li>\n<\/ul>\n<p>[\/et_pb_text][et_pb_divider admin_label=\u00bbModulo Separatore\u00bb color=\u00bb#bababa\u00bb show_divider=\u00bbon\u00bb height=\u00bb10&#8243; divider_style=\u00bbsolid\u00bb divider_position=\u00bbtop\u00bb hide_on_mobile=\u00bbon\u00bb]<\/p>\n<p>[\/et_pb_divider][et_pb_cta admin_label=\u00bbLink al form &#8211; ESP\u00bb global_module=\u00bb456&#8243; saved_tabs=\u00bball\u00bb title=\u00bbUsted no encuentra lo que busca?\u00bb button_url=\u00bbhttp:\/\/service.ptmsrl.com\/richiedi-informazioni-sui-prodotti-ptm\/\u00bb url_new_window=\u00bbon\u00bb button_text=\u00bbContacto\u00bb use_background_color=\u00bboff\u00bb background_color=\u00bb#0d76ec\u00bb background_layout=\u00bblight\u00bb text_orientation=\u00bbleft\u00bb use_border_color=\u00bboff\u00bb border_color=\u00bb#ffffff\u00bb border_style=\u00bbsolid\u00bb custom_button=\u00bboff\u00bb button_letter_spacing=\u00bb0&#8243; button_use_icon=\u00bbdefault\u00bb button_icon_placement=\u00bbright\u00bb button_on_hover=\u00bbon\u00bb button_letter_spacing_hover=\u00bb0&#8243;]<\/p>\n<p>[\/et_pb_cta][\/et_pb_column_inner][\/et_pb_row_inner][\/et_pb_column][\/et_pb_section]<\/p>\n","protected":false},"excerpt":{"rendered":"<p>PTM Management PTM MANAGEMENTPrimer registroControleComponentesRecetasGrupos (SUPER)Almac\u00e9nSuministrosProgramaci\u00f3nCargaAgotarClientesProducci\u00f3n y costes Esta p\u00e1gina muestra los suministros de los diferentes componentes. La lista contiene una lista de suministros. Para insertar una nueva disposici\u00f3n debe hacer clic en el bot\u00f3n \u201cAgregar nuevo\u201d. Cada entrega consta de los siguientes datos: Componente: uno de los componentes en su men\u00fa Proveedor Comentarios Cantidad: [&hellip;]<\/p>\n","protected":false},"author":9,"featured_media":0,"parent":455,"menu_order":0,"comment_status":"closed","ping_status":"closed","template":"","meta":{"_et_pb_use_builder":"on","_et_pb_old_content":"[et_pb_section admin_label=\"section\" global_module=\"200\" fullwidth=\"on\"][et_pb_fullwidth_header global_parent=\"200\" admin_label=\"Intestazione a Larghezza Piena\" title=\"PTM MANAGEMENT\" background_layout=\"light\" text_orientation=\"left\" header_fullscreen=\"off\" header_scroll_down=\"off\" background_color=\"#222349\" parallax=\"off\" parallax_method=\"off\" content_orientation=\"center\" image_orientation=\"center\" title_font_color=\"#ffffff\" title_font=\"Montserrat|on|||\" custom_button_one=\"off\" button_one_letter_spacing=\"0\" button_one_use_icon=\"default\" button_one_icon_placement=\"right\" button_one_on_hover=\"on\" button_one_letter_spacing_hover=\"0\" custom_button_two=\"off\" button_two_letter_spacing=\"0\" button_two_use_icon=\"default\" button_two_icon_placement=\"right\" button_two_on_hover=\"on\" button_two_letter_spacing_hover=\"0\" title_font_size=\"40px\"] [\/et_pb_fullwidth_header][\/et_pb_section][et_pb_section admin_label=\"Sezione\" fullwidth=\"off\" specialty=\"on\" transparent_background=\"off\" background_color=\"#ffffff\" allow_player_pause=\"off\" inner_shadow=\"off\" parallax=\"off\" parallax_method=\"off\" custom_padding=\"0px|||\" padding_mobile=\"off\" make_fullwidth=\"off\" use_custom_width=\"off\" width_unit=\"on\" make_equal=\"off\" use_custom_gutter=\"off\" parallax_1=\"off\" parallax_method_1=\"off\" parallax_2=\"off\" parallax_method_2=\"off\" custom_css_main_1=\"border-right: solid 1px #bababa;\"][et_pb_column type=\"1_4\"][et_pb_blurb admin_label=\"Link a scheda prodotto\" global_module=\"181\" saved_tabs=\"all\" title=\"Scheda prodotto\" url=\"http:\/\/www.ptmsrl.com\/it\/s33\/product\/\" url_new_window=\"on\" use_icon=\"on\" font_icon=\"%%101%%\" icon_color=\"#b5b5b5\" use_circle=\"off\" circle_color=\"#0d76ec\" use_circle_border=\"off\" circle_border_color=\"#0d76ec\" icon_placement=\"left\" animation=\"top\" background_layout=\"light\" text_orientation=\"left\" use_icon_font_size=\"off\" use_border_color=\"off\" border_color=\"#ffffff\" border_style=\"solid\"] PTM Management [\/et_pb_blurb][et_pb_divider admin_label=\"Modulo Separatore\" color=\"#b5b5b5\" show_divider=\"on\" divider_style=\"solid\" divider_position=\"top\" hide_on_mobile=\"on\" height=\"10\"] [\/et_pb_divider][et_pb_text admin_label=\"Testo\" global_module=\"98\" saved_tabs=\"all\" background_layout=\"light\" text_orientation=\"left\" use_border_color=\"off\" border_color=\"#ffffff\" border_style=\"solid\"]\r\n\r\n<a href=\"http:\/\/demo.n-3.it\/ptm\/guida-ptm-management\/\"><strong>Guida a PTM Management<\/strong><\/a>\r\n<ul>\r\n \t<li><a href=\"http:\/\/demo.n-3.it\/ptm\/guida-ptm-management-tipo-di-licenza\/\">Tipo di licenza<\/a><\/li>\r\n \t<li>Menu 2<\/li>\r\n \t<li>Menu 3<\/li>\r\n<\/ul>\r\n[\/et_pb_text][\/et_pb_column][et_pb_column type=\"3_4\" specialty_columns=\"3\"][et_pb_row_inner admin_label=\"Riga\"][et_pb_column_inner type=\"4_4\" saved_specialty_column_type=\"3_4\"][et_pb_cta admin_label=\"Titolo sezione\" title=\"Benvenuto\" url_new_window=\"off\" use_background_color=\"off\" background_color=\"#0d76ec\" background_layout=\"light\" text_orientation=\"left\" use_border_color=\"off\" border_color=\"#ffffff\" border_style=\"solid\" custom_button=\"off\" button_letter_spacing=\"0\" button_use_icon=\"default\" button_icon_placement=\"right\" button_on_hover=\"on\" button_letter_spacing_hover=\"0\" header_font_size=\"40\"] [\/et_pb_cta][et_pb_text admin_label=\"Testo\" background_layout=\"light\" text_orientation=\"left\" use_border_color=\"off\" border_color=\"#ffffff\" border_style=\"solid\"]\r\n\r\nBenvenuto nella sezione Wiki di <strong>PTM Managements<\/strong>.\r\n\r\nQuesto software \u00e8 uno strumento vasto e dettagliato per programmare le diverse Centraline di PTM in tutte le loro specificit\u00e0, e nel rispetto delle loro funzioni originali.\r\n\r\n<strong>PTM Managements<\/strong> consente tre sessioni di accesso: \u00e8 consigliabile pertanto effettuare il logout (situato nella sezione superiore) una volta terminata la sessione di lavoro. Il sistema, in ogni caso, prevede automaticamente un logout forzato dell\u2019ultima sessione, qualora non sia stato effettuato dall\u2019utente attraverso il tasto logout situato nella sezione men\u00f9 superiore.\r\n\r\nAttraverso l\u2019homepage di <strong>PTM Managements<\/strong> \u00e8 possibile accedere a tutte le sezioni del software. In base al tipo di licenza acquistata e alla tipologia di account con cui viene effettuato l\u2019accesso, si attivano i diversi moduli. La presente guida si riferisce ad un\u2019utenza che dispone dell\u2019accesso a tutte le funzioni.\r\n\r\nIl men\u00f9 relativo al ciclo di lavoro del software \u00e8 situato nei due pannelli laterali. Nella sezione superiore si trovano invece gli accessi alle sezioni dedicate all\u2019account utente, all\u2019assistenza, alle utility, oltre che al logout.\r\n\r\n[\/et_pb_text][et_pb_divider admin_label=\"Modulo Separatore\" color=\"#bababa\" show_divider=\"on\" height=\"10\" divider_style=\"solid\" divider_position=\"top\" hide_on_mobile=\"on\"] [\/et_pb_divider][et_pb_cta admin_label=\"Link al form\" global_module=\"142\" saved_tabs=\"all\" title=\"Non trovi quello che cerchi?\" button_url=\"#\" url_new_window=\"off\" button_text=\"Contattaci\" use_background_color=\"off\" background_color=\"#0d76ec\" background_layout=\"light\" text_orientation=\"center\" use_border_color=\"off\" border_color=\"#ffffff\" border_style=\"solid\" custom_button=\"off\" button_letter_spacing=\"0\" button_use_icon=\"default\" button_icon_placement=\"right\" button_on_hover=\"on\" button_letter_spacing_hover=\"0\"] [\/et_pb_cta][\/et_pb_column_inner][\/et_pb_row_inner][\/et_pb_column][\/et_pb_section]","_et_gb_content_width":"","footnotes":""},"_links":{"self":[{"href":"https:\/\/service.ptmsrl.com\/es\/wp-json\/wp\/v2\/pages\/478"}],"collection":[{"href":"https:\/\/service.ptmsrl.com\/es\/wp-json\/wp\/v2\/pages"}],"about":[{"href":"https:\/\/service.ptmsrl.com\/es\/wp-json\/wp\/v2\/types\/page"}],"author":[{"embeddable":true,"href":"https:\/\/service.ptmsrl.com\/es\/wp-json\/wp\/v2\/users\/9"}],"replies":[{"embeddable":true,"href":"https:\/\/service.ptmsrl.com\/es\/wp-json\/wp\/v2\/comments?post=478"}],"version-history":[{"count":0,"href":"https:\/\/service.ptmsrl.com\/es\/wp-json\/wp\/v2\/pages\/478\/revisions"}],"up":[{"embeddable":true,"href":"https:\/\/service.ptmsrl.com\/es\/wp-json\/wp\/v2\/pages\/455"}],"wp:attachment":[{"href":"https:\/\/service.ptmsrl.com\/es\/wp-json\/wp\/v2\/media?parent=478"}],"curies":[{"name":"wp","href":"https:\/\/api.w.org\/{rel}","templated":true}]}}