{"id":315,"date":"2016-08-31T12:17:07","date_gmt":"2016-08-31T10:17:07","guid":{"rendered":"http:\/\/demo.n-3.it\/ptm\/de\/?page_id=315"},"modified":"2016-11-09T12:07:34","modified_gmt":"2016-11-09T11:07:34","slug":"ptm-management-vorraete","status":"publish","type":"page","link":"https:\/\/service.ptmsrl.com\/de\/ptm-management\/ptm-management-vorraete\/","title":{"rendered":"PTM Management &#8211; Vorr\u00e4te"},"content":{"rendered":"<p>[et_pb_section admin_label=&#8220;section&#8220; fullwidth=&#8220;on&#8220;][et_pb_fullwidth_header admin_label=&#8220;Intestazione a Larghezza Piena&#8220; title=&#8220;PTM MANAGEMENT&#8220; background_layout=&#8220;light&#8220; text_orientation=&#8220;left&#8220; header_fullscreen=&#8220;off&#8220; header_scroll_down=&#8220;off&#8220; background_color=&#8220;#222349&#8243; parallax=&#8220;off&#8220; parallax_method=&#8220;off&#8220; content_orientation=&#8220;center&#8220; image_orientation=&#8220;center&#8220; title_font_color=&#8220;#ffffff&#8220; title_font=&#8220;Montserrat|on|||&#8220; custom_button_one=&#8220;off&#8220; button_one_letter_spacing=&#8220;0&#8243; button_one_use_icon=&#8220;default&#8220; button_one_icon_placement=&#8220;right&#8220; button_one_on_hover=&#8220;on&#8220; button_one_letter_spacing_hover=&#8220;0&#8243; custom_button_two=&#8220;off&#8220; button_two_letter_spacing=&#8220;0&#8243; button_two_use_icon=&#8220;default&#8220; button_two_icon_placement=&#8220;right&#8220; button_two_on_hover=&#8220;on&#8220; button_two_letter_spacing_hover=&#8220;0&#8243; title_font_size=&#8220;40px&#8220;] [\/et_pb_fullwidth_header][\/et_pb_section][et_pb_section admin_label=&#8220;Sezione&#8220; fullwidth=&#8220;off&#8220; specialty=&#8220;on&#8220; transparent_background=&#8220;off&#8220; background_color=&#8220;#ffffff&#8220; allow_player_pause=&#8220;off&#8220; inner_shadow=&#8220;off&#8220; parallax=&#8220;off&#8220; parallax_method=&#8220;off&#8220; custom_padding=&#8220;0px|||&#8220; padding_mobile=&#8220;off&#8220; make_fullwidth=&#8220;off&#8220; use_custom_width=&#8220;off&#8220; width_unit=&#8220;on&#8220; make_equal=&#8220;off&#8220; use_custom_gutter=&#8220;off&#8220; parallax_1=&#8220;off&#8220; parallax_method_1=&#8220;off&#8220; parallax_2=&#8220;off&#8220; parallax_method_2=&#8220;off&#8220; custom_css_main_1=&#8220;border-right: solid 1px #bababa;&#8220;][et_pb_column type=&#8220;1_4&#8243;][et_pb_blurb admin_label=&#8220;Link a scheda prodotto&#8220; global_module=&#8220;270&#8243; saved_tabs=&#8220;all&#8220; title=&#8220;Produktkarte&#8220; url=&#8220;http:\/\/www.ptmsrl.com\/it\/s33\/product\/&#8220; url_new_window=&#8220;on&#8220; use_icon=&#8220;on&#8220; font_icon=&#8220;%%101%%&#8220; icon_color=&#8220;#b5b5b5&#8243; use_circle=&#8220;off&#8220; circle_color=&#8220;#0d76ec&#8220; use_circle_border=&#8220;off&#8220; circle_border_color=&#8220;#0d76ec&#8220; icon_placement=&#8220;left&#8220; animation=&#8220;off&#8220; background_layout=&#8220;light&#8220; text_orientation=&#8220;left&#8220; use_icon_font_size=&#8220;off&#8220; use_border_color=&#8220;off&#8220; border_color=&#8220;#ffffff&#8220; border_style=&#8220;solid&#8220;] PTM Management [\/et_pb_blurb][et_pb_divider admin_label=&#8220;Modulo Separatore&#8220; color=&#8220;#b5b5b5&#8243; show_divider=&#8220;on&#8220; divider_style=&#8220;solid&#8220; divider_position=&#8220;top&#8220; hide_on_mobile=&#8220;on&#8220; height=&#8220;10&#8243;] [\/et_pb_divider][et_pb_text global_module=&#8220;970&#8243; admin_label=&#8220;Menu laterale &#8211; PTM Management &#8211; DE&#8220; saved_tabs=&#8220;all&#8220; background_layout=&#8220;light&#8220; text_orientation=&#8220;left&#8220; use_border_color=&#8220;off&#8220; border_color=&#8220;#ffffff&#8220; border_style=&#8220;solid&#8220;]<\/p>\n<p><a href=\"http:\/\/service.ptmsrl.com\/de\/ptm-management\/\"><strong>PTM MANAGEMENT<\/strong><\/a><\/p>\n<ul>\n<li><a href=\"http:\/\/service.ptmsrl.com\/de\/ptm-management\/erste-freischaltung\/\">Erste freischaltung<br \/>\n<\/a><\/li>\n<li><a href=\"http:\/\/service.ptmsrl.com\/de\/ptm-management\/ptm-management-steuern\/\">Steuern<\/a><\/li>\n<li><a href=\"http:\/\/service.ptmsrl.com\/de\/ptm-management\/ptm-management-komponenten\/\">Komponenten<\/a><\/li>\n<li><a href=\"http:\/\/service.ptmsrl.com\/de\/ptm-management\/ptm-management-rezepte\/\">Rezepte<\/a><\/li>\n<li><a href=\"http:\/\/service.ptmsrl.com\/de\/ptm-management\/ptm-management-gruppen-super\/\">Gruppen (SUPER)<\/a><\/li>\n<li><a href=\"http:\/\/service.ptmsrl.com\/de\/ptm-management\/ptm-management-lager\/\">Lager<\/a><\/li>\n<li><a href=\"http:\/\/service.ptmsrl.com\/de\/ptm-management\/ptm-management-vorraete\/\">Vorr\u00e4te<\/a><\/li>\n<li><a href=\"http:\/\/service.ptmsrl.com\/de\/ptm-management\/ptm-management-programmierung\/\">Programmierung<\/a><\/li>\n<li><a href=\"http:\/\/service.ptmsrl.com\/de\/ptm-management\/ptm-management-loads\/\">Loads<\/a><\/li>\n<li><a href=\"http:\/\/service.ptmsrl.com\/de\/ptm-management\/ptm-management-erschoepfen\/\">Ersch\u00f6pfen<\/a><\/li>\n<li><a href=\"http:\/\/service.ptmsrl.com\/de\/ptm-management\/ptm-management-kundschaft\/\">Kundschaft<\/a><\/li>\n<li><a href=\"http:\/\/service.ptmsrl.com\/de\/ptm-management\/ptm-management-produktion-und-kosten\/\">Produktion und Kosten<\/a><\/li>\n<\/ul>\n<p>[\/et_pb_text][\/et_pb_column][et_pb_column type=&#8220;3_4&#8243; specialty_columns=&#8220;3&#8243;][et_pb_row_inner admin_label=&#8220;Riga&#8220;][et_pb_column_inner type=&#8220;4_4&#8243; saved_specialty_column_type=&#8220;3_4&#8243;][et_pb_cta admin_label=&#8220;Titolo sezione&#8220; title=&#8220;Vorr\u00e4te&#8220; url_new_window=&#8220;off&#8220; use_background_color=&#8220;off&#8220; background_color=&#8220;#0d76ec&#8220; background_layout=&#8220;light&#8220; text_orientation=&#8220;left&#8220; use_border_color=&#8220;off&#8220; border_color=&#8220;#ffffff&#8220; border_style=&#8220;solid&#8220; custom_button=&#8220;off&#8220; button_letter_spacing=&#8220;0&#8243; button_use_icon=&#8220;default&#8220; button_icon_placement=&#8220;right&#8220; button_on_hover=&#8220;on&#8220; button_letter_spacing_hover=&#8220;0&#8243; header_font_size=&#8220;40&#8243;] [\/et_pb_cta][et_pb_text admin_label=&#8220;Testo&#8220; background_layout=&#8220;light&#8220; text_orientation=&#8220;left&#8220; use_border_color=&#8220;off&#8220; border_color=&#8220;#ffffff&#8220; border_style=&#8220;solid&#8220;]<\/p>\n<div><span lang=\"de\">Diese Seite zeigt die Lieferungen der verschiedenen Komponenten. <\/span><span lang=\"de\">Die Liste enth\u00e4lt eine Liste der Lieferungen. <\/span><span lang=\"de\">Zum Einf\u00fcgen einer neuen Bestimmung sollte auf \u201cneu hinzuf\u00fcgen\u201d klicken.<\/span><\/div>\n<p>Jede Lieferung enth\u00e4lt folgenden Daten:<\/p>\n<div>\n<ul>\n<li>Komponenten: eine Komponente in seinem Men\u00fc<\/li>\n<li>Lieferanten<\/li>\n<li>Bewertungen<\/li>\n<li><span lang=\"de\">Menge: Menge der Lieferung in Kg; <\/span><span lang=\"de\">k\u00f6nnen auch bei negativer auf Lager verf\u00fcgbare Menge korrigieren eingef\u00fcgt werden<\/span><\/li>\n<li>Anreise<\/li>\n<li>Chargen-Nummer<\/li>\n<li>Batch-Datum<\/li>\n<\/ul>\n<\/div>\n<p><strong>Neue Lieferung<\/strong><\/p>\n<p>Die Aufnahme einer neuen Bestimmung (R\u00fcckverfolgbarkeit) stellt f\u00fcr die Platzierung der folgenden Daten in das Formular.<\/p>\n<ul>\n<li>Bewertungen<\/li>\n<li>Komponenten<\/li>\n<li>Lieferanten<\/li>\n<li>Menge<\/li>\n<li>Ankunft der Lieferung<\/li>\n<li>Belegnummer transport<\/li>\n<li>Dokument Datum<\/li>\n<li>Chargen-Nummer<\/li>\n<li>Batch-Datum<\/li>\n<li>Kaufpreis<\/li>\n<\/ul>\n<p>[\/et_pb_text][et_pb_divider admin_label=&#8220;Modulo Separatore&#8220; color=&#8220;#bababa&#8220; show_divider=&#8220;on&#8220; height=&#8220;10&#8243; divider_style=&#8220;solid&#8220; divider_position=&#8220;top&#8220; hide_on_mobile=&#8220;on&#8220;] [\/et_pb_divider][et_pb_cta admin_label=&#8220;Link al form &#8211; DE&#8220; global_module=&#8220;293&#8243; saved_tabs=&#8220;all&#8220; title=&#8220;Sie nicht gefunden, was Sie suchen?&#8220; button_url=&#8220;http:\/\/service.ptmsrl.com\/richiedi-informazioni-sui-prodotti-ptm\/&#8220; url_new_window=&#8220;off&#8220; button_text=&#8220;Kontakt&#8220; use_background_color=&#8220;off&#8220; background_color=&#8220;#0d76ec&#8220; background_layout=&#8220;light&#8220; text_orientation=&#8220;left&#8220; use_border_color=&#8220;off&#8220; border_color=&#8220;#ffffff&#8220; border_style=&#8220;solid&#8220; custom_button=&#8220;off&#8220; button_letter_spacing=&#8220;0&#8243; button_use_icon=&#8220;default&#8220; button_icon_placement=&#8220;right&#8220; button_on_hover=&#8220;on&#8220; button_letter_spacing_hover=&#8220;0&#8243;] [\/et_pb_cta][\/et_pb_column_inner][\/et_pb_row_inner][\/et_pb_column][\/et_pb_section]<\/p>\n","protected":false},"excerpt":{"rendered":"<p>PTM Management PTM MANAGEMENT Erste freischaltung Steuern Komponenten Rezepte Gruppen (SUPER) Lager Vorr\u00e4te Programmierung Loads Ersch\u00f6pfen Kundschaft Produktion und Kosten Diese Seite zeigt die Lieferungen der verschiedenen Komponenten. Die Liste enth\u00e4lt eine Liste der Lieferungen. Zum Einf\u00fcgen einer neuen Bestimmung sollte auf \u201cneu hinzuf\u00fcgen\u201d klicken. Jede Lieferung enth\u00e4lt folgenden Daten: Komponenten: eine Komponente in seinem [&hellip;]<\/p>\n","protected":false},"author":9,"featured_media":0,"parent":266,"menu_order":0,"comment_status":"closed","ping_status":"closed","template":"","meta":{"_et_pb_use_builder":"on","_et_pb_old_content":"<p>[et_pb_section admin_label=\"section\" global_module=\"200\" fullwidth=\"on\"][et_pb_fullwidth_header global_parent=\"200\" admin_label=\"Intestazione a Larghezza Piena\" title=\"GUIDA A PTM MANAGEMENT\" background_layout=\"light\" text_orientation=\"left\" header_fullscreen=\"off\" header_scroll_down=\"off\" background_color=\"#222349\" parallax=\"off\" parallax_method=\"off\" content_orientation=\"center\" image_orientation=\"center\" title_font_color=\"#ffffff\" title_font=\"Montserrat|on|||\" custom_button_one=\"off\" button_one_letter_spacing=\"0\" button_one_use_icon=\"default\" button_one_icon_placement=\"right\" button_one_on_hover=\"on\" button_one_letter_spacing_hover=\"0\" custom_button_two=\"off\" button_two_letter_spacing=\"0\" button_two_use_icon=\"default\" button_two_icon_placement=\"right\" button_two_on_hover=\"on\" button_two_letter_spacing_hover=\"0\"] [\/et_pb_fullwidth_header][\/et_pb_section][et_pb_section admin_label=\"Sezione\" fullwidth=\"off\" specialty=\"on\" transparent_background=\"off\" background_color=\"#ffffff\" allow_player_pause=\"off\" inner_shadow=\"off\" parallax=\"off\" parallax_method=\"off\" custom_padding=\"0px|||\" padding_mobile=\"off\" make_fullwidth=\"off\" use_custom_width=\"off\" width_unit=\"on\" make_equal=\"off\" use_custom_gutter=\"off\" parallax_1=\"off\" parallax_method_1=\"off\" parallax_2=\"off\" parallax_method_2=\"off\" custom_css_main_1=\"border-right: solid 1px #bababa;\"][et_pb_column type=\"1_4\"][et_pb_blurb admin_label=\"Link a scheda prodotto\" global_module=\"181\" saved_tabs=\"all\" title=\"Scheda prodotto\" url=\"http:\/\/www.ptmsrl.com\/it\/s33\/product\/\" url_new_window=\"on\" use_icon=\"on\" font_icon=\"%%101%%\" icon_color=\"#b5b5b5\" use_circle=\"off\" circle_color=\"#0d76ec\" use_circle_border=\"off\" circle_border_color=\"#0d76ec\" icon_placement=\"left\" animation=\"top\" background_layout=\"light\" text_orientation=\"left\" use_icon_font_size=\"off\" use_border_color=\"off\" border_color=\"#ffffff\" border_style=\"solid\"] PTM Management [\/et_pb_blurb][et_pb_divider admin_label=\"Modulo Separatore\" color=\"#b5b5b5\" show_divider=\"on\" divider_style=\"solid\" divider_position=\"top\" hide_on_mobile=\"on\" height=\"10\"] [\/et_pb_divider][et_pb_text admin_label=\"Testo\" global_module=\"98\" saved_tabs=\"all\" background_layout=\"light\" text_orientation=\"left\" use_border_color=\"off\" border_color=\"#ffffff\" border_style=\"solid\"]<\/p><p><a href=\"http:\/\/demo.n-3.it\/ptm\/guida-ptm-management\/\"><strong>Guida a PTM Management<\/strong><\/a><\/p><ul><li><a href=\"http:\/\/demo.n-3.it\/ptm\/guida-ptm-management-tipo-di-licenza\/\">Tipo di licenza<\/a><\/li><li>Menu 2<\/li><li>Menu 3<\/li><\/ul><p>[\/et_pb_text][\/et_pb_column][et_pb_column type=\"3_4\" specialty_columns=\"3\"][et_pb_row_inner admin_label=\"Riga\"][et_pb_column_inner type=\"4_4\" saved_specialty_column_type=\"3_4\"][et_pb_cta admin_label=\"Titolo sezione\" title=\"Benvenuto\" url_new_window=\"off\" use_background_color=\"off\" background_color=\"#0d76ec\" background_layout=\"light\" text_orientation=\"left\" use_border_color=\"off\" border_color=\"#ffffff\" border_style=\"solid\" custom_button=\"off\" button_letter_spacing=\"0\" button_use_icon=\"default\" button_icon_placement=\"right\" button_on_hover=\"on\" button_letter_spacing_hover=\"0\" header_font_size=\"40\"] [\/et_pb_cta][et_pb_text admin_label=\"Testo\" background_layout=\"light\" text_orientation=\"left\" use_border_color=\"off\" border_color=\"#ffffff\" border_style=\"solid\"]<\/p><p>Benvenuto sulla guida di <strong>PTM Management<\/strong>.<br \/> Se non hai trovato quello che cercavi in questa guida contatta direttamente l\u2019assistenza.<\/p><p>[\/et_pb_text][et_pb_divider admin_label=\"Modulo Separatore\" color=\"#bababa\" show_divider=\"on\" height=\"10\" divider_style=\"solid\" divider_position=\"top\" hide_on_mobile=\"on\"] [\/et_pb_divider][et_pb_cta admin_label=\"Link al form\" global_module=\"142\" saved_tabs=\"all\" title=\"Non trovi quello che cerchi?\" button_url=\"#\" url_new_window=\"off\" button_text=\"Contattaci\" use_background_color=\"off\" background_color=\"#0d76ec\" background_layout=\"light\" text_orientation=\"center\" use_border_color=\"off\" border_color=\"#ffffff\" border_style=\"solid\" custom_button=\"off\" button_letter_spacing=\"0\" button_use_icon=\"default\" button_icon_placement=\"right\" button_on_hover=\"on\" button_letter_spacing_hover=\"0\"] [\/et_pb_cta][\/et_pb_column_inner][\/et_pb_row_inner][\/et_pb_column][\/et_pb_section]<\/p>","_et_gb_content_width":"","footnotes":""},"_links":{"self":[{"href":"https:\/\/service.ptmsrl.com\/de\/wp-json\/wp\/v2\/pages\/315"}],"collection":[{"href":"https:\/\/service.ptmsrl.com\/de\/wp-json\/wp\/v2\/pages"}],"about":[{"href":"https:\/\/service.ptmsrl.com\/de\/wp-json\/wp\/v2\/types\/page"}],"author":[{"embeddable":true,"href":"https:\/\/service.ptmsrl.com\/de\/wp-json\/wp\/v2\/users\/9"}],"replies":[{"embeddable":true,"href":"https:\/\/service.ptmsrl.com\/de\/wp-json\/wp\/v2\/comments?post=315"}],"version-history":[{"count":0,"href":"https:\/\/service.ptmsrl.com\/de\/wp-json\/wp\/v2\/pages\/315\/revisions"}],"up":[{"embeddable":true,"href":"https:\/\/service.ptmsrl.com\/de\/wp-json\/wp\/v2\/pages\/266"}],"wp:attachment":[{"href":"https:\/\/service.ptmsrl.com\/de\/wp-json\/wp\/v2\/media?parent=315"}],"curies":[{"name":"wp","href":"https:\/\/api.w.org\/{rel}","templated":true}]}}