{"id":308,"date":"2016-08-31T12:11:23","date_gmt":"2016-08-31T10:11:23","guid":{"rendered":"http:\/\/demo.n-3.it\/ptm\/de\/?page_id=308"},"modified":"2016-11-09T12:07:16","modified_gmt":"2016-11-09T11:07:16","slug":"ptm-management-rezepte","status":"publish","type":"page","link":"https:\/\/service.ptmsrl.com\/de\/ptm-management\/ptm-management-rezepte\/","title":{"rendered":"PTM Management &#8211; Rezepte"},"content":{"rendered":"<p>[et_pb_section admin_label=&#8220;section&#8220; fullwidth=&#8220;on&#8220;][et_pb_fullwidth_header admin_label=&#8220;Intestazione a Larghezza Piena&#8220; title=&#8220;PTM MANAGEMENT&#8220; background_layout=&#8220;light&#8220; text_orientation=&#8220;left&#8220; header_fullscreen=&#8220;off&#8220; header_scroll_down=&#8220;off&#8220; background_color=&#8220;#222349&#8243; parallax=&#8220;off&#8220; parallax_method=&#8220;off&#8220; content_orientation=&#8220;center&#8220; image_orientation=&#8220;center&#8220; title_font_color=&#8220;#ffffff&#8220; title_font=&#8220;Montserrat|on|||&#8220; custom_button_one=&#8220;off&#8220; button_one_letter_spacing=&#8220;0&#8243; button_one_use_icon=&#8220;default&#8220; button_one_icon_placement=&#8220;right&#8220; button_one_on_hover=&#8220;on&#8220; button_one_letter_spacing_hover=&#8220;0&#8243; custom_button_two=&#8220;off&#8220; button_two_letter_spacing=&#8220;0&#8243; button_two_use_icon=&#8220;default&#8220; button_two_icon_placement=&#8220;right&#8220; button_two_on_hover=&#8220;on&#8220; button_two_letter_spacing_hover=&#8220;0&#8243; title_font_size=&#8220;40px&#8220;] [\/et_pb_fullwidth_header][\/et_pb_section][et_pb_section admin_label=&#8220;Sezione&#8220; fullwidth=&#8220;off&#8220; specialty=&#8220;on&#8220; transparent_background=&#8220;off&#8220; background_color=&#8220;#ffffff&#8220; allow_player_pause=&#8220;off&#8220; inner_shadow=&#8220;off&#8220; parallax=&#8220;off&#8220; parallax_method=&#8220;off&#8220; custom_padding=&#8220;0px|||&#8220; padding_mobile=&#8220;off&#8220; make_fullwidth=&#8220;off&#8220; use_custom_width=&#8220;off&#8220; width_unit=&#8220;on&#8220; make_equal=&#8220;off&#8220; use_custom_gutter=&#8220;off&#8220; parallax_1=&#8220;off&#8220; parallax_method_1=&#8220;off&#8220; parallax_2=&#8220;off&#8220; parallax_method_2=&#8220;off&#8220; custom_css_main_1=&#8220;border-right: solid 1px #bababa;&#8220;][et_pb_column type=&#8220;1_4&#8243;][et_pb_blurb admin_label=&#8220;Link a scheda prodotto&#8220; global_module=&#8220;270&#8243; saved_tabs=&#8220;all&#8220; title=&#8220;Produktkarte&#8220; url=&#8220;http:\/\/www.ptmsrl.com\/it\/s33\/product\/&#8220; url_new_window=&#8220;on&#8220; use_icon=&#8220;on&#8220; font_icon=&#8220;%%101%%&#8220; icon_color=&#8220;#b5b5b5&#8243; use_circle=&#8220;off&#8220; circle_color=&#8220;#0d76ec&#8220; use_circle_border=&#8220;off&#8220; circle_border_color=&#8220;#0d76ec&#8220; icon_placement=&#8220;left&#8220; animation=&#8220;off&#8220; background_layout=&#8220;light&#8220; text_orientation=&#8220;left&#8220; use_icon_font_size=&#8220;off&#8220; use_border_color=&#8220;off&#8220; border_color=&#8220;#ffffff&#8220; border_style=&#8220;solid&#8220;] PTM Management [\/et_pb_blurb][et_pb_divider admin_label=&#8220;Modulo Separatore&#8220; color=&#8220;#b5b5b5&#8243; show_divider=&#8220;on&#8220; divider_style=&#8220;solid&#8220; divider_position=&#8220;top&#8220; hide_on_mobile=&#8220;on&#8220; height=&#8220;10&#8243;] [\/et_pb_divider][et_pb_text global_module=&#8220;970&#8243; admin_label=&#8220;Menu laterale &#8211; PTM Management &#8211; DE&#8220; saved_tabs=&#8220;all&#8220; background_layout=&#8220;light&#8220; text_orientation=&#8220;left&#8220; use_border_color=&#8220;off&#8220; border_color=&#8220;#ffffff&#8220; border_style=&#8220;solid&#8220;]<\/p>\n<p><a href=\"http:\/\/service.ptmsrl.com\/de\/ptm-management\/\"><strong>PTM MANAGEMENT<\/strong><\/a><\/p>\n<ul>\n<li><a href=\"http:\/\/service.ptmsrl.com\/de\/ptm-management\/erste-freischaltung\/\">Erste freischaltung<br \/>\n<\/a><\/li>\n<li><a href=\"http:\/\/service.ptmsrl.com\/de\/ptm-management\/ptm-management-steuern\/\">Steuern<\/a><\/li>\n<li><a href=\"http:\/\/service.ptmsrl.com\/de\/ptm-management\/ptm-management-komponenten\/\">Komponenten<\/a><\/li>\n<li><a href=\"http:\/\/service.ptmsrl.com\/de\/ptm-management\/ptm-management-rezepte\/\">Rezepte<\/a><\/li>\n<li><a href=\"http:\/\/service.ptmsrl.com\/de\/ptm-management\/ptm-management-gruppen-super\/\">Gruppen (SUPER)<\/a><\/li>\n<li><a href=\"http:\/\/service.ptmsrl.com\/de\/ptm-management\/ptm-management-lager\/\">Lager<\/a><\/li>\n<li><a href=\"http:\/\/service.ptmsrl.com\/de\/ptm-management\/ptm-management-vorraete\/\">Vorr\u00e4te<\/a><\/li>\n<li><a href=\"http:\/\/service.ptmsrl.com\/de\/ptm-management\/ptm-management-programmierung\/\">Programmierung<\/a><\/li>\n<li><a href=\"http:\/\/service.ptmsrl.com\/de\/ptm-management\/ptm-management-loads\/\">Loads<\/a><\/li>\n<li><a href=\"http:\/\/service.ptmsrl.com\/de\/ptm-management\/ptm-management-erschoepfen\/\">Ersch\u00f6pfen<\/a><\/li>\n<li><a href=\"http:\/\/service.ptmsrl.com\/de\/ptm-management\/ptm-management-kundschaft\/\">Kundschaft<\/a><\/li>\n<li><a href=\"http:\/\/service.ptmsrl.com\/de\/ptm-management\/ptm-management-produktion-und-kosten\/\">Produktion und Kosten<\/a><\/li>\n<\/ul>\n<p>[\/et_pb_text][\/et_pb_column][et_pb_column type=&#8220;3_4&#8243; specialty_columns=&#8220;3&#8243;][et_pb_row_inner admin_label=&#8220;Riga&#8220;][et_pb_column_inner type=&#8220;4_4&#8243; saved_specialty_column_type=&#8220;3_4&#8243;][et_pb_cta admin_label=&#8220;Titolo sezione&#8220; title=&#8220;Rezepte&#8220; url_new_window=&#8220;off&#8220; use_background_color=&#8220;off&#8220; background_color=&#8220;#0d76ec&#8220; background_layout=&#8220;light&#8220; text_orientation=&#8220;left&#8220; use_border_color=&#8220;off&#8220; border_color=&#8220;#ffffff&#8220; border_style=&#8220;solid&#8220; custom_button=&#8220;off&#8220; button_letter_spacing=&#8220;0&#8243; button_use_icon=&#8220;default&#8220; button_icon_placement=&#8220;right&#8220; button_on_hover=&#8220;on&#8220; button_letter_spacing_hover=&#8220;0&#8243; header_font_size=&#8220;40&#8243;] [\/et_pb_cta][et_pb_text admin_label=&#8220;Testo&#8220; background_layout=&#8220;light&#8220; text_orientation=&#8220;left&#8220; use_border_color=&#8220;off&#8220; border_color=&#8220;#ffffff&#8220; border_style=&#8220;solid&#8220;]<\/p>\n<div><span lang=\"de\">In diesem Abschnitt erstellt die Rezepte, die an den Controller gesendet werden. <\/span><span lang=\"de\">Die Funktionalit\u00e4t von der Liste-Rezepte, die am Ende jeder Zeile stehen:<\/span><\/div>\n<div><\/div>\n<ul>\n<li>Klone, wodurch Sie eine Rezept (n\u00fctzlich, wenn Sie eine Rezept zu \u00e4ndern, ohne das Original zu ver\u00e4ndern m\u00f6chten) duplizieren<\/li>\n<li>L\u00f6schen<\/li>\n<li>Edit<\/li>\n<\/ul>\n<p><strong>Neues Rezept<\/strong><\/p>\n<p><span lang=\"de\">Um ein neues Rezept einzuf\u00fcgen, klicken Sie einfach auf den Button \u201cneues Rezept\u201d oberhalb der Liste. <\/span><span lang=\"de\">Die angeforderte Informationen zu diesem fr\u00fchen Zeitpunkt sind<\/span><\/p>\n<ul>\n<li>Rezept Name<\/li>\n<li>Lange Mischung<\/li>\n<li>Load<\/li>\n<\/ul>\n<p><span lang=\"de\">Nach Eingabe dieser Daten wird das Rezept in die Liste eingef\u00fcgt. <\/span><span lang=\"de\">Von hier aus k\u00f6nnen mehrere Sachen machen, unter ihnen, das Rezept mit unterschiedlichen Komponenten zusammensetzt.<\/span><\/p>\n<p><strong>Rezept \u00e4ndern<\/strong><\/p>\n<p>Aus der Liste k\u00f6nnen Sie das Rezept ausw\u00e4hlen, die, das Sie m\u00f6chten anzeigen, und optional \u00e4ndern, \u00fcber die Schaltfl\u00e4che Bearbeiten.<\/p>\n<p><span lang=\"de\">Das bearbeitete Seite Rezept besteht aus drei Hauptabschnitten. <\/span><span lang=\"de\">Rezept-Informationen, die im Abschnitt auf der linken Seite, die alle Daten enth\u00e4lt, geben Sie beim Erstellen, und vier Feldern Werte sind:<\/span><\/p>\n<ul>\n<li>Vieh Ration<\/li>\n<li>N\u00e4hrwert von Rezept<\/li>\n<li>Trockenmasse pro Tier<\/li>\n<li>Kosten der Rezept<\/li>\n<\/ul>\n<p>Diese Werte werden automatisch von der Software berechnet.<\/p>\n<p><span lang=\"de\">Der Rechte Abschnitt setzt sich aus drei Diagramme, (Komponenten des Rezept, N\u00e4hrwerte, Trockenmasse) automatisch aufgef\u00fcllt und sichtbar ist, klicken Sie auf den Titel. <\/span><span lang=\"de\">Unten drei Diagramme durch Dr\u00fccken der Taste eine neue Komponente hinzuf\u00fcgen k\u00f6nnen Sie der Liste im unteren Bereich der Seite befindet sich eine Komponente hinzuf\u00fcgen.<\/span><\/p>\n<p>Sie k\u00f6nnen es \u00e4ndern, indem Sie auf die Zeile der Komponente.<\/p>\n<p>[\/et_pb_text][et_pb_divider admin_label=&#8220;Modulo Separatore&#8220; color=&#8220;#bababa&#8220; show_divider=&#8220;on&#8220; height=&#8220;10&#8243; divider_style=&#8220;solid&#8220; divider_position=&#8220;top&#8220; hide_on_mobile=&#8220;on&#8220;] [\/et_pb_divider][et_pb_cta admin_label=&#8220;Link al form &#8211; DE&#8220; global_module=&#8220;293&#8243; saved_tabs=&#8220;all&#8220; title=&#8220;Sie nicht gefunden, was Sie suchen?&#8220; button_url=&#8220;http:\/\/service.ptmsrl.com\/richiedi-informazioni-sui-prodotti-ptm\/&#8220; url_new_window=&#8220;off&#8220; button_text=&#8220;Kontakt&#8220; use_background_color=&#8220;off&#8220; background_color=&#8220;#0d76ec&#8220; background_layout=&#8220;light&#8220; text_orientation=&#8220;left&#8220; use_border_color=&#8220;off&#8220; border_color=&#8220;#ffffff&#8220; border_style=&#8220;solid&#8220; custom_button=&#8220;off&#8220; button_letter_spacing=&#8220;0&#8243; button_use_icon=&#8220;default&#8220; button_icon_placement=&#8220;right&#8220; button_on_hover=&#8220;on&#8220; button_letter_spacing_hover=&#8220;0&#8243;] [\/et_pb_cta][\/et_pb_column_inner][\/et_pb_row_inner][\/et_pb_column][\/et_pb_section]<\/p>\n","protected":false},"excerpt":{"rendered":"<p>PTM Management PTM MANAGEMENT Erste freischaltung Steuern Komponenten Rezepte Gruppen (SUPER) Lager Vorr\u00e4te Programmierung Loads Ersch\u00f6pfen Kundschaft Produktion und Kosten In diesem Abschnitt erstellt die Rezepte, die an den Controller gesendet werden. Die Funktionalit\u00e4t von der Liste-Rezepte, die am Ende jeder Zeile stehen: Klone, wodurch Sie eine Rezept (n\u00fctzlich, wenn Sie eine Rezept zu \u00e4ndern, [&hellip;]<\/p>\n","protected":false},"author":9,"featured_media":0,"parent":266,"menu_order":0,"comment_status":"closed","ping_status":"closed","template":"","meta":{"_et_pb_use_builder":"on","_et_pb_old_content":"<p>[et_pb_section admin_label=\"section\" global_module=\"200\" fullwidth=\"on\"][et_pb_fullwidth_header global_parent=\"200\" admin_label=\"Intestazione a Larghezza Piena\" title=\"GUIDA A PTM MANAGEMENT\" background_layout=\"light\" text_orientation=\"left\" header_fullscreen=\"off\" header_scroll_down=\"off\" background_color=\"#222349\" parallax=\"off\" parallax_method=\"off\" content_orientation=\"center\" image_orientation=\"center\" title_font_color=\"#ffffff\" title_font=\"Montserrat|on|||\" custom_button_one=\"off\" button_one_letter_spacing=\"0\" button_one_use_icon=\"default\" button_one_icon_placement=\"right\" button_one_on_hover=\"on\" button_one_letter_spacing_hover=\"0\" custom_button_two=\"off\" button_two_letter_spacing=\"0\" button_two_use_icon=\"default\" button_two_icon_placement=\"right\" button_two_on_hover=\"on\" button_two_letter_spacing_hover=\"0\"] [\/et_pb_fullwidth_header][\/et_pb_section][et_pb_section admin_label=\"Sezione\" fullwidth=\"off\" specialty=\"on\" transparent_background=\"off\" background_color=\"#ffffff\" allow_player_pause=\"off\" inner_shadow=\"off\" parallax=\"off\" parallax_method=\"off\" custom_padding=\"0px|||\" padding_mobile=\"off\" make_fullwidth=\"off\" use_custom_width=\"off\" width_unit=\"on\" make_equal=\"off\" use_custom_gutter=\"off\" parallax_1=\"off\" parallax_method_1=\"off\" parallax_2=\"off\" parallax_method_2=\"off\" custom_css_main_1=\"border-right: solid 1px #bababa;\"][et_pb_column type=\"1_4\"][et_pb_blurb admin_label=\"Link a scheda prodotto\" global_module=\"181\" saved_tabs=\"all\" title=\"Scheda prodotto\" url=\"http:\/\/www.ptmsrl.com\/it\/s33\/product\/\" url_new_window=\"on\" use_icon=\"on\" font_icon=\"%%101%%\" icon_color=\"#b5b5b5\" use_circle=\"off\" circle_color=\"#0d76ec\" use_circle_border=\"off\" circle_border_color=\"#0d76ec\" icon_placement=\"left\" animation=\"top\" background_layout=\"light\" text_orientation=\"left\" use_icon_font_size=\"off\" use_border_color=\"off\" border_color=\"#ffffff\" border_style=\"solid\"] PTM Management [\/et_pb_blurb][et_pb_divider admin_label=\"Modulo Separatore\" color=\"#b5b5b5\" show_divider=\"on\" divider_style=\"solid\" divider_position=\"top\" hide_on_mobile=\"on\" height=\"10\"] [\/et_pb_divider][et_pb_text admin_label=\"Testo\" global_module=\"98\" saved_tabs=\"all\" background_layout=\"light\" text_orientation=\"left\" use_border_color=\"off\" border_color=\"#ffffff\" border_style=\"solid\"]<\/p><p><a href=\"http:\/\/demo.n-3.it\/ptm\/guida-ptm-management\/\"><strong>Guida a PTM Management<\/strong><\/a><\/p><ul><li><a href=\"http:\/\/demo.n-3.it\/ptm\/guida-ptm-management-tipo-di-licenza\/\">Tipo di licenza<\/a><\/li><li>Menu 2<\/li><li>Menu 3<\/li><\/ul><p>[\/et_pb_text][\/et_pb_column][et_pb_column type=\"3_4\" specialty_columns=\"3\"][et_pb_row_inner admin_label=\"Riga\"][et_pb_column_inner type=\"4_4\" saved_specialty_column_type=\"3_4\"][et_pb_cta admin_label=\"Titolo sezione\" title=\"Benvenuto\" url_new_window=\"off\" use_background_color=\"off\" background_color=\"#0d76ec\" background_layout=\"light\" text_orientation=\"left\" use_border_color=\"off\" border_color=\"#ffffff\" border_style=\"solid\" custom_button=\"off\" button_letter_spacing=\"0\" button_use_icon=\"default\" button_icon_placement=\"right\" button_on_hover=\"on\" button_letter_spacing_hover=\"0\" header_font_size=\"40\"] [\/et_pb_cta][et_pb_text admin_label=\"Testo\" background_layout=\"light\" text_orientation=\"left\" use_border_color=\"off\" border_color=\"#ffffff\" border_style=\"solid\"]<\/p><p>Benvenuto sulla guida di <strong>PTM Management<\/strong>.<br \/> Se non hai trovato quello che cercavi in questa guida contatta direttamente l\u2019assistenza.<\/p><p>[\/et_pb_text][et_pb_divider admin_label=\"Modulo Separatore\" color=\"#bababa\" show_divider=\"on\" height=\"10\" divider_style=\"solid\" divider_position=\"top\" hide_on_mobile=\"on\"] [\/et_pb_divider][et_pb_cta admin_label=\"Link al form\" global_module=\"142\" saved_tabs=\"all\" title=\"Non trovi quello che cerchi?\" button_url=\"#\" url_new_window=\"off\" button_text=\"Contattaci\" use_background_color=\"off\" background_color=\"#0d76ec\" background_layout=\"light\" text_orientation=\"center\" use_border_color=\"off\" border_color=\"#ffffff\" border_style=\"solid\" custom_button=\"off\" button_letter_spacing=\"0\" button_use_icon=\"default\" button_icon_placement=\"right\" button_on_hover=\"on\" button_letter_spacing_hover=\"0\"] [\/et_pb_cta][\/et_pb_column_inner][\/et_pb_row_inner][\/et_pb_column][\/et_pb_section]<\/p>","_et_gb_content_width":"","footnotes":""},"_links":{"self":[{"href":"https:\/\/service.ptmsrl.com\/de\/wp-json\/wp\/v2\/pages\/308"}],"collection":[{"href":"https:\/\/service.ptmsrl.com\/de\/wp-json\/wp\/v2\/pages"}],"about":[{"href":"https:\/\/service.ptmsrl.com\/de\/wp-json\/wp\/v2\/types\/page"}],"author":[{"embeddable":true,"href":"https:\/\/service.ptmsrl.com\/de\/wp-json\/wp\/v2\/users\/9"}],"replies":[{"embeddable":true,"href":"https:\/\/service.ptmsrl.com\/de\/wp-json\/wp\/v2\/comments?post=308"}],"version-history":[{"count":0,"href":"https:\/\/service.ptmsrl.com\/de\/wp-json\/wp\/v2\/pages\/308\/revisions"}],"up":[{"embeddable":true,"href":"https:\/\/service.ptmsrl.com\/de\/wp-json\/wp\/v2\/pages\/266"}],"wp:attachment":[{"href":"https:\/\/service.ptmsrl.com\/de\/wp-json\/wp\/v2\/media?parent=308"}],"curies":[{"name":"wp","href":"https:\/\/api.w.org\/{rel}","templated":true}]}}