{"id":1876,"date":"2016-11-16T16:51:57","date_gmt":"2016-11-16T15:51:57","guid":{"rendered":"http:\/\/service.ptmsrl.com\/fr\/gsa\/tastiera-e-display\/"},"modified":"2016-11-28T11:13:17","modified_gmt":"2016-11-28T10:13:17","slug":"clavier-et-ecran","status":"publish","type":"page","link":"http:\/\/service.ptmsrl.com\/fr\/gsa\/clavier-et-ecran\/","title":{"rendered":"CLAVIER ET ECRAN"},"content":{"rendered":"<p>[et_pb_section admin_label=\u00a0\u00bbsection\u00a0\u00bb fullwidth=\u00a0\u00bbon\u00a0\u00bb][et_pb_fullwidth_header admin_label=\u00a0\u00bbHeader &#8211; Centralina GSA\u00a0\u00bb title=\u00a0\u00bbCENTRALINA GSA\u00a0\u00bb background_layout=\u00a0\u00bbdark\u00a0\u00bb text_orientation=\u00a0\u00bbleft\u00a0\u00bb header_fullscreen=\u00a0\u00bboff\u00a0\u00bb header_scroll_down=\u00a0\u00bboff\u00a0\u00bb background_color=\u00a0\u00bb#222349&Prime; parallax=\u00a0\u00bboff\u00a0\u00bb parallax_method=\u00a0\u00bboff\u00a0\u00bb content_orientation=\u00a0\u00bbcenter\u00a0\u00bb image_orientation=\u00a0\u00bbcenter\u00a0\u00bb title_font_color=\u00a0\u00bb#ffffff\u00a0\u00bb title_font=\u00a0\u00bbMontserrat|on|||\u00a0\u00bb title_font_size=\u00a0\u00bb40px\u00a0\u00bb custom_button_one=\u00a0\u00bboff\u00a0\u00bb button_one_letter_spacing=\u00a0\u00bb0&Prime; button_one_use_icon=\u00a0\u00bbdefault\u00a0\u00bb button_one_icon_placement=\u00a0\u00bbright\u00a0\u00bb button_one_on_hover=\u00a0\u00bbon\u00a0\u00bb button_one_letter_spacing_hover=\u00a0\u00bb0&Prime; custom_button_two=\u00a0\u00bboff\u00a0\u00bb button_two_letter_spacing=\u00a0\u00bb0&Prime; button_two_use_icon=\u00a0\u00bbdefault\u00a0\u00bb button_two_icon_placement=\u00a0\u00bbright\u00a0\u00bb button_two_on_hover=\u00a0\u00bbon\u00a0\u00bb button_two_letter_spacing_hover=\u00a0\u00bb0&Prime;] [\/et_pb_fullwidth_header][\/et_pb_section][et_pb_section admin_label=\u00a0\u00bbSezione\u00a0\u00bb fullwidth=\u00a0\u00bboff\u00a0\u00bb specialty=\u00a0\u00bbon\u00a0\u00bb transparent_background=\u00a0\u00bboff\u00a0\u00bb background_color=\u00a0\u00bb#ffffff\u00a0\u00bb allow_player_pause=\u00a0\u00bboff\u00a0\u00bb inner_shadow=\u00a0\u00bboff\u00a0\u00bb parallax=\u00a0\u00bboff\u00a0\u00bb parallax_method=\u00a0\u00bboff\u00a0\u00bb custom_padding=\u00a0\u00bb0px|||\u00a0\u00bb padding_mobile=\u00a0\u00bboff\u00a0\u00bb make_fullwidth=\u00a0\u00bboff\u00a0\u00bb use_custom_width=\u00a0\u00bboff\u00a0\u00bb width_unit=\u00a0\u00bbon\u00a0\u00bb make_equal=\u00a0\u00bboff\u00a0\u00bb use_custom_gutter=\u00a0\u00bboff\u00a0\u00bb parallax_1=\u00a0\u00bboff\u00a0\u00bb parallax_method_1=\u00a0\u00bboff\u00a0\u00bb parallax_2=\u00a0\u00bboff\u00a0\u00bb parallax_method_2=\u00a0\u00bboff\u00a0\u00bb custom_css_main_1=\u00a0\u00bbborder-right: solid 1px #bababa;\u00a0\u00bb][et_pb_column type=\u00a0\u00bb1_4&Prime;][et_pb_blurb admin_label=\u00a0\u00bbLink al prodotto &#8211; CENTRALINA GSA\u00a0\u00bb global_module=\u00a0\u00bb1498&Prime; saved_tabs=\u00a0\u00bball\u00a0\u00bb title=\u00a0\u00bbScheda prodotto\u00a0\u00bb url=\u00a0\u00bbhttp:\/\/www.ptmsrl.com\/it\/s10\/product\/\u00a0\u00bb url_new_window=\u00a0\u00bbon\u00a0\u00bb use_icon=\u00a0\u00bbon\u00a0\u00bb font_icon=\u00a0\u00bb%%101%%\u00a0\u00bb icon_color=\u00a0\u00bb#b5b5b5&Prime; use_circle=\u00a0\u00bboff\u00a0\u00bb circle_color=\u00a0\u00bb#0d76ec\u00a0\u00bb use_circle_border=\u00a0\u00bboff\u00a0\u00bb circle_border_color=\u00a0\u00bb#0d76ec\u00a0\u00bb icon_placement=\u00a0\u00bbleft\u00a0\u00bb animation=\u00a0\u00bbtop\u00a0\u00bb background_layout=\u00a0\u00bblight\u00a0\u00bb text_orientation=\u00a0\u00bbleft\u00a0\u00bb use_icon_font_size=\u00a0\u00bboff\u00a0\u00bb use_border_color=\u00a0\u00bboff\u00a0\u00bb border_color=\u00a0\u00bb#ffffff\u00a0\u00bb border_style=\u00a0\u00bbsolid\u00a0\u00bb] Centralina GSA [\/et_pb_blurb][et_pb_divider admin_label=\u00a0\u00bbModulo Separatore\u00a0\u00bb color=\u00a0\u00bb#b5b5b5&Prime; show_divider=\u00a0\u00bbon\u00a0\u00bb divider_style=\u00a0\u00bbsolid\u00a0\u00bb divider_position=\u00a0\u00bbtop\u00a0\u00bb hide_on_mobile=\u00a0\u00bbon\u00a0\u00bb height=\u00a0\u00bb10&Prime;] [\/et_pb_divider][et_pb_text admin_label=\u00a0\u00bbMENU LATERALE &#8211; CENTRALINA GSA\u00a0\u00bb background_layout=\u00a0\u00bblight\u00a0\u00bb text_orientation=\u00a0\u00bbleft\u00a0\u00bb use_border_color=\u00a0\u00bboff\u00a0\u00bb border_color=\u00a0\u00bb#ffffff\u00a0\u00bb border_style=\u00a0\u00bbsolid\u00a0\u00bb saved_tabs=\u00a0\u00bball\u00a0\u00bb global_module=\u00a0\u00bb1502&Prime;]<\/p>\n<p><strong>APP MYSCALE<\/strong><\/p>\n<ul>\n<li><a href=\"http:\/\/service.ptmsrl.com\/guida-app-myscale\/\">Introduzione<\/a><\/li>\n<li><a href=\"http:\/\/service.ptmsrl.com\/guida-app-myscale\/guida-app-myscale-installazione-dellapp\/\">Installazione<\/a><\/li>\n<li><a href=\"http:\/\/service.ptmsrl.com\/guida-app-myscale\/guida-app-myscale-attivazione-della-modalita-myscale\/\">Attivazione<\/a><\/li>\n<li><a href=\"http:\/\/service.ptmsrl.com\/guida-app-myscale\/guida-app-myscale-segnalazioni-di-stato\/\">Segnalazioni di stato<\/a><\/li>\n<li><a href=\"http:\/\/service.ptmsrl.com\/guida-app-myscale\/guida-app-myscale-stato-della-connessione\/\">Stato della connessione<\/a><\/li>\n<li><a href=\"http:\/\/service.ptmsrl.com\/guida-app-myscale\/guida-app-myscale-funzione-dei-tasti\/\">Funzione dei tasti<\/a><\/li>\n<li>Utilizzo del sistema\n<ul>\n<li><a href=\"http:\/\/service.ptmsrl.com\/guida-app-myscale\/guida-app-myscale-utilizzo-della-tastiera\/\">Tastiera<\/a><\/li>\n<li><a href=\"http:\/\/service.ptmsrl.com\/guida-app-myscale\/guida-app-myscale-peso-totale\/\">Peso totale<\/a><\/li>\n<li><a href=\"http:\/\/service.ptmsrl.com\/guida-app-myscale\/guida-app-myscale-peso-totale-selezione-della-ricetta\/\">Selezione della ricetta<\/a><\/li>\n<li><a href=\"http:\/\/service.ptmsrl.com\/guida-app-myscale\/guida-app-myscale-peso-totale-azzeramento-del-peso-totale\/\">Azzeramento del peso totale<\/a><\/li>\n<li><a href=\"http:\/\/service.ptmsrl.com\/guida-app-myscale\/guida-app-myscale-peso-totale-carico-avvio-del-carico-della-ricetta\/\">Peso totale carico<\/a><\/li>\n<li><a href=\"http:\/\/service.ptmsrl.com\/guida-app-myscale\/guida-app-myscale-peso-totale-scarico-avvio-dello-scarico-della-ricetta\/\">Peso totale scarico<\/a><\/li>\n<li><a href=\"http:\/\/service.ptmsrl.com\/guida-app-myscale\/guida-app-myscale-peso-parziale-azzeramento-del-peso-parziale\/\">Peso parziale<\/a><\/li>\n<\/ul>\n<\/li>\n<\/ul>\n<p>[\/et_pb_text][\/et_pb_column][et_pb_column type=\u00a0\u00bb3_4&Prime; specialty_columns=\u00a0\u00bb3&Prime;][et_pb_row_inner admin_label=\u00a0\u00bbRiga\u00a0\u00bb][et_pb_column_inner type=\u00a0\u00bb4_4&Prime; saved_specialty_column_type=\u00a0\u00bb3_4&Prime;][et_pb_cta admin_label=\u00a0\u00bbTitolo sezione\u00a0\u00bb title=\u00a0\u00bbClavier et ecran\u00a0\u00bb url_new_window=\u00a0\u00bboff\u00a0\u00bb use_background_color=\u00a0\u00bboff\u00a0\u00bb background_color=\u00a0\u00bb#0d76ec\u00a0\u00bb background_layout=\u00a0\u00bblight\u00a0\u00bb text_orientation=\u00a0\u00bbleft\u00a0\u00bb use_border_color=\u00a0\u00bboff\u00a0\u00bb border_color=\u00a0\u00bb#ffffff\u00a0\u00bb border_style=\u00a0\u00bbsolid\u00a0\u00bb custom_button=\u00a0\u00bboff\u00a0\u00bb button_letter_spacing=\u00a0\u00bb0&Prime; button_use_icon=\u00a0\u00bbdefault\u00a0\u00bb button_icon_placement=\u00a0\u00bbright\u00a0\u00bb button_on_hover=\u00a0\u00bbon\u00a0\u00bb button_letter_spacing_hover=\u00a0\u00bb0&Prime; header_font_size=\u00a0\u00bb40&Prime;] [\/et_pb_cta][et_pb_image admin_label=\u00a0\u00bbImmagine\u00a0\u00bb src=\u00a0\u00bbhttp:\/\/service.ptmsrl.com\/wp-content\/uploads\/2016\/11\/CLAVIER-ET-ECRAN.png\u00a0\u00bb show_in_lightbox=\u00a0\u00bboff\u00a0\u00bb url_new_window=\u00a0\u00bboff\u00a0\u00bb use_overlay=\u00a0\u00bboff\u00a0\u00bb animation=\u00a0\u00bboff\u00a0\u00bb sticky=\u00a0\u00bboff\u00a0\u00bb align=\u00a0\u00bbleft\u00a0\u00bb force_fullwidth=\u00a0\u00bboff\u00a0\u00bb always_center_on_mobile=\u00a0\u00bbon\u00a0\u00bb use_border_color=\u00a0\u00bboff\u00a0\u00bb border_color=\u00a0\u00bb#ffffff\u00a0\u00bb border_style=\u00a0\u00bbsolid\u00a0\u00bb] [\/et_pb_image][et_pb_text admin_label=\u00a0\u00bbTesto\u00a0\u00bb background_layout=\u00a0\u00bblight\u00a0\u00bb text_orientation=\u00a0\u00bbleft\u00a0\u00bb use_border_color=\u00a0\u00bboff\u00a0\u00bb border_color=\u00a0\u00bb#ffffff\u00a0\u00bb border_style=\u00a0\u00bbsolid\u00a0\u00bb]<\/p>\n<ol>\n<li><strong><u>Plaquette d&rsquo;identification: <\/u><\/strong>dans cette zone du clavier il y a une plaquette identificatrice dont est indiqu\u00e9 le model du bo\u00eetier.<\/li>\n<li><strong><u>\u00c9cran LCD 320&#215;240 \u00e0 16 niveaux de gris:<\/u><\/strong> Ecran graphique LCD ou viennent visualis\u00e9es toutes les informations du bo\u00eetier et indiqu\u00e9es les diff\u00e9rentes phases des op\u00e9rations de chargement\/d\u00e9chargement. Pour faciliter l&rsquo;usage \u00e0 l&rsquo;utilisateur, le bo\u00eetier est dot\u00e9 d&rsquo;une graphique interactive.<\/li>\n<li><strong><u>Petit clavier num\u00e9rique:<\/u><\/strong> Petit clavier num\u00e9rique avec l&rsquo;insertion de num\u00e9ros et caract\u00e8res.<\/li>\n<li><strong><u>Touches fonction:<\/u><\/strong> Dans cette zone du clavier il y a quelques touches fonctions, parmi lesquels il y a la mise \u00e0 z\u00e9ro tare et mise \u00e0 z\u00e9ro poids partiel.<\/li>\n<li><strong><u>Touches pour se d\u00e9placer:<\/u><\/strong> Dans cette zone du clavier on trouve les touches d\u00e9di\u00e9s pour se d\u00e9placer dans les menus du boitier.Dans la page successive sont indiqu\u00e9es en d\u00e9taille toutes les diff\u00e9rents fonctions des touches pr\u00e9sentes.<\/li>\n<\/ol>\n<p>[\/et_pb_text][et_pb_text admin_label=\u00a0\u00bbTesto\u00a0\u00bb background_layout=\u00a0\u00bblight\u00a0\u00bb text_orientation=\u00a0\u00bbleft\u00a0\u00bb use_border_color=\u00a0\u00bboff\u00a0\u00bb border_color=\u00a0\u00bb#ffffff\u00a0\u00bb border_style=\u00a0\u00bbsolid\u00a0\u00bb module_class=\u00a0\u00bbtabella\u00a0\u00bb]<\/p>\n<table>\n<tbody>\n<tr>\n<td class=\"td-left\"><img loading=\"lazy\" decoding=\"async\" class=\"alignnone wp-image-1557 size-full\" src=\"http:\/\/service.ptmsrl.com\/wp-content\/uploads\/2016\/11\/centralina__0024_gsa.jpg\" width=\"54\" height=\"40\" \/><\/td>\n<td class=\"td-right\">\n<ul>\n<li>ON<\/li>\n<\/ul>\n<\/td>\n<\/tr>\n<\/tbody>\n<\/table>\n<table>\n<tbody>\n<tr>\n<td class=\"td-left\"><img loading=\"lazy\" decoding=\"async\" class=\"alignnone wp-image-1556 size-full\" src=\"http:\/\/service.ptmsrl.com\/wp-content\/uploads\/2016\/11\/centralina__0023_gsa.jpg\" width=\"54\" height=\"40\" \/><\/td>\n<td class=\"td-right\">\n<ul>\n<li>OFF<\/li>\n<\/ul>\n<\/td>\n<\/tr>\n<\/tbody>\n<\/table>\n<table>\n<tbody>\n<tr>\n<td class=\"td-left\"><img loading=\"lazy\" decoding=\"async\" class=\"alignnone wp-image-1558 size-full\" src=\"http:\/\/service.ptmsrl.com\/wp-content\/uploads\/2016\/11\/centralina__0025_gsa.jpg\" width=\"54\" height=\"40\" \/><\/td>\n<td class=\"td-right\">\n<ul>\n<li>ACCES AU MENU USAGER<\/li>\n<\/ul>\n<\/td>\n<\/tr>\n<\/tbody>\n<\/table>\n<table>\n<tbody>\n<tr>\n<td class=\"td-left\"><img loading=\"lazy\" decoding=\"async\" class=\"alignnone wp-image-1555 size-full\" src=\"http:\/\/service.ptmsrl.com\/wp-content\/uploads\/2016\/11\/centralina__0022_gsa.jpg\" width=\"54\" height=\"40\" \/><\/td>\n<td class=\"td-right\">\n<ul>\n<li>\u00a0ENTER<\/li>\n<\/ul>\n<\/td>\n<\/tr>\n<\/tbody>\n<\/table>\n<table>\n<tbody>\n<tr>\n<td class=\"td-left\"><img loading=\"lazy\" decoding=\"async\" class=\"alignnone wp-image-1554 size-full\" src=\"http:\/\/service.ptmsrl.com\/wp-content\/uploads\/2016\/11\/centralina__0021_gsa.jpg\" width=\"54\" height=\"40\" \/><\/td>\n<td class=\"td-right\">\n<ul>\n<li>SORTIE<\/li>\n<\/ul>\n<\/td>\n<\/tr>\n<\/tbody>\n<\/table>\n<table>\n<tbody>\n<tr>\n<td class=\"td-left\"><img loading=\"lazy\" decoding=\"async\" class=\"alignnone wp-image-1553 size-full\" src=\"http:\/\/service.ptmsrl.com\/wp-content\/uploads\/2016\/11\/centralina__0020_gsa.jpg\" width=\"54\" height=\"40\" \/><\/td>\n<td class=\"td-right\">\n<ul>\n<li>IMPRESSION DES CONSOMMATIONS<\/li>\n<li>IMPRESSION DU MENU MAGASIN<\/li>\n<li>IMPRESSION DE LA VALEUR DE POIDS TOTAL \/ PARTIEL<\/li>\n<li>IMPRESSION DES DONN\u00c9ES SUR CL\u00c9 USB<\/li>\n<\/ul>\n<\/td>\n<\/tr>\n<\/tbody>\n<\/table>\n<table>\n<tbody>\n<tr>\n<td class=\"td-left\"><img loading=\"lazy\" decoding=\"async\" class=\"alignnone wp-image-1552 size-full\" src=\"http:\/\/service.ptmsrl.com\/wp-content\/uploads\/2016\/11\/centralina__0019_gsa.jpg\" width=\"54\" height=\"40\" \/><\/td>\n<td class=\"td-right\">\n<ul>\n<li>D\u00c8PLACEMENT DU CURSEUR VERS L&rsquo;HAUT<\/li>\n<li>SELECTION RECETTE \u00c0 EX\u00c9CUTER<\/li>\n<\/ul>\n<\/td>\n<\/tr>\n<\/tbody>\n<\/table>\n<table>\n<tbody>\n<tr>\n<td class=\"td-left\"><img loading=\"lazy\" decoding=\"async\" class=\"alignnone wp-image-1551 size-full\" src=\"http:\/\/service.ptmsrl.com\/wp-content\/uploads\/2016\/11\/centralina__0018_gsa.jpg\" width=\"54\" height=\"40\" \/><\/td>\n<td class=\"td-right\">\n<ul>\n<li>D\u00c8PLACEMENT DU CURSEUR VERS LE BAS<\/li>\n<li>SELECTION RECETTE \u00c0 EX\u00c9CUTER<\/li>\n<\/ul>\n<\/td>\n<\/tr>\n<\/tbody>\n<\/table>\n<table>\n<tbody>\n<tr>\n<td class=\"td-left\"><img loading=\"lazy\" decoding=\"async\" class=\"alignnone wp-image-1550 size-full\" src=\"http:\/\/service.ptmsrl.com\/wp-content\/uploads\/2016\/11\/centralina__0017_gsa.jpg\" width=\"54\" height=\"40\" \/><\/td>\n<td class=\"td-right\">\n<ul>\n<li>D\u00c8PLACEMENT DU CURSEUR VERS GAUCHE<\/li>\n<\/ul>\n<\/td>\n<\/tr>\n<\/tbody>\n<\/table>\n<table>\n<tbody>\n<tr>\n<td class=\"td-left\"><img loading=\"lazy\" decoding=\"async\" class=\"alignnone wp-image-1549 size-full\" src=\"http:\/\/service.ptmsrl.com\/wp-content\/uploads\/2016\/11\/centralina__0016_gsa.jpg\" width=\"54\" height=\"40\" \/><\/td>\n<td class=\"td-right\">\n<ul>\n<li>D\u00c8PLACEMENT DU CURSEUR VERS DROITE<\/li>\n<\/ul>\n<\/td>\n<\/tr>\n<\/tbody>\n<\/table>\n<table>\n<tbody>\n<tr>\n<td class=\"td-left\"><img loading=\"lazy\" decoding=\"async\" class=\"alignnone wp-image-1548 size-full\" src=\"http:\/\/service.ptmsrl.com\/wp-content\/uploads\/2016\/11\/centralina__0015_gsa.jpg\" width=\"54\" height=\"40\" \/><\/td>\n<td class=\"td-right\">\n<ul>\n<li>MISE A ZERO TARE POIDS TOTAL<\/li>\n<li>RAPPEL POIDS TOTAL<\/li>\n<\/ul>\n<\/td>\n<\/tr>\n<\/tbody>\n<\/table>\n<table>\n<tbody>\n<tr>\n<td class=\"td-left\"><img loading=\"lazy\" decoding=\"async\" class=\"alignnone wp-image-1547 size-full\" src=\"http:\/\/service.ptmsrl.com\/wp-content\/uploads\/2016\/11\/centralina__0014_gsa.jpg\" width=\"54\" height=\"40\" \/><\/td>\n<td class=\"td-right\">\n<ul>\n<li>MISE A ZERO PARTIEL<\/li>\n<\/ul>\n<\/td>\n<\/tr>\n<\/tbody>\n<\/table>\n<table>\n<tbody>\n<tr>\n<td class=\"td-left\"><img loading=\"lazy\" decoding=\"async\" class=\"alignnone wp-image-1546 size-full\" src=\"http:\/\/service.ptmsrl.com\/wp-content\/uploads\/2016\/11\/centralina__0013_gsa.jpg\" width=\"54\" height=\"40\" \/><\/td>\n<td class=\"td-right\">\n<ul>\n<li>ACCES AU MENU DE MODIFICATION RECETTE<\/li>\n<li>INTERRUPTION ANTICIPEE DES CYCLES<\/li>\n<\/ul>\n<\/td>\n<\/tr>\n<\/tbody>\n<\/table>\n<table>\n<tbody>\n<tr>\n<td class=\"td-left\"><img loading=\"lazy\" decoding=\"async\" class=\"alignnone wp-image-1545 size-full\" src=\"http:\/\/service.ptmsrl.com\/wp-content\/uploads\/2016\/11\/centralina__0012_gsa.jpg\" width=\"54\" height=\"40\" \/><\/td>\n<td class=\"td-right\">\n<ul>\n<li>PAS UTILISE<\/li>\n<\/ul>\n<\/td>\n<\/tr>\n<\/tbody>\n<\/table>\n<table>\n<tbody>\n<tr>\n<td class=\"td-left\"><img loading=\"lazy\" decoding=\"async\" class=\"alignnone wp-image-1544 size-full\" src=\"http:\/\/service.ptmsrl.com\/wp-content\/uploads\/2016\/11\/centralina__0011_gsa.jpg\" width=\"54\" height=\"40\" \/><\/td>\n<td class=\"td-right\">\n<ul>\n<li>DEBUT DU CYCLE DE CHARGEMENT AUTOMATIQUE<\/li>\n<\/ul>\n<\/td>\n<\/tr>\n<\/tbody>\n<\/table>\n<table>\n<tbody>\n<tr>\n<td class=\"td-left\"><img loading=\"lazy\" decoding=\"async\" class=\"alignnone wp-image-1543 size-full\" src=\"http:\/\/service.ptmsrl.com\/wp-content\/uploads\/2016\/11\/centralina__0010_gsa.jpg\" width=\"54\" height=\"40\" \/><\/td>\n<td class=\"td-right\">\n<ul>\n<li>DEBUT DU DECHARGEMENT MANUEL (SEULEMENT SUR DEMANDE)<\/li>\n<\/ul>\n<\/td>\n<\/tr>\n<\/tbody>\n<\/table>\n<table>\n<tbody>\n<tr>\n<td class=\"td-left\"><img loading=\"lazy\" decoding=\"async\" class=\"alignnone wp-image-1542 size-full\" src=\"http:\/\/service.ptmsrl.com\/wp-content\/uploads\/2016\/11\/centralina__0009_gsa.jpg\" width=\"54\" height=\"40\" \/><\/td>\n<td class=\"td-right\">\n<ul>\n<li>ACCES AU MENU DE DEBUT DU CHARGEMENT COMPOSANT INDIVIDUEL (SEULEMENT OPTIONNEL)<\/li>\n<\/ul>\n<\/td>\n<\/tr>\n<\/tbody>\n<\/table>\n<table>\n<tbody>\n<tr>\n<td class=\"td-left\"><img loading=\"lazy\" decoding=\"async\" class=\"alignnone wp-image-1541 size-full\" src=\"http:\/\/service.ptmsrl.com\/wp-content\/uploads\/2016\/11\/centralina__0008_gsa.jpg\" width=\"54\" height=\"40\" \/><\/td>\n<td class=\"td-right\">\n<ul>\n<li>ACTIVER \/ DESACTIVER VISUALISASION DE LA VALEUR MESUR\u00c9E PAR LES P\u00c8SES EXTERNES (SI PR\u00c9SENTES)<\/li>\n<\/ul>\n<\/td>\n<\/tr>\n<\/tbody>\n<\/table>\n<table>\n<tbody>\n<tr>\n<td class=\"td-left\"><img loading=\"lazy\" decoding=\"async\" class=\"alignnone wp-image-1540 size-full\" src=\"http:\/\/service.ptmsrl.com\/wp-content\/uploads\/2016\/11\/centralina__0007_gsa.jpg\" width=\"54\" height=\"40\" \/><\/td>\n<td class=\"td-right\">\n<ul>\n<li>CHANGE MODALIT\u00c9 D&rsquo;\u00c9CRITURE (LETTRES MAJUSCULES, LETTRES MINUSCULES, NUM\u00c9ROS)<\/li>\n<\/ul>\n<\/td>\n<\/tr>\n<\/tbody>\n<\/table>\n<table>\n<tbody>\n<tr>\n<td class=\"td-left\"><img loading=\"lazy\" decoding=\"async\" class=\"alignnone wp-image-1539 size-full\" src=\"http:\/\/service.ptmsrl.com\/wp-content\/uploads\/2016\/11\/centralina__0006_gsa.jpg\" width=\"54\" height=\"40\" \/><\/td>\n<td class=\"td-right\">\n<ul>\n<li>VISUALISATION DES OPTIONNELS MULTILINK EN ALARME (SI PR\u00c9SENTS)<\/li>\n<\/ul>\n<\/td>\n<\/tr>\n<\/tbody>\n<\/table>\n<table>\n<tbody>\n<tr>\n<td class=\"td-left\"><img loading=\"lazy\" decoding=\"async\" class=\"alignnone wp-image-1538 size-full\" src=\"http:\/\/service.ptmsrl.com\/wp-content\/uploads\/2016\/11\/centralina__0005_gsa.jpg\" width=\"54\" height=\"40\" \/><\/td>\n<td class=\"td-right\">\n<ul>\n<li>TOUCHES DU PETIT CLAVIER NUM\u00c9RIQUE POUR L&rsquo;INSERTION DE CHIFFRES ET LETTRES<\/li>\n<\/ul>\n<\/td>\n<\/tr>\n<\/tbody>\n<\/table>\n<table>\n<tbody>\n<tr>\n<td class=\"td-left\"><img loading=\"lazy\" decoding=\"async\" class=\"alignnone wp-image-1537 size-full\" src=\"http:\/\/service.ptmsrl.com\/wp-content\/uploads\/2016\/11\/centralina__0004_gsa.jpg\" width=\"54\" height=\"40\" \/><\/td>\n<td class=\"td-right\">\n<ul>\n<li>INSERTION NUM\u00c9RO \u201c0\u201d<\/li>\n<li>ESPACE<\/li>\n<\/ul>\n<\/td>\n<\/tr>\n<\/tbody>\n<\/table>\n<table>\n<tbody>\n<tr>\n<td class=\"td-left\"><img loading=\"lazy\" decoding=\"async\" class=\"alignnone wp-image-1535 size-full\" src=\"http:\/\/service.ptmsrl.com\/wp-content\/uploads\/2016\/11\/centralina__0002_gsa.jpg\" width=\"54\" height=\"40\" \/><\/td>\n<td class=\"td-right\">\n<ul>\n<li>EFFACER CARACTERE (DELETE)<\/li>\n<\/ul>\n<\/td>\n<\/tr>\n<\/tbody>\n<\/table>\n<table>\n<tbody>\n<tr>\n<td class=\"td-left\"><img loading=\"lazy\" decoding=\"async\" class=\"alignnone wp-image-1534 size-full\" src=\"http:\/\/service.ptmsrl.com\/wp-content\/uploads\/2016\/11\/centralina__0001_gsa.jpg\" width=\"54\" height=\"40\" \/><\/td>\n<td class=\"td-right\">\n<ul>\n<li>BLOC \/ DEBLOC DU CYCLE DE CHARGEMENT<\/li>\n<li>INSERTION CARACTERE \u201c-\u201c<\/li>\n<\/ul>\n<\/td>\n<\/tr>\n<\/tbody>\n<\/table>\n<table>\n<tbody>\n<tr>\n<td class=\"td-left\"><img loading=\"lazy\" decoding=\"async\" class=\"alignnone wp-image-1533 size-full\" src=\"http:\/\/service.ptmsrl.com\/wp-content\/uploads\/2016\/11\/centralina__0000_gsa.jpg\" width=\"54\" height=\"40\" \/><\/td>\n<td class=\"td-right\">\n<ul>\n<li>INSERTION DU POINT D\u00c9CIMAL<\/li>\n<\/ul>\n<\/td>\n<\/tr>\n<\/tbody>\n<\/table>\n<p>[\/et_pb_text][et_pb_divider admin_label=\u00a0\u00bbModulo Separatore\u00a0\u00bb color=\u00a0\u00bb#bababa\u00a0\u00bb show_divider=\u00a0\u00bbon\u00a0\u00bb height=\u00a0\u00bb10&Prime; divider_style=\u00a0\u00bbsolid\u00a0\u00bb divider_position=\u00a0\u00bbtop\u00a0\u00bb hide_on_mobile=\u00a0\u00bbon\u00a0\u00bb] [\/et_pb_divider][et_pb_cta admin_label=\u00a0\u00bbLink al form\u00a0\u00bb global_module=\u00a0\u00bb142&Prime; saved_tabs=\u00a0\u00bball\u00a0\u00bb title=\u00a0\u00bbNon trovi quello che cerchi?\u00a0\u00bb button_url=\u00a0\u00bb#\u00a0\u00bb url_new_window=\u00a0\u00bboff\u00a0\u00bb button_text=\u00a0\u00bbContattaci\u00a0\u00bb use_background_color=\u00a0\u00bboff\u00a0\u00bb background_color=\u00a0\u00bb#0d76ec\u00a0\u00bb background_layout=\u00a0\u00bblight\u00a0\u00bb text_orientation=\u00a0\u00bbcenter\u00a0\u00bb use_border_color=\u00a0\u00bboff\u00a0\u00bb border_color=\u00a0\u00bb#ffffff\u00a0\u00bb border_style=\u00a0\u00bbsolid\u00a0\u00bb custom_button=\u00a0\u00bboff\u00a0\u00bb button_letter_spacing=\u00a0\u00bb0&Prime; button_use_icon=\u00a0\u00bbdefault\u00a0\u00bb button_icon_placement=\u00a0\u00bbright\u00a0\u00bb button_on_hover=\u00a0\u00bbon\u00a0\u00bb button_letter_spacing_hover=\u00a0\u00bb0&Prime;] [\/et_pb_cta][\/et_pb_column_inner][\/et_pb_row_inner][\/et_pb_column][\/et_pb_section]<\/p>\n","protected":false},"excerpt":{"rendered":"<p>Centralina GSA APP MYSCALE Introduzione Installazione Attivazione Segnalazioni di stato Stato della connessione Funzione dei tasti Utilizzo del sistema Tastiera Peso totale Selezione della ricetta Azzeramento del peso totale Peso totale carico Peso totale scarico Peso parziale Plaquette d&rsquo;identification: dans cette zone du clavier il y a une plaquette identificatrice dont est indiqu\u00e9 le model [&hellip;]<\/p>\n","protected":false},"author":9,"featured_media":0,"parent":1816,"menu_order":0,"comment_status":"closed","ping_status":"closed","template":"","meta":{"_et_pb_use_builder":"on","_et_pb_old_content":"","_et_gb_content_width":"","footnotes":""},"_links":{"self":[{"href":"http:\/\/service.ptmsrl.com\/fr\/wp-json\/wp\/v2\/pages\/1876"}],"collection":[{"href":"http:\/\/service.ptmsrl.com\/fr\/wp-json\/wp\/v2\/pages"}],"about":[{"href":"http:\/\/service.ptmsrl.com\/fr\/wp-json\/wp\/v2\/types\/page"}],"author":[{"embeddable":true,"href":"http:\/\/service.ptmsrl.com\/fr\/wp-json\/wp\/v2\/users\/9"}],"replies":[{"embeddable":true,"href":"http:\/\/service.ptmsrl.com\/fr\/wp-json\/wp\/v2\/comments?post=1876"}],"version-history":[{"count":0,"href":"http:\/\/service.ptmsrl.com\/fr\/wp-json\/wp\/v2\/pages\/1876\/revisions"}],"up":[{"embeddable":true,"href":"http:\/\/service.ptmsrl.com\/fr\/wp-json\/wp\/v2\/pages\/1816"}],"wp:attachment":[{"href":"http:\/\/service.ptmsrl.com\/fr\/wp-json\/wp\/v2\/media?parent=1876"}],"curies":[{"name":"wp","href":"https:\/\/api.w.org\/{rel}","templated":true}]}}