{"id":1111,"date":"2016-11-09T18:29:51","date_gmt":"2016-11-09T17:29:51","guid":{"rendered":"http:\/\/demo.n-3.it\/ptm\/fr\/?page_id=1111"},"modified":"2016-11-09T18:39:53","modified_gmt":"2016-11-09T17:39:53","slug":"options-de-configuration-du-programme","status":"publish","type":"page","link":"http:\/\/service.ptmsrl.com\/fr\/super-datamix\/options-de-configuration-du-programme\/","title":{"rendered":"Options de configuration du programme"},"content":{"rendered":"<p>[et_pb_section admin_label=\u00a0\u00bbsection\u00a0\u00bb fullwidth=\u00a0\u00bbon\u00a0\u00bb][et_pb_fullwidth_header admin_label=\u00a0\u00bbIntestazione a Larghezza Piena\u00a0\u00bb title=\u00a0\u00bbSUPER DATAMIX\u00a0\u00bb background_layout=\u00a0\u00bbdark\u00a0\u00bb text_orientation=\u00a0\u00bbleft\u00a0\u00bb header_fullscreen=\u00a0\u00bboff\u00a0\u00bb header_scroll_down=\u00a0\u00bboff\u00a0\u00bb background_color=\u00a0\u00bb#222349&Prime; parallax=\u00a0\u00bboff\u00a0\u00bb parallax_method=\u00a0\u00bboff\u00a0\u00bb content_orientation=\u00a0\u00bbcenter\u00a0\u00bb image_orientation=\u00a0\u00bbcenter\u00a0\u00bb title_font=\u00a0\u00bbMontserrat|on|||\u00a0\u00bb title_font_size=\u00a0\u00bb40px\u00a0\u00bb custom_button_one=\u00a0\u00bboff\u00a0\u00bb button_one_letter_spacing=\u00a0\u00bb0&Prime; button_one_use_icon=\u00a0\u00bbdefault\u00a0\u00bb button_one_icon_placement=\u00a0\u00bbright\u00a0\u00bb button_one_on_hover=\u00a0\u00bbon\u00a0\u00bb button_one_letter_spacing_hover=\u00a0\u00bb0&Prime; custom_button_two=\u00a0\u00bboff\u00a0\u00bb button_two_letter_spacing=\u00a0\u00bb0&Prime; button_two_use_icon=\u00a0\u00bbdefault\u00a0\u00bb button_two_icon_placement=\u00a0\u00bbright\u00a0\u00bb button_two_on_hover=\u00a0\u00bbon\u00a0\u00bb button_two_letter_spacing_hover=\u00a0\u00bb0&Prime; title_font_color=\u00a0\u00bb#ffffff\u00a0\u00bb] [\/et_pb_fullwidth_header][\/et_pb_section][et_pb_section admin_label=\u00a0\u00bbSezione\u00a0\u00bb fullwidth=\u00a0\u00bboff\u00a0\u00bb specialty=\u00a0\u00bbon\u00a0\u00bb transparent_background=\u00a0\u00bboff\u00a0\u00bb background_color=\u00a0\u00bb#ffffff\u00a0\u00bb allow_player_pause=\u00a0\u00bboff\u00a0\u00bb inner_shadow=\u00a0\u00bboff\u00a0\u00bb parallax=\u00a0\u00bboff\u00a0\u00bb parallax_method=\u00a0\u00bboff\u00a0\u00bb custom_padding=\u00a0\u00bb0px|||\u00a0\u00bb padding_mobile=\u00a0\u00bboff\u00a0\u00bb make_fullwidth=\u00a0\u00bboff\u00a0\u00bb use_custom_width=\u00a0\u00bboff\u00a0\u00bb width_unit=\u00a0\u00bbon\u00a0\u00bb make_equal=\u00a0\u00bboff\u00a0\u00bb use_custom_gutter=\u00a0\u00bboff\u00a0\u00bb parallax_1=\u00a0\u00bboff\u00a0\u00bb parallax_method_1=\u00a0\u00bboff\u00a0\u00bb parallax_2=\u00a0\u00bboff\u00a0\u00bb parallax_method_2=\u00a0\u00bboff\u00a0\u00bb custom_css_main_1=\u00a0\u00bbborder-right: solid 1px #bababa;\u00a0\u00bb][et_pb_column type=\u00a0\u00bb1_4&Prime;][et_pb_blurb admin_label=\u00a0\u00bbLink al prodotto &#8211; SUPER DATAMIX &#8211; ITA\u00a0\u00bb global_module=\u00a0\u00bb710&Prime; saved_tabs=\u00a0\u00bball\u00a0\u00bb title=\u00a0\u00bbScheda prodotto\u00a0\u00bb url=\u00a0\u00bbhttp:\/\/www.ptmsrl.com\/it\/s34\/product\/\u00a0\u00bb url_new_window=\u00a0\u00bbon\u00a0\u00bb use_icon=\u00a0\u00bbon\u00a0\u00bb font_icon=\u00a0\u00bb%%101%%\u00a0\u00bb icon_color=\u00a0\u00bb#b5b5b5&Prime; use_circle=\u00a0\u00bboff\u00a0\u00bb circle_color=\u00a0\u00bb#0d76ec\u00a0\u00bb use_circle_border=\u00a0\u00bboff\u00a0\u00bb circle_border_color=\u00a0\u00bb#0d76ec\u00a0\u00bb icon_placement=\u00a0\u00bbleft\u00a0\u00bb animation=\u00a0\u00bbtop\u00a0\u00bb background_layout=\u00a0\u00bblight\u00a0\u00bb text_orientation=\u00a0\u00bbleft\u00a0\u00bb use_icon_font_size=\u00a0\u00bboff\u00a0\u00bb use_border_color=\u00a0\u00bboff\u00a0\u00bb border_color=\u00a0\u00bb#ffffff\u00a0\u00bb border_style=\u00a0\u00bbsolid\u00a0\u00bb]<br \/>\n[\/et_pb_blurb][et_pb_divider admin_label=\u00a0\u00bbModulo Separatore\u00a0\u00bb color=\u00a0\u00bb#b5b5b5&Prime; show_divider=\u00a0\u00bbon\u00a0\u00bb divider_style=\u00a0\u00bbsolid\u00a0\u00bb divider_position=\u00a0\u00bbtop\u00a0\u00bb hide_on_mobile=\u00a0\u00bbon\u00a0\u00bb height=\u00a0\u00bb10&Prime;]<br \/>\n[\/et_pb_divider][et_pb_text global_module=\u00a0\u00bb1082&Prime; admin_label=\u00a0\u00bbMenu laterale &#8211; SUPER DATAMIX &#8211; FR\u00a0\u00bb saved_tabs=\u00a0\u00bball\u00a0\u00bb background_layout=\u00a0\u00bblight\u00a0\u00bb text_orientation=\u00a0\u00bbleft\u00a0\u00bb use_border_color=\u00a0\u00bboff\u00a0\u00bb border_color=\u00a0\u00bb#ffffff\u00a0\u00bb border_style=\u00a0\u00bbsolid\u00a0\u00bb]<\/p>\n<p><strong>SUPER DATAMIX<\/strong><\/p>\n<ul>\n<li><a href=\"http:\/\/service.ptmsrl.com\/guida-super-datamix\/\">Men\u00f9 principale<\/a><\/li>\n<li><a href=\"http:\/\/service.ptmsrl.com\/guida-super-datamix\/componenti-ricette\/\">Componenti ricette<\/a><\/li>\n<li><a href=\"http:\/\/service.ptmsrl.com\/guida-super-datamix\/composizione-ricette\/\">Composizione ricette<\/a><\/li>\n<li><a href=\"http:\/\/service.ptmsrl.com\/guida-super-datamix\/gruppi-di-scarico\/\">Gruppi di scarico<\/a><\/li>\n<li><a href=\"http:\/\/service.ptmsrl.com\/guida-super-datamix\/composizione-carri\/\">Composizione carri<\/a><\/li>\n<li><a href=\"http:\/\/service.ptmsrl.com\/guida-super-datamix\/archivio-delle-operazioni-di-carico\/\">Archivio delle operazioni di carico<\/a><\/li>\n<li><a href=\"http:\/\/service.ptmsrl.com\/guida-super-datamix\/archivio-delle-operazioni-di-scarico\/\">Archivio delle operazioni di scarico<\/a><\/li>\n<li><a href=\"http:\/\/service.ptmsrl.com\/guida-super-datamix\/costo-operazioni\/\">Costo operazioni<\/a><\/li>\n<li><a href=\"http:\/\/service.ptmsrl.com\/guida-super-datamix\/magazzino-componenti\/\">Magazzino componenti<\/a><\/li>\n<li><a href=\"http:\/\/service.ptmsrl.com\/guida-super-datamix\/forniture-componenti\/\">Forniture componenti<\/a><\/li>\n<li><a href=\"http:\/\/service.ptmsrl.com\/guida-super-datamix\/anagrafica-clienti\/\">Anagrafica clienti<\/a><\/li>\n<li><a href=\"http:\/\/service.ptmsrl.com\/guida-super-datamix\/carichi-parziali\/\">Carichi parziali<\/a><\/li>\n<li><a href=\"http:\/\/service.ptmsrl.com\/guida-super-datamix\/invio-ricezione-dati\/\">Invio-Ricezione dati<\/a><\/li>\n<li><a href=\"http:\/\/service.ptmsrl.com\/guida-super-datamix\/opzioni-di-configurazione-del-programma\/\">Opzioni di configurazione del programma<\/a><\/li>\n<li><a href=\"http:\/\/service.ptmsrl.com\/guida-super-datamix\/utilita-per-la-manutenzione\/\">Utilit\u00e0 per la manutenzione<\/a><\/li>\n<li><a href=\"http:\/\/service.ptmsrl.com\/guida-super-datamix\/rapporti\/\">Rapporti<\/a><\/li>\n<li><a href=\"http:\/\/service.ptmsrl.com\/guida-super-datamix\/backup-manager\/\">Backup manager<\/a><\/li>\n<\/ul>\n<p>[\/et_pb_text][\/et_pb_column][et_pb_column type=\u00a0\u00bb3_4&Prime; specialty_columns=\u00a0\u00bb3&Prime;][et_pb_row_inner admin_label=\u00a0\u00bbRiga\u00a0\u00bb][et_pb_column_inner type=\u00a0\u00bb4_4&Prime; saved_specialty_column_type=\u00a0\u00bb3_4&Prime;][et_pb_cta admin_label=\u00a0\u00bbTitolo sezione\u00a0\u00bb title=\u00a0\u00bbOptions de configuration du programme\u00a0\u00bb url_new_window=\u00a0\u00bboff\u00a0\u00bb use_background_color=\u00a0\u00bboff\u00a0\u00bb background_color=\u00a0\u00bb#0d76ec\u00a0\u00bb background_layout=\u00a0\u00bblight\u00a0\u00bb text_orientation=\u00a0\u00bbleft\u00a0\u00bb use_border_color=\u00a0\u00bboff\u00a0\u00bb border_color=\u00a0\u00bb#ffffff\u00a0\u00bb border_style=\u00a0\u00bbsolid\u00a0\u00bb custom_button=\u00a0\u00bboff\u00a0\u00bb button_letter_spacing=\u00a0\u00bb0&Prime; button_use_icon=\u00a0\u00bbdefault\u00a0\u00bb button_icon_placement=\u00a0\u00bbright\u00a0\u00bb button_on_hover=\u00a0\u00bbon\u00a0\u00bb button_letter_spacing_hover=\u00a0\u00bb0&Prime; header_font_size=\u00a0\u00bb40&Prime;] [\/et_pb_cta][et_pb_text admin_label=\u00a0\u00bbTesto\u00a0\u00bb background_layout=\u00a0\u00bblight\u00a0\u00bb text_orientation=\u00a0\u00bbleft\u00a0\u00bb use_border_color=\u00a0\u00bboff\u00a0\u00bb border_color=\u00a0\u00bb#ffffff\u00a0\u00bb border_style=\u00a0\u00bbsolid\u00a0\u00bb]<\/p>\n<p><img loading=\"lazy\" decoding=\"async\" class=\"alignnone wp-image-1061 size-full\" src=\"http:\/\/service.ptmsrl.com\/wp-content\/uploads\/2016\/11\/ptm_0010_ptm.jpg\" width=\"477\" height=\"346\" srcset=\"http:\/\/service.ptmsrl.com\/wp-content\/uploads\/2016\/11\/ptm_0010_ptm.jpg 477w, http:\/\/service.ptmsrl.com\/wp-content\/uploads\/2016\/11\/ptm_0010_ptm-300x218.jpg 300w\" sizes=\"(max-width: 477px) 100vw, 477px\" \/><\/p>\n<p>&nbsp;<\/p>\n<p>Dans ce menu on peut voir et \u00e9tablir toutes les options pour la configuration du programme.<\/p>\n<p>&nbsp;<\/p>\n<p>&#8211; <strong>\u201cVersion bo\u00eetier\u201d<\/strong>: est la version du logiciel du bo\u00eetier Graphic Memory Super;<\/p>\n<p>&#8211; <strong>\u201cSp\u00e9cifie la langue \u00e0 utiliser dans le programme\u201d<\/strong>: pour modifier la langue du programme;<\/p>\n<p>&#8211; <strong>\u00ab\u00a0Utilise valeur nutritif in Kg\u00a0\u00bb<\/strong>: \u00e7a sert pour mettre l\u2019unit\u00e9 de mesure de la valeur nutritive (si on le choisit on utilise KJ, autrement on utilise Kcal);<\/p>\n<p>&#8211; <strong>\u201cPourcentage alarme sur charges\u201d<\/strong>: pourcentage d\u2019erreur sur les charges afin que les erreurs puissent \u00eatre mentionn\u00e9s dans les rapports;<\/p>\n<p>&#8211; <strong>\u201cPourcentage alarme sur d\u00e9charges\u201d<\/strong>: pourcentage d\u2019erreur sur les d\u00e9charges afin que les erreurs puissent \u00eatre mentionn\u00e9s dans les rapports;<\/p>\n<p>&#8211; <strong>\u201cNum\u00e9ro fiches \u00e0 g\u00e9rer\u201d<\/strong>: on met le num\u00e9ro des fiches \u00e0 g\u00e9rer avec le programme;<\/p>\n<p>&#8211; <strong>\u201cNum\u00e9ro recettes \u00e0 g\u00e9rer\u201d<\/strong>: on indique le num\u00e9ro maximum des recettes \u00e0 g\u00e9rer dans le bo\u00eetier Graphic Memory Super;<\/p>\n<p>&#8211; <strong>\u201cCo\u00fbt main d\u2019\u0153uvre par minute (\u20ac)\u201d<\/strong>: on indique le co\u00fbt de la main d\u2019\u0153uvre pour avoir les donn\u00e9es dans les co\u00fbts;<\/p>\n<p>&#8211; <strong>\u201cPrix du lait par Kg\/l (\u20ac)\u201d<\/strong>: on \u00e9crit le co\u00fbt du lait pour avoir le calcul des co\u00fbts et des rendements;<\/p>\n<p>&#8211; <strong>\u201cTol\u00e9rance poids initial du chariot (Kg)\u201d<\/strong>: on \u00e9crit la quantit\u00e9 tol\u00e9r\u00e9e du poids initial du chariot avant le chargement de la recette;<\/p>\n<p>&#8211; <strong>\u201cLettre drive fiche\u201d<\/strong>: \u00e7a sert pour s\u00e9lectionner l\u2019unit\u00e9 sur laquelle le programme cherchera la Memory Card pour lire les donn\u00e9es (ne sert pas si il est active la communication s\u00e9rielle avec \u201cZeus\u201d); \u201cActive communication serial\u201d active la r\u00e9ception des donn\u00e9es du \u201cZeus\u201d.<\/p>\n<p>&nbsp;<\/p>\n<p>[7] <strong>\u00ab\u00a0Porte s\u00e9rielle\u00a0\u00bb<\/strong>: sert pour s\u00e9lectionner la porte s\u00e9rielle sur laquelle sera active la communication avec \u201cZeus\u201d<\/p>\n<p>&nbsp;<\/p>\n<p>[8] <strong>\u00ab\u00a0Visualisation bouton envoi\/re\u00e7ois en gestion Card\u201d<\/strong>: il est possible d\u00e9sactiver la visualisation de cette touche dans la fen\u00eatre pour envoyer ou recevoir les donn\u00e9es de la Memory Card\u201d: en cette mani\u00e8re seront seulement actives les touches \u201cEnvoi\u201d et \u201cRe\u00e7ois\u201d.<\/p>\n<p>&nbsp;<\/p>\n<p>En appuyant sur la touche \u201c[9] <strong>\u201cEtablissements e-mail de service\u201d<\/strong> on peut visualiser les param\u00e8tres d\u00e9j\u00e0 \u00e9tablis relatif \u00e0 l&rsquo;envoi de e-mails automatiques de la part du programme vers le producteur du programme (\u00e0 modifier seulement dans le cas de mal fonctionnement de la proc\u00e9dure).<\/p>\n<p>&nbsp;<\/p>\n<p>[5] <strong>\u201cFermer\u201d<\/strong>: pour sortir du menu et retourner au Super Data Mix 5.<\/p>\n<p>&nbsp;<\/p>\n<p>[\/et_pb_text][et_pb_divider admin_label=\u00a0\u00bbModulo Separatore\u00a0\u00bb color=\u00a0\u00bb#bababa\u00a0\u00bb show_divider=\u00a0\u00bbon\u00a0\u00bb height=\u00a0\u00bb10&Prime; divider_style=\u00a0\u00bbsolid\u00a0\u00bb divider_position=\u00a0\u00bbtop\u00a0\u00bb hide_on_mobile=\u00a0\u00bbon\u00a0\u00bb]<br \/>\n[\/et_pb_divider][et_pb_cta admin_label=\u00a0\u00bbLink al form\u00a0\u00bb global_module=\u00a0\u00bb142&Prime; saved_tabs=\u00a0\u00bball\u00a0\u00bb title=\u00a0\u00bbNon trovi quello che cerchi?\u00a0\u00bb button_url=\u00a0\u00bb#\u00a0\u00bb url_new_window=\u00a0\u00bboff\u00a0\u00bb button_text=\u00a0\u00bbContattaci\u00a0\u00bb use_background_color=\u00a0\u00bboff\u00a0\u00bb background_color=\u00a0\u00bb#0d76ec\u00a0\u00bb background_layout=\u00a0\u00bblight\u00a0\u00bb text_orientation=\u00a0\u00bbcenter\u00a0\u00bb use_border_color=\u00a0\u00bboff\u00a0\u00bb border_color=\u00a0\u00bb#ffffff\u00a0\u00bb border_style=\u00a0\u00bbsolid\u00a0\u00bb custom_button=\u00a0\u00bboff\u00a0\u00bb button_letter_spacing=\u00a0\u00bb0&Prime; button_use_icon=\u00a0\u00bbdefault\u00a0\u00bb button_icon_placement=\u00a0\u00bbright\u00a0\u00bb button_on_hover=\u00a0\u00bbon\u00a0\u00bb button_letter_spacing_hover=\u00a0\u00bb0&Prime;]<br \/>\n[\/et_pb_cta][\/et_pb_column_inner][\/et_pb_row_inner][\/et_pb_column][\/et_pb_section]<\/p>\n","protected":false},"excerpt":{"rendered":"<p>SUPER DATAMIX Men\u00f9 principale Componenti ricette Composizione ricette Gruppi di scarico Composizione carri Archivio delle operazioni di carico Archivio delle operazioni di scarico Costo operazioni Magazzino componenti Forniture componenti Anagrafica clienti Carichi parziali Invio-Ricezione dati Opzioni di configurazione del programma Utilit\u00e0 per la manutenzione Rapporti Backup manager &nbsp; Dans ce menu on peut voir et [&hellip;]<\/p>\n","protected":false},"author":9,"featured_media":0,"parent":1075,"menu_order":0,"comment_status":"closed","ping_status":"closed","template":"","meta":{"_et_pb_use_builder":"on","_et_pb_old_content":"<p>[et_pb_section admin_label=\"section\" global_module=\"706\" fullwidth=\"on\"][et_pb_fullwidth_header global_parent=\"706\" admin_label=\"Intestazione a Larghezza Piena\" title=\"SUPER DATAMIX\" background_layout=\"dark\" text_orientation=\"left\" header_fullscreen=\"off\" header_scroll_down=\"off\" background_color=\"#222349\" parallax=\"off\" parallax_method=\"off\" content_orientation=\"center\" image_orientation=\"center\" title_font=\"Montserrat|on|||\" title_font_size=\"40px\" custom_button_one=\"off\" button_one_letter_spacing=\"0\" button_one_use_icon=\"default\" button_one_icon_placement=\"right\" button_one_on_hover=\"on\" button_one_letter_spacing_hover=\"0\" custom_button_two=\"off\" button_two_letter_spacing=\"0\" button_two_use_icon=\"default\" button_two_icon_placement=\"right\" button_two_on_hover=\"on\" button_two_letter_spacing_hover=\"0\" title_font_color=\"#ffffff\"] [\/et_pb_fullwidth_header][\/et_pb_section][et_pb_section admin_label=\"Sezione\" fullwidth=\"off\" specialty=\"on\" transparent_background=\"off\" background_color=\"#ffffff\" allow_player_pause=\"off\" inner_shadow=\"off\" parallax=\"off\" parallax_method=\"off\" custom_padding=\"0px|||\" padding_mobile=\"off\" make_fullwidth=\"off\" use_custom_width=\"off\" width_unit=\"on\" make_equal=\"off\" use_custom_gutter=\"off\" parallax_1=\"off\" parallax_method_1=\"off\" parallax_2=\"off\" parallax_method_2=\"off\" custom_css_main_1=\"border-right: solid 1px #bababa;\"][et_pb_column type=\"1_4\"][et_pb_blurb admin_label=\"Link al prodotto - SUPER DATAMIX - ITA\" global_module=\"710\" saved_tabs=\"all\" title=\"Scheda prodotto\" url=\"http:\/\/www.ptmsrl.com\/it\/s34\/product\/\" url_new_window=\"on\" use_icon=\"on\" font_icon=\"%%101%%\" icon_color=\"#b5b5b5\" use_circle=\"off\" circle_color=\"#0d76ec\" use_circle_border=\"off\" circle_border_color=\"#0d76ec\" icon_placement=\"left\" animation=\"top\" background_layout=\"light\" text_orientation=\"left\" use_icon_font_size=\"off\" use_border_color=\"off\" border_color=\"#ffffff\" border_style=\"solid\"]<br \/> [\/et_pb_blurb][et_pb_divider admin_label=\"Modulo Separatore\" color=\"#b5b5b5\" show_divider=\"on\" divider_style=\"solid\" divider_position=\"top\" hide_on_mobile=\"on\" height=\"10\"]<br \/> [\/et_pb_divider][et_pb_text admin_label=\"Menu laterale - SUPER DATAMIX - ITA\" global_module=\"714\" saved_tabs=\"all\" background_layout=\"light\" text_orientation=\"left\" text_font_size=\"16\" use_border_color=\"off\" border_color=\"#ffffff\" border_style=\"solid\"]<\/p><p><strong>SUPER DATAMIX<\/strong><\/p><ul><li><a href=\"http:\/\/demo.n-3.it\/ptm\/guida-app-myscale\/\">Introduzione<\/a><\/li><li><a href=\"http:\/\/demo.n-3.it\/ptm\/guida-app-myscale\/guida-app-myscale-installazione-dellapp\/\">Installazione<\/a><\/li><li><a href=\"http:\/\/demo.n-3.it\/ptm\/guida-app-myscale\/guida-app-myscale-attivazione-della-modalita-myscale\/\">Attivazione<\/a><\/li><li><a href=\"http:\/\/demo.n-3.it\/ptm\/guida-app-myscale\/guida-app-myscale-segnalazioni-di-stato\/\">Segnalazioni di stato<\/a><\/li><li><a href=\"http:\/\/demo.n-3.it\/ptm\/guida-app-myscale\/guida-app-myscale-stato-della-connessione\/\">Stato della connessione<\/a><\/li><li><a href=\"http:\/\/demo.n-3.it\/ptm\/guida-app-myscale\/guida-app-myscale-funzione-dei-tasti\/\">Funzione dei tasti<\/a><\/li><li>Utilizzo del sistema<ul><li><a href=\"http:\/\/demo.n-3.it\/ptm\/guida-app-myscale\/guida-app-myscale-utilizzo-della-tastiera\/\">Tastiera<\/a><\/li><li><a href=\"http:\/\/demo.n-3.it\/ptm\/guida-app-myscale\/guida-app-myscale-peso-totale\/\">Peso totale<\/a><\/li><li><a href=\"http:\/\/demo.n-3.it\/ptm\/guida-app-myscale\/guida-app-myscale-peso-totale-selezione-della-ricetta\/\">Selezione della ricetta<\/a><\/li><li><a href=\"http:\/\/demo.n-3.it\/ptm\/guida-app-myscale\/guida-app-myscale-peso-totale-azzeramento-del-peso-totale\/\">Azzeramento del peso totale<\/a><\/li><li><a href=\"http:\/\/demo.n-3.it\/ptm\/guida-app-myscale\/guida-app-myscale-peso-totale-carico-avvio-del-carico-della-ricetta\/\">Peso totale carico<\/a><\/li><li><a href=\"http:\/\/demo.n-3.it\/ptm\/guida-app-myscale\/guida-app-myscale-peso-totale-scarico-avvio-dello-scarico-della-ricetta\/\">Peso totale scarico<\/a><\/li><li><a href=\"http:\/\/demo.n-3.it\/ptm\/guida-app-myscale\/guida-app-myscale-peso-parziale-azzeramento-del-peso-parziale\/\">Peso parziale<\/a><\/li><\/ul><\/li><\/ul><p>[\/et_pb_text][\/et_pb_column][et_pb_column type=\"3_4\" specialty_columns=\"3\"][et_pb_row_inner admin_label=\"Riga\"][et_pb_column_inner type=\"4_4\" saved_specialty_column_type=\"3_4\"][et_pb_cta admin_label=\"Titolo sezione\" title=\"Opzioni di configurazione del programma\" url_new_window=\"off\" use_background_color=\"off\" background_color=\"#0d76ec\" background_layout=\"light\" text_orientation=\"left\" use_border_color=\"off\" border_color=\"#ffffff\" border_style=\"solid\" custom_button=\"off\" button_letter_spacing=\"0\" button_use_icon=\"default\" button_icon_placement=\"right\" button_on_hover=\"on\" button_letter_spacing_hover=\"0\" header_font_size=\"40\"] [\/et_pb_cta][et_pb_text admin_label=\"Testo\" background_layout=\"light\" text_orientation=\"left\" use_border_color=\"off\" border_color=\"#ffffff\" border_style=\"solid\"]<\/p><p><img class=\"alignnone size-full wp-image-729\" src=\"http:\/\/demo.n-3.it\/ptm\/wp-content\/uploads\/2016\/11\/ptm_0010_opzioni-di-configurazione.jpg\" alt=\"ptm_0010_opzioni-di-configurazione\" width=\"467\" height=\"339\" \/><\/p><p>In questo men\u00f9 \u00e8 possibile visualizzare ed impostare tutte le opzioni di configurazione del programma.<\/p><p>- \u201c<strong>Versione centralina<\/strong>\u201d, indica la versione del software della centralina Graphic Memory Super.<\/p><p>- \u201c<strong>Specifica la lingua da utilizzare nel programma<\/strong>\u201d, con il men\u00f9 a tendina si possono modificare la lingua dell\u2019intero programma.<\/p><p>- \"<strong>Utilizza valore nutritivo in KJ<\/strong>\", serve per impostare l'unit\u00e0 di misura per il valore nutritivo (se selezionato utilizza KJ, altrimenti utilizza KCal).<\/p><p>- \u201c<strong>Percentuale di allarme carichi<\/strong>\u201d, indica la percentuale di errore sui carichi in modo da evidenziarli nei Report.<\/p><p>- \u201c<strong>Percentuale di allarme sugli scarichi<\/strong>\u201d, indica la percentuale di errore sugli scarichi in modo da evidenziarli nei Report.<\/p><p>- \u201c<strong>Numero di card da gestire<\/strong>\u201d, inseriamo il numero delle Card da gestire con il programma.<\/p><p>- \u201c<strong>Numero di ricette da gestire<\/strong>\u201d, inseriamo il numero massimo di ricette da gestire nella centralina Graphic Memory Super.<\/p><p>- \u201c<strong>Costo della manodopera al minuto (\u20ac)<\/strong>\u201d, inseriamo il costo della manodopera per avere i dati nei costi.<\/p><p>- \u201c<strong>Prezzo del latte al Kg\/l (\u20ac)<\/strong>\u201d, inseriamo il costo del latte per avere calcoli dei costi e delle rese.<\/p><p>- \u201c<strong>Tolleranza peso iniziale del carro (Kg)<\/strong>\u201d, inseriamo la quantit\u00e0 tollerata del peso iniziale del carro prima che si carichi la ricetta.<\/p><p>- \u201c<strong>Lettera drive card<\/strong>\", serve per selezionare l'unit\u00e0 su cui il programma andr\u00e0 a cercare la Memory Card da cui leggere i dati (non necessario se si attiva la comunicazione seriale con lo Zeus), \"Attiva comunicazione seriale\" abilita la ricezione dei dati dallo Zeus.<\/p><p>[7]\"<strong>Porta seriale<\/strong>\" serve per selezionare la porta seriale su cui verr\u00e0 collegato la comunicazione con lo Zeus.<\/p><p>[8] \"<strong>Visualizza bottone Invia\/Ricevi in gestione Card<\/strong>\" \u00c8 possibile disattivare la visualizzazione del pulsante Invia\/Ricevi nella finestra per inviare o ricevere dati dalla Memory Card, in questo modo saranno solo attivi il tasto \u201cInvia\u201d e tasto \u201cRicevi\u201d.<\/p><p>Premendo sul tasto [9] \"<strong>Impostazioni e-mail di servizio<\/strong>\" \u00e8 possibile visualizzare i parametri gi\u00e0 impostati per l'invio di email automatiche da parte del programma verso il produttore del programma (da modificare solo in caso di malfunzionamento della procedura).<\/p><p>[5] \"<strong>Chiudi<\/strong>\": Per chiudere il men\u00f9 e tornare al Super Data Mix 5 .<\/p><p>[\/et_pb_text][et_pb_divider admin_label=\"Modulo Separatore\" color=\"#bababa\" show_divider=\"on\" height=\"10\" divider_style=\"solid\" divider_position=\"top\" hide_on_mobile=\"on\"]<br \/> [\/et_pb_divider][et_pb_cta admin_label=\"Link al form\" global_module=\"142\" saved_tabs=\"all\" title=\"Non trovi quello che cerchi?\" button_url=\"#\" url_new_window=\"off\" button_text=\"Contattaci\" use_background_color=\"off\" background_color=\"#0d76ec\" background_layout=\"light\" text_orientation=\"center\" use_border_color=\"off\" border_color=\"#ffffff\" border_style=\"solid\" custom_button=\"off\" button_letter_spacing=\"0\" button_use_icon=\"default\" button_icon_placement=\"right\" button_on_hover=\"on\" button_letter_spacing_hover=\"0\"]<br \/> [\/et_pb_cta][\/et_pb_column_inner][\/et_pb_row_inner][\/et_pb_column][\/et_pb_section]<\/p>","_et_gb_content_width":"","footnotes":""},"_links":{"self":[{"href":"http:\/\/service.ptmsrl.com\/fr\/wp-json\/wp\/v2\/pages\/1111"}],"collection":[{"href":"http:\/\/service.ptmsrl.com\/fr\/wp-json\/wp\/v2\/pages"}],"about":[{"href":"http:\/\/service.ptmsrl.com\/fr\/wp-json\/wp\/v2\/types\/page"}],"author":[{"embeddable":true,"href":"http:\/\/service.ptmsrl.com\/fr\/wp-json\/wp\/v2\/users\/9"}],"replies":[{"embeddable":true,"href":"http:\/\/service.ptmsrl.com\/fr\/wp-json\/wp\/v2\/comments?post=1111"}],"version-history":[{"count":0,"href":"http:\/\/service.ptmsrl.com\/fr\/wp-json\/wp\/v2\/pages\/1111\/revisions"}],"up":[{"embeddable":true,"href":"http:\/\/service.ptmsrl.com\/fr\/wp-json\/wp\/v2\/pages\/1075"}],"wp:attachment":[{"href":"http:\/\/service.ptmsrl.com\/fr\/wp-json\/wp\/v2\/media?parent=1111"}],"curies":[{"name":"wp","href":"https:\/\/api.w.org\/{rel}","templated":true}]}}