{"id":1099,"date":"2016-11-09T18:23:10","date_gmt":"2016-11-09T17:23:10","guid":{"rendered":"http:\/\/demo.n-3.it\/ptm\/fr\/?page_id=1099"},"modified":"2016-11-09T18:39:04","modified_gmt":"2016-11-09T17:39:04","slug":"couts-operations","status":"publish","type":"page","link":"http:\/\/service.ptmsrl.com\/fr\/super-datamix\/couts-operations\/","title":{"rendered":"Couts operations"},"content":{"rendered":"<p>[et_pb_section admin_label=\u00a0\u00bbsection\u00a0\u00bb fullwidth=\u00a0\u00bbon\u00a0\u00bb][et_pb_fullwidth_header admin_label=\u00a0\u00bbIntestazione a Larghezza Piena\u00a0\u00bb title=\u00a0\u00bbSUPER DATAMIX\u00a0\u00bb background_layout=\u00a0\u00bbdark\u00a0\u00bb text_orientation=\u00a0\u00bbleft\u00a0\u00bb header_fullscreen=\u00a0\u00bboff\u00a0\u00bb header_scroll_down=\u00a0\u00bboff\u00a0\u00bb background_color=\u00a0\u00bb#222349&Prime; parallax=\u00a0\u00bboff\u00a0\u00bb parallax_method=\u00a0\u00bboff\u00a0\u00bb content_orientation=\u00a0\u00bbcenter\u00a0\u00bb image_orientation=\u00a0\u00bbcenter\u00a0\u00bb title_font=\u00a0\u00bbMontserrat|on|||\u00a0\u00bb title_font_size=\u00a0\u00bb40px\u00a0\u00bb custom_button_one=\u00a0\u00bboff\u00a0\u00bb button_one_letter_spacing=\u00a0\u00bb0&Prime; button_one_use_icon=\u00a0\u00bbdefault\u00a0\u00bb button_one_icon_placement=\u00a0\u00bbright\u00a0\u00bb button_one_on_hover=\u00a0\u00bbon\u00a0\u00bb button_one_letter_spacing_hover=\u00a0\u00bb0&Prime; custom_button_two=\u00a0\u00bboff\u00a0\u00bb button_two_letter_spacing=\u00a0\u00bb0&Prime; button_two_use_icon=\u00a0\u00bbdefault\u00a0\u00bb button_two_icon_placement=\u00a0\u00bbright\u00a0\u00bb button_two_on_hover=\u00a0\u00bbon\u00a0\u00bb button_two_letter_spacing_hover=\u00a0\u00bb0&Prime; title_font_color=\u00a0\u00bb#ffffff\u00a0\u00bb] [\/et_pb_fullwidth_header][\/et_pb_section][et_pb_section admin_label=\u00a0\u00bbSezione\u00a0\u00bb fullwidth=\u00a0\u00bboff\u00a0\u00bb specialty=\u00a0\u00bbon\u00a0\u00bb transparent_background=\u00a0\u00bboff\u00a0\u00bb background_color=\u00a0\u00bb#ffffff\u00a0\u00bb allow_player_pause=\u00a0\u00bboff\u00a0\u00bb inner_shadow=\u00a0\u00bboff\u00a0\u00bb parallax=\u00a0\u00bboff\u00a0\u00bb parallax_method=\u00a0\u00bboff\u00a0\u00bb custom_padding=\u00a0\u00bb0px|||\u00a0\u00bb padding_mobile=\u00a0\u00bboff\u00a0\u00bb make_fullwidth=\u00a0\u00bboff\u00a0\u00bb use_custom_width=\u00a0\u00bboff\u00a0\u00bb width_unit=\u00a0\u00bbon\u00a0\u00bb make_equal=\u00a0\u00bboff\u00a0\u00bb use_custom_gutter=\u00a0\u00bboff\u00a0\u00bb parallax_1=\u00a0\u00bboff\u00a0\u00bb parallax_method_1=\u00a0\u00bboff\u00a0\u00bb parallax_2=\u00a0\u00bboff\u00a0\u00bb parallax_method_2=\u00a0\u00bboff\u00a0\u00bb custom_css_main_1=\u00a0\u00bbborder-right: solid 1px #bababa;\u00a0\u00bb][et_pb_column type=\u00a0\u00bb1_4&Prime;][et_pb_blurb admin_label=\u00a0\u00bbLink al prodotto &#8211; SUPER DATAMIX &#8211; ITA\u00a0\u00bb global_module=\u00a0\u00bb710&Prime; saved_tabs=\u00a0\u00bball\u00a0\u00bb title=\u00a0\u00bbScheda prodotto\u00a0\u00bb url=\u00a0\u00bbhttp:\/\/www.ptmsrl.com\/it\/s34\/product\/\u00a0\u00bb url_new_window=\u00a0\u00bbon\u00a0\u00bb use_icon=\u00a0\u00bbon\u00a0\u00bb font_icon=\u00a0\u00bb%%101%%\u00a0\u00bb icon_color=\u00a0\u00bb#b5b5b5&Prime; use_circle=\u00a0\u00bboff\u00a0\u00bb circle_color=\u00a0\u00bb#0d76ec\u00a0\u00bb use_circle_border=\u00a0\u00bboff\u00a0\u00bb circle_border_color=\u00a0\u00bb#0d76ec\u00a0\u00bb icon_placement=\u00a0\u00bbleft\u00a0\u00bb animation=\u00a0\u00bbtop\u00a0\u00bb background_layout=\u00a0\u00bblight\u00a0\u00bb text_orientation=\u00a0\u00bbleft\u00a0\u00bb use_icon_font_size=\u00a0\u00bboff\u00a0\u00bb use_border_color=\u00a0\u00bboff\u00a0\u00bb border_color=\u00a0\u00bb#ffffff\u00a0\u00bb border_style=\u00a0\u00bbsolid\u00a0\u00bb] [\/et_pb_blurb][et_pb_divider admin_label=\u00a0\u00bbModulo Separatore\u00a0\u00bb color=\u00a0\u00bb#b5b5b5&Prime; show_divider=\u00a0\u00bbon\u00a0\u00bb divider_style=\u00a0\u00bbsolid\u00a0\u00bb divider_position=\u00a0\u00bbtop\u00a0\u00bb hide_on_mobile=\u00a0\u00bbon\u00a0\u00bb height=\u00a0\u00bb10&Prime;] [\/et_pb_divider][et_pb_text global_module=\u00a0\u00bb1082&Prime; admin_label=\u00a0\u00bbMenu laterale &#8211; SUPER DATAMIX &#8211; FR\u00a0\u00bb saved_tabs=\u00a0\u00bball\u00a0\u00bb background_layout=\u00a0\u00bblight\u00a0\u00bb text_orientation=\u00a0\u00bbleft\u00a0\u00bb use_border_color=\u00a0\u00bboff\u00a0\u00bb border_color=\u00a0\u00bb#ffffff\u00a0\u00bb border_style=\u00a0\u00bbsolid\u00a0\u00bb]<\/p>\n<p><strong>SUPER DATAMIX<\/strong><\/p>\n<ul>\n<li><a href=\"http:\/\/service.ptmsrl.com\/guida-super-datamix\/\">Men\u00f9 principale<\/a><\/li>\n<li><a href=\"http:\/\/service.ptmsrl.com\/guida-super-datamix\/componenti-ricette\/\">Componenti ricette<\/a><\/li>\n<li><a href=\"http:\/\/service.ptmsrl.com\/guida-super-datamix\/composizione-ricette\/\">Composizione ricette<\/a><\/li>\n<li><a href=\"http:\/\/service.ptmsrl.com\/guida-super-datamix\/gruppi-di-scarico\/\">Gruppi di scarico<\/a><\/li>\n<li><a href=\"http:\/\/service.ptmsrl.com\/guida-super-datamix\/composizione-carri\/\">Composizione carri<\/a><\/li>\n<li><a href=\"http:\/\/service.ptmsrl.com\/guida-super-datamix\/archivio-delle-operazioni-di-carico\/\">Archivio delle operazioni di carico<\/a><\/li>\n<li><a href=\"http:\/\/service.ptmsrl.com\/guida-super-datamix\/archivio-delle-operazioni-di-scarico\/\">Archivio delle operazioni di scarico<\/a><\/li>\n<li><a href=\"http:\/\/service.ptmsrl.com\/guida-super-datamix\/costo-operazioni\/\">Costo operazioni<\/a><\/li>\n<li><a href=\"http:\/\/service.ptmsrl.com\/guida-super-datamix\/magazzino-componenti\/\">Magazzino componenti<\/a><\/li>\n<li><a href=\"http:\/\/service.ptmsrl.com\/guida-super-datamix\/forniture-componenti\/\">Forniture componenti<\/a><\/li>\n<li><a href=\"http:\/\/service.ptmsrl.com\/guida-super-datamix\/anagrafica-clienti\/\">Anagrafica clienti<\/a><\/li>\n<li><a href=\"http:\/\/service.ptmsrl.com\/guida-super-datamix\/carichi-parziali\/\">Carichi parziali<\/a><\/li>\n<li><a href=\"http:\/\/service.ptmsrl.com\/guida-super-datamix\/invio-ricezione-dati\/\">Invio-Ricezione dati<\/a><\/li>\n<li><a href=\"http:\/\/service.ptmsrl.com\/guida-super-datamix\/opzioni-di-configurazione-del-programma\/\">Opzioni di configurazione del programma<\/a><\/li>\n<li><a href=\"http:\/\/service.ptmsrl.com\/guida-super-datamix\/utilita-per-la-manutenzione\/\">Utilit\u00e0 per la manutenzione<\/a><\/li>\n<li><a href=\"http:\/\/service.ptmsrl.com\/guida-super-datamix\/rapporti\/\">Rapporti<\/a><\/li>\n<li><a href=\"http:\/\/service.ptmsrl.com\/guida-super-datamix\/backup-manager\/\">Backup manager<\/a><\/li>\n<\/ul>\n<p>[\/et_pb_text][\/et_pb_column][et_pb_column type=\u00a0\u00bb3_4&Prime; specialty_columns=\u00a0\u00bb3&Prime;][et_pb_row_inner admin_label=\u00a0\u00bbRiga\u00a0\u00bb][et_pb_column_inner type=\u00a0\u00bb4_4&Prime; saved_specialty_column_type=\u00a0\u00bb3_4&Prime;][et_pb_cta admin_label=\u00a0\u00bbTitolo sezione\u00a0\u00bb title=\u00a0\u00bbCouts operations\u00a0\u00bb url_new_window=\u00a0\u00bboff\u00a0\u00bb use_background_color=\u00a0\u00bboff\u00a0\u00bb background_color=\u00a0\u00bb#0d76ec\u00a0\u00bb background_layout=\u00a0\u00bblight\u00a0\u00bb text_orientation=\u00a0\u00bbleft\u00a0\u00bb use_border_color=\u00a0\u00bboff\u00a0\u00bb border_color=\u00a0\u00bb#ffffff\u00a0\u00bb border_style=\u00a0\u00bbsolid\u00a0\u00bb custom_button=\u00a0\u00bboff\u00a0\u00bb button_letter_spacing=\u00a0\u00bb0&Prime; button_use_icon=\u00a0\u00bbdefault\u00a0\u00bb button_icon_placement=\u00a0\u00bbright\u00a0\u00bb button_on_hover=\u00a0\u00bbon\u00a0\u00bb button_letter_spacing_hover=\u00a0\u00bb0&Prime; header_font_size=\u00a0\u00bb40&Prime;] [\/et_pb_cta][et_pb_text admin_label=\u00a0\u00bbTesto\u00a0\u00bb background_layout=\u00a0\u00bblight\u00a0\u00bb text_orientation=\u00a0\u00bbleft\u00a0\u00bb use_border_color=\u00a0\u00bboff\u00a0\u00bb border_color=\u00a0\u00bb#ffffff\u00a0\u00bb border_style=\u00a0\u00bbsolid\u00a0\u00bb]<\/p>\n<p><img loading=\"lazy\" decoding=\"async\" class=\"alignnone wp-image-1067 size-full\" src=\"http:\/\/service.ptmsrl.com\/wp-content\/uploads\/2016\/11\/ptm_0016_ptm.jpg\" width=\"477\" height=\"346\" srcset=\"http:\/\/service.ptmsrl.com\/wp-content\/uploads\/2016\/11\/ptm_0016_ptm.jpg 477w, http:\/\/service.ptmsrl.com\/wp-content\/uploads\/2016\/11\/ptm_0016_ptm-300x218.jpg 300w\" sizes=\"(max-width: 477px) 100vw, 477px\" \/><\/p>\n<p>Dans ce menu on peut voir et contr\u00f4ler les co\u00fbts pour la production du lait et les co\u00fbts pour les op\u00e9rations. Dans le tableau [10] on peut voir les op\u00e9rations de charge et d\u00e9charge import\u00e9es par le bo\u00eetier. Sur ces op\u00e9rations on peut faire des recherches sp\u00e9cifiques pour visualiser les donn\u00e9es d&rsquo;int\u00e9r\u00eat.<\/p>\n<p>Pour effectuer ces recherches il est suffit s\u00e9lectionner les crit\u00e8res selon lesquels on veut visualiser les donn\u00e9es dans le menu au d\u00e9but de la page; en suite ils seront visualis\u00e9s seulement les donn\u00e9es que satisfont les crit\u00e8res choisis, en particulier on peut faire des recherches sur:<\/p>\n<p>&#8211; <strong>Chariot <\/strong>[4]: dans cette liste on peut voir les chariots qui se trouvent dans les op\u00e9rations de charge et de d\u00e9charge (on doit le mettre avec au moins un autre crit\u00e8re);<\/p>\n<p>&#8211; <strong>Client <\/strong>[5]: dans ce menu on peut voir tous les clients associ\u00e9s aux op\u00e9rations de charge et de d\u00e9charge;<\/p>\n<p>&#8211; <strong>Recette<\/strong> [6]: dans ce menu on peut voir toutes les recettes qui se trouve dans les op\u00e9rations de charge et de d\u00e9charge.<\/p>\n<p>&#8211; <strong>De<\/strong> [7]: dans ce calendrier on peut s\u00e9lectionner la date du d\u00e9but des op\u00e9rations qu&rsquo;on d\u00e9sire voir et en la mettant ensemble avec l\u2019autre crit\u00e8re [8] (quand on arrive pour la premi\u00e8re fois dans ce menu, la date du d\u00e9but est la date, la plus vieille des op\u00e9rations de charge et de d\u00e9charge).<\/p>\n<p>&#8211; <strong>\u00e0 <\/strong>[8]: dans ce calendrier on peut choisir la date de fin des op\u00e9rations que on veut voir et la mettre ensemble a l\u2019autre crit\u00e8re (quand on arrive pour la premi\u00e8re fois dans ce menu la date du fin des op\u00e9rations est la date, la plus r\u00e9cente des op\u00e9rations de charge et de d\u00e9charge).<\/p>\n<p>&#8211; <strong>Mois<\/strong> [9]: dans cette liste on peut s\u00e9lectionner le mois des op\u00e9rations que on veut voir (les mois dans le Menu commencent par le mois courant de la date du programme jusqu\u2019au mois successif de l\u2019an pr\u00e9c\u00e9dent, par exemple si la date du programme est le 21 Avril 2008 les mois qu\u2019on voit iront de Avril 2008 \u00e0 Mai 2007).<\/p>\n<p>Il est possible aussi choisir si on veut voir les co\u00fbts que se r\u00e9f\u00e8rent aux op\u00e9rations (de charge et de d\u00e9charge) ou ceux-ci qui se r\u00e9f\u00e8rent \u00e0 la production du lait, en choisissant la relative op\u00e9ration [3]<\/p>\n<p>Pour les op\u00e9rations visualis\u00e9es vient g\u00e9n\u00e9r\u00e9 un graphique[12] qui contient le co\u00fbt recette (bleu), de la main d\u2019ouvre (vert) et le co\u00fbt de l&rsquo;op\u00e9ration (rouge)<\/p>\n<p>On peut choisir de voir dans le graphique seulement certaines donn\u00e9es et choisir si on veut visualiser le co\u00fbt total ou le co\u00fbt de chaque composant (par pi\u00e8ce pour les co\u00fbts d\u2019op\u00e9ration, par litre pour les co\u00fbts du lait) en s\u00e9lectionnant ou d\u00e9s\u00e9lectionnant les relatifs s\u00e9lecteurs [11].<\/p>\n<p>Pour voir et imprimer les rapports on devra choisir une ou plusieurs lignes dans le tableau et presser \u201crapport\u201d [1].<\/p>\n<p>[\/et_pb_text][et_pb_divider admin_label=\u00a0\u00bbModulo Separatore\u00a0\u00bb color=\u00a0\u00bb#bababa\u00a0\u00bb show_divider=\u00a0\u00bbon\u00a0\u00bb height=\u00a0\u00bb10&Prime; divider_style=\u00a0\u00bbsolid\u00a0\u00bb divider_position=\u00a0\u00bbtop\u00a0\u00bb hide_on_mobile=\u00a0\u00bbon\u00a0\u00bb] [\/et_pb_divider][et_pb_cta admin_label=\u00a0\u00bbLink al form\u00a0\u00bb global_module=\u00a0\u00bb142&Prime; saved_tabs=\u00a0\u00bball\u00a0\u00bb title=\u00a0\u00bbNon trovi quello che cerchi?\u00a0\u00bb button_url=\u00a0\u00bb#\u00a0\u00bb url_new_window=\u00a0\u00bboff\u00a0\u00bb button_text=\u00a0\u00bbContattaci\u00a0\u00bb use_background_color=\u00a0\u00bboff\u00a0\u00bb background_color=\u00a0\u00bb#0d76ec\u00a0\u00bb background_layout=\u00a0\u00bblight\u00a0\u00bb text_orientation=\u00a0\u00bbcenter\u00a0\u00bb use_border_color=\u00a0\u00bboff\u00a0\u00bb border_color=\u00a0\u00bb#ffffff\u00a0\u00bb border_style=\u00a0\u00bbsolid\u00a0\u00bb custom_button=\u00a0\u00bboff\u00a0\u00bb button_letter_spacing=\u00a0\u00bb0&Prime; button_use_icon=\u00a0\u00bbdefault\u00a0\u00bb button_icon_placement=\u00a0\u00bbright\u00a0\u00bb button_on_hover=\u00a0\u00bbon\u00a0\u00bb button_letter_spacing_hover=\u00a0\u00bb0&Prime;] [\/et_pb_cta][\/et_pb_column_inner][\/et_pb_row_inner][\/et_pb_column][\/et_pb_section]<\/p>\n","protected":false},"excerpt":{"rendered":"<p>SUPER DATAMIX Men\u00f9 principale Componenti ricette Composizione ricette Gruppi di scarico Composizione carri Archivio delle operazioni di carico Archivio delle operazioni di scarico Costo operazioni Magazzino componenti Forniture componenti Anagrafica clienti Carichi parziali Invio-Ricezione dati Opzioni di configurazione del programma Utilit\u00e0 per la manutenzione Rapporti Backup manager Dans ce menu on peut voir et contr\u00f4ler [&hellip;]<\/p>\n","protected":false},"author":9,"featured_media":0,"parent":1075,"menu_order":0,"comment_status":"closed","ping_status":"closed","template":"","meta":{"_et_pb_use_builder":"on","_et_pb_old_content":"<p>[et_pb_section admin_label=\"section\" global_module=\"706\" fullwidth=\"on\"][et_pb_fullwidth_header global_parent=\"706\" admin_label=\"Intestazione a Larghezza Piena\" title=\"SUPER DATAMIX\" background_layout=\"dark\" text_orientation=\"left\" header_fullscreen=\"off\" header_scroll_down=\"off\" background_color=\"#222349\" parallax=\"off\" parallax_method=\"off\" content_orientation=\"center\" image_orientation=\"center\" title_font=\"Montserrat|on|||\" title_font_size=\"40px\" custom_button_one=\"off\" button_one_letter_spacing=\"0\" button_one_use_icon=\"default\" button_one_icon_placement=\"right\" button_one_on_hover=\"on\" button_one_letter_spacing_hover=\"0\" custom_button_two=\"off\" button_two_letter_spacing=\"0\" button_two_use_icon=\"default\" button_two_icon_placement=\"right\" button_two_on_hover=\"on\" button_two_letter_spacing_hover=\"0\" title_font_color=\"#ffffff\"] [\/et_pb_fullwidth_header][\/et_pb_section][et_pb_section admin_label=\"Sezione\" fullwidth=\"off\" specialty=\"on\" transparent_background=\"off\" background_color=\"#ffffff\" allow_player_pause=\"off\" inner_shadow=\"off\" parallax=\"off\" parallax_method=\"off\" custom_padding=\"0px|||\" padding_mobile=\"off\" make_fullwidth=\"off\" use_custom_width=\"off\" width_unit=\"on\" make_equal=\"off\" use_custom_gutter=\"off\" parallax_1=\"off\" parallax_method_1=\"off\" parallax_2=\"off\" parallax_method_2=\"off\" custom_css_main_1=\"border-right: solid 1px #bababa;\"][et_pb_column type=\"1_4\"][et_pb_blurb admin_label=\"Link al prodotto - SUPER DATAMIX - ITA\" global_module=\"710\" saved_tabs=\"all\" title=\"Scheda prodotto\" url=\"http:\/\/www.ptmsrl.com\/it\/s34\/product\/\" url_new_window=\"on\" use_icon=\"on\" font_icon=\"%%101%%\" icon_color=\"#b5b5b5\" use_circle=\"off\" circle_color=\"#0d76ec\" use_circle_border=\"off\" circle_border_color=\"#0d76ec\" icon_placement=\"left\" animation=\"top\" background_layout=\"light\" text_orientation=\"left\" use_icon_font_size=\"off\" use_border_color=\"off\" border_color=\"#ffffff\" border_style=\"solid\"] [\/et_pb_blurb][et_pb_divider admin_label=\"Modulo Separatore\" color=\"#b5b5b5\" show_divider=\"on\" divider_style=\"solid\" divider_position=\"top\" hide_on_mobile=\"on\" height=\"10\"] [\/et_pb_divider][et_pb_text admin_label=\"Menu laterale - SUPER DATAMIX - ITA\" global_module=\"714\" saved_tabs=\"all\" background_layout=\"light\" text_orientation=\"left\" text_font_size=\"16\" use_border_color=\"off\" border_color=\"#ffffff\" border_style=\"solid\"]<\/p><p><strong>SUPER DATAMIX<\/strong><\/p><ul><li><a href=\"http:\/\/demo.n-3.it\/ptm\/guida-app-myscale\/\">Introduzione<\/a><\/li><li><a href=\"http:\/\/demo.n-3.it\/ptm\/guida-app-myscale\/guida-app-myscale-installazione-dellapp\/\">Installazione<\/a><\/li><li><a href=\"http:\/\/demo.n-3.it\/ptm\/guida-app-myscale\/guida-app-myscale-attivazione-della-modalita-myscale\/\">Attivazione<\/a><\/li><li><a href=\"http:\/\/demo.n-3.it\/ptm\/guida-app-myscale\/guida-app-myscale-segnalazioni-di-stato\/\">Segnalazioni di stato<\/a><\/li><li><a href=\"http:\/\/demo.n-3.it\/ptm\/guida-app-myscale\/guida-app-myscale-stato-della-connessione\/\">Stato della connessione<\/a><\/li><li><a href=\"http:\/\/demo.n-3.it\/ptm\/guida-app-myscale\/guida-app-myscale-funzione-dei-tasti\/\">Funzione dei tasti<\/a><\/li><li>Utilizzo del sistema<ul><li><a href=\"http:\/\/demo.n-3.it\/ptm\/guida-app-myscale\/guida-app-myscale-utilizzo-della-tastiera\/\">Tastiera<\/a><\/li><li><a href=\"http:\/\/demo.n-3.it\/ptm\/guida-app-myscale\/guida-app-myscale-peso-totale\/\">Peso totale<\/a><\/li><li><a href=\"http:\/\/demo.n-3.it\/ptm\/guida-app-myscale\/guida-app-myscale-peso-totale-selezione-della-ricetta\/\">Selezione della ricetta<\/a><\/li><li><a href=\"http:\/\/demo.n-3.it\/ptm\/guida-app-myscale\/guida-app-myscale-peso-totale-azzeramento-del-peso-totale\/\">Azzeramento del peso totale<\/a><\/li><li><a href=\"http:\/\/demo.n-3.it\/ptm\/guida-app-myscale\/guida-app-myscale-peso-totale-carico-avvio-del-carico-della-ricetta\/\">Peso totale carico<\/a><\/li><li><a href=\"http:\/\/demo.n-3.it\/ptm\/guida-app-myscale\/guida-app-myscale-peso-totale-scarico-avvio-dello-scarico-della-ricetta\/\">Peso totale scarico<\/a><\/li><li><a href=\"http:\/\/demo.n-3.it\/ptm\/guida-app-myscale\/guida-app-myscale-peso-parziale-azzeramento-del-peso-parziale\/\">Peso parziale<\/a><\/li><\/ul><\/li><\/ul><p>[\/et_pb_text][\/et_pb_column][et_pb_column type=\"3_4\" specialty_columns=\"3\"][et_pb_row_inner admin_label=\"Riga\"][et_pb_column_inner type=\"4_4\" saved_specialty_column_type=\"3_4\"][et_pb_cta admin_label=\"Titolo sezione\" title=\"Costo operazioni\" url_new_window=\"off\" use_background_color=\"off\" background_color=\"#0d76ec\" background_layout=\"light\" text_orientation=\"left\" use_border_color=\"off\" border_color=\"#ffffff\" border_style=\"solid\" custom_button=\"off\" button_letter_spacing=\"0\" button_use_icon=\"default\" button_icon_placement=\"right\" button_on_hover=\"on\" button_letter_spacing_hover=\"0\" header_font_size=\"40\"] [\/et_pb_cta][et_pb_text admin_label=\"Testo\" background_layout=\"light\" text_orientation=\"left\" use_border_color=\"off\" border_color=\"#ffffff\" border_style=\"solid\"]<\/p><p><img class=\"alignnone size-full wp-image-735\" src=\"http:\/\/demo.n-3.it\/ptm\/wp-content\/uploads\/2016\/11\/ptm_0016_costo-operazioni.jpg\" alt=\"ptm_0016_costo-operazioni\" width=\"467\" height=\"339\" \/><\/p><p>In questo men\u00f9 \u00e8 possibile visualizzare e tenere sotto controllo i costi di produzione distinti in costo latte e costo operazioni.<\/p><p>Nella tabella [10] sono visualizzate le operazioni di carico e scarico importate dalla centralina. Su di esse \u00e8 possibile eseguire delle ricerche mirate per visualizzare i dati di interesse.<\/p><p>Per eseguire queste ricerche \u00e8 sufficiente selezionare dai men\u00f9 a tendina situati nella parte superiore del men\u00f9 i criteri per i quali si desidera visualizzare i dati. Verranno visualizzati solo i dati che soddisfano tutti i criteri di ricerca selezionati. In modo particolare \u00e8 possibile eseguire ricerche su:<\/p><p>- <strong>Carro <\/strong>[4]: in questo elenco sono visualizzati tutti i carri che si trovano nelle operazioni di carico e di scarico (da abbinare al almeno un altro criterio di ricerca)<\/p><p>- <strong>Cliente<\/strong> [5]: in questo elenco sono visualizzati tutti i clienti che sono associati alle operazioni di carico e di scarico<\/p><p>- <strong>Ricetta<\/strong> [6]: in questo elenco sono visualizzate tutte le ricette che si trovano nelle operazioni di carico e di scarico<\/p><p>- <strong>Dal <\/strong>[7]: da questo calendario \u00e8 possibile selezionare la data di inizio delle operazioni da visualizzare (quando si accede la prima volta a questo men\u00f9, la data di inizio viene automaticamente impostata alla data pi\u00f9 vecchia delle operazioni di carico e di scarico), da abbinare al criterio [8]<\/p><p>- <strong>Al <\/strong>[8]: da questo calendario \u00e8 possibile selezionare la data di fine delle operazioni da visualizzare (quando si accede la prima volta a questo men\u00f9, la data di fine viene automaticamente impostata alla data pi\u00f9 recente delle operazioni di carico e di scarico), da abbinare al criterio [7]<\/p><p>- <strong>Mese<\/strong> [9]: in questo elenco \u00e8 possibile selezionare il mese delle operazioni da visualizzare.<\/p><p>\u00a0<\/p><p>\u00c8 inoltre possibile scegliere se visualizzare i costi riferiti alle operazioni (di carico o scarico) o riferiti alla produzione di latte, scegliendo la relativa opzione [3].<\/p><p>Per le operazioni visualizzate \u00e8 generato un grafico [12] contenente il costo ricetta (in blu), il costo della manodopera (in verde) ed il costo dell'operazione (in rosso).<\/p><p>\u00c8 possibile inoltre decidere di visualizzare solo alcuni dati nel grafico e scegliere se visualizzare il costo totale o il costo unitario (per capo se si tratta di costi operazione o per litro se si tratta di costi latte) selezionando o deselezionando i rispettivi selettori [11]<\/p><p>\u00a0<\/p><p>Per visualizzare i Rapporti ed eventualmente stamparli, occorre selezionare una o pi\u00f9 righe nella tabella e dopo premere il tasto \"Report\" [1].<\/p><p>[\/et_pb_text][et_pb_divider admin_label=\"Modulo Separatore\" color=\"#bababa\" show_divider=\"on\" height=\"10\" divider_style=\"solid\" divider_position=\"top\" hide_on_mobile=\"on\"] [\/et_pb_divider][et_pb_cta admin_label=\"Link al form\" global_module=\"142\" saved_tabs=\"all\" title=\"Non trovi quello che cerchi?\" button_url=\"#\" url_new_window=\"off\" button_text=\"Contattaci\" use_background_color=\"off\" background_color=\"#0d76ec\" background_layout=\"light\" text_orientation=\"center\" use_border_color=\"off\" border_color=\"#ffffff\" border_style=\"solid\" custom_button=\"off\" button_letter_spacing=\"0\" button_use_icon=\"default\" button_icon_placement=\"right\" button_on_hover=\"on\" button_letter_spacing_hover=\"0\"] [\/et_pb_cta][\/et_pb_column_inner][\/et_pb_row_inner][\/et_pb_column][\/et_pb_section]<\/p>","_et_gb_content_width":"","footnotes":""},"_links":{"self":[{"href":"http:\/\/service.ptmsrl.com\/fr\/wp-json\/wp\/v2\/pages\/1099"}],"collection":[{"href":"http:\/\/service.ptmsrl.com\/fr\/wp-json\/wp\/v2\/pages"}],"about":[{"href":"http:\/\/service.ptmsrl.com\/fr\/wp-json\/wp\/v2\/types\/page"}],"author":[{"embeddable":true,"href":"http:\/\/service.ptmsrl.com\/fr\/wp-json\/wp\/v2\/users\/9"}],"replies":[{"embeddable":true,"href":"http:\/\/service.ptmsrl.com\/fr\/wp-json\/wp\/v2\/comments?post=1099"}],"version-history":[{"count":0,"href":"http:\/\/service.ptmsrl.com\/fr\/wp-json\/wp\/v2\/pages\/1099\/revisions"}],"up":[{"embeddable":true,"href":"http:\/\/service.ptmsrl.com\/fr\/wp-json\/wp\/v2\/pages\/1075"}],"wp:attachment":[{"href":"http:\/\/service.ptmsrl.com\/fr\/wp-json\/wp\/v2\/media?parent=1099"}],"curies":[{"name":"wp","href":"https:\/\/api.w.org\/{rel}","templated":true}]}}