{"id":1089,"date":"2016-11-09T18:11:43","date_gmt":"2016-11-09T17:11:43","guid":{"rendered":"http:\/\/demo.n-3.it\/ptm\/fr\/?page_id=1089"},"modified":"2016-11-09T18:38:56","modified_gmt":"2016-11-09T17:38:56","slug":"composition-recette","status":"publish","type":"page","link":"http:\/\/service.ptmsrl.com\/fr\/super-datamix\/composition-recette\/","title":{"rendered":"Composition recette"},"content":{"rendered":"<p>[et_pb_section admin_label=\u00a0\u00bbsection\u00a0\u00bb fullwidth=\u00a0\u00bbon\u00a0\u00bb][et_pb_fullwidth_header admin_label=\u00a0\u00bbIntestazione a Larghezza Piena\u00a0\u00bb title=\u00a0\u00bbSUPER DATAMIX\u00a0\u00bb background_layout=\u00a0\u00bbdark\u00a0\u00bb text_orientation=\u00a0\u00bbleft\u00a0\u00bb header_fullscreen=\u00a0\u00bboff\u00a0\u00bb header_scroll_down=\u00a0\u00bboff\u00a0\u00bb background_color=\u00a0\u00bb#222349&Prime; parallax=\u00a0\u00bboff\u00a0\u00bb parallax_method=\u00a0\u00bboff\u00a0\u00bb content_orientation=\u00a0\u00bbcenter\u00a0\u00bb image_orientation=\u00a0\u00bbcenter\u00a0\u00bb title_font=\u00a0\u00bbMontserrat|on|||\u00a0\u00bb title_font_size=\u00a0\u00bb40px\u00a0\u00bb custom_button_one=\u00a0\u00bboff\u00a0\u00bb button_one_letter_spacing=\u00a0\u00bb0&Prime; button_one_use_icon=\u00a0\u00bbdefault\u00a0\u00bb button_one_icon_placement=\u00a0\u00bbright\u00a0\u00bb button_one_on_hover=\u00a0\u00bbon\u00a0\u00bb button_one_letter_spacing_hover=\u00a0\u00bb0&Prime; custom_button_two=\u00a0\u00bboff\u00a0\u00bb button_two_letter_spacing=\u00a0\u00bb0&Prime; button_two_use_icon=\u00a0\u00bbdefault\u00a0\u00bb button_two_icon_placement=\u00a0\u00bbright\u00a0\u00bb button_two_on_hover=\u00a0\u00bbon\u00a0\u00bb button_two_letter_spacing_hover=\u00a0\u00bb0&Prime; title_font_color=\u00a0\u00bb#ffffff\u00a0\u00bb] [\/et_pb_fullwidth_header][\/et_pb_section][et_pb_section admin_label=\u00a0\u00bbSezione\u00a0\u00bb fullwidth=\u00a0\u00bboff\u00a0\u00bb specialty=\u00a0\u00bbon\u00a0\u00bb transparent_background=\u00a0\u00bboff\u00a0\u00bb background_color=\u00a0\u00bb#ffffff\u00a0\u00bb allow_player_pause=\u00a0\u00bboff\u00a0\u00bb inner_shadow=\u00a0\u00bboff\u00a0\u00bb parallax=\u00a0\u00bboff\u00a0\u00bb parallax_method=\u00a0\u00bboff\u00a0\u00bb custom_padding=\u00a0\u00bb0px|||\u00a0\u00bb padding_mobile=\u00a0\u00bboff\u00a0\u00bb make_fullwidth=\u00a0\u00bboff\u00a0\u00bb use_custom_width=\u00a0\u00bboff\u00a0\u00bb width_unit=\u00a0\u00bbon\u00a0\u00bb make_equal=\u00a0\u00bboff\u00a0\u00bb use_custom_gutter=\u00a0\u00bboff\u00a0\u00bb parallax_1=\u00a0\u00bboff\u00a0\u00bb parallax_method_1=\u00a0\u00bboff\u00a0\u00bb parallax_2=\u00a0\u00bboff\u00a0\u00bb parallax_method_2=\u00a0\u00bboff\u00a0\u00bb custom_css_main_1=\u00a0\u00bbborder-right: solid 1px #bababa;\u00a0\u00bb][et_pb_column type=\u00a0\u00bb1_4&Prime;][et_pb_blurb admin_label=\u00a0\u00bbLink al prodotto &#8211; SUPER DATAMIX &#8211; ITA\u00a0\u00bb global_module=\u00a0\u00bb710&Prime; saved_tabs=\u00a0\u00bball\u00a0\u00bb title=\u00a0\u00bbScheda prodotto\u00a0\u00bb url=\u00a0\u00bbhttp:\/\/www.ptmsrl.com\/it\/s34\/product\/\u00a0\u00bb url_new_window=\u00a0\u00bbon\u00a0\u00bb use_icon=\u00a0\u00bbon\u00a0\u00bb font_icon=\u00a0\u00bb%%101%%\u00a0\u00bb icon_color=\u00a0\u00bb#b5b5b5&Prime; use_circle=\u00a0\u00bboff\u00a0\u00bb circle_color=\u00a0\u00bb#0d76ec\u00a0\u00bb use_circle_border=\u00a0\u00bboff\u00a0\u00bb circle_border_color=\u00a0\u00bb#0d76ec\u00a0\u00bb icon_placement=\u00a0\u00bbleft\u00a0\u00bb animation=\u00a0\u00bbtop\u00a0\u00bb background_layout=\u00a0\u00bblight\u00a0\u00bb text_orientation=\u00a0\u00bbleft\u00a0\u00bb use_icon_font_size=\u00a0\u00bboff\u00a0\u00bb use_border_color=\u00a0\u00bboff\u00a0\u00bb border_color=\u00a0\u00bb#ffffff\u00a0\u00bb border_style=\u00a0\u00bbsolid\u00a0\u00bb]<br \/>\n[\/et_pb_blurb][et_pb_divider admin_label=\u00a0\u00bbModulo Separatore\u00a0\u00bb color=\u00a0\u00bb#b5b5b5&Prime; show_divider=\u00a0\u00bbon\u00a0\u00bb divider_style=\u00a0\u00bbsolid\u00a0\u00bb divider_position=\u00a0\u00bbtop\u00a0\u00bb hide_on_mobile=\u00a0\u00bbon\u00a0\u00bb height=\u00a0\u00bb10&Prime;]<br \/>\n[\/et_pb_divider][et_pb_text global_module=\u00a0\u00bb1082&Prime; admin_label=\u00a0\u00bbMenu laterale &#8211; SUPER DATAMIX &#8211; FR\u00a0\u00bb saved_tabs=\u00a0\u00bball\u00a0\u00bb background_layout=\u00a0\u00bblight\u00a0\u00bb text_orientation=\u00a0\u00bbleft\u00a0\u00bb use_border_color=\u00a0\u00bboff\u00a0\u00bb border_color=\u00a0\u00bb#ffffff\u00a0\u00bb border_style=\u00a0\u00bbsolid\u00a0\u00bb]<\/p>\n<p><strong>SUPER DATAMIX<\/strong><\/p>\n<ul>\n<li><a href=\"http:\/\/service.ptmsrl.com\/guida-super-datamix\/\">Men\u00f9 principale<\/a><\/li>\n<li><a href=\"http:\/\/service.ptmsrl.com\/guida-super-datamix\/componenti-ricette\/\">Componenti ricette<\/a><\/li>\n<li><a href=\"http:\/\/service.ptmsrl.com\/guida-super-datamix\/composizione-ricette\/\">Composizione ricette<\/a><\/li>\n<li><a href=\"http:\/\/service.ptmsrl.com\/guida-super-datamix\/gruppi-di-scarico\/\">Gruppi di scarico<\/a><\/li>\n<li><a href=\"http:\/\/service.ptmsrl.com\/guida-super-datamix\/composizione-carri\/\">Composizione carri<\/a><\/li>\n<li><a href=\"http:\/\/service.ptmsrl.com\/guida-super-datamix\/archivio-delle-operazioni-di-carico\/\">Archivio delle operazioni di carico<\/a><\/li>\n<li><a href=\"http:\/\/service.ptmsrl.com\/guida-super-datamix\/archivio-delle-operazioni-di-scarico\/\">Archivio delle operazioni di scarico<\/a><\/li>\n<li><a href=\"http:\/\/service.ptmsrl.com\/guida-super-datamix\/costo-operazioni\/\">Costo operazioni<\/a><\/li>\n<li><a href=\"http:\/\/service.ptmsrl.com\/guida-super-datamix\/magazzino-componenti\/\">Magazzino componenti<\/a><\/li>\n<li><a href=\"http:\/\/service.ptmsrl.com\/guida-super-datamix\/forniture-componenti\/\">Forniture componenti<\/a><\/li>\n<li><a href=\"http:\/\/service.ptmsrl.com\/guida-super-datamix\/anagrafica-clienti\/\">Anagrafica clienti<\/a><\/li>\n<li><a href=\"http:\/\/service.ptmsrl.com\/guida-super-datamix\/carichi-parziali\/\">Carichi parziali<\/a><\/li>\n<li><a href=\"http:\/\/service.ptmsrl.com\/guida-super-datamix\/invio-ricezione-dati\/\">Invio-Ricezione dati<\/a><\/li>\n<li><a href=\"http:\/\/service.ptmsrl.com\/guida-super-datamix\/opzioni-di-configurazione-del-programma\/\">Opzioni di configurazione del programma<\/a><\/li>\n<li><a href=\"http:\/\/service.ptmsrl.com\/guida-super-datamix\/utilita-per-la-manutenzione\/\">Utilit\u00e0 per la manutenzione<\/a><\/li>\n<li><a href=\"http:\/\/service.ptmsrl.com\/guida-super-datamix\/rapporti\/\">Rapporti<\/a><\/li>\n<li><a href=\"http:\/\/service.ptmsrl.com\/guida-super-datamix\/backup-manager\/\">Backup manager<\/a><\/li>\n<\/ul>\n<p>[\/et_pb_text][\/et_pb_column][et_pb_column type=\u00a0\u00bb3_4&Prime; specialty_columns=\u00a0\u00bb3&Prime;][et_pb_row_inner admin_label=\u00a0\u00bbRiga\u00a0\u00bb][et_pb_column_inner type=\u00a0\u00bb4_4&Prime; saved_specialty_column_type=\u00a0\u00bb3_4&Prime;][et_pb_cta admin_label=\u00a0\u00bbTitolo sezione\u00a0\u00bb title=\u00a0\u00bbComposition recette\u00a0\u00bb url_new_window=\u00a0\u00bboff\u00a0\u00bb use_background_color=\u00a0\u00bboff\u00a0\u00bb background_color=\u00a0\u00bb#0d76ec\u00a0\u00bb background_layout=\u00a0\u00bblight\u00a0\u00bb text_orientation=\u00a0\u00bbleft\u00a0\u00bb use_border_color=\u00a0\u00bboff\u00a0\u00bb border_color=\u00a0\u00bb#ffffff\u00a0\u00bb border_style=\u00a0\u00bbsolid\u00a0\u00bb custom_button=\u00a0\u00bboff\u00a0\u00bb button_letter_spacing=\u00a0\u00bb0&Prime; button_use_icon=\u00a0\u00bbdefault\u00a0\u00bb button_icon_placement=\u00a0\u00bbright\u00a0\u00bb button_on_hover=\u00a0\u00bbon\u00a0\u00bb button_letter_spacing_hover=\u00a0\u00bb0&Prime; header_font_size=\u00a0\u00bb40&Prime;] [\/et_pb_cta][et_pb_text admin_label=\u00a0\u00bbTesto\u00a0\u00bb background_layout=\u00a0\u00bblight\u00a0\u00bb text_orientation=\u00a0\u00bbleft\u00a0\u00bb use_border_color=\u00a0\u00bboff\u00a0\u00bb border_color=\u00a0\u00bb#ffffff\u00a0\u00bb border_style=\u00a0\u00bbsolid\u00a0\u00bb]<\/p>\n<p><img loading=\"lazy\" decoding=\"async\" class=\"alignnone wp-image-1072 size-full\" src=\"http:\/\/service.ptmsrl.com\/wp-content\/uploads\/2016\/11\/ptm_0021_ptm.jpg\" width=\"477\" height=\"346\" srcset=\"http:\/\/service.ptmsrl.com\/wp-content\/uploads\/2016\/11\/ptm_0021_ptm.jpg 477w, http:\/\/service.ptmsrl.com\/wp-content\/uploads\/2016\/11\/ptm_0021_ptm-300x218.jpg 300w\" sizes=\"(max-width: 477px) 100vw, 477px\" \/><\/p>\n<p>En ce menu on peut cr\u00e9er les recettes qui seront envoy\u00e9es au bo\u00eetier \u00e9lectronique .<\/p>\n<p>Avec le menu au d\u00e9but de la page [10], il est possible s\u00e9lectionner la recette qu&rsquo;on veut voir entre toutes les recettes d\u00e9j\u00e0 cr\u00e9es, et dans le tableau [17] il est visualis\u00e9 la liste des composants s\u00e9lectionn\u00e9s avec les relatives valeurs.<\/p>\n<p>Pour chaque recette on \u00e0 les donn\u00e9es suivantes:<\/p>\n<p>&#8211; <strong>nom<\/strong> [10]: nom qu&rsquo;on veut donner \u00e0 la recette (max 20 caract\u00e8res alphanum\u00e9riques). Faire attention que n&rsquo;est pas possible avoir deux recettes avec le m\u00eame nom.<\/p>\n<p>&#8211; <strong>variation % recette<\/strong> [11]: variation (positive on n\u00e9gative) appliqu\u00e9e au calcul de la quantit\u00e9 de tous les composants<\/p>\n<p>&#8211; <strong>temps m\u00e9lange<\/strong> [12]: temps de m\u00e9lange final des composants (minutes)<\/p>\n<p>&#8211; <strong>ration par animal<\/strong> [13]: somme totale des composants pour chaque animal (calcul\u00e9e automatiquement, ne pas modifiable directement)<\/p>\n<p>&#8211; <strong>valeur nutritif recette<\/strong> [14] : en Kcal o KJ (s\u00e9lectionnable dans les options du programme), valeur nutritif total de la recette pour chaque animal (on ne peut pas la modifier directement).<\/p>\n<p>&#8211; <strong>substance seiche recette<\/strong> [15]: en pourcentage, elle indique la substance seiche dans la recette (calcul\u00e9e automatiquement, ne pas modifiable directement)<\/p>\n<p>&#8211; <strong>appr\u00e9ciations<\/strong> [16]: appr\u00e9ciations concernant la recette.<\/p>\n<p>&#8211; <strong>composant<\/strong> [17]: liste des composants de la recette avec les relatives informations et \u00e9tablissements.<\/p>\n<p>&nbsp;<\/p>\n<p>Pour chaque composant ils sont disponibles aussi les donn\u00e9es suivantes:<\/p>\n<ul>\n<li><strong>couleur<\/strong>: couleur du composant s\u00e9lectionn\u00e9, elle vient charg\u00e9e quand on choisit le composant (ne pas modifiable directement);<\/li>\n<li><strong>num\u00e9ro<\/strong>: il vient attribu\u00e9 automatiquement au composant en ordre croissant;<\/li>\n<\/ul>\n<p>&#8211; <strong>composant<\/strong>: on peut choisir le composant en le s\u00e9lectionnant \u00e0 travers le menu au d\u00e9but de la page;<\/p>\n<ul>\n<li><strong>quantit\u00e9<\/strong>: elle repr\u00e9sente en kg la quantit\u00e9 de composant qu\u2019on doit charger pour chaque animal;<\/li>\n<\/ul>\n<p>&#8211; <strong>variation %<\/strong>: on peut \u00e9tablir une variation pourcentage comme on fait pour la variation de la recette, mais, en ce cas, elle se r\u00e9f\u00e8re \u00e0 chaque composant;<\/p>\n<p>&#8211; <strong>total<\/strong>: quantit\u00e9 totale qu\u2019on doit charger pour chaque composant: elle est la quantit\u00e9 \u00e0 laquelle on ajoute la variation % du composant et de la recette (ne pas modifiable directement);<\/p>\n<p>&#8211; <strong>alarme sir\u00e8ne %<\/strong>: pourcentage d\u2019alarme utilis\u00e9 dans le charge du composant sur le bo\u00eetier \u00e9lectronique du chariot Unifeed;<\/p>\n<p>&#8211; <strong>valeur nutritif<\/strong>: valeur nutritif totale du composant calcul\u00e9 sur la quantit\u00e9 a charger (ne pas modifiable directement);<\/p>\n<p>&#8211; <strong>substance seiche<\/strong>: substance seiche totale du composant, calcul\u00e9 sur la quantit\u00e9 a charger (ne pas modifiable directement);<\/p>\n<p>&#8211; <strong>stop<\/strong>: passage automatique ou manuel au composant successif pendant la charge du bo\u00eetier \u00e9lectronique sur le chariot Unifeed. Si s\u00e9lectionn\u00e9 le passage au composant successif sera manuel;<\/p>\n<p>&#8211; <strong>pourcentage de alarme<\/strong>: pourcentage pour \u00e9valuer le marge d\u2019erreur dans la charge du composant. Si l\u2019erreur de charge est sup\u00e9rieur \u00e0 ce pourcentage il sera signal\u00e9 \u00e9videmment dans le rapport des op\u00e9rations de charge;<\/p>\n<p>Pour chaque recette il y a aussi 3 graphiques [18] qui montrent respectivement le rapport entre les quantit\u00e9s des composants, la valeur nutritive et la substance seiche. La couleur visualis\u00e9e dans ces graphiques correspond \u00e0 la m\u00eame couleur s\u00e9lectionn\u00e9e dans les composants.<\/p>\n<p>Pour s\u00e9lectionner le type de graphique appuyer sur un des 3 touches: \u201ccomposants recette\u201d, \u201cvaleur nutritif\u201d et \u201csubstance seiche\u201d.<\/p>\n<p>&nbsp;<\/p>\n<p>Si on veut visualiser un rapport d\u00e9taill\u00e9 imprimable de la recette s\u00e9lectionn\u00e9e appuyer sur \u201crapport\u201d [8].<\/p>\n<p>[\/et_pb_text][et_pb_divider admin_label=\u00a0\u00bbModulo Separatore\u00a0\u00bb color=\u00a0\u00bb#bababa\u00a0\u00bb show_divider=\u00a0\u00bbon\u00a0\u00bb height=\u00a0\u00bb10&Prime; divider_style=\u00a0\u00bbsolid\u00a0\u00bb divider_position=\u00a0\u00bbtop\u00a0\u00bb hide_on_mobile=\u00a0\u00bbon\u00a0\u00bb]<br \/>\n[\/et_pb_divider][et_pb_cta admin_label=\u00a0\u00bbLink al form\u00a0\u00bb global_module=\u00a0\u00bb142&Prime; saved_tabs=\u00a0\u00bball\u00a0\u00bb title=\u00a0\u00bbNon trovi quello che cerchi?\u00a0\u00bb button_url=\u00a0\u00bb#\u00a0\u00bb url_new_window=\u00a0\u00bboff\u00a0\u00bb button_text=\u00a0\u00bbContattaci\u00a0\u00bb use_background_color=\u00a0\u00bboff\u00a0\u00bb background_color=\u00a0\u00bb#0d76ec\u00a0\u00bb background_layout=\u00a0\u00bblight\u00a0\u00bb text_orientation=\u00a0\u00bbcenter\u00a0\u00bb use_border_color=\u00a0\u00bboff\u00a0\u00bb border_color=\u00a0\u00bb#ffffff\u00a0\u00bb border_style=\u00a0\u00bbsolid\u00a0\u00bb custom_button=\u00a0\u00bboff\u00a0\u00bb button_letter_spacing=\u00a0\u00bb0&Prime; button_use_icon=\u00a0\u00bbdefault\u00a0\u00bb button_icon_placement=\u00a0\u00bbright\u00a0\u00bb button_on_hover=\u00a0\u00bbon\u00a0\u00bb button_letter_spacing_hover=\u00a0\u00bb0&Prime;]<br \/>\n[\/et_pb_cta][\/et_pb_column_inner][\/et_pb_row_inner][\/et_pb_column][\/et_pb_section]<\/p>\n","protected":false},"excerpt":{"rendered":"<p>SUPER DATAMIX Men\u00f9 principale Componenti ricette Composizione ricette Gruppi di scarico Composizione carri Archivio delle operazioni di carico Archivio delle operazioni di scarico Costo operazioni Magazzino componenti Forniture componenti Anagrafica clienti Carichi parziali Invio-Ricezione dati Opzioni di configurazione del programma Utilit\u00e0 per la manutenzione Rapporti Backup manager En ce menu on peut cr\u00e9er les recettes [&hellip;]<\/p>\n","protected":false},"author":9,"featured_media":0,"parent":1075,"menu_order":0,"comment_status":"closed","ping_status":"closed","template":"","meta":{"_et_pb_use_builder":"on","_et_pb_old_content":"<p>[et_pb_section admin_label=\"section\" global_module=\"706\" fullwidth=\"on\"][et_pb_fullwidth_header global_parent=\"706\" admin_label=\"Intestazione a Larghezza Piena\" title=\"SUPER DATAMIX\" background_layout=\"dark\" text_orientation=\"left\" header_fullscreen=\"off\" header_scroll_down=\"off\" background_color=\"#222349\" parallax=\"off\" parallax_method=\"off\" content_orientation=\"center\" image_orientation=\"center\" title_font=\"Montserrat|on|||\" title_font_size=\"40px\" custom_button_one=\"off\" button_one_letter_spacing=\"0\" button_one_use_icon=\"default\" button_one_icon_placement=\"right\" button_one_on_hover=\"on\" button_one_letter_spacing_hover=\"0\" custom_button_two=\"off\" button_two_letter_spacing=\"0\" button_two_use_icon=\"default\" button_two_icon_placement=\"right\" button_two_on_hover=\"on\" button_two_letter_spacing_hover=\"0\" title_font_color=\"#ffffff\"] [\/et_pb_fullwidth_header][\/et_pb_section][et_pb_section admin_label=\"Sezione\" fullwidth=\"off\" specialty=\"on\" transparent_background=\"off\" background_color=\"#ffffff\" allow_player_pause=\"off\" inner_shadow=\"off\" parallax=\"off\" parallax_method=\"off\" custom_padding=\"0px|||\" padding_mobile=\"off\" make_fullwidth=\"off\" use_custom_width=\"off\" width_unit=\"on\" make_equal=\"off\" use_custom_gutter=\"off\" parallax_1=\"off\" parallax_method_1=\"off\" parallax_2=\"off\" parallax_method_2=\"off\" custom_css_main_1=\"border-right: solid 1px #bababa;\"][et_pb_column type=\"1_4\"][et_pb_blurb admin_label=\"Link al prodotto - SUPER DATAMIX - ITA\" global_module=\"710\" saved_tabs=\"all\" title=\"Scheda prodotto\" url=\"http:\/\/www.ptmsrl.com\/it\/s34\/product\/\" url_new_window=\"on\" use_icon=\"on\" font_icon=\"%%101%%\" icon_color=\"#b5b5b5\" use_circle=\"off\" circle_color=\"#0d76ec\" use_circle_border=\"off\" circle_border_color=\"#0d76ec\" icon_placement=\"left\" animation=\"top\" background_layout=\"light\" text_orientation=\"left\" use_icon_font_size=\"off\" use_border_color=\"off\" border_color=\"#ffffff\" border_style=\"solid\"]<br \/> [\/et_pb_blurb][et_pb_divider admin_label=\"Modulo Separatore\" color=\"#b5b5b5\" show_divider=\"on\" divider_style=\"solid\" divider_position=\"top\" hide_on_mobile=\"on\" height=\"10\"]<br \/> [\/et_pb_divider][et_pb_text admin_label=\"Menu laterale - SUPER DATAMIX - ITA\" global_module=\"714\" saved_tabs=\"all\" background_layout=\"light\" text_orientation=\"left\" text_font_size=\"16\" use_border_color=\"off\" border_color=\"#ffffff\" border_style=\"solid\"]<\/p><p><strong>SUPER DATAMIX<\/strong><\/p><ul><li><a href=\"http:\/\/demo.n-3.it\/ptm\/guida-app-myscale\/\">Introduzione<\/a><\/li><li><a href=\"http:\/\/demo.n-3.it\/ptm\/guida-app-myscale\/guida-app-myscale-installazione-dellapp\/\">Installazione<\/a><\/li><li><a href=\"http:\/\/demo.n-3.it\/ptm\/guida-app-myscale\/guida-app-myscale-attivazione-della-modalita-myscale\/\">Attivazione<\/a><\/li><li><a href=\"http:\/\/demo.n-3.it\/ptm\/guida-app-myscale\/guida-app-myscale-segnalazioni-di-stato\/\">Segnalazioni di stato<\/a><\/li><li><a href=\"http:\/\/demo.n-3.it\/ptm\/guida-app-myscale\/guida-app-myscale-stato-della-connessione\/\">Stato della connessione<\/a><\/li><li><a href=\"http:\/\/demo.n-3.it\/ptm\/guida-app-myscale\/guida-app-myscale-funzione-dei-tasti\/\">Funzione dei tasti<\/a><\/li><li>Utilizzo del sistema<ul><li><a href=\"http:\/\/demo.n-3.it\/ptm\/guida-app-myscale\/guida-app-myscale-utilizzo-della-tastiera\/\">Tastiera<\/a><\/li><li><a href=\"http:\/\/demo.n-3.it\/ptm\/guida-app-myscale\/guida-app-myscale-peso-totale\/\">Peso totale<\/a><\/li><li><a href=\"http:\/\/demo.n-3.it\/ptm\/guida-app-myscale\/guida-app-myscale-peso-totale-selezione-della-ricetta\/\">Selezione della ricetta<\/a><\/li><li><a href=\"http:\/\/demo.n-3.it\/ptm\/guida-app-myscale\/guida-app-myscale-peso-totale-azzeramento-del-peso-totale\/\">Azzeramento del peso totale<\/a><\/li><li><a href=\"http:\/\/demo.n-3.it\/ptm\/guida-app-myscale\/guida-app-myscale-peso-totale-carico-avvio-del-carico-della-ricetta\/\">Peso totale carico<\/a><\/li><li><a href=\"http:\/\/demo.n-3.it\/ptm\/guida-app-myscale\/guida-app-myscale-peso-totale-scarico-avvio-dello-scarico-della-ricetta\/\">Peso totale scarico<\/a><\/li><li><a href=\"http:\/\/demo.n-3.it\/ptm\/guida-app-myscale\/guida-app-myscale-peso-parziale-azzeramento-del-peso-parziale\/\">Peso parziale<\/a><\/li><\/ul><\/li><\/ul><p>[\/et_pb_text][\/et_pb_column][et_pb_column type=\"3_4\" specialty_columns=\"3\"][et_pb_row_inner admin_label=\"Riga\"][et_pb_column_inner type=\"4_4\" saved_specialty_column_type=\"3_4\"][et_pb_cta admin_label=\"Titolo sezione\" title=\"Composizione ricette\" url_new_window=\"off\" use_background_color=\"off\" background_color=\"#0d76ec\" background_layout=\"light\" text_orientation=\"left\" use_border_color=\"off\" border_color=\"#ffffff\" border_style=\"solid\" custom_button=\"off\" button_letter_spacing=\"0\" button_use_icon=\"default\" button_icon_placement=\"right\" button_on_hover=\"on\" button_letter_spacing_hover=\"0\" header_font_size=\"40\"] [\/et_pb_cta][et_pb_text admin_label=\"Testo\" background_layout=\"light\" text_orientation=\"left\" use_border_color=\"off\" border_color=\"#ffffff\" border_style=\"solid\"]<\/p><p><img class=\"alignnone size-full wp-image-740\" src=\"http:\/\/demo.n-3.it\/ptm\/wp-content\/uploads\/2016\/11\/ptm_0021_composizione-ricette.jpg\" alt=\"ptm_0021_composizione-ricette\" width=\"467\" height=\"339\" \/><\/p><p>In questo men\u00f9 sono create le ricette che verranno poi inviate alla centralina.<\/p><p>Dal men\u00f9 a tendina [10] \u00e8 possibile selezionare la ricetta da visualizzare tra quelle precedentemente create e, nella tabella [17], \u00e8 visualizzato l'elenco degli ingredienti selezionati con i relativi valori.<\/p><p>Per ogni ricetta ci sono i seguenti dati:<\/p><p>- <strong>Nome<\/strong> [10]: il nome che si desidera dare alla ricetta (massimo 20 caratteri alfanumerici). Deve essere univoco, non possono esistere infatti due ricette con lo stesso nome<\/p><p>- <strong>Variazione percentuale ricetta<\/strong> [11]: variazione (positiva o negativa) applicata sul calcolo delle quantit\u00e0 di tutti i componenti<\/p><p>- <strong>Tempo di miscelazione<\/strong> [12]: tempo di miscelazione finale dei componenti (in minuti)<\/p><p>- <strong>Razione per animale<\/strong> [13]: somma totale dei componenti da caricare per ciascun animale (calcolato in automatico, non modificabile direttamente)<\/p><p>- <strong>Valore nutritivo ricetta<\/strong> [14]: in KCal o Kj (selezionabile nelle opzioni del programma), valore nutritivo totale della ricetta per ciascun animale (calcolato in automatico, non modificabile direttamente)<\/p><p>- <strong>Sostanza secca<\/strong> [15]: in percentuale, sostanza secca della ricetta (calcolato in automatico, non modificabile direttamente)<\/p><p>- <strong>Note<\/strong> [16]: annotazioni riguardanti la ricetta<\/p><p>- <strong>Ingredienti<\/strong> [17]: elenco dei componenti che costituiscono la ricetta e relative informazioni ed impostazioni<\/p><p>Per ogni ingrediente ci sono inoltre i seguenti dati:<\/p><p>- <strong>Colore<\/strong>: colore del componente selezionato, \u00e8 caricato quando si seleziona il componente (non modificabile direttamente)<\/p><p>- <strong>Numero<\/strong>: impostato automaticamente, rappresenta il numero crescente dell'ingrediente<\/p><p>- <strong>Componente<\/strong>: selezionandolo dal men\u00f9 a tendina che compare facendo click sulla relativa colonna della tabella, \u00e8 possibile impostare il componente da utilizzare<\/p><p>- <strong>Quantit\u00e0<\/strong>: in kg: rappresenta la quantit\u00e0 di componente da caricare per la razione del singolo animale<\/p><p>- <strong>Variazione percentuale componente<\/strong>: \u00e8 possibile inserire una variazione percentuale in modo analogo alla variazione della ricetta, ma riferita per\u00f2 al singolo componente<\/p><p>- <strong>Totale<\/strong>: quantit\u00e0 totale da caricare del singolo componente, \u00e8 data dalla quantit\u00e0 cui si somma la variazione percentuale del componente e della ricetta (non modificabile direttamente)<\/p><p>- <strong>Allarme sirena<\/strong>: percentuale di allarme utilizzata nel carico del componente sulla centralina del carro Unifeed<\/p><p>- <strong>Valore nutritivo<\/strong>: valore nutritivo totale del componente, calcolato sulla quantit\u00e0 da caricare (non modificabile direttamente)<\/p><p>- <strong>Sostanza secca<\/strong>: sostanza secca totale del componente, calcolata sulla quantit\u00e0 da caricare (non modificabile direttamente)<\/p><p>- <strong>Stop<\/strong>: passaggio automatico o manuale al componente successivo durante il carico della centralina sul carro Unifeed. Se selezionato il passaggio al componente successivo sar\u00e0 manuale<\/p><p>- <strong>Percentuale di allarme<\/strong>: percentuale per la valutazione del margine di errore nel carico del componente. Se l'errore di carico supera tale percentuale, sar\u00e0 segnalato in modo evidente nel rapporto delle operazioni di carico<\/p><p>Per ogni ricetta sono inoltre generati tre grafici [18] che rappresentano rispettivamente il rapporto tra le quantit\u00e0 dei componenti, del valore nutritivo e della sostanza secca. Il colore visualizzato nei grafici corrisponde al colore selezionato nei componenti.<\/p><p>Per selezionare il tipo di grafico premere su uno dei 3 pulsanti: \u201cComponenti\u201d, \"Valore nutritivo\u201d, \"Sostanza secca\u201d.<\/p><p>\u00a0<\/p><p>Se si desidera visualizzare un rapporto dettagliato stampabile della ricetta selezionata premere \"Report\" [8].<\/p><p>[\/et_pb_text][et_pb_divider admin_label=\"Modulo Separatore\" color=\"#bababa\" show_divider=\"on\" height=\"10\" divider_style=\"solid\" divider_position=\"top\" hide_on_mobile=\"on\"]<br \/> [\/et_pb_divider][et_pb_cta admin_label=\"Link al form\" global_module=\"142\" saved_tabs=\"all\" title=\"Non trovi quello che cerchi?\" button_url=\"#\" url_new_window=\"off\" button_text=\"Contattaci\" use_background_color=\"off\" background_color=\"#0d76ec\" background_layout=\"light\" text_orientation=\"center\" use_border_color=\"off\" border_color=\"#ffffff\" border_style=\"solid\" custom_button=\"off\" button_letter_spacing=\"0\" button_use_icon=\"default\" button_icon_placement=\"right\" button_on_hover=\"on\" button_letter_spacing_hover=\"0\"]<br \/> [\/et_pb_cta][\/et_pb_column_inner][\/et_pb_row_inner][\/et_pb_column][\/et_pb_section]<\/p>","_et_gb_content_width":"","footnotes":""},"_links":{"self":[{"href":"http:\/\/service.ptmsrl.com\/fr\/wp-json\/wp\/v2\/pages\/1089"}],"collection":[{"href":"http:\/\/service.ptmsrl.com\/fr\/wp-json\/wp\/v2\/pages"}],"about":[{"href":"http:\/\/service.ptmsrl.com\/fr\/wp-json\/wp\/v2\/types\/page"}],"author":[{"embeddable":true,"href":"http:\/\/service.ptmsrl.com\/fr\/wp-json\/wp\/v2\/users\/9"}],"replies":[{"embeddable":true,"href":"http:\/\/service.ptmsrl.com\/fr\/wp-json\/wp\/v2\/comments?post=1089"}],"version-history":[{"count":0,"href":"http:\/\/service.ptmsrl.com\/fr\/wp-json\/wp\/v2\/pages\/1089\/revisions"}],"up":[{"embeddable":true,"href":"http:\/\/service.ptmsrl.com\/fr\/wp-json\/wp\/v2\/pages\/1075"}],"wp:attachment":[{"href":"http:\/\/service.ptmsrl.com\/fr\/wp-json\/wp\/v2\/media?parent=1089"}],"curies":[{"name":"wp","href":"https:\/\/api.w.org\/{rel}","templated":true}]}}