{"id":492,"date":"2016-08-04T14:42:19","date_gmt":"2016-08-04T12:42:19","guid":{"rendered":"http:\/\/demo.n-3.it\/ptm\/es\/?page_id=492"},"modified":"2016-11-30T13:18:21","modified_gmt":"2016-11-30T12:18:21","slug":"home","status":"publish","type":"page","link":"http:\/\/service.ptmsrl.com\/es\/","title":{"rendered":"Home"},"content":{"rendered":"<p>[et_pb_section admin_label=\u00bbSezione\u00bb fullwidth=\u00bbon\u00bb specialty=\u00bboff\u00bb][et_pb_fullwidth_header admin_label=\u00bbIntestazione a Larghezza Piena\u00bb title=\u00bbPTM: GU\u00cdA R\u00c1PIDA PARA EL USO\u00bb subhead=\u00bbRespondemos a todas sus preguntas a trav\u00e9s de nuestros gu\u00edas.\u00bb background_layout=\u00bbdark\u00bb text_orientation=\u00bbleft\u00bb header_fullscreen=\u00bboff\u00bb header_scroll_down=\u00bboff\u00bb parallax=\u00bboff\u00bb parallax_method=\u00bboff\u00bb content_orientation=\u00bbcenter\u00bb image_orientation=\u00bbcenter\u00bb title_font_color=\u00bb#ffffff\u00bb subhead_font_color=\u00bb#ffffff\u00bb custom_button_one=\u00bboff\u00bb button_one_letter_spacing=\u00bb0&#8243; button_one_use_icon=\u00bbdefault\u00bb button_one_icon_placement=\u00bbright\u00bb button_one_on_hover=\u00bbon\u00bb button_one_letter_spacing_hover=\u00bb0&#8243; custom_button_two=\u00bboff\u00bb button_two_letter_spacing=\u00bb0&#8243; button_two_use_icon=\u00bbdefault\u00bb button_two_icon_placement=\u00bbright\u00bb button_two_on_hover=\u00bbon\u00bb button_two_letter_spacing_hover=\u00bb0&#8243; title_font=\u00bbMontserrat|on|||\u00bb title_font_size=\u00bb45px\u00bb subhead_font_size=\u00bb24px\u00bb subhead_font=\u00bbMontserrat|on|||\u00bb background_color=\u00bb#222349&#8243; button_one_text=\u00bbGu\u00edas de software\u00bb button_one_url=\u00bb#software\u00bb button_two_text=\u00bbGu\u00edas de centralitas\u00bb button_two_url=\u00bb#centraline\u00bb custom_css_button_2=\u00bbmargin-left:0px;\u00bb] [\/et_pb_fullwidth_header][\/et_pb_section][et_pb_section admin_label=\u00bbsection\u00bb transparent_background=\u00bboff\u00bb background_color=\u00bb#f2f2f1&#8243; allow_player_pause=\u00bboff\u00bb inner_shadow=\u00bboff\u00bb parallax=\u00bboff\u00bb parallax_method=\u00bboff\u00bb padding_mobile=\u00bboff\u00bb make_fullwidth=\u00bboff\u00bb use_custom_width=\u00bboff\u00bb width_unit=\u00bbon\u00bb make_equal=\u00bboff\u00bb use_custom_gutter=\u00bboff\u00bb custom_padding=\u00bb||50px|\u00bb][et_pb_row admin_label=\u00bbRiga\u00bb make_fullwidth=\u00bbon\u00bb use_custom_width=\u00bboff\u00bb width_unit=\u00bbon\u00bb use_custom_gutter=\u00bboff\u00bb padding_mobile=\u00bboff\u00bb allow_player_pause=\u00bboff\u00bb parallax=\u00bboff\u00bb parallax_method=\u00bboff\u00bb make_equal=\u00bboff\u00bb parallax_1=\u00bboff\u00bb parallax_method_1=\u00bboff\u00bb column_padding_mobile=\u00bbon\u00bb module_id=\u00bbsoftware\u00bb][et_pb_column type=\u00bb4_4&#8243;][et_pb_text admin_label=\u00bbTitolo\u00bb background_layout=\u00bblight\u00bb text_orientation=\u00bbleft\u00bb use_border_color=\u00bboff\u00bb border_color=\u00bb#ffffff\u00bb border_style=\u00bbsolid\u00bb text_font=\u00bbMontserrat|on|||\u00bb text_font_size=\u00bb35&#8243; header_font=\u00bbMontserrat||||\u00bb text_text_color=\u00bb#394a85&#8243;]<\/p>\n<p>Gu\u00edas de software<\/p>\n<p>[\/et_pb_text][\/et_pb_column][\/et_pb_row][et_pb_row admin_label=\u00bbrow\u00bb make_fullwidth=\u00bbon\u00bb use_custom_width=\u00bboff\u00bb width_unit=\u00bbon\u00bb use_custom_gutter=\u00bboff\u00bb padding_mobile=\u00bboff\u00bb allow_player_pause=\u00bboff\u00bb parallax=\u00bboff\u00bb parallax_method=\u00bboff\u00bb make_equal=\u00bbon\u00bb parallax_1=\u00bboff\u00bb parallax_method_1=\u00bboff\u00bb background_color_1=\u00bb#f8f8f8&#8243; padding_top_1=\u00bb20px\u00bb padding_right_1=\u00bb10px\u00bb padding_bottom_1=\u00bb30px\u00bb padding_left_1=\u00bb10px\u00bb parallax_2=\u00bboff\u00bb parallax_method_2=\u00bboff\u00bb background_color_2=\u00bb#f8f8f8&#8243; padding_top_2=\u00bb20px\u00bb padding_right_2=\u00bb10px\u00bb padding_bottom_2=\u00bb30px\u00bb parallax_3=\u00bboff\u00bb parallax_method_3=\u00bboff\u00bb background_color_3=\u00bb#f8f8f8&#8243; padding_top_3=\u00bb20px\u00bb padding_right_3=\u00bb10px\u00bb padding_bottom_3=\u00bb30px\u00bb padding_left_3=\u00bb10px\u00bb column_padding_mobile=\u00bbon\u00bb custom_css_main_1=\u00bbborder: solid 1px #BFBFBF;||border-bottom: 8px solid #45659C;||border-top: 8px solid #45659C;\u00bb custom_css_main_2=\u00bbborder: solid 1px #BFBFBF;||border-bottom: 8px solid #45659C;||border-top: 8px solid #45659C;\u00bb custom_css_main_3=\u00bbborder: solid 1px #BFBFBF;||border-bottom: 8px solid #45659C;||border-top: 8px solid #45659C;\u00bb padding_left_2=\u00bb10px\u00bb][et_pb_column type=\u00bb1_3&#8243;][et_pb_image admin_label=\u00bbImmagine\u00bb src=\u00bbhttp:\/\/service.ptmsrl.com\/wp-content\/uploads\/2016\/08\/ptm-management.jpg\u00bb show_in_lightbox=\u00bboff\u00bb url_new_window=\u00bboff\u00bb use_overlay=\u00bboff\u00bb animation=\u00bboff\u00bb sticky=\u00bboff\u00bb align=\u00bbcenter\u00bb force_fullwidth=\u00bboff\u00bb always_center_on_mobile=\u00bbon\u00bb use_border_color=\u00bboff\u00bb border_color=\u00bb#ffffff\u00bb border_style=\u00bbsolid\u00bb custom_margin=\u00bb0px|0px||0px\u00bb] [\/et_pb_image][et_pb_cta admin_label=\u00bbPTM MANAGEMENT\u00bb title=\u00bbPTM MANAGEMENT\u00bb button_url=\u00bbhttp:\/\/service.ptmsrl.com\/es\/ptm-management\/\u00bb url_new_window=\u00bboff\u00bb button_text=\u00bbVaya a Ayuda\u00bb use_background_color=\u00bboff\u00bb background_color=\u00bb#7EBEC5&#8243; background_layout=\u00bblight\u00bb text_orientation=\u00bbcenter\u00bb use_border_color=\u00bboff\u00bb border_color=\u00bb#ffffff\u00bb border_style=\u00bbsolid\u00bb custom_button=\u00bbon\u00bb button_letter_spacing=\u00bb0&#8243; button_use_icon=\u00bbdefault\u00bb button_icon_placement=\u00bbright\u00bb button_on_hover=\u00bboff\u00bb button_letter_spacing_hover=\u00bb0&#8243; header_font_size=\u00bb30&#8243; header_text_color=\u00bb#45659c\u00bb button_text_color=\u00bb#ffffff\u00bb button_bg_color=\u00bb#45659c\u00bb button_icon_color=\u00bb#ffffff\u00bb body_text_color=\u00bb#000000&#8243; header_font=\u00bbMontserrat|on|||\u00bb button_border_color=\u00bb#f8f8f8&#8243; button_border_color_hover=\u00bb#45659c\u00bb]<\/p>\n<hr \/>\n<p style=\"text-align: left;\">Este software es una herramienta vasto y detallado para la programaci\u00f3n de las diferentes unidades de control PTM en toda su especificidad, y de acuerdo con sus funciones originales.<\/p>\n<hr \/>\n<p>[\/et_pb_cta][\/et_pb_column][et_pb_column type=\u00bb1_3&#8243;][et_pb_image admin_label=\u00bbImmagine\u00bb src=\u00bbhttp:\/\/service.ptmsrl.com\/wp-content\/uploads\/2016\/08\/ptm-super-datamix.jpg\u00bb show_in_lightbox=\u00bboff\u00bb url_new_window=\u00bboff\u00bb use_overlay=\u00bboff\u00bb animation=\u00bboff\u00bb sticky=\u00bboff\u00bb align=\u00bbcenter\u00bb force_fullwidth=\u00bboff\u00bb always_center_on_mobile=\u00bbon\u00bb use_border_color=\u00bboff\u00bb border_color=\u00bb#ffffff\u00bb border_style=\u00bbsolid\u00bb custom_margin=\u00bb0px|0px||0px\u00bb] [\/et_pb_image][et_pb_cta admin_label=\u00bbSUPER DATAMIX\u00bb title=\u00bbSUPER DATAMIX 5&#8243; button_url=\u00bbhttp:\/\/service.ptmsrl.com\/en\/super-datamix\/\u00bb url_new_window=\u00bboff\u00bb button_text=\u00bbVaya a Ayuda\u00bb use_background_color=\u00bboff\u00bb background_color=\u00bb#7EBEC5&#8243; background_layout=\u00bblight\u00bb text_orientation=\u00bbcenter\u00bb use_border_color=\u00bboff\u00bb border_color=\u00bb#ffffff\u00bb border_style=\u00bbsolid\u00bb custom_button=\u00bbon\u00bb button_letter_spacing=\u00bb0&#8243; button_use_icon=\u00bbdefault\u00bb button_icon_placement=\u00bbright\u00bb button_on_hover=\u00bboff\u00bb button_letter_spacing_hover=\u00bb0&#8243; header_font_size=\u00bb30&#8243; header_text_color=\u00bb#45659c\u00bb button_text_color=\u00bb#ffffff\u00bb button_bg_color=\u00bb#45659c\u00bb button_icon_color=\u00bb#ffffff\u00bb body_text_color=\u00bb#000000&#8243; header_font=\u00bbMontserrat|on|||\u00bb button_border_color=\u00bb#f8f8f8&#8243; button_border_color_hover=\u00bb#45659c\u00bb]<\/p>\n<hr \/>\n<p style=\"text-align: left;\">Es una herramienta sencilla e intuitiva para la programaci\u00f3n de las unidades de control Graphic Super, Graphic Super Usb, Evolution\u00a0e Advance Super Usb.<\/p>\n<hr \/>\n<p>[\/et_pb_cta][\/et_pb_column][et_pb_column type=\u00bb1_3&#8243;][et_pb_image admin_label=\u00bbImmagine\u00bb src=\u00bbhttp:\/\/service.ptmsrl.com\/wp-content\/uploads\/2016\/08\/ptm-app-myscale.jpg\u00bb show_in_lightbox=\u00bboff\u00bb url_new_window=\u00bboff\u00bb use_overlay=\u00bboff\u00bb animation=\u00bboff\u00bb sticky=\u00bboff\u00bb align=\u00bbcenter\u00bb force_fullwidth=\u00bboff\u00bb always_center_on_mobile=\u00bbon\u00bb use_border_color=\u00bboff\u00bb border_color=\u00bb#ffffff\u00bb border_style=\u00bbsolid\u00bb custom_margin=\u00bb0px|0px||0px\u00bb] [\/et_pb_image][et_pb_cta admin_label=\u00bbAPP MYSCALE\u00bb title=\u00bbAPP MYSCALE\u00bb button_url=\u00bbhttp:\/\/service.ptmsrl.com\/en\/app-myscale\/\u00bb url_new_window=\u00bboff\u00bb button_text=\u00bbVaya a Ayuda\u00bb use_background_color=\u00bboff\u00bb background_color=\u00bb#7EBEC5&#8243; background_layout=\u00bblight\u00bb text_orientation=\u00bbcenter\u00bb use_border_color=\u00bboff\u00bb border_color=\u00bb#ffffff\u00bb border_style=\u00bbsolid\u00bb custom_button=\u00bbon\u00bb button_letter_spacing=\u00bb0&#8243; button_use_icon=\u00bbdefault\u00bb button_icon_placement=\u00bbright\u00bb button_on_hover=\u00bboff\u00bb button_letter_spacing_hover=\u00bb0&#8243; header_font_size=\u00bb30&#8243; header_text_color=\u00bb#45659c\u00bb button_text_color=\u00bb#ffffff\u00bb button_bg_color=\u00bb#45659c\u00bb button_icon_color=\u00bb#ffffff\u00bb body_text_color=\u00bb#000000&#8243; header_font=\u00bbMontserrat|on|||\u00bb button_border_color=\u00bb#f8f8f8&#8243; button_border_color_hover=\u00bb#45659c\u00bb]<\/p>\n<hr \/>\n<p style=\"text-align: left;\">La aplicaci\u00f3n My Escala le permite ver y controlar a trav\u00e9s de WiFi Serie controladores de pesaje Advance (Advance 250, Advance, Advance USB, Advance Super USB).<\/p>\n<hr \/>\n<p>[\/et_pb_cta][\/et_pb_column][\/et_pb_row][et_pb_row admin_label=\u00bbrow\u00bb make_fullwidth=\u00bbon\u00bb use_custom_width=\u00bboff\u00bb width_unit=\u00bbon\u00bb use_custom_gutter=\u00bboff\u00bb padding_mobile=\u00bboff\u00bb allow_player_pause=\u00bboff\u00bb parallax=\u00bboff\u00bb parallax_method=\u00bboff\u00bb make_equal=\u00bbon\u00bb parallax_1=\u00bboff\u00bb parallax_method_1=\u00bboff\u00bb background_color_1=\u00bb#ffffff\u00bb parallax_2=\u00bboff\u00bb parallax_method_2=\u00bboff\u00bb background_color_2=\u00bb#ffffff\u00bb padding_top_2=\u00bb20px\u00bb parallax_3=\u00bboff\u00bb parallax_method_3=\u00bboff\u00bb background_color_3=\u00bb#ffffff\u00bb padding_top_3=\u00bb60px\u00bb column_padding_mobile=\u00bbon\u00bb custom_padding=\u00bb|10px||10px\u00bb background_color=\u00bb#ffffff\u00bb custom_css_main_element=\u00bbborder: solid 1px #BFBFBF;||border-bottom: 8px solid #45659C;||border-top: 8px solid #45659C;\u00bb][et_pb_column type=\u00bb1_3&#8243;][et_pb_image admin_label=\u00bbImmagine\u00bb src=\u00bbhttp:\/\/service.ptmsrl.com\/wp-content\/uploads\/2016\/08\/datamix-card-1.jpg\u00bb show_in_lightbox=\u00bboff\u00bb url_new_window=\u00bboff\u00bb use_overlay=\u00bboff\u00bb animation=\u00bboff\u00bb sticky=\u00bboff\u00bb align=\u00bbcenter\u00bb force_fullwidth=\u00bboff\u00bb always_center_on_mobile=\u00bbon\u00bb use_border_color=\u00bboff\u00bb border_color=\u00bb#ffffff\u00bb border_style=\u00bbsolid\u00bb custom_margin=\u00bb0px|0px||0px\u00bb] [\/et_pb_image][\/et_pb_column][et_pb_column type=\u00bb1_3&#8243;][et_pb_cta admin_label=\u00bbDATAMIX CARD\u00bb title=\u00bbDATAMIX CARD 3&#8243; url_new_window=\u00bboff\u00bb use_background_color=\u00bboff\u00bb background_color=\u00bb#7EBEC5&#8243; background_layout=\u00bblight\u00bb text_orientation=\u00bbcenter\u00bb use_border_color=\u00bboff\u00bb border_color=\u00bb#ffffff\u00bb border_style=\u00bbsolid\u00bb custom_button=\u00bbon\u00bb button_letter_spacing=\u00bb0&#8243; button_use_icon=\u00bbdefault\u00bb button_icon_placement=\u00bbright\u00bb button_on_hover=\u00bboff\u00bb button_letter_spacing_hover=\u00bb0&#8243; header_font_size=\u00bb30&#8243; header_text_color=\u00bb#45659c\u00bb button_text_color=\u00bb#ffffff\u00bb button_bg_color=\u00bb#45659c\u00bb button_icon_color=\u00bb#ffffff\u00bb body_text_color=\u00bb#000000&#8243; header_font=\u00bbMontserrat|on|||\u00bb button_border_color=\u00bb#f8f8f8&#8243; button_border_color_hover=\u00bb#45659c\u00bb]<\/p>\n<hr \/>\n<p>Es una herramienta sencilla e intuitiva para la programaci\u00f3n de las unidades de control Graphic Memory A, Graphic A Usb e Advance Usb.<\/p>\n<hr \/>\n<p>[\/et_pb_cta][\/et_pb_column][et_pb_column type=\u00bb1_3&#8243;][et_pb_cta admin_label=\u00bbPTM MANAGEMENT\u00bb button_url=\u00bbhttp:\/\/service.ptmsrl.com\/es\/datamix-card-3\/\u00bb url_new_window=\u00bboff\u00bb button_text=\u00bbVaya a Ayuda\u00bb use_background_color=\u00bboff\u00bb background_color=\u00bb#7EBEC5&#8243; background_layout=\u00bblight\u00bb text_orientation=\u00bbcenter\u00bb use_border_color=\u00bboff\u00bb border_color=\u00bb#ffffff\u00bb border_style=\u00bbsolid\u00bb custom_button=\u00bbon\u00bb button_letter_spacing=\u00bb0&#8243; button_use_icon=\u00bbdefault\u00bb button_icon_placement=\u00bbright\u00bb button_on_hover=\u00bboff\u00bb button_letter_spacing_hover=\u00bb0&#8243; header_font_size=\u00bb30&#8243; header_text_color=\u00bb#45659c\u00bb button_text_color=\u00bb#ffffff\u00bb button_bg_color=\u00bb#45659c\u00bb button_icon_color=\u00bb#ffffff\u00bb body_text_color=\u00bb#000000&#8243; header_font=\u00bbMontserrat|on|||\u00bb button_border_color=\u00bb#f8f8f8&#8243; button_border_color_hover=\u00bb#45659c\u00bb] [\/et_pb_cta][\/et_pb_column][\/et_pb_row][\/et_pb_section][et_pb_section admin_label=\u00bbsection\u00bb transparent_background=\u00bboff\u00bb background_color=\u00bb#f2f2f1&#8243; allow_player_pause=\u00bboff\u00bb inner_shadow=\u00bboff\u00bb parallax=\u00bboff\u00bb parallax_method=\u00bboff\u00bb padding_mobile=\u00bboff\u00bb make_fullwidth=\u00bboff\u00bb use_custom_width=\u00bboff\u00bb width_unit=\u00bbon\u00bb make_equal=\u00bboff\u00bb use_custom_gutter=\u00bboff\u00bb custom_padding=\u00bb||50px|\u00bb][et_pb_row admin_label=\u00bbRiga\u00bb make_fullwidth=\u00bbon\u00bb use_custom_width=\u00bboff\u00bb width_unit=\u00bbon\u00bb use_custom_gutter=\u00bboff\u00bb padding_mobile=\u00bboff\u00bb allow_player_pause=\u00bboff\u00bb parallax=\u00bboff\u00bb parallax_method=\u00bboff\u00bb make_equal=\u00bboff\u00bb parallax_1=\u00bboff\u00bb parallax_method_1=\u00bboff\u00bb column_padding_mobile=\u00bbon\u00bb][et_pb_column type=\u00bb4_4&#8243;][et_pb_divider admin_label=\u00bbModulo Separatore\u00bb color=\u00bb#5e5e5e\u00bb show_divider=\u00bbon\u00bb divider_style=\u00bbsolid\u00bb divider_position=\u00bbtop\u00bb hide_on_mobile=\u00bbon\u00bb] [\/et_pb_divider][\/et_pb_column][\/et_pb_row][\/et_pb_section][et_pb_section admin_label=\u00bbsection\u00bb transparent_background=\u00bboff\u00bb background_color=\u00bb#f2f2f1&#8243; allow_player_pause=\u00bboff\u00bb inner_shadow=\u00bboff\u00bb parallax=\u00bboff\u00bb parallax_method=\u00bboff\u00bb padding_mobile=\u00bboff\u00bb make_fullwidth=\u00bboff\u00bb use_custom_width=\u00bboff\u00bb width_unit=\u00bbon\u00bb make_equal=\u00bboff\u00bb use_custom_gutter=\u00bboff\u00bb custom_padding=\u00bb||50px|\u00bb][et_pb_row admin_label=\u00bbRiga\u00bb make_fullwidth=\u00bbon\u00bb use_custom_width=\u00bboff\u00bb width_unit=\u00bbon\u00bb use_custom_gutter=\u00bboff\u00bb padding_mobile=\u00bboff\u00bb allow_player_pause=\u00bboff\u00bb parallax=\u00bboff\u00bb parallax_method=\u00bboff\u00bb make_equal=\u00bboff\u00bb parallax_1=\u00bboff\u00bb parallax_method_1=\u00bboff\u00bb column_padding_mobile=\u00bbon\u00bb module_id=\u00bbcentraline\u00bb][et_pb_column type=\u00bb4_4&#8243;][et_pb_text admin_label=\u00bbTitolo\u00bb background_layout=\u00bblight\u00bb text_orientation=\u00bbleft\u00bb use_border_color=\u00bboff\u00bb border_color=\u00bb#ffffff\u00bb border_style=\u00bbsolid\u00bb text_font=\u00bbMontserrat|on|||\u00bb text_font_size=\u00bb35&#8243; header_font=\u00bbMontserrat||||\u00bb text_text_color=\u00bb#394a85&#8243;]<\/p>\n<p>Gu\u00edas de centralitas<\/p>\n<p>[\/et_pb_text][\/et_pb_column][\/et_pb_row][et_pb_row admin_label=\u00bbrow\u00bb make_fullwidth=\u00bbon\u00bb use_custom_width=\u00bboff\u00bb width_unit=\u00bbon\u00bb use_custom_gutter=\u00bboff\u00bb padding_mobile=\u00bboff\u00bb allow_player_pause=\u00bboff\u00bb parallax=\u00bboff\u00bb parallax_method=\u00bboff\u00bb make_equal=\u00bbon\u00bb parallax_1=\u00bboff\u00bb parallax_method_1=\u00bboff\u00bb background_color_1=\u00bb#f8f8f8&#8243; padding_top_1=\u00bb20px\u00bb padding_right_1=\u00bb10px\u00bb padding_bottom_1=\u00bb30px\u00bb padding_left_1=\u00bb10px\u00bb parallax_2=\u00bboff\u00bb parallax_method_2=\u00bboff\u00bb background_color_2=\u00bb#f8f8f8&#8243; padding_top_2=\u00bb20px\u00bb padding_right_2=\u00bb10px\u00bb padding_bottom_2=\u00bb30px\u00bb parallax_3=\u00bboff\u00bb parallax_method_3=\u00bboff\u00bb background_color_3=\u00bb#f8f8f8&#8243; padding_top_3=\u00bb20px\u00bb padding_right_3=\u00bb10px\u00bb padding_bottom_3=\u00bb30px\u00bb padding_left_3=\u00bb10px\u00bb column_padding_mobile=\u00bbon\u00bb custom_css_main_1=\u00bbborder: solid 1px #BFBFBF;||border-bottom: 8px solid #45659C;||border-top: 8px solid #45659C;\u00bb custom_css_main_2=\u00bbborder: solid 1px #BFBFBF;||border-bottom: 8px solid #45659C;||border-top: 8px solid #45659C;\u00bb custom_css_main_3=\u00bbborder: solid 1px #BFBFBF;||border-bottom: 8px solid #45659C;||border-top: 8px solid #45659C;\u00bb padding_left_2=\u00bb10px\u00bb][et_pb_column type=\u00bb1_3&#8243;][et_pb_image admin_label=\u00bbImmagine\u00bb src=\u00bbhttp:\/\/service.ptmsrl.com\/wp-content\/uploads\/2016\/08\/centralina_gsa_2.jpg\u00bb show_in_lightbox=\u00bboff\u00bb url_new_window=\u00bboff\u00bb use_overlay=\u00bboff\u00bb animation=\u00bboff\u00bb sticky=\u00bboff\u00bb align=\u00bbcenter\u00bb force_fullwidth=\u00bboff\u00bb always_center_on_mobile=\u00bbon\u00bb use_border_color=\u00bboff\u00bb border_color=\u00bb#ffffff\u00bb border_style=\u00bbsolid\u00bb custom_margin=\u00bb0px|0px||0px\u00bb] [\/et_pb_image][et_pb_cta admin_label=\u00bbGSA\u00bb title=\u00bbCentralitas GSA\u00bb button_url=\u00bbhttp:\/\/service.ptmsrl.com\/es\/gsa\/\u00bb url_new_window=\u00bboff\u00bb button_text=\u00bbVaya a Ayuda\u00bb use_background_color=\u00bboff\u00bb background_color=\u00bb#7EBEC5&#8243; background_layout=\u00bblight\u00bb text_orientation=\u00bbcenter\u00bb use_border_color=\u00bboff\u00bb border_color=\u00bb#ffffff\u00bb border_style=\u00bbsolid\u00bb custom_button=\u00bbon\u00bb button_letter_spacing=\u00bb0&#8243; button_use_icon=\u00bbdefault\u00bb button_icon_placement=\u00bbright\u00bb button_on_hover=\u00bboff\u00bb button_letter_spacing_hover=\u00bb0&#8243; header_font_size=\u00bb30&#8243; header_text_color=\u00bb#45659c\u00bb button_text_color=\u00bb#ffffff\u00bb button_bg_color=\u00bb#45659c\u00bb button_icon_color=\u00bb#ffffff\u00bb body_text_color=\u00bb#000000&#8243; header_font=\u00bbMontserrat|on|||\u00bb button_border_color=\u00bb#f8f8f8&#8243; button_border_color_hover=\u00bb#45659c\u00bb]<\/p>\n<hr \/>\n<p style=\"text-align: left;\">La l\u00ednea GSA esta compuesta por centralitas de control y gesti\u00f3n eficientes y compactas. Esta electr\u00f3nica ha sido dise\u0148ada para sistemas de molturaci\u00f3n, mezcla y dosificaci\u00f3n autom\u00e1tica\/manual.<\/p>\n<hr \/>\n<p>[\/et_pb_cta][\/et_pb_column][et_pb_column type=\u00bb1_3&#8243;][\/et_pb_column][et_pb_column type=\u00bb1_3&#8243;][\/et_pb_column][\/et_pb_row][\/et_pb_section]<\/p>\n","protected":false},"excerpt":{"rendered":"<p>Gu\u00edas de software Este software es una herramienta vasto y detallado para la programaci\u00f3n de las diferentes unidades de control PTM en toda su especificidad, y de acuerdo con sus funciones originales. Es una herramienta sencilla e intuitiva para la programaci\u00f3n de las unidades de control Graphic Super, Graphic Super Usb, Evolution\u00a0e Advance Super Usb. [&hellip;]<\/p>\n","protected":false},"author":9,"featured_media":0,"parent":0,"menu_order":0,"comment_status":"closed","ping_status":"closed","template":"","meta":{"_et_pb_use_builder":"on","_et_pb_old_content":"","_et_gb_content_width":"","footnotes":""},"_links":{"self":[{"href":"http:\/\/service.ptmsrl.com\/es\/wp-json\/wp\/v2\/pages\/492"}],"collection":[{"href":"http:\/\/service.ptmsrl.com\/es\/wp-json\/wp\/v2\/pages"}],"about":[{"href":"http:\/\/service.ptmsrl.com\/es\/wp-json\/wp\/v2\/types\/page"}],"author":[{"embeddable":true,"href":"http:\/\/service.ptmsrl.com\/es\/wp-json\/wp\/v2\/users\/9"}],"replies":[{"embeddable":true,"href":"http:\/\/service.ptmsrl.com\/es\/wp-json\/wp\/v2\/comments?post=492"}],"version-history":[{"count":0,"href":"http:\/\/service.ptmsrl.com\/es\/wp-json\/wp\/v2\/pages\/492\/revisions"}],"wp:attachment":[{"href":"http:\/\/service.ptmsrl.com\/es\/wp-json\/wp\/v2\/media?parent=492"}],"curies":[{"name":"wp","href":"https:\/\/api.w.org\/{rel}","templated":true}]}}