{"id":1989,"date":"2016-11-16T16:51:57","date_gmt":"2016-11-16T15:51:57","guid":{"rendered":"http:\/\/service.ptmsrl.com\/es\/gsa\/tastiera-e-display\/"},"modified":"2016-11-29T16:39:27","modified_gmt":"2016-11-29T15:39:27","slug":"teclado-y-pantalla","status":"publish","type":"page","link":"http:\/\/service.ptmsrl.com\/es\/gsa\/teclado-y-pantalla\/","title":{"rendered":"TECLADO Y PANTALLA"},"content":{"rendered":"<p>[et_pb_section admin_label=\u00bbsection\u00bb fullwidth=\u00bbon\u00bb][et_pb_fullwidth_header admin_label=\u00bbHeader &#8211; Centralina GSA\u00bb title=\u00bbGSA\u00bb background_layout=\u00bbdark\u00bb text_orientation=\u00bbleft\u00bb header_fullscreen=\u00bboff\u00bb header_scroll_down=\u00bboff\u00bb background_color=\u00bb#222349&#8243; parallax=\u00bboff\u00bb parallax_method=\u00bboff\u00bb content_orientation=\u00bbcenter\u00bb image_orientation=\u00bbcenter\u00bb title_font_color=\u00bb#ffffff\u00bb title_font=\u00bbMontserrat|on|||\u00bb title_font_size=\u00bb40px\u00bb custom_button_one=\u00bboff\u00bb button_one_letter_spacing=\u00bb0&#8243; button_one_use_icon=\u00bbdefault\u00bb button_one_icon_placement=\u00bbright\u00bb button_one_on_hover=\u00bbon\u00bb button_one_letter_spacing_hover=\u00bb0&#8243; custom_button_two=\u00bboff\u00bb button_two_letter_spacing=\u00bb0&#8243; button_two_use_icon=\u00bbdefault\u00bb button_two_icon_placement=\u00bbright\u00bb button_two_on_hover=\u00bbon\u00bb button_two_letter_spacing_hover=\u00bb0&#8243;] [\/et_pb_fullwidth_header][\/et_pb_section][et_pb_section admin_label=\u00bbSezione\u00bb fullwidth=\u00bboff\u00bb specialty=\u00bbon\u00bb transparent_background=\u00bboff\u00bb background_color=\u00bb#ffffff\u00bb allow_player_pause=\u00bboff\u00bb inner_shadow=\u00bboff\u00bb parallax=\u00bboff\u00bb parallax_method=\u00bboff\u00bb custom_padding=\u00bb0px|||\u00bb padding_mobile=\u00bboff\u00bb make_fullwidth=\u00bboff\u00bb use_custom_width=\u00bboff\u00bb width_unit=\u00bbon\u00bb make_equal=\u00bboff\u00bb use_custom_gutter=\u00bboff\u00bb parallax_1=\u00bboff\u00bb parallax_method_1=\u00bboff\u00bb parallax_2=\u00bboff\u00bb parallax_method_2=\u00bboff\u00bb custom_css_main_1=\u00bbborder-right: solid 1px #bababa;\u00bb][et_pb_column type=\u00bb1_4&#8243;][et_pb_blurb admin_label=\u00bbLink al prodotto &#8211; CENTRALINA GSA\u00bb global_module=\u00bb1498&#8243; saved_tabs=\u00bball\u00bb title=\u00bbScheda prodotto\u00bb url=\u00bbhttp:\/\/www.ptmsrl.com\/it\/s10\/product\/\u00bb url_new_window=\u00bbon\u00bb use_icon=\u00bbon\u00bb font_icon=\u00bb%%101%%\u00bb icon_color=\u00bb#b5b5b5&#8243; use_circle=\u00bboff\u00bb circle_color=\u00bb#0d76ec\u00bb use_circle_border=\u00bboff\u00bb circle_border_color=\u00bb#0d76ec\u00bb icon_placement=\u00bbleft\u00bb animation=\u00bbtop\u00bb background_layout=\u00bblight\u00bb text_orientation=\u00bbleft\u00bb use_icon_font_size=\u00bboff\u00bb use_border_color=\u00bboff\u00bb border_color=\u00bb#ffffff\u00bb border_style=\u00bbsolid\u00bb] Centralina GSA [\/et_pb_blurb][et_pb_divider admin_label=\u00bbModulo Separatore\u00bb color=\u00bb#b5b5b5&#8243; show_divider=\u00bbon\u00bb divider_style=\u00bbsolid\u00bb divider_position=\u00bbtop\u00bb hide_on_mobile=\u00bbon\u00bb height=\u00bb10&#8243;] [\/et_pb_divider][et_pb_text admin_label=\u00bbMENU LATERALE &#8211; CENTRALINA GSA\u00bb background_layout=\u00bblight\u00bb text_orientation=\u00bbleft\u00bb use_border_color=\u00bboff\u00bb border_color=\u00bb#ffffff\u00bb border_style=\u00bbsolid\u00bb saved_tabs=\u00bball\u00bb global_module=\u00bb1502&#8243;]<\/p>\n<p><strong>APP MYSCALE<\/strong><\/p>\n<ul>\n<li><a href=\"http:\/\/service.ptmsrl.com\/guida-app-myscale\/\">Introduzione<\/a><\/li>\n<li><a href=\"http:\/\/service.ptmsrl.com\/guida-app-myscale\/guida-app-myscale-installazione-dellapp\/\">Installazione<\/a><\/li>\n<li><a href=\"http:\/\/service.ptmsrl.com\/guida-app-myscale\/guida-app-myscale-attivazione-della-modalita-myscale\/\">Attivazione<\/a><\/li>\n<li><a href=\"http:\/\/service.ptmsrl.com\/guida-app-myscale\/guida-app-myscale-segnalazioni-di-stato\/\">Segnalazioni di stato<\/a><\/li>\n<li><a href=\"http:\/\/service.ptmsrl.com\/guida-app-myscale\/guida-app-myscale-stato-della-connessione\/\">Stato della connessione<\/a><\/li>\n<li><a href=\"http:\/\/service.ptmsrl.com\/guida-app-myscale\/guida-app-myscale-funzione-dei-tasti\/\">Funzione dei tasti<\/a><\/li>\n<li>Utilizzo del sistema\n<ul>\n<li><a href=\"http:\/\/service.ptmsrl.com\/guida-app-myscale\/guida-app-myscale-utilizzo-della-tastiera\/\">Tastiera<\/a><\/li>\n<li><a href=\"http:\/\/service.ptmsrl.com\/guida-app-myscale\/guida-app-myscale-peso-totale\/\">Peso totale<\/a><\/li>\n<li><a href=\"http:\/\/service.ptmsrl.com\/guida-app-myscale\/guida-app-myscale-peso-totale-selezione-della-ricetta\/\">Selezione della ricetta<\/a><\/li>\n<li><a href=\"http:\/\/service.ptmsrl.com\/guida-app-myscale\/guida-app-myscale-peso-totale-azzeramento-del-peso-totale\/\">Azzeramento del peso totale<\/a><\/li>\n<li><a href=\"http:\/\/service.ptmsrl.com\/guida-app-myscale\/guida-app-myscale-peso-totale-carico-avvio-del-carico-della-ricetta\/\">Peso totale carico<\/a><\/li>\n<li><a href=\"http:\/\/service.ptmsrl.com\/guida-app-myscale\/guida-app-myscale-peso-totale-scarico-avvio-dello-scarico-della-ricetta\/\">Peso totale scarico<\/a><\/li>\n<li><a href=\"http:\/\/service.ptmsrl.com\/guida-app-myscale\/guida-app-myscale-peso-parziale-azzeramento-del-peso-parziale\/\">Peso parziale<\/a><\/li>\n<\/ul>\n<\/li>\n<\/ul>\n<p>[\/et_pb_text][\/et_pb_column][et_pb_column type=\u00bb3_4&#8243; specialty_columns=\u00bb3&#8243;][et_pb_row_inner admin_label=\u00bbRiga\u00bb][et_pb_column_inner type=\u00bb4_4&#8243; saved_specialty_column_type=\u00bb3_4&#8243;][et_pb_cta admin_label=\u00bbTitolo sezione\u00bb title=\u00bbTeclado y pantalla\u00bb url_new_window=\u00bboff\u00bb use_background_color=\u00bboff\u00bb background_color=\u00bb#0d76ec\u00bb background_layout=\u00bblight\u00bb text_orientation=\u00bbleft\u00bb use_border_color=\u00bboff\u00bb border_color=\u00bb#ffffff\u00bb border_style=\u00bbsolid\u00bb custom_button=\u00bboff\u00bb button_letter_spacing=\u00bb0&#8243; button_use_icon=\u00bbdefault\u00bb button_icon_placement=\u00bbright\u00bb button_on_hover=\u00bbon\u00bb button_letter_spacing_hover=\u00bb0&#8243; header_font_size=\u00bb40&#8243;] [\/et_pb_cta][et_pb_image admin_label=\u00bbImmagine\u00bb src=\u00bbhttp:\/\/service.ptmsrl.com\/wp-content\/uploads\/2016\/11\/ptm-esp-grafico-2.png.001.jpeg\u00bb show_in_lightbox=\u00bboff\u00bb url_new_window=\u00bboff\u00bb use_overlay=\u00bboff\u00bb animation=\u00bboff\u00bb sticky=\u00bboff\u00bb align=\u00bbleft\u00bb force_fullwidth=\u00bboff\u00bb always_center_on_mobile=\u00bbon\u00bb use_border_color=\u00bboff\u00bb border_color=\u00bb#ffffff\u00bb border_style=\u00bbsolid\u00bb] [\/et_pb_image][et_pb_text admin_label=\u00bbTesto\u00bb background_layout=\u00bblight\u00bb text_orientation=\u00bbleft\u00bb use_border_color=\u00bboff\u00bb border_color=\u00bb#ffffff\u00bb border_style=\u00bbsolid\u00bb]<\/p>\n<ol>\n<li><strong><u>Placa de identificaci\u00f3n:<\/u><\/strong> En esta zona del teclado hay una placa de identificaci\u00f3n que muestra el modelo de la b\u00e1scula.<\/li>\n<li><strong><u>Pantalla LCD 320&#215;240 con 16 diferentes niveles de gris:<\/u><\/strong> Pantalla gr\u00e1fica LCD, que muestra todas las informaciones de la b\u00e1scula y que muestra todas las diferentes fases de las operaciones de carga\/descarga. La centralita tiene una gr\u00e1fica interactiva, para facilitar la utilizaci\u00f3n del usuario final.<\/li>\n<li><strong><u>Peque\u00f1o Teclado num\u00e9rico:<\/u><\/strong> Teclado num\u00e9rico para la introducci\u00f3n de los n\u00fameros y car\u00e1cteres.<\/li>\n<li><strong><u>Teclas funci\u00f3n:<\/u><\/strong> En esta zona del teclado hay diferentes teclas funci\u00f3n, como la tecla para la puesta a cero de la tara y del peso parcial.<\/li>\n<li><strong><u>Teclas para el desplazamiento:<\/u><\/strong> En esta zona del teclado hay las teclas dedicadas al desplazamiento entre los diferentes men\u00fa de la b\u00e1scula.En la p\u00e1gina siguiente vienen descritas, en detalle, las funciones de las diferentes teclas.<\/li>\n<\/ol>\n<p>[\/et_pb_text][et_pb_text admin_label=\u00bbTesto\u00bb background_layout=\u00bblight\u00bb text_orientation=\u00bbleft\u00bb use_border_color=\u00bboff\u00bb border_color=\u00bb#ffffff\u00bb border_style=\u00bbsolid\u00bb module_class=\u00bbtabella\u00bb]<\/p>\n<table>\n<tbody>\n<tr>\n<td class=\"td-left\"><img loading=\"lazy\" decoding=\"async\" class=\"alignnone wp-image-1557 size-full\" src=\"http:\/\/service.ptmsrl.com\/wp-content\/uploads\/2016\/11\/centralina__0024_gsa.jpg\" width=\"54\" height=\"40\" \/><\/td>\n<td class=\"td-right\">\n<ul>\n<li>ON<\/li>\n<\/ul>\n<\/td>\n<\/tr>\n<\/tbody>\n<\/table>\n<table>\n<tbody>\n<tr>\n<td class=\"td-left\"><img loading=\"lazy\" decoding=\"async\" class=\"alignnone wp-image-1556 size-full\" src=\"http:\/\/service.ptmsrl.com\/wp-content\/uploads\/2016\/11\/centralina__0023_gsa.jpg\" width=\"54\" height=\"40\" \/><\/td>\n<td class=\"td-right\">\n<ul>\n<li>OFF<\/li>\n<\/ul>\n<\/td>\n<\/tr>\n<\/tbody>\n<\/table>\n<table>\n<tbody>\n<tr>\n<td class=\"td-left\"><img loading=\"lazy\" decoding=\"async\" class=\"alignnone wp-image-1558 size-full\" src=\"http:\/\/service.ptmsrl.com\/wp-content\/uploads\/2016\/11\/centralina__0025_gsa.jpg\" width=\"54\" height=\"40\" \/><\/td>\n<td class=\"td-right\">\n<ul>\n<li>ACCESO AL MEN\u00da USUARIO<\/li>\n<\/ul>\n<\/td>\n<\/tr>\n<\/tbody>\n<\/table>\n<table>\n<tbody>\n<tr>\n<td class=\"td-left\"><img loading=\"lazy\" decoding=\"async\" class=\"alignnone wp-image-1555 size-full\" src=\"http:\/\/service.ptmsrl.com\/wp-content\/uploads\/2016\/11\/centralina__0022_gsa.jpg\" width=\"54\" height=\"40\" \/><\/td>\n<td class=\"td-right\">\n<ul>\n<li>\u00a0ENTER<\/li>\n<\/ul>\n<\/td>\n<\/tr>\n<\/tbody>\n<\/table>\n<table>\n<tbody>\n<tr>\n<td class=\"td-left\"><img loading=\"lazy\" decoding=\"async\" class=\"alignnone wp-image-1554 size-full\" src=\"http:\/\/service.ptmsrl.com\/wp-content\/uploads\/2016\/11\/centralina__0021_gsa.jpg\" width=\"54\" height=\"40\" \/><\/td>\n<td class=\"td-right\">\n<ul>\n<li>EXIT<\/li>\n<\/ul>\n<\/td>\n<\/tr>\n<\/tbody>\n<\/table>\n<table>\n<tbody>\n<tr>\n<td class=\"td-left\"><img loading=\"lazy\" decoding=\"async\" class=\"alignnone wp-image-1553 size-full\" src=\"http:\/\/service.ptmsrl.com\/wp-content\/uploads\/2016\/11\/centralina__0020_gsa.jpg\" width=\"54\" height=\"40\" \/><\/td>\n<td class=\"td-right\">\n<ul>\n<li>IMPRENTA DE LOS CONSUMOS<\/li>\n<li>IMPRENTA DEL MEN\u00da ALMAC\u00c9N<\/li>\n<li>IMPRENTA DEL VALOR DE PESO TOTAL\/ PARCIAL<\/li>\n<li>IMPRENTA DE LOS DATOS SOBRE PENDRIVE USB<\/li>\n<\/ul>\n<\/td>\n<\/tr>\n<\/tbody>\n<\/table>\n<table>\n<tbody>\n<tr>\n<td class=\"td-left\"><img loading=\"lazy\" decoding=\"async\" class=\"alignnone wp-image-1552 size-full\" src=\"http:\/\/service.ptmsrl.com\/wp-content\/uploads\/2016\/11\/centralina__0019_gsa.jpg\" width=\"54\" height=\"40\" \/><\/td>\n<td class=\"td-right\">\n<ul>\n<li>DESPLAZAMIENTO DEL CURSO ARRIBA<\/li>\n<li>SELECCI\u00d3N DE LA RECETA QUE SE QUIERE EJECUTAR<\/li>\n<\/ul>\n<\/td>\n<\/tr>\n<\/tbody>\n<\/table>\n<table>\n<tbody>\n<tr>\n<td class=\"td-left\"><img loading=\"lazy\" decoding=\"async\" class=\"alignnone wp-image-1551 size-full\" src=\"http:\/\/service.ptmsrl.com\/wp-content\/uploads\/2016\/11\/centralina__0018_gsa.jpg\" width=\"54\" height=\"40\" \/><\/td>\n<td class=\"td-right\">\n<ul>\n<li>DESPLAZAMIENTO DEL CURSOR ABAJO<\/li>\n<li>SELECCI\u00d3N DE LA RECETA QUE SE QUIERE EJECUTAR<\/li>\n<\/ul>\n<\/td>\n<\/tr>\n<\/tbody>\n<\/table>\n<table>\n<tbody>\n<tr>\n<td class=\"td-left\"><img loading=\"lazy\" decoding=\"async\" class=\"alignnone wp-image-1550 size-full\" src=\"http:\/\/service.ptmsrl.com\/wp-content\/uploads\/2016\/11\/centralina__0017_gsa.jpg\" width=\"54\" height=\"40\" \/><\/td>\n<td class=\"td-right\">\n<ul>\n<li>DESPLAZAMIENTO DEL CURSOR A LA IZQUIERDA<\/li>\n<\/ul>\n<\/td>\n<\/tr>\n<\/tbody>\n<\/table>\n<table>\n<tbody>\n<tr>\n<td class=\"td-left\"><img loading=\"lazy\" decoding=\"async\" class=\"alignnone wp-image-1549 size-full\" src=\"http:\/\/service.ptmsrl.com\/wp-content\/uploads\/2016\/11\/centralina__0016_gsa.jpg\" width=\"54\" height=\"40\" \/><\/td>\n<td class=\"td-right\">\n<ul>\n<li>DESPLAZAMIENTO DEL CURSOR A LA DERECHA<\/li>\n<\/ul>\n<\/td>\n<\/tr>\n<\/tbody>\n<\/table>\n<table>\n<tbody>\n<tr>\n<td class=\"td-left\"><img loading=\"lazy\" decoding=\"async\" class=\"alignnone wp-image-1548 size-full\" src=\"http:\/\/service.ptmsrl.com\/wp-content\/uploads\/2016\/11\/centralina__0015_gsa.jpg\" width=\"54\" height=\"40\" \/><\/td>\n<td class=\"td-right\">\n<ul>\n<li>PUESTA A CERO DE LA TARA PESO TOTAL<\/li>\n<li>LLAMAR PESO TOTAL<\/li>\n<\/ul>\n<\/td>\n<\/tr>\n<\/tbody>\n<\/table>\n<table>\n<tbody>\n<tr>\n<td class=\"td-left\"><img loading=\"lazy\" decoding=\"async\" class=\"alignnone wp-image-1547 size-full\" src=\"http:\/\/service.ptmsrl.com\/wp-content\/uploads\/2016\/11\/centralina__0014_gsa.jpg\" width=\"54\" height=\"40\" \/><\/td>\n<td class=\"td-right\">\n<ul>\n<li>PUESTA A CERO DEL PESO PARCIAL<\/li>\n<\/ul>\n<\/td>\n<\/tr>\n<\/tbody>\n<\/table>\n<table>\n<tbody>\n<tr>\n<td class=\"td-left\"><img loading=\"lazy\" decoding=\"async\" class=\"alignnone wp-image-1546 size-full\" src=\"http:\/\/service.ptmsrl.com\/wp-content\/uploads\/2016\/11\/centralina__0013_gsa.jpg\" width=\"54\" height=\"40\" \/><\/td>\n<td class=\"td-right\">\n<ul>\n<li>ACCESO AL MEN\u00da DE MODIFICACI\u00d3N DE LA RECETA<\/li>\n<li>INTERRUPCI\u00d3N ADELANTADA DE LOS CICLOS<\/li>\n<\/ul>\n<\/td>\n<\/tr>\n<\/tbody>\n<\/table>\n<table>\n<tbody>\n<tr>\n<td class=\"td-left\"><img loading=\"lazy\" decoding=\"async\" class=\"alignnone wp-image-1545 size-full\" src=\"http:\/\/service.ptmsrl.com\/wp-content\/uploads\/2016\/11\/centralina__0012_gsa.jpg\" width=\"54\" height=\"40\" \/><\/td>\n<td class=\"td-right\">\n<ul>\n<li>NO UTILIZADO<\/li>\n<\/ul>\n<\/td>\n<\/tr>\n<\/tbody>\n<\/table>\n<table>\n<tbody>\n<tr>\n<td class=\"td-left\"><img loading=\"lazy\" decoding=\"async\" class=\"alignnone wp-image-1544 size-full\" src=\"http:\/\/service.ptmsrl.com\/wp-content\/uploads\/2016\/11\/centralina__0011_gsa.jpg\" width=\"54\" height=\"40\" \/><\/td>\n<td class=\"td-right\">\n<ul>\n<li>START DEL CICLO DE CARGA AUTOM\u00c1TICA<\/li>\n<\/ul>\n<\/td>\n<\/tr>\n<\/tbody>\n<\/table>\n<table>\n<tbody>\n<tr>\n<td class=\"td-left\"><img loading=\"lazy\" decoding=\"async\" class=\"alignnone wp-image-1543 size-full\" src=\"http:\/\/service.ptmsrl.com\/wp-content\/uploads\/2016\/11\/centralina__0010_gsa.jpg\" width=\"54\" height=\"40\" \/><\/td>\n<td class=\"td-right\">\n<ul>\n<li>START DE LA DESCARGA MANUAL (SI VIENE PEDIDO)<\/li>\n<\/ul>\n<\/td>\n<\/tr>\n<\/tbody>\n<\/table>\n<table>\n<tbody>\n<tr>\n<td class=\"td-left\"><img loading=\"lazy\" decoding=\"async\" class=\"alignnone wp-image-1542 size-full\" src=\"http:\/\/service.ptmsrl.com\/wp-content\/uploads\/2016\/11\/centralina__0009_gsa.jpg\" width=\"54\" height=\"40\" \/><\/td>\n<td class=\"td-right\">\n<ul>\n<li>ACCESO AL MENU DE START DE LA CARGA COMPONENTE INDIVIDUAL (SOLO OPCIONAL)<\/li>\n<\/ul>\n<\/td>\n<\/tr>\n<\/tbody>\n<\/table>\n<table>\n<tbody>\n<tr>\n<td class=\"td-left\"><img loading=\"lazy\" decoding=\"async\" class=\"alignnone wp-image-1541 size-full\" src=\"http:\/\/service.ptmsrl.com\/wp-content\/uploads\/2016\/11\/centralina__0008_gsa.jpg\" width=\"54\" height=\"40\" \/><\/td>\n<td class=\"td-right\">\n<ul>\n<li>ACTIVAR \/ DESACTIVAR LA VISUALIZACI\u00d3N DEL VALOR MEDIDO DE LAS B\u00c1SCULAS EXTERNAS (SI PRESENTES)<\/li>\n<\/ul>\n<\/td>\n<\/tr>\n<\/tbody>\n<\/table>\n<table>\n<tbody>\n<tr>\n<td class=\"td-left\"><img loading=\"lazy\" decoding=\"async\" class=\"alignnone wp-image-1540 size-full\" src=\"http:\/\/service.ptmsrl.com\/wp-content\/uploads\/2016\/11\/centralina__0007_gsa.jpg\" width=\"54\" height=\"40\" \/><\/td>\n<td class=\"td-right\">\n<ul>\n<li>CAMBIO MODALIDAD DE ESCRITURA (MAY\u00daSCOLO, MIN\u00daSCOLA, NUMEROS)<\/li>\n<\/ul>\n<\/td>\n<\/tr>\n<\/tbody>\n<\/table>\n<table>\n<tbody>\n<tr>\n<td class=\"td-left\"><img loading=\"lazy\" decoding=\"async\" class=\"alignnone wp-image-1539 size-full\" src=\"http:\/\/service.ptmsrl.com\/wp-content\/uploads\/2016\/11\/centralina__0006_gsa.jpg\" width=\"54\" height=\"40\" \/><\/td>\n<td class=\"td-right\">\n<ul>\n<li>VISUALIZACI\u00d3N DE LOS ACCESORIOS MULTILINK &#8211; DE ALERTA &#8211; (SI PRESENTES)<\/li>\n<\/ul>\n<\/td>\n<\/tr>\n<\/tbody>\n<\/table>\n<table>\n<tbody>\n<tr>\n<td class=\"td-left\"><img loading=\"lazy\" decoding=\"async\" class=\"alignnone wp-image-1538 size-full\" src=\"http:\/\/service.ptmsrl.com\/wp-content\/uploads\/2016\/11\/centralina__0005_gsa.jpg\" width=\"54\" height=\"40\" \/><\/td>\n<td class=\"td-right\">\n<ul>\n<li>INTRODUCCI\u00d3N DE NUMEROS Y LETRAS A TRAV\u00c9S DEL TECLADO N\u00daMERICO<\/li>\n<\/ul>\n<\/td>\n<\/tr>\n<\/tbody>\n<\/table>\n<table>\n<tbody>\n<tr>\n<td class=\"td-left\"><img loading=\"lazy\" decoding=\"async\" class=\"alignnone wp-image-1537 size-full\" src=\"http:\/\/service.ptmsrl.com\/wp-content\/uploads\/2016\/11\/centralina__0004_gsa.jpg\" width=\"54\" height=\"40\" \/><\/td>\n<td class=\"td-right\">\n<ul>\n<li>INTRODUCCI\u00d3N N\u00daMERO \u201c0\u201d O ESPACIO<\/li>\n<\/ul>\n<\/td>\n<\/tr>\n<\/tbody>\n<\/table>\n<table>\n<tbody>\n<tr>\n<td class=\"td-left\"><img loading=\"lazy\" decoding=\"async\" class=\"alignnone wp-image-1535 size-full\" src=\"http:\/\/service.ptmsrl.com\/wp-content\/uploads\/2016\/11\/centralina__0002_gsa.jpg\" width=\"54\" height=\"40\" \/><\/td>\n<td class=\"td-right\">\n<ul>\n<li>BORRAR EL CAR\u00c1CTER (DELETE)<\/li>\n<\/ul>\n<\/td>\n<\/tr>\n<\/tbody>\n<\/table>\n<table>\n<tbody>\n<tr>\n<td class=\"td-left\"><img loading=\"lazy\" decoding=\"async\" class=\"alignnone wp-image-1534 size-full\" src=\"http:\/\/service.ptmsrl.com\/wp-content\/uploads\/2016\/11\/centralina__0001_gsa.jpg\" width=\"54\" height=\"40\" \/><\/td>\n<td class=\"td-right\">\n<ul>\n<li>INTRODUCCI\u00d3N CAR\u00c1CTER \u201c-\u201c<\/li>\n<li>BLOQUEO \/ SBLOQUEO DEL CICLO DE CARGA<\/li>\n<\/ul>\n<\/td>\n<\/tr>\n<\/tbody>\n<\/table>\n<table>\n<tbody>\n<tr>\n<td class=\"td-left\"><img loading=\"lazy\" decoding=\"async\" class=\"alignnone wp-image-1533 size-full\" src=\"http:\/\/service.ptmsrl.com\/wp-content\/uploads\/2016\/11\/centralina__0000_gsa.jpg\" width=\"54\" height=\"40\" \/><\/td>\n<td class=\"td-right\">\n<ul>\n<li>INTRODUCCI\u00d3N DEL PUNTO DECIMAL<\/li>\n<\/ul>\n<\/td>\n<\/tr>\n<\/tbody>\n<\/table>\n<p>[\/et_pb_text][et_pb_divider admin_label=\u00bbModulo Separatore\u00bb color=\u00bb#bababa\u00bb show_divider=\u00bbon\u00bb height=\u00bb10&#8243; divider_style=\u00bbsolid\u00bb divider_position=\u00bbtop\u00bb hide_on_mobile=\u00bbon\u00bb] [\/et_pb_divider][et_pb_cta admin_label=\u00bbLink al form\u00bb global_module=\u00bb142&#8243; saved_tabs=\u00bball\u00bb title=\u00bbNon trovi quello che cerchi?\u00bb button_url=\u00bb#\u00bb url_new_window=\u00bboff\u00bb button_text=\u00bbContattaci\u00bb use_background_color=\u00bboff\u00bb background_color=\u00bb#0d76ec\u00bb background_layout=\u00bblight\u00bb text_orientation=\u00bbcenter\u00bb use_border_color=\u00bboff\u00bb border_color=\u00bb#ffffff\u00bb border_style=\u00bbsolid\u00bb custom_button=\u00bboff\u00bb button_letter_spacing=\u00bb0&#8243; button_use_icon=\u00bbdefault\u00bb button_icon_placement=\u00bbright\u00bb button_on_hover=\u00bbon\u00bb button_letter_spacing_hover=\u00bb0&#8243;] [\/et_pb_cta][\/et_pb_column_inner][\/et_pb_row_inner][\/et_pb_column][\/et_pb_section]<\/p>\n","protected":false},"excerpt":{"rendered":"<p>Centralina GSA APP MYSCALE Introduzione Installazione Attivazione Segnalazioni di stato Stato della connessione Funzione dei tasti Utilizzo del sistema Tastiera Peso totale Selezione della ricetta Azzeramento del peso totale Peso totale carico Peso totale scarico Peso parziale Placa de identificaci\u00f3n: En esta zona del teclado hay una placa de identificaci\u00f3n que muestra el modelo de [&hellip;]<\/p>\n","protected":false},"author":9,"featured_media":0,"parent":1930,"menu_order":0,"comment_status":"closed","ping_status":"closed","template":"","meta":{"_et_pb_use_builder":"on","_et_pb_old_content":"","_et_gb_content_width":"","footnotes":""},"_links":{"self":[{"href":"http:\/\/service.ptmsrl.com\/es\/wp-json\/wp\/v2\/pages\/1989"}],"collection":[{"href":"http:\/\/service.ptmsrl.com\/es\/wp-json\/wp\/v2\/pages"}],"about":[{"href":"http:\/\/service.ptmsrl.com\/es\/wp-json\/wp\/v2\/types\/page"}],"author":[{"embeddable":true,"href":"http:\/\/service.ptmsrl.com\/es\/wp-json\/wp\/v2\/users\/9"}],"replies":[{"embeddable":true,"href":"http:\/\/service.ptmsrl.com\/es\/wp-json\/wp\/v2\/comments?post=1989"}],"version-history":[{"count":0,"href":"http:\/\/service.ptmsrl.com\/es\/wp-json\/wp\/v2\/pages\/1989\/revisions"}],"up":[{"embeddable":true,"href":"http:\/\/service.ptmsrl.com\/es\/wp-json\/wp\/v2\/pages\/1930"}],"wp:attachment":[{"href":"http:\/\/service.ptmsrl.com\/es\/wp-json\/wp\/v2\/media?parent=1989"}],"curies":[{"name":"wp","href":"https:\/\/api.w.org\/{rel}","templated":true}]}}