{"id":1446,"date":"2016-11-11T15:03:07","date_gmt":"2016-11-11T14:03:07","guid":{"rendered":"http:\/\/demo.n-3.it\/ptm\/es\/?page_id=1446"},"modified":"2016-11-11T15:03:07","modified_gmt":"2016-11-11T14:03:07","slug":"almacen","status":"publish","type":"page","link":"http:\/\/service.ptmsrl.com\/es\/datamix-card-3\/almacen\/","title":{"rendered":"Almacen"},"content":{"rendered":"<p>[et_pb_section admin_label=\u00bbHeader &#8211; Datamix Card &#8211; ITA\u00bb fullwidth=\u00bbon\u00bb specialty=\u00bboff\u00bb transparent_background=\u00bboff\u00bb background_color=\u00bb#ffffff\u00bb allow_player_pause=\u00bboff\u00bb inner_shadow=\u00bboff\u00bb parallax=\u00bboff\u00bb parallax_method=\u00bboff\u00bb padding_mobile=\u00bboff\u00bb make_fullwidth=\u00bboff\u00bb use_custom_width=\u00bboff\u00bb width_unit=\u00bbon\u00bb make_equal=\u00bboff\u00bb use_custom_gutter=\u00bboff\u00bb][et_pb_fullwidth_header admin_label=\u00bbIntestazione a Larghezza Piena\u00bb title=\u00bbDATAMIX CARD 3&#8243; background_layout=\u00bbdark\u00bb text_orientation=\u00bbleft\u00bb header_fullscreen=\u00bboff\u00bb header_scroll_down=\u00bboff\u00bb background_color=\u00bb#222349&#8243; parallax=\u00bboff\u00bb parallax_method=\u00bboff\u00bb content_orientation=\u00bbcenter\u00bb image_orientation=\u00bbcenter\u00bb title_font_color=\u00bb#ffffff\u00bb title_font=\u00bbMontserrat|on|||\u00bb title_font_size=\u00bb40px\u00bb custom_button_one=\u00bboff\u00bb button_one_letter_spacing=\u00bb0&#8243; button_one_use_icon=\u00bbdefault\u00bb button_one_icon_placement=\u00bbright\u00bb button_one_on_hover=\u00bbon\u00bb button_one_letter_spacing_hover=\u00bb0&#8243; custom_button_two=\u00bboff\u00bb button_two_letter_spacing=\u00bb0&#8243; button_two_use_icon=\u00bbdefault\u00bb button_two_icon_placement=\u00bbright\u00bb button_two_on_hover=\u00bbon\u00bb button_two_letter_spacing_hover=\u00bb0&#8243;] [\/et_pb_fullwidth_header][\/et_pb_section][et_pb_section admin_label=\u00bbSezione\u00bb fullwidth=\u00bboff\u00bb specialty=\u00bbon\u00bb transparent_background=\u00bboff\u00bb background_color=\u00bb#ffffff\u00bb allow_player_pause=\u00bboff\u00bb inner_shadow=\u00bboff\u00bb parallax=\u00bboff\u00bb parallax_method=\u00bboff\u00bb custom_padding=\u00bb0px|||\u00bb padding_mobile=\u00bboff\u00bb make_fullwidth=\u00bboff\u00bb use_custom_width=\u00bboff\u00bb width_unit=\u00bbon\u00bb make_equal=\u00bboff\u00bb use_custom_gutter=\u00bboff\u00bb parallax_1=\u00bboff\u00bb parallax_method_1=\u00bboff\u00bb parallax_2=\u00bboff\u00bb parallax_method_2=\u00bboff\u00bb custom_css_main_1=\u00bbborder-right: solid 1px #bababa;\u00bb][et_pb_column type=\u00bb1_4&#8243;][et_pb_blurb admin_label=\u00bbScheda prodotto\u00bb url_new_window=\u00bbon\u00bb use_icon=\u00bboff\u00bb icon_color=\u00bb#0d76ec\u00bb use_circle=\u00bboff\u00bb circle_color=\u00bb#0d76ec\u00bb use_circle_border=\u00bboff\u00bb circle_border_color=\u00bb#0d76ec\u00bb icon_placement=\u00bbtop\u00bb animation=\u00bbtop\u00bb background_layout=\u00bblight\u00bb text_orientation=\u00bbleft\u00bb use_icon_font_size=\u00bboff\u00bb use_border_color=\u00bboff\u00bb border_color=\u00bb#ffffff\u00bb border_style=\u00bbsolid\u00bb saved_tabs=\u00bball\u00bb global_module=\u00bb1213&#8243;] [\/et_pb_blurb][et_pb_divider admin_label=\u00bbModulo Separatore\u00bb color=\u00bb#b5b5b5&#8243; show_divider=\u00bbon\u00bb divider_style=\u00bbsolid\u00bb divider_position=\u00bbtop\u00bb hide_on_mobile=\u00bbon\u00bb height=\u00bb10&#8243;] [\/et_pb_divider][et_pb_text admin_label=\u00bbMenu laterale &#8211; Datamix Card &#8211; ITA\u00bb background_layout=\u00bblight\u00bb text_orientation=\u00bbleft\u00bb use_border_color=\u00bboff\u00bb border_color=\u00bb#ffffff\u00bb border_style=\u00bbsolid\u00bb saved_tabs=\u00bball\u00bb global_module=\u00bb1215&#8243;]<\/p>\n<p><strong>DATAMIX CARD<\/strong><\/p>\n<ul>\n<li><a href=\"http:\/\/service.ptmsrl.com\/guida-app-myscale\/\">Introduzione<\/a><\/li>\n<li><a href=\"http:\/\/service.ptmsrl.com\/guida-app-myscale\/guida-app-myscale-installazione-dellapp\/\">Installazione<\/a><\/li>\n<li><a href=\"http:\/\/service.ptmsrl.com\/guida-app-myscale\/guida-app-myscale-attivazione-della-modalita-myscale\/\">Attivazione<\/a><\/li>\n<li><a href=\"http:\/\/service.ptmsrl.com\/guida-app-myscale\/guida-app-myscale-segnalazioni-di-stato\/\">Segnalazioni di stato<\/a><\/li>\n<li><a href=\"http:\/\/service.ptmsrl.com\/guida-app-myscale\/guida-app-myscale-stato-della-connessione\/\">Stato della connessione<\/a><\/li>\n<li><a href=\"http:\/\/service.ptmsrl.com\/guida-app-myscale\/guida-app-myscale-funzione-dei-tasti\/\">Funzione dei tasti<\/a><\/li>\n<li>Utilizzo del sistema\n<ul>\n<li><a href=\"http:\/\/service.ptmsrl.com\/guida-app-myscale\/guida-app-myscale-utilizzo-della-tastiera\/\">Tastiera<\/a><\/li>\n<li><a href=\"http:\/\/service.ptmsrl.com\/guida-app-myscale\/guida-app-myscale-peso-totale\/\">Peso totale<\/a><\/li>\n<li><a href=\"http:\/\/service.ptmsrl.com\/guida-app-myscale\/guida-app-myscale-peso-totale-selezione-della-ricetta\/\">Selezione della ricetta<\/a><\/li>\n<li><a href=\"http:\/\/service.ptmsrl.com\/guida-app-myscale\/guida-app-myscale-peso-totale-azzeramento-del-peso-totale\/\">Azzeramento del peso totale<\/a><\/li>\n<li><a href=\"http:\/\/service.ptmsrl.com\/guida-app-myscale\/guida-app-myscale-peso-totale-carico-avvio-del-carico-della-ricetta\/\">Peso totale carico<\/a><\/li>\n<li><a href=\"http:\/\/service.ptmsrl.com\/guida-app-myscale\/guida-app-myscale-peso-totale-scarico-avvio-dello-scarico-della-ricetta\/\">Peso totale scarico<\/a><\/li>\n<li><a href=\"http:\/\/service.ptmsrl.com\/guida-app-myscale\/guida-app-myscale-peso-parziale-azzeramento-del-peso-parziale\/\">Peso parziale<\/a><\/li>\n<\/ul>\n<\/li>\n<\/ul>\n<p>[\/et_pb_text][\/et_pb_column][et_pb_column type=\u00bb3_4&#8243; specialty_columns=\u00bb3&#8243;][et_pb_row_inner admin_label=\u00bbRiga\u00bb][et_pb_column_inner type=\u00bb4_4&#8243; saved_specialty_column_type=\u00bb3_4&#8243;][et_pb_cta admin_label=\u00bbTitolo sezione\u00bb title=\u00bbAlmacen\u00bb url_new_window=\u00bboff\u00bb use_background_color=\u00bboff\u00bb background_color=\u00bb#0d76ec\u00bb background_layout=\u00bblight\u00bb text_orientation=\u00bbleft\u00bb use_border_color=\u00bboff\u00bb border_color=\u00bb#ffffff\u00bb border_style=\u00bbsolid\u00bb custom_button=\u00bboff\u00bb button_letter_spacing=\u00bb0&#8243; button_use_icon=\u00bbdefault\u00bb button_icon_placement=\u00bbright\u00bb button_on_hover=\u00bbon\u00bb button_letter_spacing_hover=\u00bb0&#8243; header_font_size=\u00bb40&#8243;] [\/et_pb_cta][et_pb_text admin_label=\u00bbTesto\u00bb background_layout=\u00bblight\u00bb text_orientation=\u00bbleft\u00bb use_border_color=\u00bboff\u00bb border_color=\u00bb#ffffff\u00bb border_style=\u00bbsolid\u00bb]<\/p>\n<p><img loading=\"lazy\" decoding=\"async\" class=\"alignnone wp-image-1426 size-full\" src=\"http:\/\/service.ptmsrl.com\/wp-content\/uploads\/2016\/11\/ptm_0004_datamixcard-esp.jpg\" width=\"289\" height=\"225\" \/><\/p>\n<p>El \u201cAlmac\u00e9n\u201d se utiliza para controlar la disponibilidad de los varios componentes y como \u201chist\u00f3rico\u201d de los consumos.<\/p>\n<p><strong><u>Columna N. 1:<\/u><\/strong> Hay un espacio que generalmente es verde. Se vuelve rojo cuando el componente es en alarma.<\/p>\n<p><strong><u>Columna N. 2:<\/u><\/strong> Hay un numero creciente que representa los 40 componentes.<\/p>\n<p><strong><u>Columna N. 3:<\/u><\/strong> Hay el nombre de los componentes.<\/p>\n<p><strong><u>Columna N. 4:<\/u><\/strong> Hay el coste de cada unidad del componente, si ya ha estado inserido en la lista de los componentes, en el men\u00f9 \u201cRicette\u201d (recetas).<\/p>\n<p><strong><u>Columna N. 5:<\/u><\/strong> Aqu\u00ed se puede inserir la cantidad en kilos del producto a\u00f1adido dal almac\u00e9n (y los otros datos ser\u00e1n actualizados automaticamente). Las cantidades consumadas son automaticamente actualizadas cuando se efectua la lectura de la card, as\u00ed como vienen automaticamente actualizados la cantidad consumada, el valor que se refiere a la cantidad disponible y el que se refiere a la cantidad consumada<\/p>\n<p><strong><u>Columna N. 6:<\/u><\/strong> La cantidad disponible en el almac\u00e9n es disponible.<\/p>\n<p><strong><u>Columna N. 7:<\/u><\/strong> Hay el valor de la cantidad disponible por cada componente.<\/p>\n<p>Si la cantidad disponible es inferior a la cuota de alarma, el nombre del componente ser\u00e1 evidenciado en rojo, as\u00ed da hacer atenci\u00f3n a esta carencia.<\/p>\n<p><strong><u>Columna N. 8:<\/u><\/strong> Aqu\u00ed hay el \u201carchivio hist\u00f3rico\u201d de los consumos que representa todos los consumos en Kg del componente efectuados hasta este momento.<\/p>\n<p><strong><u>Columna N. 9:<\/u><\/strong> Aqu\u00ed hay la suma en Euro de estos consumos.<\/p>\n<p><strong><u>Columna N. 10:<\/u><\/strong> Es presente la cuota de alarma en Kg que se pueden plantear. La disponibilidad del componente nunca tiene que ser abajo de esta cuota.<\/p>\n<p>&nbsp;<\/p>\n<p><strong>ATENCI\u00d3N: Si en el almac\u00e9n hay un componente en alarma en el men\u00fa principal, al encendio del programma o despu\u00e9s del recibimiento de los datos de la card, la tecla \u201calmac\u00e9n\u201d relampaguear\u00e1 avisando la anomal\u00eda.<\/strong><\/p>\n<p>Para imprimir el contenidodel almac\u00e9n, pulse la tecla \u00abStampa\u00bb (Imprima) (Fig.1).<\/p>\n<p><em><strong>Fig.1<\/strong><\/em><\/p>\n<p><img loading=\"lazy\" decoding=\"async\" class=\"alignnone size-full wp-image-1256\" src=\"http:\/\/service.ptmsrl.com\/wp-content\/uploads\/2016\/11\/ptm_0006_icons.jpg\" alt=\"ptm_0006_icons\" width=\"80\" height=\"32\" \/><\/p>\n<p>[\/et_pb_text][et_pb_divider admin_label=\u00bbModulo Separatore\u00bb color=\u00bb#bababa\u00bb show_divider=\u00bbon\u00bb height=\u00bb10&#8243; divider_style=\u00bbsolid\u00bb divider_position=\u00bbtop\u00bb hide_on_mobile=\u00bbon\u00bb] [\/et_pb_divider][et_pb_cta admin_label=\u00bbLink al form\u00bb global_module=\u00bb142&#8243; saved_tabs=\u00bball\u00bb title=\u00bbNon trovi quello che cerchi?\u00bb button_url=\u00bb#\u00bb url_new_window=\u00bboff\u00bb button_text=\u00bbContattaci\u00bb use_background_color=\u00bboff\u00bb background_color=\u00bb#0d76ec\u00bb background_layout=\u00bblight\u00bb text_orientation=\u00bbcenter\u00bb use_border_color=\u00bboff\u00bb border_color=\u00bb#ffffff\u00bb border_style=\u00bbsolid\u00bb custom_button=\u00bboff\u00bb button_letter_spacing=\u00bb0&#8243; button_use_icon=\u00bbdefault\u00bb button_icon_placement=\u00bbright\u00bb button_on_hover=\u00bbon\u00bb button_letter_spacing_hover=\u00bb0&#8243;] [\/et_pb_cta][\/et_pb_column_inner][\/et_pb_row_inner][\/et_pb_column][\/et_pb_section]<\/p>\n","protected":false},"excerpt":{"rendered":"<p>DATAMIX CARD Introduzione Installazione Attivazione Segnalazioni di stato Stato della connessione Funzione dei tasti Utilizzo del sistema Tastiera Peso totale Selezione della ricetta Azzeramento del peso totale Peso totale carico Peso totale scarico Peso parziale El \u201cAlmac\u00e9n\u201d se utiliza para controlar la disponibilidad de los varios componentes y como \u201chist\u00f3rico\u201d de los consumos. Columna N. [&hellip;]<\/p>\n","protected":false},"author":9,"featured_media":0,"parent":1412,"menu_order":0,"comment_status":"closed","ping_status":"closed","template":"","meta":{"_et_pb_use_builder":"on","_et_pb_old_content":"<p>[et_pb_section admin_label=\"Header - Datamix Card - ITA\" global_module=\"1218\" fullwidth=\"on\" specialty=\"off\" transparent_background=\"off\" background_color=\"#ffffff\" allow_player_pause=\"off\" inner_shadow=\"off\" parallax=\"off\" parallax_method=\"off\" padding_mobile=\"off\" make_fullwidth=\"off\" use_custom_width=\"off\" width_unit=\"on\" make_equal=\"off\" use_custom_gutter=\"off\"][et_pb_fullwidth_header global_parent=\"1218\" admin_label=\"Intestazione a Larghezza Piena\" title=\"DATAMIX CARD 3\" background_layout=\"dark\" text_orientation=\"left\" header_fullscreen=\"off\" header_scroll_down=\"off\" background_color=\"#222349\" parallax=\"off\" parallax_method=\"off\" content_orientation=\"center\" image_orientation=\"center\" title_font_color=\"#ffffff\" title_font=\"Montserrat|on|||\" title_font_size=\"40px\" custom_button_one=\"off\" button_one_letter_spacing=\"0\" button_one_use_icon=\"default\" button_one_icon_placement=\"right\" button_one_on_hover=\"on\" button_one_letter_spacing_hover=\"0\" custom_button_two=\"off\" button_two_letter_spacing=\"0\" button_two_use_icon=\"default\" button_two_icon_placement=\"right\" button_two_on_hover=\"on\" button_two_letter_spacing_hover=\"0\"] [\/et_pb_fullwidth_header][\/et_pb_section][et_pb_section admin_label=\"Sezione\" fullwidth=\"off\" specialty=\"on\" transparent_background=\"off\" background_color=\"#ffffff\" allow_player_pause=\"off\" inner_shadow=\"off\" parallax=\"off\" parallax_method=\"off\" custom_padding=\"0px|||\" padding_mobile=\"off\" make_fullwidth=\"off\" use_custom_width=\"off\" width_unit=\"on\" make_equal=\"off\" use_custom_gutter=\"off\" parallax_1=\"off\" parallax_method_1=\"off\" parallax_2=\"off\" parallax_method_2=\"off\" custom_css_main_1=\"border-right: solid 1px #bababa;\"][et_pb_column type=\"1_4\"][et_pb_blurb admin_label=\"Scheda prodotto\" url_new_window=\"on\" use_icon=\"off\" icon_color=\"#0d76ec\" use_circle=\"off\" circle_color=\"#0d76ec\" use_circle_border=\"off\" circle_border_color=\"#0d76ec\" icon_placement=\"top\" animation=\"top\" background_layout=\"light\" text_orientation=\"left\" use_icon_font_size=\"off\" use_border_color=\"off\" border_color=\"#ffffff\" border_style=\"solid\" saved_tabs=\"all\" global_module=\"1213\"] [\/et_pb_blurb][et_pb_divider admin_label=\"Modulo Separatore\" color=\"#b5b5b5\" show_divider=\"on\" divider_style=\"solid\" divider_position=\"top\" hide_on_mobile=\"on\" height=\"10\"] [\/et_pb_divider][et_pb_text admin_label=\"Menu laterale - Datamix Card - ITA\" background_layout=\"light\" text_orientation=\"left\" use_border_color=\"off\" border_color=\"#ffffff\" border_style=\"solid\" saved_tabs=\"all\" global_module=\"1215\"]<\/p><p><strong>DATAMIX CARD<\/strong><\/p><ul><li><a href=\"http:\/\/demo.n-3.it\/ptm\/guida-app-myscale\/\">Introduzione<\/a><\/li><li><a href=\"http:\/\/demo.n-3.it\/ptm\/guida-app-myscale\/guida-app-myscale-installazione-dellapp\/\">Installazione<\/a><\/li><li><a href=\"http:\/\/demo.n-3.it\/ptm\/guida-app-myscale\/guida-app-myscale-attivazione-della-modalita-myscale\/\">Attivazione<\/a><\/li><li><a href=\"http:\/\/demo.n-3.it\/ptm\/guida-app-myscale\/guida-app-myscale-segnalazioni-di-stato\/\">Segnalazioni di stato<\/a><\/li><li><a href=\"http:\/\/demo.n-3.it\/ptm\/guida-app-myscale\/guida-app-myscale-stato-della-connessione\/\">Stato della connessione<\/a><\/li><li><a href=\"http:\/\/demo.n-3.it\/ptm\/guida-app-myscale\/guida-app-myscale-funzione-dei-tasti\/\">Funzione dei tasti<\/a><\/li><li>Utilizzo del sistema<ul><li><a href=\"http:\/\/demo.n-3.it\/ptm\/guida-app-myscale\/guida-app-myscale-utilizzo-della-tastiera\/\">Tastiera<\/a><\/li><li><a href=\"http:\/\/demo.n-3.it\/ptm\/guida-app-myscale\/guida-app-myscale-peso-totale\/\">Peso totale<\/a><\/li><li><a href=\"http:\/\/demo.n-3.it\/ptm\/guida-app-myscale\/guida-app-myscale-peso-totale-selezione-della-ricetta\/\">Selezione della ricetta<\/a><\/li><li><a href=\"http:\/\/demo.n-3.it\/ptm\/guida-app-myscale\/guida-app-myscale-peso-totale-azzeramento-del-peso-totale\/\">Azzeramento del peso totale<\/a><\/li><li><a href=\"http:\/\/demo.n-3.it\/ptm\/guida-app-myscale\/guida-app-myscale-peso-totale-carico-avvio-del-carico-della-ricetta\/\">Peso totale carico<\/a><\/li><li><a href=\"http:\/\/demo.n-3.it\/ptm\/guida-app-myscale\/guida-app-myscale-peso-totale-scarico-avvio-dello-scarico-della-ricetta\/\">Peso totale scarico<\/a><\/li><li><a href=\"http:\/\/demo.n-3.it\/ptm\/guida-app-myscale\/guida-app-myscale-peso-parziale-azzeramento-del-peso-parziale\/\">Peso parziale<\/a><\/li><\/ul><\/li><\/ul><p>[\/et_pb_text][\/et_pb_column][et_pb_column type=\"3_4\" specialty_columns=\"3\"][et_pb_row_inner admin_label=\"Riga\"][et_pb_column_inner type=\"4_4\" saved_specialty_column_type=\"3_4\"][et_pb_cta admin_label=\"Titolo sezione\" title=\"Magazzino\" url_new_window=\"off\" use_background_color=\"off\" background_color=\"#0d76ec\" background_layout=\"light\" text_orientation=\"left\" use_border_color=\"off\" border_color=\"#ffffff\" border_style=\"solid\" custom_button=\"off\" button_letter_spacing=\"0\" button_use_icon=\"default\" button_icon_placement=\"right\" button_on_hover=\"on\" button_letter_spacing_hover=\"0\" header_font_size=\"40\"] [\/et_pb_cta][et_pb_text admin_label=\"Testo\" background_layout=\"light\" text_orientation=\"left\" use_border_color=\"off\" border_color=\"#ffffff\" border_style=\"solid\"]<\/p><p><img class=\"alignnone wp-image-1232 size-full\" src=\"http:\/\/demo.n-3.it\/ptm\/wp-content\/uploads\/2016\/11\/ptm_0004_datamix-card.jpg\" width=\"289\" height=\"225\" \/><\/p><p>Il \"Magazzino\" serve per controllare la disponibilit\u00e0 dei vari componenti e come 'storico' dei consumi.<\/p><p><strong><u>1\u00b0 colonna:<\/u><\/strong>\u00a0\u00a0\u00a0\u00a0\u00a0\u00a0\u00a0\u00a0\u00a0\u00a0\u00a0 Trovate uno spazio che generalmente \u00e8 verde. Diventa rosso quando il componente \u00e8 in allarme.<\/p><p><strong><u>2\u00b0 colonna:<\/u><\/strong>\u00a0\u00a0\u00a0\u00a0\u00a0\u00a0\u00a0\u00a0\u00a0\u00a0\u00a0 E\u2019 presente un numero crescente che rappresenta i 40 componenti.<\/p><p><strong><u>3\u00b0 colonna:<\/u><\/strong>\u00a0\u00a0\u00a0\u00a0\u00a0\u00a0\u00a0\u00a0\u00a0\u00a0\u00a0 E\u2019 presente il nome dei componenti.<\/p><p><strong><u>4\u00b0 colonna:<\/u><\/strong>\u00a0\u00a0\u00a0\u00a0\u00a0\u00a0\u00a0\u00a0\u00a0\u00a0\u00a0 Trovate il costo per unit\u00e0 del componente, se l\u2019avrete precedentemente inserito nella lista componenti, nel menu \u201cRicette\u201d.<\/p><p><strong><u>5\u00b0 colonna:<\/u><\/strong>\u00a0\u00a0\u00a0\u00a0\u00a0\u00a0\u00a0\u00a0\u00a0\u00a0\u00a0 Qui potete inserire la quantit\u00e0 in Kg del prodotto aggiunto a magazzino (e gli altri dati saranno aggiornati automaticamente). Le quantit\u00e0 consumate, invece, vengono automaticamente aggiornate quando si fa la lettura dalla card, cos\u00ec come vengono aggiornati automaticamente la quantit\u00e0 consumata, il valore riferito alla quantit\u00e0 disponibile e quello riferito alla quantit\u00e0 consumata.<\/p><p><strong><u>6\u00b0 colonna:<\/u><\/strong>\u00a0\u00a0\u00a0\u00a0\u00a0\u00a0\u00a0\u00a0\u00a0\u00a0\u00a0 E\u2019 presente la quantit\u00e0 disponibile in magazzino.<\/p><p><strong><u>7\u00b0 colonna:<\/u><\/strong>\u00a0\u00a0\u00a0\u00a0\u00a0\u00a0\u00a0\u00a0\u00a0\u00a0\u00a0 E\u2019 presente il valore della quantit\u00e0 disponibile per ogni componente. Se la quantit\u00e0 disponibile \u00e8 inferiore alla quota di allarme il nome del componente verr\u00e0 evidenziato in rosso in modo da focalizzare l'attenzione su tale carenza.<\/p><p><strong><u>8\u00b0 colonna:<\/u><\/strong>\u00a0\u00a0\u00a0\u00a0\u00a0\u00a0\u00a0\u00a0\u00a0\u00a0\u00a0 Qui si passa alla parte di \u201carchivio storico\u201d dei consumi che rappresenta tutti i consumi in Kg del componente effettuati fino a questo momento.<\/p><p><strong><u>9\u00b0 colonna:<\/u><\/strong>\u00a0\u00a0\u00a0\u00a0\u00a0\u00a0\u00a0\u00a0\u00a0\u00a0\u00a0 Qui trovate l'ammontare in Euro di tali consumi.<\/p><p><strong><u>10\u00b0 colonna:<\/u><\/strong> E presente la quota di allarme in Kg che \u00e8 possibile impostate, al di sotto della quale non dovrebbe mai scendere la disponibilit\u00e0 del componente.<\/p><p>\u00a0<\/p><p><strong>ATTENZIONE:<\/strong><\/p><p><strong>Nel caso in cui in magazzino ci sia un componente in allarme nel men\u00f9 principale, all\u2019avvio del programma o dopo la ricezione dati dalla card, il tasto magazzino lampegger\u00e0 segnalando l\u2019anomalia.<\/strong><\/p><p>Per stampare il contenuto del magazzino, premere il pulsante \"Stampa\" (Fig.1).<\/p><p><em><strong>Fig.1<\/strong><\/em><\/p><p><img class=\"alignnone size-full wp-image-1256\" src=\"http:\/\/demo.n-3.it\/ptm\/wp-content\/uploads\/2016\/11\/ptm_0006_icons.jpg\" alt=\"ptm_0006_icons\" width=\"80\" height=\"32\" \/><\/p><p>[\/et_pb_text][et_pb_divider admin_label=\"Modulo Separatore\" color=\"#bababa\" show_divider=\"on\" height=\"10\" divider_style=\"solid\" divider_position=\"top\" hide_on_mobile=\"on\"] [\/et_pb_divider][et_pb_cta admin_label=\"Link al form\" global_module=\"142\" saved_tabs=\"all\" title=\"Non trovi quello che cerchi?\" button_url=\"#\" url_new_window=\"off\" button_text=\"Contattaci\" use_background_color=\"off\" background_color=\"#0d76ec\" background_layout=\"light\" text_orientation=\"center\" use_border_color=\"off\" border_color=\"#ffffff\" border_style=\"solid\" custom_button=\"off\" button_letter_spacing=\"0\" button_use_icon=\"default\" button_icon_placement=\"right\" button_on_hover=\"on\" button_letter_spacing_hover=\"0\"] [\/et_pb_cta][\/et_pb_column_inner][\/et_pb_row_inner][\/et_pb_column][\/et_pb_section]<\/p>","_et_gb_content_width":"","footnotes":""},"_links":{"self":[{"href":"http:\/\/service.ptmsrl.com\/es\/wp-json\/wp\/v2\/pages\/1446"}],"collection":[{"href":"http:\/\/service.ptmsrl.com\/es\/wp-json\/wp\/v2\/pages"}],"about":[{"href":"http:\/\/service.ptmsrl.com\/es\/wp-json\/wp\/v2\/types\/page"}],"author":[{"embeddable":true,"href":"http:\/\/service.ptmsrl.com\/es\/wp-json\/wp\/v2\/users\/9"}],"replies":[{"embeddable":true,"href":"http:\/\/service.ptmsrl.com\/es\/wp-json\/wp\/v2\/comments?post=1446"}],"version-history":[{"count":0,"href":"http:\/\/service.ptmsrl.com\/es\/wp-json\/wp\/v2\/pages\/1446\/revisions"}],"up":[{"embeddable":true,"href":"http:\/\/service.ptmsrl.com\/es\/wp-json\/wp\/v2\/pages\/1412"}],"wp:attachment":[{"href":"http:\/\/service.ptmsrl.com\/es\/wp-json\/wp\/v2\/media?parent=1446"}],"curies":[{"name":"wp","href":"https:\/\/api.w.org\/{rel}","templated":true}]}}