{"id":1437,"date":"2016-11-11T14:58:20","date_gmt":"2016-11-11T13:58:20","guid":{"rendered":"http:\/\/demo.n-3.it\/ptm\/es\/?page_id=1437"},"modified":"2016-11-11T14:58:20","modified_gmt":"2016-11-11T13:58:20","slug":"recetas","status":"publish","type":"page","link":"http:\/\/service.ptmsrl.com\/es\/datamix-card-3\/recetas\/","title":{"rendered":"Recetas"},"content":{"rendered":"<p>[et_pb_section admin_label=\u00bbHeader &#8211; Datamix Card &#8211; ITA\u00bb fullwidth=\u00bbon\u00bb specialty=\u00bboff\u00bb transparent_background=\u00bboff\u00bb background_color=\u00bb#ffffff\u00bb allow_player_pause=\u00bboff\u00bb inner_shadow=\u00bboff\u00bb parallax=\u00bboff\u00bb parallax_method=\u00bboff\u00bb padding_mobile=\u00bboff\u00bb make_fullwidth=\u00bboff\u00bb use_custom_width=\u00bboff\u00bb width_unit=\u00bbon\u00bb make_equal=\u00bboff\u00bb use_custom_gutter=\u00bboff\u00bb][et_pb_fullwidth_header admin_label=\u00bbIntestazione a Larghezza Piena\u00bb title=\u00bbDATAMIX CARD 3&#8243; background_layout=\u00bbdark\u00bb text_orientation=\u00bbleft\u00bb header_fullscreen=\u00bboff\u00bb header_scroll_down=\u00bboff\u00bb background_color=\u00bb#222349&#8243; parallax=\u00bboff\u00bb parallax_method=\u00bboff\u00bb content_orientation=\u00bbcenter\u00bb image_orientation=\u00bbcenter\u00bb title_font_color=\u00bb#ffffff\u00bb title_font=\u00bbMontserrat|on|||\u00bb title_font_size=\u00bb40px\u00bb custom_button_one=\u00bboff\u00bb button_one_letter_spacing=\u00bb0&#8243; button_one_use_icon=\u00bbdefault\u00bb button_one_icon_placement=\u00bbright\u00bb button_one_on_hover=\u00bbon\u00bb button_one_letter_spacing_hover=\u00bb0&#8243; custom_button_two=\u00bboff\u00bb button_two_letter_spacing=\u00bb0&#8243; button_two_use_icon=\u00bbdefault\u00bb button_two_icon_placement=\u00bbright\u00bb button_two_on_hover=\u00bbon\u00bb button_two_letter_spacing_hover=\u00bb0&#8243;] [\/et_pb_fullwidth_header][\/et_pb_section][et_pb_section admin_label=\u00bbSezione\u00bb fullwidth=\u00bboff\u00bb specialty=\u00bbon\u00bb transparent_background=\u00bboff\u00bb background_color=\u00bb#ffffff\u00bb allow_player_pause=\u00bboff\u00bb inner_shadow=\u00bboff\u00bb parallax=\u00bboff\u00bb parallax_method=\u00bboff\u00bb custom_padding=\u00bb0px|||\u00bb padding_mobile=\u00bboff\u00bb make_fullwidth=\u00bboff\u00bb use_custom_width=\u00bboff\u00bb width_unit=\u00bbon\u00bb make_equal=\u00bboff\u00bb use_custom_gutter=\u00bboff\u00bb parallax_1=\u00bboff\u00bb parallax_method_1=\u00bboff\u00bb parallax_2=\u00bboff\u00bb parallax_method_2=\u00bboff\u00bb custom_css_main_1=\u00bbborder-right: solid 1px #bababa;\u00bb][et_pb_column type=\u00bb1_4&#8243;][et_pb_blurb admin_label=\u00bbScheda prodotto\u00bb url_new_window=\u00bbon\u00bb use_icon=\u00bboff\u00bb icon_color=\u00bb#0d76ec\u00bb use_circle=\u00bboff\u00bb circle_color=\u00bb#0d76ec\u00bb use_circle_border=\u00bboff\u00bb circle_border_color=\u00bb#0d76ec\u00bb icon_placement=\u00bbtop\u00bb animation=\u00bbtop\u00bb background_layout=\u00bblight\u00bb text_orientation=\u00bbleft\u00bb use_icon_font_size=\u00bboff\u00bb use_border_color=\u00bboff\u00bb border_color=\u00bb#ffffff\u00bb border_style=\u00bbsolid\u00bb saved_tabs=\u00bball\u00bb global_module=\u00bb1213&#8243;] [\/et_pb_blurb][et_pb_divider admin_label=\u00bbModulo Separatore\u00bb color=\u00bb#b5b5b5&#8243; show_divider=\u00bbon\u00bb divider_style=\u00bbsolid\u00bb divider_position=\u00bbtop\u00bb hide_on_mobile=\u00bbon\u00bb height=\u00bb10&#8243;] [\/et_pb_divider][et_pb_text admin_label=\u00bbMenu laterale &#8211; Datamix Card &#8211; ITA\u00bb background_layout=\u00bblight\u00bb text_orientation=\u00bbleft\u00bb use_border_color=\u00bboff\u00bb border_color=\u00bb#ffffff\u00bb border_style=\u00bbsolid\u00bb saved_tabs=\u00bball\u00bb global_module=\u00bb1215&#8243;]<\/p>\n<p><strong>DATAMIX CARD<\/strong><\/p>\n<ul>\n<li><a href=\"http:\/\/service.ptmsrl.com\/guida-app-myscale\/\">Introduzione<\/a><\/li>\n<li><a href=\"http:\/\/service.ptmsrl.com\/guida-app-myscale\/guida-app-myscale-installazione-dellapp\/\">Installazione<\/a><\/li>\n<li><a href=\"http:\/\/service.ptmsrl.com\/guida-app-myscale\/guida-app-myscale-attivazione-della-modalita-myscale\/\">Attivazione<\/a><\/li>\n<li><a href=\"http:\/\/service.ptmsrl.com\/guida-app-myscale\/guida-app-myscale-segnalazioni-di-stato\/\">Segnalazioni di stato<\/a><\/li>\n<li><a href=\"http:\/\/service.ptmsrl.com\/guida-app-myscale\/guida-app-myscale-stato-della-connessione\/\">Stato della connessione<\/a><\/li>\n<li><a href=\"http:\/\/service.ptmsrl.com\/guida-app-myscale\/guida-app-myscale-funzione-dei-tasti\/\">Funzione dei tasti<\/a><\/li>\n<li>Utilizzo del sistema\n<ul>\n<li><a href=\"http:\/\/service.ptmsrl.com\/guida-app-myscale\/guida-app-myscale-utilizzo-della-tastiera\/\">Tastiera<\/a><\/li>\n<li><a href=\"http:\/\/service.ptmsrl.com\/guida-app-myscale\/guida-app-myscale-peso-totale\/\">Peso totale<\/a><\/li>\n<li><a href=\"http:\/\/service.ptmsrl.com\/guida-app-myscale\/guida-app-myscale-peso-totale-selezione-della-ricetta\/\">Selezione della ricetta<\/a><\/li>\n<li><a href=\"http:\/\/service.ptmsrl.com\/guida-app-myscale\/guida-app-myscale-peso-totale-azzeramento-del-peso-totale\/\">Azzeramento del peso totale<\/a><\/li>\n<li><a href=\"http:\/\/service.ptmsrl.com\/guida-app-myscale\/guida-app-myscale-peso-totale-carico-avvio-del-carico-della-ricetta\/\">Peso totale carico<\/a><\/li>\n<li><a href=\"http:\/\/service.ptmsrl.com\/guida-app-myscale\/guida-app-myscale-peso-totale-scarico-avvio-dello-scarico-della-ricetta\/\">Peso totale scarico<\/a><\/li>\n<li><a href=\"http:\/\/service.ptmsrl.com\/guida-app-myscale\/guida-app-myscale-peso-parziale-azzeramento-del-peso-parziale\/\">Peso parziale<\/a><\/li>\n<\/ul>\n<\/li>\n<\/ul>\n<p>[\/et_pb_text][\/et_pb_column][et_pb_column type=\u00bb3_4&#8243; specialty_columns=\u00bb3&#8243;][et_pb_row_inner admin_label=\u00bbRiga\u00bb][et_pb_column_inner type=\u00bb4_4&#8243; saved_specialty_column_type=\u00bb3_4&#8243;][et_pb_cta admin_label=\u00bbTitolo sezione\u00bb title=\u00bbRecetas\u00bb url_new_window=\u00bboff\u00bb use_background_color=\u00bboff\u00bb background_color=\u00bb#0d76ec\u00bb background_layout=\u00bblight\u00bb text_orientation=\u00bbleft\u00bb use_border_color=\u00bboff\u00bb border_color=\u00bb#ffffff\u00bb border_style=\u00bbsolid\u00bb custom_button=\u00bboff\u00bb button_letter_spacing=\u00bb0&#8243; button_use_icon=\u00bbdefault\u00bb button_icon_placement=\u00bbright\u00bb button_on_hover=\u00bbon\u00bb button_letter_spacing_hover=\u00bb0&#8243; header_font_size=\u00bb40&#8243;] [\/et_pb_cta][et_pb_text admin_label=\u00bbTesto\u00bb background_layout=\u00bblight\u00bb text_orientation=\u00bbleft\u00bb use_border_color=\u00bboff\u00bb border_color=\u00bb#ffffff\u00bb border_style=\u00bbsolid\u00bb]<\/p>\n<p><img loading=\"lazy\" decoding=\"async\" class=\"alignnone wp-image-1433 size-full\" src=\"http:\/\/service.ptmsrl.com\/wp-content\/uploads\/2016\/11\/ptm_0011_datamixcard-esp.jpg\" width=\"289\" height=\"225\" \/><\/p>\n<p>Las recetas son identificadas con un nombre que las distingue y a cada receta corresponde el numero de animales (no m\u00e0s de 9999) a lo que tiene que ser distribuida.<\/p>\n<p>Por cada receta hay un men\u00f9 de carga y uno de descarga.<\/p>\n<p>El men\u00f9 de carga (Fig.1) es compuesto da un numero creciente junto a un componente. En cada receta se pueden tener maximo 20 componentes que pueden ser elegidos de un men\u00f9 a cortina.<\/p>\n<p>Por cada componente que se utiliza tiene que especificar la cantidad necesaria por cada cabeza de ganado y la eventual variaci\u00f3n en porcentaje del componente. Es tambi\u00e9n posible inserir una variaci\u00f3n porcentaje sobre toda la receta en la casilla de texto abajo del tabl\u00f3n. En la columna de la resultante se podr\u00e1 leer el total que se obtiene con la variaci\u00f3n porcentaje del componente y la variaci\u00f3n porcentaje de la receta.<\/p>\n<p>Es posible ver gr\u00e1ficamente las proporciones entre los varios componentes de la receta por medio del gr\u00e1fico que se compone automaticamente durante la creaci\u00f3n y la modificaci\u00f3n de las recetas.<\/p>\n<p><strong><em>Fig.1<\/em><\/strong><\/p>\n<p><img loading=\"lazy\" decoding=\"async\" class=\"alignnone wp-image-1432 size-full\" src=\"http:\/\/service.ptmsrl.com\/wp-content\/uploads\/2016\/11\/ptm_0010_datamixcard-esp.jpg\" width=\"289\" height=\"225\" \/><\/p>\n<p>El men\u00f9 de descarga (Fig.2) es tambi\u00e9n compuesto por un numero creciente, junto a una descarga. Por descarga se indica el numero de cabezas de ganado a lo que la receta ser\u00e0 distribuida. En cada receta se pueden tener maximo 20 descargas y la suma de estos corresponder\u00e0 al numero de animales asociados a esta que se pueden elegir de un men\u00f9 a cortina.<\/p>\n<p>Es necesario inserir por lo meno una descarga, sino tendr\u00e0 un error.<\/p>\n<p><strong><em>Fig.2<\/em><\/strong><\/p>\n<p><img loading=\"lazy\" decoding=\"async\" class=\"alignnone wp-image-1431 size-full\" src=\"http:\/\/service.ptmsrl.com\/wp-content\/uploads\/2016\/11\/ptm_0009_datamixcard-esp.jpg\" width=\"289\" height=\"225\" \/><\/p>\n<p>Para crear una nueva receta es necesario pulsar el bot\u00f3n \u201cNuova\u201d (nueva) (Fig. 3\u00aa), inserir el nombre que tiene que ser diferente da el de las otras recetas, y las notas eventuales. Despu\u00e9s pulsar el bot\u00f3n \u201cSalva\u201d (salva) (Fig.3b). Si se quere anular la operaci\u00f3n antes de salvar, pulsar el bot\u00f3n \u00abAnnulla\u00bb (anula) (Fig.3c).<\/p>\n<p><strong><em>Fig.3<\/em><\/strong><\/p>\n<p>a)\u00a0<img loading=\"lazy\" decoding=\"async\" class=\"alignnone size-full wp-image-1247\" src=\"http:\/\/service.ptmsrl.com\/wp-content\/uploads\/2016\/11\/ptm_0004_icons.jpg\" alt=\"ptm_0004_icons\" width=\"80\" height=\"32\" \/>\u00a0b)\u00a0<img loading=\"lazy\" decoding=\"async\" class=\"alignnone size-full wp-image-1246\" src=\"http:\/\/service.ptmsrl.com\/wp-content\/uploads\/2016\/11\/ptm_0003_icons.jpg\" alt=\"ptm_0003_icons\" width=\"80\" height=\"32\" \/>\u00a0c) <img loading=\"lazy\" decoding=\"async\" class=\"alignnone size-full wp-image-1245\" src=\"http:\/\/service.ptmsrl.com\/wp-content\/uploads\/2016\/11\/ptm_0002_icons.jpg\" alt=\"ptm_0002_icons\" width=\"80\" height=\"32\" \/><\/p>\n<p>Para modificar una receta ya existente, es suficiente modificar los datos visuzlizados, que el programa salvar\u00e1 automaticamente. Para eliminar una receta ya existente, pulsar el bot\u00f3n \u00abCancella\u00bb (borra) (Fig.4a); para copiarla en otra pulsar el bot\u00f3n \u00abCopia\u00bb (copia) (Fig.4b) y especificar el nombre de la receta d\u00f3nde hay que copiarla.<\/p>\n<p><strong><em>Fig.4<\/em><\/strong><\/p>\n<p>a)\u00a0<img loading=\"lazy\" decoding=\"async\" class=\"alignnone size-full wp-image-1245\" src=\"http:\/\/service.ptmsrl.com\/wp-content\/uploads\/2016\/11\/ptm_0002_icons.jpg\" alt=\"ptm_0002_icons\" width=\"80\" height=\"32\" \/>\u00a0b)\u00a0<img loading=\"lazy\" decoding=\"async\" class=\"alignnone size-full wp-image-1244\" src=\"http:\/\/service.ptmsrl.com\/wp-content\/uploads\/2016\/11\/ptm_0001_icons.jpg\" alt=\"ptm_0001_icons\" width=\"80\" height=\"32\" \/><\/p>\n<p>Cuando est\u00e1 en este tabl\u00f3n, es tambi\u00e8n posible moverse en el tabl\u00f3n de los Componentes (Fig.5) que contiene la lista de los componentes de las recetas.<\/p>\n<p><strong><em>Fig.5<\/em><\/strong><\/p>\n<p><em><img loading=\"lazy\" decoding=\"async\" class=\"alignnone size-full wp-image-1243\" src=\"http:\/\/service.ptmsrl.com\/wp-content\/uploads\/2016\/11\/ptm_0000_icons.jpg\" alt=\"ptm_0000_icons\" width=\"80\" height=\"32\" \/><\/em><\/p>\n<p>[\/et_pb_text][et_pb_divider admin_label=\u00bbModulo Separatore\u00bb color=\u00bb#bababa\u00bb show_divider=\u00bbon\u00bb height=\u00bb10&#8243; divider_style=\u00bbsolid\u00bb divider_position=\u00bbtop\u00bb hide_on_mobile=\u00bbon\u00bb] [\/et_pb_divider][et_pb_cta admin_label=\u00bbLink al form\u00bb global_module=\u00bb142&#8243; saved_tabs=\u00bball\u00bb title=\u00bbNon trovi quello che cerchi?\u00bb button_url=\u00bb#\u00bb url_new_window=\u00bboff\u00bb button_text=\u00bbContattaci\u00bb use_background_color=\u00bboff\u00bb background_color=\u00bb#0d76ec\u00bb background_layout=\u00bblight\u00bb text_orientation=\u00bbcenter\u00bb use_border_color=\u00bboff\u00bb border_color=\u00bb#ffffff\u00bb border_style=\u00bbsolid\u00bb custom_button=\u00bboff\u00bb button_letter_spacing=\u00bb0&#8243; button_use_icon=\u00bbdefault\u00bb button_icon_placement=\u00bbright\u00bb button_on_hover=\u00bbon\u00bb button_letter_spacing_hover=\u00bb0&#8243;] [\/et_pb_cta][\/et_pb_column_inner][\/et_pb_row_inner][\/et_pb_column][\/et_pb_section]<\/p>\n","protected":false},"excerpt":{"rendered":"<p>DATAMIX CARD Introduzione Installazione Attivazione Segnalazioni di stato Stato della connessione Funzione dei tasti Utilizzo del sistema Tastiera Peso totale Selezione della ricetta Azzeramento del peso totale Peso totale carico Peso totale scarico Peso parziale Las recetas son identificadas con un nombre que las distingue y a cada receta corresponde el numero de animales (no [&hellip;]<\/p>\n","protected":false},"author":9,"featured_media":0,"parent":1412,"menu_order":0,"comment_status":"closed","ping_status":"closed","template":"","meta":{"_et_pb_use_builder":"on","_et_pb_old_content":"<p>[et_pb_section admin_label=\"Header - Datamix Card - ITA\" global_module=\"1218\" fullwidth=\"on\" specialty=\"off\" transparent_background=\"off\" background_color=\"#ffffff\" allow_player_pause=\"off\" inner_shadow=\"off\" parallax=\"off\" parallax_method=\"off\" padding_mobile=\"off\" make_fullwidth=\"off\" use_custom_width=\"off\" width_unit=\"on\" make_equal=\"off\" use_custom_gutter=\"off\"][et_pb_fullwidth_header global_parent=\"1218\" admin_label=\"Intestazione a Larghezza Piena\" title=\"DATAMIX CARD 3\" background_layout=\"dark\" text_orientation=\"left\" header_fullscreen=\"off\" header_scroll_down=\"off\" background_color=\"#222349\" parallax=\"off\" parallax_method=\"off\" content_orientation=\"center\" image_orientation=\"center\" title_font_color=\"#ffffff\" title_font=\"Montserrat|on|||\" title_font_size=\"40px\" custom_button_one=\"off\" button_one_letter_spacing=\"0\" button_one_use_icon=\"default\" button_one_icon_placement=\"right\" button_one_on_hover=\"on\" button_one_letter_spacing_hover=\"0\" custom_button_two=\"off\" button_two_letter_spacing=\"0\" button_two_use_icon=\"default\" button_two_icon_placement=\"right\" button_two_on_hover=\"on\" button_two_letter_spacing_hover=\"0\"] [\/et_pb_fullwidth_header][\/et_pb_section][et_pb_section admin_label=\"Sezione\" fullwidth=\"off\" specialty=\"on\" transparent_background=\"off\" background_color=\"#ffffff\" allow_player_pause=\"off\" inner_shadow=\"off\" parallax=\"off\" parallax_method=\"off\" custom_padding=\"0px|||\" padding_mobile=\"off\" make_fullwidth=\"off\" use_custom_width=\"off\" width_unit=\"on\" make_equal=\"off\" use_custom_gutter=\"off\" parallax_1=\"off\" parallax_method_1=\"off\" parallax_2=\"off\" parallax_method_2=\"off\" custom_css_main_1=\"border-right: solid 1px #bababa;\"][et_pb_column type=\"1_4\"][et_pb_blurb admin_label=\"Scheda prodotto\" url_new_window=\"on\" use_icon=\"off\" icon_color=\"#0d76ec\" use_circle=\"off\" circle_color=\"#0d76ec\" use_circle_border=\"off\" circle_border_color=\"#0d76ec\" icon_placement=\"top\" animation=\"top\" background_layout=\"light\" text_orientation=\"left\" use_icon_font_size=\"off\" use_border_color=\"off\" border_color=\"#ffffff\" border_style=\"solid\" saved_tabs=\"all\" global_module=\"1213\"] [\/et_pb_blurb][et_pb_divider admin_label=\"Modulo Separatore\" color=\"#b5b5b5\" show_divider=\"on\" divider_style=\"solid\" divider_position=\"top\" hide_on_mobile=\"on\" height=\"10\"] [\/et_pb_divider][et_pb_text admin_label=\"Menu laterale - Datamix Card - ITA\" background_layout=\"light\" text_orientation=\"left\" use_border_color=\"off\" border_color=\"#ffffff\" border_style=\"solid\" saved_tabs=\"all\" global_module=\"1215\"]<\/p><p><strong>DATAMIX CARD<\/strong><\/p><ul><li><a href=\"http:\/\/demo.n-3.it\/ptm\/guida-app-myscale\/\">Introduzione<\/a><\/li><li><a href=\"http:\/\/demo.n-3.it\/ptm\/guida-app-myscale\/guida-app-myscale-installazione-dellapp\/\">Installazione<\/a><\/li><li><a href=\"http:\/\/demo.n-3.it\/ptm\/guida-app-myscale\/guida-app-myscale-attivazione-della-modalita-myscale\/\">Attivazione<\/a><\/li><li><a href=\"http:\/\/demo.n-3.it\/ptm\/guida-app-myscale\/guida-app-myscale-segnalazioni-di-stato\/\">Segnalazioni di stato<\/a><\/li><li><a href=\"http:\/\/demo.n-3.it\/ptm\/guida-app-myscale\/guida-app-myscale-stato-della-connessione\/\">Stato della connessione<\/a><\/li><li><a href=\"http:\/\/demo.n-3.it\/ptm\/guida-app-myscale\/guida-app-myscale-funzione-dei-tasti\/\">Funzione dei tasti<\/a><\/li><li>Utilizzo del sistema<ul><li><a href=\"http:\/\/demo.n-3.it\/ptm\/guida-app-myscale\/guida-app-myscale-utilizzo-della-tastiera\/\">Tastiera<\/a><\/li><li><a href=\"http:\/\/demo.n-3.it\/ptm\/guida-app-myscale\/guida-app-myscale-peso-totale\/\">Peso totale<\/a><\/li><li><a href=\"http:\/\/demo.n-3.it\/ptm\/guida-app-myscale\/guida-app-myscale-peso-totale-selezione-della-ricetta\/\">Selezione della ricetta<\/a><\/li><li><a href=\"http:\/\/demo.n-3.it\/ptm\/guida-app-myscale\/guida-app-myscale-peso-totale-azzeramento-del-peso-totale\/\">Azzeramento del peso totale<\/a><\/li><li><a href=\"http:\/\/demo.n-3.it\/ptm\/guida-app-myscale\/guida-app-myscale-peso-totale-carico-avvio-del-carico-della-ricetta\/\">Peso totale carico<\/a><\/li><li><a href=\"http:\/\/demo.n-3.it\/ptm\/guida-app-myscale\/guida-app-myscale-peso-totale-scarico-avvio-dello-scarico-della-ricetta\/\">Peso totale scarico<\/a><\/li><li><a href=\"http:\/\/demo.n-3.it\/ptm\/guida-app-myscale\/guida-app-myscale-peso-parziale-azzeramento-del-peso-parziale\/\">Peso parziale<\/a><\/li><\/ul><\/li><\/ul><p>[\/et_pb_text][\/et_pb_column][et_pb_column type=\"3_4\" specialty_columns=\"3\"][et_pb_row_inner admin_label=\"Riga\"][et_pb_column_inner type=\"4_4\" saved_specialty_column_type=\"3_4\"][et_pb_cta admin_label=\"Titolo sezione\" title=\"Ricette\" url_new_window=\"off\" use_background_color=\"off\" background_color=\"#0d76ec\" background_layout=\"light\" text_orientation=\"left\" use_border_color=\"off\" border_color=\"#ffffff\" border_style=\"solid\" custom_button=\"off\" button_letter_spacing=\"0\" button_use_icon=\"default\" button_icon_placement=\"right\" button_on_hover=\"on\" button_letter_spacing_hover=\"0\" header_font_size=\"40\"] [\/et_pb_cta][et_pb_text admin_label=\"Testo\" background_layout=\"light\" text_orientation=\"left\" use_border_color=\"off\" border_color=\"#ffffff\" border_style=\"solid\"]<\/p><p><img class=\"alignnone wp-image-1239 size-full\" src=\"http:\/\/demo.n-3.it\/ptm\/wp-content\/uploads\/2016\/11\/ptm_0011_datamix-card.jpg\" width=\"289\" height=\"225\" \/><\/p><p>Le ricette vengono identificate tramite un nome che le distingue univocamente e ad ogni ricetta corrisponde il numero di animali (al massimo 9999) a cui deve essere somministrata.<\/p><p>Per ogni ricetta \u00e8 presente un men\u00f9 di carico ed uno di scarico.<\/p><p>Il men\u00f9 di carico (Fig.1) \u00e8 composto da un numero crescente associato ad un componente. In ogni ricetta sono permessi al massimo 20 componenti che possono essere scelti tramite un men\u00f9 a tendina. Per ogni componente utilizzato si deve specificare la quantit\u00e0 necessaria per ogni capo e l'eventuale variazione percentuale sul componente. \u00c8 inoltre possibile inserire una variazione percentuale su tutta la ricetta nella casella di testo sotto alla tabella. Nella colonna della risultante si potr\u00e0 leggere il totale derivato dalla quantit\u00e0 con la variazione percentuale sul componente e la variazione percentuale sulla ricetta.<\/p><p>\u00c8 possibile vedere graficamente le proporzioni tra i vari componenti della ricetta grazie al grafico che si compone automaticamente durante la creazione e la modifica delle ricette.<\/p><p><strong><em>Fig.1<\/em><\/strong><\/p><p><img class=\"alignnone size-full wp-image-1238\" src=\"http:\/\/demo.n-3.it\/ptm\/wp-content\/uploads\/2016\/11\/ptm_0010_datamix-card.jpg\" alt=\"ptm_0010_datamix-card\" width=\"289\" height=\"225\" \/><\/p><p>Il men\u00f9 di scarico (Fig.2) \u00e8 composto anch'esso da un numero crescente, associato per\u00f2 ad uno scarico. Per scarico si intende il numero di capi a cui dovr\u00e0 essere somministrata la ricetta. Per ogni ricetta sono ammessi al massimo 20 scarichi e la somma di essi corrisponder\u00e0 al numero di capi associati ad essa. \u00c8 necessario inserire almeno uno scarico altrimenti sar\u00e0 generato un errore.<\/p><p><strong><em>Fig.2<\/em><\/strong><\/p><p><img class=\"alignnone size-full wp-image-1237\" src=\"http:\/\/demo.n-3.it\/ptm\/wp-content\/uploads\/2016\/11\/ptm_0009_datamix-card.jpg\" alt=\"ptm_0009_datamix-card\" width=\"289\" height=\"225\" \/><\/p><p>Per creare una nuova ricetta \u00e8 necessario premere il pulsante \"Nuova\" (Fig.3a), inserire il nome (che deve essere diverso da quello delle altre ricette) e le eventuali note. Quindi premere il pulsante \"Salva\" (Fig.3b). Se, prima di salvare, si vuole annullare l'operazione, premere il pulsante \"Annulla\" (Fig.3c).<\/p><p><strong><em>Fig.3<\/em><\/strong><\/p><p>a)\u00a0<img class=\"alignnone size-full wp-image-1247\" src=\"http:\/\/demo.n-3.it\/ptm\/wp-content\/uploads\/2016\/11\/ptm_0004_icons.jpg\" alt=\"ptm_0004_icons\" width=\"80\" height=\"32\" \/>\u00a0b)\u00a0<img class=\"alignnone size-full wp-image-1246\" src=\"http:\/\/demo.n-3.it\/ptm\/wp-content\/uploads\/2016\/11\/ptm_0003_icons.jpg\" alt=\"ptm_0003_icons\" width=\"80\" height=\"32\" \/>\u00a0c) <img class=\"alignnone size-full wp-image-1245\" src=\"http:\/\/demo.n-3.it\/ptm\/wp-content\/uploads\/2016\/11\/ptm_0002_icons.jpg\" alt=\"ptm_0002_icons\" width=\"80\" height=\"32\" \/><\/p><p>Per modificare, invece, una ricetta esistente, \u00e8 sufficiente modificare i dati visualizzati che verranno salvati automaticamente dal programma.<\/p><p>Per eliminare una ricetta esistente, premere il pulsate \"Cancella\" (Fig.4a), per copiarla in un'altra, premere \"Copia\" (Fig.4b) e specificare il nome della ricetta su cui copiarla.<\/p><p><strong><em>Fig.4<\/em><\/strong><\/p><p>a)\u00a0<img class=\"alignnone size-full wp-image-1245\" src=\"http:\/\/demo.n-3.it\/ptm\/wp-content\/uploads\/2016\/11\/ptm_0002_icons.jpg\" alt=\"ptm_0002_icons\" width=\"80\" height=\"32\" \/>\u00a0b)\u00a0<img class=\"alignnone size-full wp-image-1244\" src=\"http:\/\/demo.n-3.it\/ptm\/wp-content\/uploads\/2016\/11\/ptm_0001_icons.jpg\" alt=\"ptm_0001_icons\" width=\"80\" height=\"32\" \/><\/p><p>Da qui \u00e8 anche possibile spostarsi sulla tabella dei Componenti (Fig.5) che contiene l\u2019elenco dei componenti delle ricette.<\/p><p><strong><em>Fig.5<\/em><\/strong><\/p><p><em><img class=\"alignnone size-full wp-image-1243\" src=\"http:\/\/demo.n-3.it\/ptm\/wp-content\/uploads\/2016\/11\/ptm_0000_icons.jpg\" alt=\"ptm_0000_icons\" width=\"80\" height=\"32\" \/><\/em><\/p><p>[\/et_pb_text][et_pb_divider admin_label=\"Modulo Separatore\" color=\"#bababa\" show_divider=\"on\" height=\"10\" divider_style=\"solid\" divider_position=\"top\" hide_on_mobile=\"on\"] [\/et_pb_divider][et_pb_cta admin_label=\"Link al form\" global_module=\"142\" saved_tabs=\"all\" title=\"Non trovi quello che cerchi?\" button_url=\"#\" url_new_window=\"off\" button_text=\"Contattaci\" use_background_color=\"off\" background_color=\"#0d76ec\" background_layout=\"light\" text_orientation=\"center\" use_border_color=\"off\" border_color=\"#ffffff\" border_style=\"solid\" custom_button=\"off\" button_letter_spacing=\"0\" button_use_icon=\"default\" button_icon_placement=\"right\" button_on_hover=\"on\" button_letter_spacing_hover=\"0\"] [\/et_pb_cta][\/et_pb_column_inner][\/et_pb_row_inner][\/et_pb_column][\/et_pb_section]<\/p>","_et_gb_content_width":"","footnotes":""},"_links":{"self":[{"href":"http:\/\/service.ptmsrl.com\/es\/wp-json\/wp\/v2\/pages\/1437"}],"collection":[{"href":"http:\/\/service.ptmsrl.com\/es\/wp-json\/wp\/v2\/pages"}],"about":[{"href":"http:\/\/service.ptmsrl.com\/es\/wp-json\/wp\/v2\/types\/page"}],"author":[{"embeddable":true,"href":"http:\/\/service.ptmsrl.com\/es\/wp-json\/wp\/v2\/users\/9"}],"replies":[{"embeddable":true,"href":"http:\/\/service.ptmsrl.com\/es\/wp-json\/wp\/v2\/comments?post=1437"}],"version-history":[{"count":0,"href":"http:\/\/service.ptmsrl.com\/es\/wp-json\/wp\/v2\/pages\/1437\/revisions"}],"up":[{"embeddable":true,"href":"http:\/\/service.ptmsrl.com\/es\/wp-json\/wp\/v2\/pages\/1412"}],"wp:attachment":[{"href":"http:\/\/service.ptmsrl.com\/es\/wp-json\/wp\/v2\/media?parent=1437"}],"curies":[{"name":"wp","href":"https:\/\/api.w.org\/{rel}","templated":true}]}}