{"id":828,"date":"2016-11-08T11:31:32","date_gmt":"2016-11-08T10:31:32","guid":{"rendered":"http:\/\/demo.n-3.it\/ptm\/en\/?page_id=828"},"modified":"2016-11-08T15:42:21","modified_gmt":"2016-11-08T14:42:21","slug":"unloads-archive","status":"publish","type":"page","link":"http:\/\/service.ptmsrl.com\/en\/super-datamix\/unloads-archive\/","title":{"rendered":"Unloads archive"},"content":{"rendered":"<p>[et_pb_section admin_label=&#8221;section&#8221; fullwidth=&#8221;on&#8221;][et_pb_fullwidth_header admin_label=&#8221;Intestazione a Larghezza Piena&#8221; title=&#8221;SUPER DATAMIX 5&#8243; background_layout=&#8221;dark&#8221; text_orientation=&#8221;left&#8221; header_fullscreen=&#8221;off&#8221; header_scroll_down=&#8221;off&#8221; background_color=&#8221;#222349&#8243; parallax=&#8221;off&#8221; parallax_method=&#8221;off&#8221; content_orientation=&#8221;center&#8221; image_orientation=&#8221;center&#8221; title_font=&#8221;Montserrat|on|||&#8221; title_font_size=&#8221;40px&#8221; custom_button_one=&#8221;off&#8221; button_one_letter_spacing=&#8221;0&#8243; button_one_use_icon=&#8221;default&#8221; button_one_icon_placement=&#8221;right&#8221; button_one_on_hover=&#8221;on&#8221; button_one_letter_spacing_hover=&#8221;0&#8243; custom_button_two=&#8221;off&#8221; button_two_letter_spacing=&#8221;0&#8243; button_two_use_icon=&#8221;default&#8221; button_two_icon_placement=&#8221;right&#8221; button_two_on_hover=&#8221;on&#8221; button_two_letter_spacing_hover=&#8221;0&#8243; title_font_color=&#8221;#ffffff&#8221;] [\/et_pb_fullwidth_header][\/et_pb_section][et_pb_section admin_label=&#8221;Sezione&#8221; fullwidth=&#8221;off&#8221; specialty=&#8221;on&#8221; transparent_background=&#8221;off&#8221; background_color=&#8221;#ffffff&#8221; allow_player_pause=&#8221;off&#8221; inner_shadow=&#8221;off&#8221; parallax=&#8221;off&#8221; parallax_method=&#8221;off&#8221; custom_padding=&#8221;0px|||&#8221; padding_mobile=&#8221;off&#8221; make_fullwidth=&#8221;off&#8221; use_custom_width=&#8221;off&#8221; width_unit=&#8221;on&#8221; make_equal=&#8221;off&#8221; use_custom_gutter=&#8221;off&#8221; parallax_1=&#8221;off&#8221; parallax_method_1=&#8221;off&#8221; parallax_2=&#8221;off&#8221; parallax_method_2=&#8221;off&#8221; custom_css_main_1=&#8221;border-right: solid 1px #bababa;&#8221;][et_pb_column type=&#8221;1_4&#8243;][et_pb_blurb admin_label=&#8221;Link al prodotto &#8211; SUPER DATAMIX &#8211; ITA&#8221; global_module=&#8221;710&#8243; saved_tabs=&#8221;all&#8221; title=&#8221;Scheda prodotto&#8221; url=&#8221;http:\/\/www.ptmsrl.com\/it\/s34\/product\/&#8221; url_new_window=&#8221;on&#8221; use_icon=&#8221;on&#8221; font_icon=&#8221;%%101%%&#8221; icon_color=&#8221;#b5b5b5&#8243; use_circle=&#8221;off&#8221; circle_color=&#8221;#0d76ec&#8221; use_circle_border=&#8221;off&#8221; circle_border_color=&#8221;#0d76ec&#8221; icon_placement=&#8221;left&#8221; animation=&#8221;top&#8221; background_layout=&#8221;light&#8221; text_orientation=&#8221;left&#8221; use_icon_font_size=&#8221;off&#8221; use_border_color=&#8221;off&#8221; border_color=&#8221;#ffffff&#8221; border_style=&#8221;solid&#8221;]<br \/>\n[\/et_pb_blurb][et_pb_divider admin_label=&#8221;Modulo Separatore&#8221; color=&#8221;#b5b5b5&#8243; show_divider=&#8221;on&#8221; divider_style=&#8221;solid&#8221; divider_position=&#8221;top&#8221; hide_on_mobile=&#8221;on&#8221; height=&#8221;10&#8243;]<br \/>\n[\/et_pb_divider][et_pb_text admin_label=&#8221;Menu laterale &#8211; SUPER DATAMIX &#8211; ITA&#8221; global_module=&#8221;714&#8243; saved_tabs=&#8221;all&#8221; background_layout=&#8221;light&#8221; text_orientation=&#8221;left&#8221; text_font_size=&#8221;16&#8243; use_border_color=&#8221;off&#8221; border_color=&#8221;#ffffff&#8221; border_style=&#8221;solid&#8221;]<\/p>\n<p><strong>SUPER DATAMIX<\/strong><\/p>\n<ul>\n<li><a href=\"http:\/\/service.ptmsrl.com\/guida-app-myscale\/\">Introduzione<\/a><\/li>\n<li><a href=\"http:\/\/service.ptmsrl.com\/guida-app-myscale\/guida-app-myscale-installazione-dellapp\/\">Installazione<\/a><\/li>\n<li><a href=\"http:\/\/service.ptmsrl.com\/guida-app-myscale\/guida-app-myscale-attivazione-della-modalita-myscale\/\">Attivazione<\/a><\/li>\n<li><a href=\"http:\/\/service.ptmsrl.com\/guida-app-myscale\/guida-app-myscale-segnalazioni-di-stato\/\">Segnalazioni di stato<\/a><\/li>\n<li><a href=\"http:\/\/service.ptmsrl.com\/guida-app-myscale\/guida-app-myscale-stato-della-connessione\/\">Stato della connessione<\/a><\/li>\n<li><a href=\"http:\/\/service.ptmsrl.com\/guida-app-myscale\/guida-app-myscale-funzione-dei-tasti\/\">Funzione dei tasti<\/a><\/li>\n<li>Utilizzo del sistema\n<ul>\n<li><a href=\"http:\/\/service.ptmsrl.com\/guida-app-myscale\/guida-app-myscale-utilizzo-della-tastiera\/\">Tastiera<\/a><\/li>\n<li><a href=\"http:\/\/service.ptmsrl.com\/guida-app-myscale\/guida-app-myscale-peso-totale\/\">Peso totale<\/a><\/li>\n<li><a href=\"http:\/\/service.ptmsrl.com\/guida-app-myscale\/guida-app-myscale-peso-totale-selezione-della-ricetta\/\">Selezione della ricetta<\/a><\/li>\n<li><a href=\"http:\/\/service.ptmsrl.com\/guida-app-myscale\/guida-app-myscale-peso-totale-azzeramento-del-peso-totale\/\">Azzeramento del peso totale<\/a><\/li>\n<li><a href=\"http:\/\/service.ptmsrl.com\/guida-app-myscale\/guida-app-myscale-peso-totale-carico-avvio-del-carico-della-ricetta\/\">Peso totale carico<\/a><\/li>\n<li><a href=\"http:\/\/service.ptmsrl.com\/guida-app-myscale\/guida-app-myscale-peso-totale-scarico-avvio-dello-scarico-della-ricetta\/\">Peso totale scarico<\/a><\/li>\n<li><a href=\"http:\/\/service.ptmsrl.com\/guida-app-myscale\/guida-app-myscale-peso-parziale-azzeramento-del-peso-parziale\/\">Peso parziale<\/a><\/li>\n<\/ul>\n<\/li>\n<\/ul>\n<p>[\/et_pb_text][\/et_pb_column][et_pb_column type=&#8221;3_4&#8243; specialty_columns=&#8221;3&#8243;][et_pb_row_inner admin_label=&#8221;Riga&#8221;][et_pb_column_inner type=&#8221;4_4&#8243; saved_specialty_column_type=&#8221;3_4&#8243;][et_pb_cta admin_label=&#8221;Titolo sezione&#8221; title=&#8221;Unloads archive&#8221; url_new_window=&#8221;off&#8221; use_background_color=&#8221;off&#8221; background_color=&#8221;#0d76ec&#8221; background_layout=&#8221;light&#8221; text_orientation=&#8221;left&#8221; use_border_color=&#8221;off&#8221; border_color=&#8221;#ffffff&#8221; border_style=&#8221;solid&#8221; custom_button=&#8221;off&#8221; button_letter_spacing=&#8221;0&#8243; button_use_icon=&#8221;default&#8221; button_icon_placement=&#8221;right&#8221; button_on_hover=&#8221;on&#8221; button_letter_spacing_hover=&#8221;0&#8243; header_font_size=&#8221;40&#8243;] [\/et_pb_cta][et_pb_text admin_label=&#8221;Testo&#8221; background_layout=&#8221;light&#8221; text_orientation=&#8221;left&#8221; use_border_color=&#8221;off&#8221; border_color=&#8221;#ffffff&#8221; border_style=&#8221;solid&#8221;]<\/p>\n<p><img loading=\"lazy\" decoding=\"async\" class=\"alignnone size-full wp-image-803\" src=\"http:\/\/service.ptmsrl.com\/wp-content\/uploads\/2016\/11\/ptm_0017_unloads.jpg\" alt=\"ptm_0017_unloads\" width=\"459\" height=\"333\" srcset=\"http:\/\/service.ptmsrl.com\/wp-content\/uploads\/2016\/11\/ptm_0017_unloads.jpg 459w, http:\/\/service.ptmsrl.com\/wp-content\/uploads\/2016\/11\/ptm_0017_unloads-300x218.jpg 300w\" sizes=\"(max-width: 459px) 100vw, 459px\" \/><\/p>\n<p>In this menu it is possible to visualize and keep under control the unloading operations.<\/p>\n<p>In the table [12] the are visualized the unloading operations imported by the scale.<\/p>\n<p>By selecting an unloading operation in the table [12], it is automatically recorded the table [13] with the unloading groups concerning the operation itself and relevant milk productions.<\/p>\n<p>On the operations of the table [12] it is also possible to make some aimed researches to find out the data you are interested in.<\/p>\n<p>To make said researches it is enough to select from the menus, located in the upper part of the menu, the criteria in accordance to which data are required to be visualized. After that they will be only visualized the data matching the selected research criteria.<\/p>\n<p>Above all it is possible to make researches about following subjects:<\/p>\n<p>&#8211; <strong>Wagons <\/strong>[5]: in this list they are stated the wagons connected with the effected unloading operations;<\/p>\n<p>&#8211; <strong>Customer<\/strong> [6]: in this list they are registered all customers related to unloading operations;<\/p>\n<p>&#8211; <strong>Recip<\/strong>e [7]: in this list they are mentioned all the recipes connected with the unloading operations;<\/p>\n<p>&#8211; <strong>Group <\/strong>[8]: in this list they are stated all the groups related to the unloading operations;<\/p>\n<p>&#8211; <strong>From <\/strong>[9]: from this calendar it is possible to select the date of the beginning of the operations to be visualized (when entering the first time, the starting date is automatically corresponding with the older date of the unloading operations) ) up to the date mentioned in the section [10]<\/p>\n<p>&#8211; <strong>To<\/strong> [10]: from this calendar it is possible to select the date of the end of the operations to be visualized (when entering the first time in this menu, the ending date is automatically corresponding to the most recent date of the unloading operations) and to be combined with the starting date selected in the section [9]<\/p>\n<p>&#8211; <strong>Month<\/strong> [11]: in this list it is possible to select the month of the operations to be visualized.<\/p>\n<p>&nbsp;<\/p>\n<p>In the table [12] they are stated some data regarding the unloading operations<\/p>\n<p>&nbsp;<\/p>\n<p>In the table [13] it is visualized the detail concerning the unloading operation with the group, the number of animals and relevant produced quantity of milk which should be modified through program.<\/p>\n<p>When entering in the menu, underneath, it is visualized the graphic related to selected unload operations. It is possible to pass from the graphic of the unload operations to the graphic concerning the milk production and vice versa by selecting the relevant option [14]. In accordance to visualized graphic it is moreover possible to select the data to visualize through the relevant options [15].<\/p>\n<p>&nbsp;<\/p>\n<p>To visualize and eventually print the report, it is it is necessary to select one or more lines in the table and press &#8220;Report&#8221; [4].<\/p>\n<p>[\/et_pb_text][et_pb_divider admin_label=&#8221;Modulo Separatore&#8221; color=&#8221;#bababa&#8221; show_divider=&#8221;on&#8221; height=&#8221;10&#8243; divider_style=&#8221;solid&#8221; divider_position=&#8221;top&#8221; hide_on_mobile=&#8221;on&#8221;]<br \/>\n[\/et_pb_divider][et_pb_cta admin_label=&#8221;Link al form&#8221; global_module=&#8221;142&#8243; saved_tabs=&#8221;all&#8221; title=&#8221;Non trovi quello che cerchi?&#8221; button_url=&#8221;#&#8221; url_new_window=&#8221;off&#8221; button_text=&#8221;Contattaci&#8221; use_background_color=&#8221;off&#8221; background_color=&#8221;#0d76ec&#8221; background_layout=&#8221;light&#8221; text_orientation=&#8221;center&#8221; use_border_color=&#8221;off&#8221; border_color=&#8221;#ffffff&#8221; border_style=&#8221;solid&#8221; custom_button=&#8221;off&#8221; button_letter_spacing=&#8221;0&#8243; button_use_icon=&#8221;default&#8221; button_icon_placement=&#8221;right&#8221; button_on_hover=&#8221;on&#8221; button_letter_spacing_hover=&#8221;0&#8243;]<br \/>\n[\/et_pb_cta][\/et_pb_column_inner][\/et_pb_row_inner][\/et_pb_column][\/et_pb_section]<\/p>\n","protected":false},"excerpt":{"rendered":"<p>SUPER DATAMIX Introduzione Installazione Attivazione Segnalazioni di stato Stato della connessione Funzione dei tasti Utilizzo del sistema Tastiera Peso totale Selezione della ricetta Azzeramento del peso totale Peso totale carico Peso totale scarico Peso parziale In this menu it is possible to visualize and keep under control the unloading operations. In the table [12] the [&hellip;]<\/p>\n","protected":false},"author":9,"featured_media":0,"parent":785,"menu_order":0,"comment_status":"closed","ping_status":"closed","template":"","meta":{"_et_pb_use_builder":"on","_et_pb_old_content":"<p>[et_pb_section admin_label=\"section\" global_module=\"706\" fullwidth=\"on\"][et_pb_fullwidth_header global_parent=\"706\" admin_label=\"Intestazione a Larghezza Piena\" title=\"SUPER DATAMIX\" background_layout=\"dark\" text_orientation=\"left\" header_fullscreen=\"off\" header_scroll_down=\"off\" background_color=\"#222349\" parallax=\"off\" parallax_method=\"off\" content_orientation=\"center\" image_orientation=\"center\" title_font=\"Montserrat|on|||\" title_font_size=\"40px\" custom_button_one=\"off\" button_one_letter_spacing=\"0\" button_one_use_icon=\"default\" button_one_icon_placement=\"right\" button_one_on_hover=\"on\" button_one_letter_spacing_hover=\"0\" custom_button_two=\"off\" button_two_letter_spacing=\"0\" button_two_use_icon=\"default\" button_two_icon_placement=\"right\" button_two_on_hover=\"on\" button_two_letter_spacing_hover=\"0\" title_font_color=\"#ffffff\"] [\/et_pb_fullwidth_header][\/et_pb_section][et_pb_section admin_label=\"Sezione\" fullwidth=\"off\" specialty=\"on\" transparent_background=\"off\" background_color=\"#ffffff\" allow_player_pause=\"off\" inner_shadow=\"off\" parallax=\"off\" parallax_method=\"off\" custom_padding=\"0px|||\" padding_mobile=\"off\" make_fullwidth=\"off\" use_custom_width=\"off\" width_unit=\"on\" make_equal=\"off\" use_custom_gutter=\"off\" parallax_1=\"off\" parallax_method_1=\"off\" parallax_2=\"off\" parallax_method_2=\"off\" custom_css_main_1=\"border-right: solid 1px #bababa;\"][et_pb_column type=\"1_4\"][et_pb_blurb admin_label=\"Link al prodotto - SUPER DATAMIX - ITA\" global_module=\"710\" saved_tabs=\"all\" title=\"Scheda prodotto\" url=\"http:\/\/www.ptmsrl.com\/it\/s34\/product\/\" url_new_window=\"on\" use_icon=\"on\" font_icon=\"%%101%%\" icon_color=\"#b5b5b5\" use_circle=\"off\" circle_color=\"#0d76ec\" use_circle_border=\"off\" circle_border_color=\"#0d76ec\" icon_placement=\"left\" animation=\"top\" background_layout=\"light\" text_orientation=\"left\" use_icon_font_size=\"off\" use_border_color=\"off\" border_color=\"#ffffff\" border_style=\"solid\"]<br \/> [\/et_pb_blurb][et_pb_divider admin_label=\"Modulo Separatore\" color=\"#b5b5b5\" show_divider=\"on\" divider_style=\"solid\" divider_position=\"top\" hide_on_mobile=\"on\" height=\"10\"]<br \/> [\/et_pb_divider][et_pb_text admin_label=\"Menu laterale - SUPER DATAMIX - ITA\" global_module=\"714\" saved_tabs=\"all\" background_layout=\"light\" text_orientation=\"left\" text_font_size=\"16\" use_border_color=\"off\" border_color=\"#ffffff\" border_style=\"solid\"]<\/p><p><strong>SUPER DATAMIX<\/strong><\/p><ul><li><a href=\"http:\/\/demo.n-3.it\/ptm\/guida-app-myscale\/\">Introduzione<\/a><\/li><li><a href=\"http:\/\/demo.n-3.it\/ptm\/guida-app-myscale\/guida-app-myscale-installazione-dellapp\/\">Installazione<\/a><\/li><li><a href=\"http:\/\/demo.n-3.it\/ptm\/guida-app-myscale\/guida-app-myscale-attivazione-della-modalita-myscale\/\">Attivazione<\/a><\/li><li><a href=\"http:\/\/demo.n-3.it\/ptm\/guida-app-myscale\/guida-app-myscale-segnalazioni-di-stato\/\">Segnalazioni di stato<\/a><\/li><li><a href=\"http:\/\/demo.n-3.it\/ptm\/guida-app-myscale\/guida-app-myscale-stato-della-connessione\/\">Stato della connessione<\/a><\/li><li><a href=\"http:\/\/demo.n-3.it\/ptm\/guida-app-myscale\/guida-app-myscale-funzione-dei-tasti\/\">Funzione dei tasti<\/a><\/li><li>Utilizzo del sistema<ul><li><a href=\"http:\/\/demo.n-3.it\/ptm\/guida-app-myscale\/guida-app-myscale-utilizzo-della-tastiera\/\">Tastiera<\/a><\/li><li><a href=\"http:\/\/demo.n-3.it\/ptm\/guida-app-myscale\/guida-app-myscale-peso-totale\/\">Peso totale<\/a><\/li><li><a href=\"http:\/\/demo.n-3.it\/ptm\/guida-app-myscale\/guida-app-myscale-peso-totale-selezione-della-ricetta\/\">Selezione della ricetta<\/a><\/li><li><a href=\"http:\/\/demo.n-3.it\/ptm\/guida-app-myscale\/guida-app-myscale-peso-totale-azzeramento-del-peso-totale\/\">Azzeramento del peso totale<\/a><\/li><li><a href=\"http:\/\/demo.n-3.it\/ptm\/guida-app-myscale\/guida-app-myscale-peso-totale-carico-avvio-del-carico-della-ricetta\/\">Peso totale carico<\/a><\/li><li><a href=\"http:\/\/demo.n-3.it\/ptm\/guida-app-myscale\/guida-app-myscale-peso-totale-scarico-avvio-dello-scarico-della-ricetta\/\">Peso totale scarico<\/a><\/li><li><a href=\"http:\/\/demo.n-3.it\/ptm\/guida-app-myscale\/guida-app-myscale-peso-parziale-azzeramento-del-peso-parziale\/\">Peso parziale<\/a><\/li><\/ul><\/li><\/ul><p>[\/et_pb_text][\/et_pb_column][et_pb_column type=\"3_4\" specialty_columns=\"3\"][et_pb_row_inner admin_label=\"Riga\"][et_pb_column_inner type=\"4_4\" saved_specialty_column_type=\"3_4\"][et_pb_cta admin_label=\"Titolo sezione\" title=\"Archivio delle operazioni di scarico\" url_new_window=\"off\" use_background_color=\"off\" background_color=\"#0d76ec\" background_layout=\"light\" text_orientation=\"left\" use_border_color=\"off\" border_color=\"#ffffff\" border_style=\"solid\" custom_button=\"off\" button_letter_spacing=\"0\" button_use_icon=\"default\" button_icon_placement=\"right\" button_on_hover=\"on\" button_letter_spacing_hover=\"0\" header_font_size=\"40\"] [\/et_pb_cta][et_pb_text admin_label=\"Testo\" background_layout=\"light\" text_orientation=\"left\" use_border_color=\"off\" border_color=\"#ffffff\" border_style=\"solid\"]<\/p><p><img class=\"alignnone size-full wp-image-736\" src=\"http:\/\/demo.n-3.it\/ptm\/wp-content\/uploads\/2016\/11\/ptm_0017_archivio-delle-operazioni-di-scarico.jpg\" alt=\"ptm_0017_archivio-delle-operazioni-di-scarico\" width=\"467\" height=\"339\" \/><\/p><p>In questo men\u00f9 \u00e8 possibile visualizzare e tenere sotto controllo le operazioni di scarico.<\/p><p>Nella tabella [12] vengono visualizzate le operazioni di scarico importate dalla centralina. Selezionando un'operazione di scarico nella tabella [12], viene automaticamente ricaricata la tabella [13] con i gruppi di scarico riferiti all'operazione stessa e le relative produzioni di latte.<\/p><p>Sulle operazioni della tabella [12] \u00e8 inoltre possibile eseguire delle ricerche mirate per visualizzare i dati di interesse.<\/p><p>Per eseguire queste ricerche \u00e8 necessario selezionare, dai men\u00f9 a tendina situati nella parte superiore della finestra, i criteri per i quali si desidera visualizzare i dati. Verranno visualizzati solo i dati che soddisfano tutti i criteri di ricerca selezionati. In modo particolare \u00e8 possibile eseguire ricerche su:<\/p><p>- <strong>Carro <\/strong>[5]: in questo elenco sono visualizzati tutti i carri che si trovano nelle operazioni di scarico (da abbinare ad almeno un altro criterio di ricerca)<\/p><p>- <strong>Cliente <\/strong>[6]: in questo elenco sono visualizzati tutti i clienti che si trovano nelle operazioni di scarico<\/p><p>- <strong>Ricetta<\/strong> [7]: in questo elenco sono visualizzate tutte le ricette che si trovano nelle operazioni di scarico<\/p><p>- <strong>Gruppo<\/strong> [8]: in questo elenco sono visualizzati tutti i gruppi che si trovano nelle operazioni di scarico<\/p><p>- <strong>Dal <\/strong>[9]: da questo calendario \u00e8 possibile selezionare la data di inizio delle operazioni da visualizzare (quando si accede la prima volta a questo men\u00f9, la data di inizio viene automaticamente impostata alla data pi\u00f9 vecchia delle operazioni di scarico) ,da abbinare al criterio [10]<\/p><p>- <strong>Al<\/strong> [10]: da questo calendario \u00e8 possibile selezionare la data di fine delle operazioni da visualizzare (quando si accede la prima volta a questo men\u00f9, la data di fine viene automaticamente impostata alla data pi\u00f9 recente delle operazioni di scarico), da abbinare al criterio [9]<\/p><p>- <strong>Nel mese di<\/strong> [11]: in questo elenco \u00e8 possibile selezionare il mese delle operazioni da visualizzare<\/p><p>\u00a0<\/p><p>Nella tabella [12] vengono visualizzati alcuni dati riguardanti le operazioni di scarico<\/p><p>Nella tabella [13] \u00e8 visualizzato il dettaglio dell'operazione di scarico con il gruppo, il numero di capi e la relativa quantit\u00e0 di latte prodotta modificabile da programma.<\/p><p>Quando si accede al men\u00f9 archivio scarico nella parte inferiore della finestra \u00e8 visualizzato il grafico delle operazioni di scarico selezionate. \u00c8 possibile passare dal grafico delle operazioni di scarico a quello della produzione di latte e viceversa selezionando la relativa opzione [14].<\/p><p>A seconda del grafico visualizzato \u00e8 inoltre possibile selezionare i dati da visualizzare selezionando o deselezionando le relative opzioni [15].<\/p><p>\u00a0<\/p><p>Per visualizzare i Rapporti ed eventualmente stamparli, occorre selezionare una o pi\u00f9 righe nella tabella e dopo premere il tasto \"Report\" [4].<\/p><p>[\/et_pb_text][et_pb_divider admin_label=\"Modulo Separatore\" color=\"#bababa\" show_divider=\"on\" height=\"10\" divider_style=\"solid\" divider_position=\"top\" hide_on_mobile=\"on\"]<br \/> [\/et_pb_divider][et_pb_cta admin_label=\"Link al form\" global_module=\"142\" saved_tabs=\"all\" title=\"Non trovi quello che cerchi?\" button_url=\"#\" url_new_window=\"off\" button_text=\"Contattaci\" use_background_color=\"off\" background_color=\"#0d76ec\" background_layout=\"light\" text_orientation=\"center\" use_border_color=\"off\" border_color=\"#ffffff\" border_style=\"solid\" custom_button=\"off\" button_letter_spacing=\"0\" button_use_icon=\"default\" button_icon_placement=\"right\" button_on_hover=\"on\" button_letter_spacing_hover=\"0\"]<br \/> [\/et_pb_cta][\/et_pb_column_inner][\/et_pb_row_inner][\/et_pb_column][\/et_pb_section]<\/p>","_et_gb_content_width":"","footnotes":""},"_links":{"self":[{"href":"http:\/\/service.ptmsrl.com\/en\/wp-json\/wp\/v2\/pages\/828"}],"collection":[{"href":"http:\/\/service.ptmsrl.com\/en\/wp-json\/wp\/v2\/pages"}],"about":[{"href":"http:\/\/service.ptmsrl.com\/en\/wp-json\/wp\/v2\/types\/page"}],"author":[{"embeddable":true,"href":"http:\/\/service.ptmsrl.com\/en\/wp-json\/wp\/v2\/users\/9"}],"replies":[{"embeddable":true,"href":"http:\/\/service.ptmsrl.com\/en\/wp-json\/wp\/v2\/comments?post=828"}],"version-history":[{"count":0,"href":"http:\/\/service.ptmsrl.com\/en\/wp-json\/wp\/v2\/pages\/828\/revisions"}],"up":[{"embeddable":true,"href":"http:\/\/service.ptmsrl.com\/en\/wp-json\/wp\/v2\/pages\/785"}],"wp:attachment":[{"href":"http:\/\/service.ptmsrl.com\/en\/wp-json\/wp\/v2\/media?parent=828"}],"curies":[{"name":"wp","href":"https:\/\/api.w.org\/{rel}","templated":true}]}}