{"id":824,"date":"2016-11-08T11:28:01","date_gmt":"2016-11-08T10:28:01","guid":{"rendered":"http:\/\/demo.n-3.it\/ptm\/en\/?page_id=824"},"modified":"2016-11-08T15:42:42","modified_gmt":"2016-11-08T14:42:42","slug":"wagon-program","status":"publish","type":"page","link":"http:\/\/service.ptmsrl.com\/en\/super-datamix\/wagon-program\/","title":{"rendered":"Wagon program"},"content":{"rendered":"<p>[et_pb_section admin_label=&#8221;section&#8221; fullwidth=&#8221;on&#8221;][et_pb_fullwidth_header admin_label=&#8221;Intestazione a Larghezza Piena&#8221; title=&#8221;SUPER DATAMIX 5&#8243; background_layout=&#8221;dark&#8221; text_orientation=&#8221;left&#8221; header_fullscreen=&#8221;off&#8221; header_scroll_down=&#8221;off&#8221; background_color=&#8221;#222349&#8243; parallax=&#8221;off&#8221; parallax_method=&#8221;off&#8221; content_orientation=&#8221;center&#8221; image_orientation=&#8221;center&#8221; title_font=&#8221;Montserrat|on|||&#8221; title_font_size=&#8221;40px&#8221; custom_button_one=&#8221;off&#8221; button_one_letter_spacing=&#8221;0&#8243; button_one_use_icon=&#8221;default&#8221; button_one_icon_placement=&#8221;right&#8221; button_one_on_hover=&#8221;on&#8221; button_one_letter_spacing_hover=&#8221;0&#8243; custom_button_two=&#8221;off&#8221; button_two_letter_spacing=&#8221;0&#8243; button_two_use_icon=&#8221;default&#8221; button_two_icon_placement=&#8221;right&#8221; button_two_on_hover=&#8221;on&#8221; button_two_letter_spacing_hover=&#8221;0&#8243; title_font_color=&#8221;#ffffff&#8221;] [\/et_pb_fullwidth_header][\/et_pb_section][et_pb_section admin_label=&#8221;Sezione&#8221; fullwidth=&#8221;off&#8221; specialty=&#8221;on&#8221; transparent_background=&#8221;off&#8221; background_color=&#8221;#ffffff&#8221; allow_player_pause=&#8221;off&#8221; inner_shadow=&#8221;off&#8221; parallax=&#8221;off&#8221; parallax_method=&#8221;off&#8221; custom_padding=&#8221;0px|||&#8221; padding_mobile=&#8221;off&#8221; make_fullwidth=&#8221;off&#8221; use_custom_width=&#8221;off&#8221; width_unit=&#8221;on&#8221; make_equal=&#8221;off&#8221; use_custom_gutter=&#8221;off&#8221; parallax_1=&#8221;off&#8221; parallax_method_1=&#8221;off&#8221; parallax_2=&#8221;off&#8221; parallax_method_2=&#8221;off&#8221; custom_css_main_1=&#8221;border-right: solid 1px #bababa;&#8221;][et_pb_column type=&#8221;1_4&#8243;][et_pb_blurb admin_label=&#8221;Link al prodotto &#8211; SUPER DATAMIX &#8211; ITA&#8221; global_module=&#8221;710&#8243; saved_tabs=&#8221;all&#8221; title=&#8221;Scheda prodotto&#8221; url=&#8221;http:\/\/www.ptmsrl.com\/it\/s34\/product\/&#8221; url_new_window=&#8221;on&#8221; use_icon=&#8221;on&#8221; font_icon=&#8221;%%101%%&#8221; icon_color=&#8221;#b5b5b5&#8243; use_circle=&#8221;off&#8221; circle_color=&#8221;#0d76ec&#8221; use_circle_border=&#8221;off&#8221; circle_border_color=&#8221;#0d76ec&#8221; icon_placement=&#8221;left&#8221; animation=&#8221;top&#8221; background_layout=&#8221;light&#8221; text_orientation=&#8221;left&#8221; use_icon_font_size=&#8221;off&#8221; use_border_color=&#8221;off&#8221; border_color=&#8221;#ffffff&#8221; border_style=&#8221;solid&#8221;]<br \/>\n[\/et_pb_blurb][et_pb_divider admin_label=&#8221;Modulo Separatore&#8221; color=&#8221;#b5b5b5&#8243; show_divider=&#8221;on&#8221; divider_style=&#8221;solid&#8221; divider_position=&#8221;top&#8221; hide_on_mobile=&#8221;on&#8221; height=&#8221;10&#8243;]<br \/>\n[\/et_pb_divider][et_pb_text admin_label=&#8221;Menu laterale &#8211; SUPER DATAMIX &#8211; ITA&#8221; global_module=&#8221;714&#8243; saved_tabs=&#8221;all&#8221; background_layout=&#8221;light&#8221; text_orientation=&#8221;left&#8221; text_font_size=&#8221;16&#8243; use_border_color=&#8221;off&#8221; border_color=&#8221;#ffffff&#8221; border_style=&#8221;solid&#8221;]<\/p>\n<p><strong>SUPER DATAMIX<\/strong><\/p>\n<ul>\n<li><a href=\"http:\/\/service.ptmsrl.com\/guida-app-myscale\/\">Introduzione<\/a><\/li>\n<li><a href=\"http:\/\/service.ptmsrl.com\/guida-app-myscale\/guida-app-myscale-installazione-dellapp\/\">Installazione<\/a><\/li>\n<li><a href=\"http:\/\/service.ptmsrl.com\/guida-app-myscale\/guida-app-myscale-attivazione-della-modalita-myscale\/\">Attivazione<\/a><\/li>\n<li><a href=\"http:\/\/service.ptmsrl.com\/guida-app-myscale\/guida-app-myscale-segnalazioni-di-stato\/\">Segnalazioni di stato<\/a><\/li>\n<li><a href=\"http:\/\/service.ptmsrl.com\/guida-app-myscale\/guida-app-myscale-stato-della-connessione\/\">Stato della connessione<\/a><\/li>\n<li><a href=\"http:\/\/service.ptmsrl.com\/guida-app-myscale\/guida-app-myscale-funzione-dei-tasti\/\">Funzione dei tasti<\/a><\/li>\n<li>Utilizzo del sistema\n<ul>\n<li><a href=\"http:\/\/service.ptmsrl.com\/guida-app-myscale\/guida-app-myscale-utilizzo-della-tastiera\/\">Tastiera<\/a><\/li>\n<li><a href=\"http:\/\/service.ptmsrl.com\/guida-app-myscale\/guida-app-myscale-peso-totale\/\">Peso totale<\/a><\/li>\n<li><a href=\"http:\/\/service.ptmsrl.com\/guida-app-myscale\/guida-app-myscale-peso-totale-selezione-della-ricetta\/\">Selezione della ricetta<\/a><\/li>\n<li><a href=\"http:\/\/service.ptmsrl.com\/guida-app-myscale\/guida-app-myscale-peso-totale-azzeramento-del-peso-totale\/\">Azzeramento del peso totale<\/a><\/li>\n<li><a href=\"http:\/\/service.ptmsrl.com\/guida-app-myscale\/guida-app-myscale-peso-totale-carico-avvio-del-carico-della-ricetta\/\">Peso totale carico<\/a><\/li>\n<li><a href=\"http:\/\/service.ptmsrl.com\/guida-app-myscale\/guida-app-myscale-peso-totale-scarico-avvio-dello-scarico-della-ricetta\/\">Peso totale scarico<\/a><\/li>\n<li><a href=\"http:\/\/service.ptmsrl.com\/guida-app-myscale\/guida-app-myscale-peso-parziale-azzeramento-del-peso-parziale\/\">Peso parziale<\/a><\/li>\n<\/ul>\n<\/li>\n<\/ul>\n<p>[\/et_pb_text][\/et_pb_column][et_pb_column type=&#8221;3_4&#8243; specialty_columns=&#8221;3&#8243;][et_pb_row_inner admin_label=&#8221;Riga&#8221;][et_pb_column_inner type=&#8221;4_4&#8243; saved_specialty_column_type=&#8221;3_4&#8243;][et_pb_cta admin_label=&#8221;Titolo sezione&#8221; title=&#8221;Wagon program&#8221; url_new_window=&#8221;off&#8221; use_background_color=&#8221;off&#8221; background_color=&#8221;#0d76ec&#8221; background_layout=&#8221;light&#8221; text_orientation=&#8221;left&#8221; use_border_color=&#8221;off&#8221; border_color=&#8221;#ffffff&#8221; border_style=&#8221;solid&#8221; custom_button=&#8221;off&#8221; button_letter_spacing=&#8221;0&#8243; button_use_icon=&#8221;default&#8221; button_icon_placement=&#8221;right&#8221; button_on_hover=&#8221;on&#8221; button_letter_spacing_hover=&#8221;0&#8243; header_font_size=&#8221;40&#8243;] [\/et_pb_cta][et_pb_text admin_label=&#8221;Testo&#8221; background_layout=&#8221;light&#8221; text_orientation=&#8221;left&#8221; use_border_color=&#8221;off&#8221; border_color=&#8221;#ffffff&#8221; border_style=&#8221;solid&#8221;]<\/p>\n<p><img loading=\"lazy\" decoding=\"async\" class=\"alignnone size-full wp-image-805\" src=\"http:\/\/service.ptmsrl.com\/wp-content\/uploads\/2016\/11\/ptm_0019_wagon.jpg\" alt=\"ptm_0019_wagon\" width=\"459\" height=\"333\" srcset=\"http:\/\/service.ptmsrl.com\/wp-content\/uploads\/2016\/11\/ptm_0019_wagon.jpg 459w, http:\/\/service.ptmsrl.com\/wp-content\/uploads\/2016\/11\/ptm_0019_wagon-300x218.jpg 300w\" sizes=\"(max-width: 459px) 100vw, 459px\" \/><\/p>\n<p>The elements of this menu represent the composition of the wagons for the components load and the mixture unload.<\/p>\n<p>It is possible to insert only one wagon for each card.<\/p>\n<p>From the relevant menu [9] it is possible to select the wagons to visualize among those previously created and in the table [13] it is visualized the list of selected recipes with relevant customers.<\/p>\n<p>For each wagon there are following data:<\/p>\n<p>&#8211; <strong>Name<\/strong> [9]: the name you wish to give to the wagon (maximum 20 alphanumerical characters). It must be univocal, in fact they cannot exist two wagons with the same name<\/p>\n<p>&#8211; <strong>Card number<\/strong> [10]: the number of the card which the wagon is referring to. It starts from 1 till the number of cards to manage as already established in the program Options.<\/p>\n<p>&#8211; <strong>% Variation of wagon<\/strong> [11]: variation (positive or negative) calculated on the quantities to load<\/p>\n<p>&#8211; <strong>Notes<\/strong> [12]: remarks and notes concerning the wagon<\/p>\n<p>&#8211; <strong>Recipes<\/strong> [13]: list of the recipes that are composing the wagon and relevant customer<\/p>\n<p>&#8211; <strong>Unloading groups<\/strong> [14]: duly distinct per recipe, they represent the groups which the rations will be given to.<\/p>\n<p>Furthermore, for each group there are following data:<\/p>\n<p>&#8211; <strong>Number<\/strong>: it is automatically set and represents the growing number of the group<\/p>\n<p>&#8211; <strong>Group<\/strong>: by selecting it from the menu, which appears when clicking on the relevant column of the table, it is possible to set the group to utilize<\/p>\n<p>&#8211; <strong>Animals<\/strong>: it represents the number of animals composing the group (modifiable only in the menu Groups).<\/p>\n<p>&#8211; <strong>Variation<\/strong>: % variation related to the group (modifiable only in the menu Groups).<\/p>\n<p>&#8211; <strong>% for Alarm start<\/strong>: percentage on the weight to unload utilized for the mixer wagon&#8217;s alarm<\/p>\n<p>&#8211; <strong>% Percentage of alarm<\/strong>: percentage for the valuation of the margin of error in the mixture&#8217;s unload. If said error overcomes this percentage it will be evidently indicated in the report of the loading\/unloading operations.<\/p>\n<p>For each recipe the are also visualized some totals [15]:<\/p>\n<p>&#8211; <strong>Animals q.ty<\/strong>: sum of animals programmed in the selected groups for the recipe presently evidenced<\/p>\n<p>&#8211; <strong>Recipe total<\/strong>: in Kilos, ration per animal set in the selected recipe (with variation per cent of the recipe)<\/p>\n<p>&#8211; <strong>Total loaded<\/strong>: in Kilos, result coming from the animal rations and the animals. It represents the quantity of the components to load (without variation per cent of the wagon)<\/p>\n<p>&#8211; <strong>Total loaded with variation (kg.)<\/strong>: result coming from the animal rations and the animals. It represents the quantity of the components to load (with variation per cent of the wagon)<\/p>\n<p>&nbsp;<\/p>\n<p>If you wish to visualize a detailed report about the selected wagon press &#8220;Report&#8221; [7].<\/p>\n<p>[\/et_pb_text][et_pb_divider admin_label=&#8221;Modulo Separatore&#8221; color=&#8221;#bababa&#8221; show_divider=&#8221;on&#8221; height=&#8221;10&#8243; divider_style=&#8221;solid&#8221; divider_position=&#8221;top&#8221; hide_on_mobile=&#8221;on&#8221;]<br \/>\n[\/et_pb_divider][et_pb_cta admin_label=&#8221;Link al form&#8221; global_module=&#8221;142&#8243; saved_tabs=&#8221;all&#8221; title=&#8221;Non trovi quello che cerchi?&#8221; button_url=&#8221;#&#8221; url_new_window=&#8221;off&#8221; button_text=&#8221;Contattaci&#8221; use_background_color=&#8221;off&#8221; background_color=&#8221;#0d76ec&#8221; background_layout=&#8221;light&#8221; text_orientation=&#8221;center&#8221; use_border_color=&#8221;off&#8221; border_color=&#8221;#ffffff&#8221; border_style=&#8221;solid&#8221; custom_button=&#8221;off&#8221; button_letter_spacing=&#8221;0&#8243; button_use_icon=&#8221;default&#8221; button_icon_placement=&#8221;right&#8221; button_on_hover=&#8221;on&#8221; button_letter_spacing_hover=&#8221;0&#8243;]<br \/>\n[\/et_pb_cta][\/et_pb_column_inner][\/et_pb_row_inner][\/et_pb_column][\/et_pb_section]<\/p>\n","protected":false},"excerpt":{"rendered":"<p>SUPER DATAMIX Introduzione Installazione Attivazione Segnalazioni di stato Stato della connessione Funzione dei tasti Utilizzo del sistema Tastiera Peso totale Selezione della ricetta Azzeramento del peso totale Peso totale carico Peso totale scarico Peso parziale The elements of this menu represent the composition of the wagons for the components load and the mixture unload. It [&hellip;]<\/p>\n","protected":false},"author":9,"featured_media":0,"parent":785,"menu_order":0,"comment_status":"closed","ping_status":"closed","template":"","meta":{"_et_pb_use_builder":"on","_et_pb_old_content":"<p>[et_pb_section admin_label=\"section\" global_module=\"706\" fullwidth=\"on\"][et_pb_fullwidth_header global_parent=\"706\" admin_label=\"Intestazione a Larghezza Piena\" title=\"SUPER DATAMIX\" background_layout=\"dark\" text_orientation=\"left\" header_fullscreen=\"off\" header_scroll_down=\"off\" background_color=\"#222349\" parallax=\"off\" parallax_method=\"off\" content_orientation=\"center\" image_orientation=\"center\" title_font=\"Montserrat|on|||\" title_font_size=\"40px\" custom_button_one=\"off\" button_one_letter_spacing=\"0\" button_one_use_icon=\"default\" button_one_icon_placement=\"right\" button_one_on_hover=\"on\" button_one_letter_spacing_hover=\"0\" custom_button_two=\"off\" button_two_letter_spacing=\"0\" button_two_use_icon=\"default\" button_two_icon_placement=\"right\" button_two_on_hover=\"on\" button_two_letter_spacing_hover=\"0\" title_font_color=\"#ffffff\"] [\/et_pb_fullwidth_header][\/et_pb_section][et_pb_section admin_label=\"Sezione\" fullwidth=\"off\" specialty=\"on\" transparent_background=\"off\" background_color=\"#ffffff\" allow_player_pause=\"off\" inner_shadow=\"off\" parallax=\"off\" parallax_method=\"off\" custom_padding=\"0px|||\" padding_mobile=\"off\" make_fullwidth=\"off\" use_custom_width=\"off\" width_unit=\"on\" make_equal=\"off\" use_custom_gutter=\"off\" parallax_1=\"off\" parallax_method_1=\"off\" parallax_2=\"off\" parallax_method_2=\"off\" custom_css_main_1=\"border-right: solid 1px #bababa;\"][et_pb_column type=\"1_4\"][et_pb_blurb admin_label=\"Link al prodotto - SUPER DATAMIX - ITA\" global_module=\"710\" saved_tabs=\"all\" title=\"Scheda prodotto\" url=\"http:\/\/www.ptmsrl.com\/it\/s34\/product\/\" url_new_window=\"on\" use_icon=\"on\" font_icon=\"%%101%%\" icon_color=\"#b5b5b5\" use_circle=\"off\" circle_color=\"#0d76ec\" use_circle_border=\"off\" circle_border_color=\"#0d76ec\" icon_placement=\"left\" animation=\"top\" background_layout=\"light\" text_orientation=\"left\" use_icon_font_size=\"off\" use_border_color=\"off\" border_color=\"#ffffff\" border_style=\"solid\"]<br \/> [\/et_pb_blurb][et_pb_divider admin_label=\"Modulo Separatore\" color=\"#b5b5b5\" show_divider=\"on\" divider_style=\"solid\" divider_position=\"top\" hide_on_mobile=\"on\" height=\"10\"]<br \/> [\/et_pb_divider][et_pb_text admin_label=\"Menu laterale - SUPER DATAMIX - ITA\" global_module=\"714\" saved_tabs=\"all\" background_layout=\"light\" text_orientation=\"left\" text_font_size=\"16\" use_border_color=\"off\" border_color=\"#ffffff\" border_style=\"solid\"]<\/p><p><strong>SUPER DATAMIX<\/strong><\/p><ul><li><a href=\"http:\/\/demo.n-3.it\/ptm\/guida-app-myscale\/\">Introduzione<\/a><\/li><li><a href=\"http:\/\/demo.n-3.it\/ptm\/guida-app-myscale\/guida-app-myscale-installazione-dellapp\/\">Installazione<\/a><\/li><li><a href=\"http:\/\/demo.n-3.it\/ptm\/guida-app-myscale\/guida-app-myscale-attivazione-della-modalita-myscale\/\">Attivazione<\/a><\/li><li><a href=\"http:\/\/demo.n-3.it\/ptm\/guida-app-myscale\/guida-app-myscale-segnalazioni-di-stato\/\">Segnalazioni di stato<\/a><\/li><li><a href=\"http:\/\/demo.n-3.it\/ptm\/guida-app-myscale\/guida-app-myscale-stato-della-connessione\/\">Stato della connessione<\/a><\/li><li><a href=\"http:\/\/demo.n-3.it\/ptm\/guida-app-myscale\/guida-app-myscale-funzione-dei-tasti\/\">Funzione dei tasti<\/a><\/li><li>Utilizzo del sistema<ul><li><a href=\"http:\/\/demo.n-3.it\/ptm\/guida-app-myscale\/guida-app-myscale-utilizzo-della-tastiera\/\">Tastiera<\/a><\/li><li><a href=\"http:\/\/demo.n-3.it\/ptm\/guida-app-myscale\/guida-app-myscale-peso-totale\/\">Peso totale<\/a><\/li><li><a href=\"http:\/\/demo.n-3.it\/ptm\/guida-app-myscale\/guida-app-myscale-peso-totale-selezione-della-ricetta\/\">Selezione della ricetta<\/a><\/li><li><a href=\"http:\/\/demo.n-3.it\/ptm\/guida-app-myscale\/guida-app-myscale-peso-totale-azzeramento-del-peso-totale\/\">Azzeramento del peso totale<\/a><\/li><li><a href=\"http:\/\/demo.n-3.it\/ptm\/guida-app-myscale\/guida-app-myscale-peso-totale-carico-avvio-del-carico-della-ricetta\/\">Peso totale carico<\/a><\/li><li><a href=\"http:\/\/demo.n-3.it\/ptm\/guida-app-myscale\/guida-app-myscale-peso-totale-scarico-avvio-dello-scarico-della-ricetta\/\">Peso totale scarico<\/a><\/li><li><a href=\"http:\/\/demo.n-3.it\/ptm\/guida-app-myscale\/guida-app-myscale-peso-parziale-azzeramento-del-peso-parziale\/\">Peso parziale<\/a><\/li><\/ul><\/li><\/ul><p>[\/et_pb_text][\/et_pb_column][et_pb_column type=\"3_4\" specialty_columns=\"3\"][et_pb_row_inner admin_label=\"Riga\"][et_pb_column_inner type=\"4_4\" saved_specialty_column_type=\"3_4\"][et_pb_cta admin_label=\"Titolo sezione\" title=\"Composizione carri\" url_new_window=\"off\" use_background_color=\"off\" background_color=\"#0d76ec\" background_layout=\"light\" text_orientation=\"left\" use_border_color=\"off\" border_color=\"#ffffff\" border_style=\"solid\" custom_button=\"off\" button_letter_spacing=\"0\" button_use_icon=\"default\" button_icon_placement=\"right\" button_on_hover=\"on\" button_letter_spacing_hover=\"0\" header_font_size=\"40\"] [\/et_pb_cta][et_pb_text admin_label=\"Testo\" background_layout=\"light\" text_orientation=\"left\" use_border_color=\"off\" border_color=\"#ffffff\" border_style=\"solid\"]<\/p><p><img class=\"alignnone size-full wp-image-738\" src=\"http:\/\/demo.n-3.it\/ptm\/wp-content\/uploads\/2016\/11\/ptm_0019_composizione-carri.jpg\" alt=\"ptm_0019_composizione-carri\" width=\"467\" height=\"339\" \/><\/p><p>Gli elementi di questo men\u00f9 rappresentano la composizione dei carri per il carico dei componenti e lo scarico della miscela.<\/p><p>\u00c8 possibile inserire un solo carro per ogni card.<\/p><p>Dal men\u00f9 a tendina [9] \u00e8 possibile selezionare il carro da visualizzare tra quelli precedentemente creati e, nella tabella [13], \u00e8 visualizzato l'elenco delle ricette selezionate con i relativi clienti.<\/p><p>Per ogni carro ci sono i seguenti dati:<\/p><p>- <strong>Nome <\/strong>[9]: il nome che si desidera dare al carro (massimo 20 caratteri alfanumerici). Deve essere univoco, non possono esistere due carri con lo stesso nome<\/p><p>- <strong>Numero card<\/strong> [10]: numero della card cui si riferisce il carro. Va da 1 al numero di card da gestire impostate nel men\u00f9 Opzioni<\/p><p>- <strong>Variazione percentuale carro<\/strong> [11]: variazione (positiva o negativa) applicata sul calcolo delle quantit\u00e0 da caricare<\/p><p>- <strong>Note<\/strong> [12]: annotazioni riguardanti il carro, possiamo scrivere delle note di interesse<\/p><p>- <strong>Ricette<\/strong> [13]: elenco delle ricette che costituiscono il carro e relativo cliente<\/p><p>- <strong>Gruppi di scarico<\/strong> [14]: distinti per ricetta, rappresentano i gruppi cui sar\u00e0 somministrata la razione preparata<\/p><p>Per ogni gruppo sono presenti i seguenti dati:<\/p><p>- <strong>Numero<\/strong>: impostato automaticamente, rappresenta il numero crescente del gruppo<\/p><p>- <strong>Gruppo<\/strong>: selezionandolo dal men\u00f9 a tendina all\u2019interno della cella, \u00e8 possibile impostare il gruppo da utilizzare<\/p><p>- <strong>Capi<\/strong>: rappresenta il numero di animali di cui \u00e8 composto il gruppo (modificabile solo nel men\u00f9 Gruppi)<\/p><p>- <strong>Variazione percentuale gruppo<\/strong>: variazione percentuale riferita al gruppo (modificabile solo nel men\u00f9 Gruppi)<\/p><p>- <strong>Percentuale sirena<\/strong>: percentuale sul peso da scaricare utilizzata per la sirena di allarme del carro unifeed<\/p><p>- <strong>Percentuale di allarme<\/strong>: percentuale per la valutazione del margine di errore nello scarico della miscela. Se l'errore di scarico supera tale percentuale, verr\u00e0 segnalato in modo evidente nel rapporto delle operazioni di carico\/scarico<\/p><p>Per ogni ricetta vengono inoltre visualizzati alcuni totali [15]:<\/p><p>- <strong>Capi<\/strong>: somma dei capi impostati nei gruppi selezionati per la ricetta correntemente evidenziata<\/p><p>- <strong>Totale ricetta<\/strong>: in kg, razione per animale impostata nella ricetta selezionata (con variazione percentuale ricetta)<\/p><p>- <strong>Totale caricato<\/strong>: in kg, prodotto tra razione animale e capi. Rappresenta la quantit\u00e0 di componenti da caricare (senza variazione percentuale carro)<\/p><p>- <strong>Totale caricato con variazione<\/strong>: in kg, prodotto tra razione animale e capi. Rappresenta la quantit\u00e0 di componenti da caricare (con variazione percentuale carro)<\/p><p>\u00a0<\/p><p>Se si desidera visualizzare un rapporto dettagliato del carro selezionato premere \"Report\" [7].<\/p><p>[\/et_pb_text][et_pb_divider admin_label=\"Modulo Separatore\" color=\"#bababa\" show_divider=\"on\" height=\"10\" divider_style=\"solid\" divider_position=\"top\" hide_on_mobile=\"on\"]<br \/> [\/et_pb_divider][et_pb_cta admin_label=\"Link al form\" global_module=\"142\" saved_tabs=\"all\" title=\"Non trovi quello che cerchi?\" button_url=\"#\" url_new_window=\"off\" button_text=\"Contattaci\" use_background_color=\"off\" background_color=\"#0d76ec\" background_layout=\"light\" text_orientation=\"center\" use_border_color=\"off\" border_color=\"#ffffff\" border_style=\"solid\" custom_button=\"off\" button_letter_spacing=\"0\" button_use_icon=\"default\" button_icon_placement=\"right\" button_on_hover=\"on\" button_letter_spacing_hover=\"0\"]<br \/> [\/et_pb_cta][\/et_pb_column_inner][\/et_pb_row_inner][\/et_pb_column][\/et_pb_section]<\/p>","_et_gb_content_width":"","footnotes":""},"_links":{"self":[{"href":"http:\/\/service.ptmsrl.com\/en\/wp-json\/wp\/v2\/pages\/824"}],"collection":[{"href":"http:\/\/service.ptmsrl.com\/en\/wp-json\/wp\/v2\/pages"}],"about":[{"href":"http:\/\/service.ptmsrl.com\/en\/wp-json\/wp\/v2\/types\/page"}],"author":[{"embeddable":true,"href":"http:\/\/service.ptmsrl.com\/en\/wp-json\/wp\/v2\/users\/9"}],"replies":[{"embeddable":true,"href":"http:\/\/service.ptmsrl.com\/en\/wp-json\/wp\/v2\/comments?post=824"}],"version-history":[{"count":0,"href":"http:\/\/service.ptmsrl.com\/en\/wp-json\/wp\/v2\/pages\/824\/revisions"}],"up":[{"embeddable":true,"href":"http:\/\/service.ptmsrl.com\/en\/wp-json\/wp\/v2\/pages\/785"}],"wp:attachment":[{"href":"http:\/\/service.ptmsrl.com\/en\/wp-json\/wp\/v2\/media?parent=824"}],"curies":[{"name":"wp","href":"https:\/\/api.w.org\/{rel}","templated":true}]}}