{"id":820,"date":"2016-11-08T11:00:55","date_gmt":"2016-11-08T10:00:55","guid":{"rendered":"http:\/\/demo.n-3.it\/ptm\/en\/?page_id=820"},"modified":"2016-11-08T15:42:04","modified_gmt":"2016-11-08T14:42:04","slug":"recipes-programming","status":"publish","type":"page","link":"http:\/\/service.ptmsrl.com\/en\/super-datamix\/recipes-programming\/","title":{"rendered":"Recipes programming"},"content":{"rendered":"<p>[et_pb_section admin_label=&#8221;section&#8221; fullwidth=&#8221;on&#8221;][et_pb_fullwidth_header admin_label=&#8221;Intestazione a Larghezza Piena&#8221; title=&#8221;SUPER DATAMIX 5&#8243; background_layout=&#8221;dark&#8221; text_orientation=&#8221;left&#8221; header_fullscreen=&#8221;off&#8221; header_scroll_down=&#8221;off&#8221; background_color=&#8221;#222349&#8243; parallax=&#8221;off&#8221; parallax_method=&#8221;off&#8221; content_orientation=&#8221;center&#8221; image_orientation=&#8221;center&#8221; title_font=&#8221;Montserrat|on|||&#8221; title_font_size=&#8221;40px&#8221; custom_button_one=&#8221;off&#8221; button_one_letter_spacing=&#8221;0&#8243; button_one_use_icon=&#8221;default&#8221; button_one_icon_placement=&#8221;right&#8221; button_one_on_hover=&#8221;on&#8221; button_one_letter_spacing_hover=&#8221;0&#8243; custom_button_two=&#8221;off&#8221; button_two_letter_spacing=&#8221;0&#8243; button_two_use_icon=&#8221;default&#8221; button_two_icon_placement=&#8221;right&#8221; button_two_on_hover=&#8221;on&#8221; button_two_letter_spacing_hover=&#8221;0&#8243; title_font_color=&#8221;#ffffff&#8221;] [\/et_pb_fullwidth_header][\/et_pb_section][et_pb_section admin_label=&#8221;Sezione&#8221; fullwidth=&#8221;off&#8221; specialty=&#8221;on&#8221; transparent_background=&#8221;off&#8221; background_color=&#8221;#ffffff&#8221; allow_player_pause=&#8221;off&#8221; inner_shadow=&#8221;off&#8221; parallax=&#8221;off&#8221; parallax_method=&#8221;off&#8221; custom_padding=&#8221;0px|||&#8221; padding_mobile=&#8221;off&#8221; make_fullwidth=&#8221;off&#8221; use_custom_width=&#8221;off&#8221; width_unit=&#8221;on&#8221; make_equal=&#8221;off&#8221; use_custom_gutter=&#8221;off&#8221; parallax_1=&#8221;off&#8221; parallax_method_1=&#8221;off&#8221; parallax_2=&#8221;off&#8221; parallax_method_2=&#8221;off&#8221; custom_css_main_1=&#8221;border-right: solid 1px #bababa;&#8221;][et_pb_column type=&#8221;1_4&#8243;][et_pb_blurb admin_label=&#8221;Link al prodotto &#8211; SUPER DATAMIX &#8211; ITA&#8221; global_module=&#8221;710&#8243; saved_tabs=&#8221;all&#8221; title=&#8221;Scheda prodotto&#8221; url=&#8221;http:\/\/www.ptmsrl.com\/it\/s34\/product\/&#8221; url_new_window=&#8221;on&#8221; use_icon=&#8221;on&#8221; font_icon=&#8221;%%101%%&#8221; icon_color=&#8221;#b5b5b5&#8243; use_circle=&#8221;off&#8221; circle_color=&#8221;#0d76ec&#8221; use_circle_border=&#8221;off&#8221; circle_border_color=&#8221;#0d76ec&#8221; icon_placement=&#8221;left&#8221; animation=&#8221;top&#8221; background_layout=&#8221;light&#8221; text_orientation=&#8221;left&#8221; use_icon_font_size=&#8221;off&#8221; use_border_color=&#8221;off&#8221; border_color=&#8221;#ffffff&#8221; border_style=&#8221;solid&#8221;]<br \/>\n[\/et_pb_blurb][et_pb_divider admin_label=&#8221;Modulo Separatore&#8221; color=&#8221;#b5b5b5&#8243; show_divider=&#8221;on&#8221; divider_style=&#8221;solid&#8221; divider_position=&#8221;top&#8221; hide_on_mobile=&#8221;on&#8221; height=&#8221;10&#8243;]<br \/>\n[\/et_pb_divider][et_pb_text admin_label=&#8221;Menu laterale &#8211; SUPER DATAMIX &#8211; ITA&#8221; global_module=&#8221;714&#8243; saved_tabs=&#8221;all&#8221; background_layout=&#8221;light&#8221; text_orientation=&#8221;left&#8221; text_font_size=&#8221;16&#8243; use_border_color=&#8221;off&#8221; border_color=&#8221;#ffffff&#8221; border_style=&#8221;solid&#8221;]<\/p>\n<p><strong>SUPER DATAMIX<\/strong><\/p>\n<ul>\n<li><a href=\"http:\/\/service.ptmsrl.com\/guida-app-myscale\/\">Introduzione<\/a><\/li>\n<li><a href=\"http:\/\/service.ptmsrl.com\/guida-app-myscale\/guida-app-myscale-installazione-dellapp\/\">Installazione<\/a><\/li>\n<li><a href=\"http:\/\/service.ptmsrl.com\/guida-app-myscale\/guida-app-myscale-attivazione-della-modalita-myscale\/\">Attivazione<\/a><\/li>\n<li><a href=\"http:\/\/service.ptmsrl.com\/guida-app-myscale\/guida-app-myscale-segnalazioni-di-stato\/\">Segnalazioni di stato<\/a><\/li>\n<li><a href=\"http:\/\/service.ptmsrl.com\/guida-app-myscale\/guida-app-myscale-stato-della-connessione\/\">Stato della connessione<\/a><\/li>\n<li><a href=\"http:\/\/service.ptmsrl.com\/guida-app-myscale\/guida-app-myscale-funzione-dei-tasti\/\">Funzione dei tasti<\/a><\/li>\n<li>Utilizzo del sistema\n<ul>\n<li><a href=\"http:\/\/service.ptmsrl.com\/guida-app-myscale\/guida-app-myscale-utilizzo-della-tastiera\/\">Tastiera<\/a><\/li>\n<li><a href=\"http:\/\/service.ptmsrl.com\/guida-app-myscale\/guida-app-myscale-peso-totale\/\">Peso totale<\/a><\/li>\n<li><a href=\"http:\/\/service.ptmsrl.com\/guida-app-myscale\/guida-app-myscale-peso-totale-selezione-della-ricetta\/\">Selezione della ricetta<\/a><\/li>\n<li><a href=\"http:\/\/service.ptmsrl.com\/guida-app-myscale\/guida-app-myscale-peso-totale-azzeramento-del-peso-totale\/\">Azzeramento del peso totale<\/a><\/li>\n<li><a href=\"http:\/\/service.ptmsrl.com\/guida-app-myscale\/guida-app-myscale-peso-totale-carico-avvio-del-carico-della-ricetta\/\">Peso totale carico<\/a><\/li>\n<li><a href=\"http:\/\/service.ptmsrl.com\/guida-app-myscale\/guida-app-myscale-peso-totale-scarico-avvio-dello-scarico-della-ricetta\/\">Peso totale scarico<\/a><\/li>\n<li><a href=\"http:\/\/service.ptmsrl.com\/guida-app-myscale\/guida-app-myscale-peso-parziale-azzeramento-del-peso-parziale\/\">Peso parziale<\/a><\/li>\n<\/ul>\n<\/li>\n<\/ul>\n<p>[\/et_pb_text][\/et_pb_column][et_pb_column type=&#8221;3_4&#8243; specialty_columns=&#8221;3&#8243;][et_pb_row_inner admin_label=&#8221;Riga&#8221;][et_pb_column_inner type=&#8221;4_4&#8243; saved_specialty_column_type=&#8221;3_4&#8243;][et_pb_cta admin_label=&#8221;Titolo sezione&#8221; title=&#8221;Recipes programming&#8221; url_new_window=&#8221;off&#8221; use_background_color=&#8221;off&#8221; background_color=&#8221;#0d76ec&#8221; background_layout=&#8221;light&#8221; text_orientation=&#8221;left&#8221; use_border_color=&#8221;off&#8221; border_color=&#8221;#ffffff&#8221; border_style=&#8221;solid&#8221; custom_button=&#8221;off&#8221; button_letter_spacing=&#8221;0&#8243; button_use_icon=&#8221;default&#8221; button_icon_placement=&#8221;right&#8221; button_on_hover=&#8221;on&#8221; button_letter_spacing_hover=&#8221;0&#8243; header_font_size=&#8221;40&#8243;] [\/et_pb_cta][et_pb_text admin_label=&#8221;Testo&#8221; background_layout=&#8221;light&#8221; text_orientation=&#8221;left&#8221; use_border_color=&#8221;off&#8221; border_color=&#8221;#ffffff&#8221; border_style=&#8221;solid&#8221;]<\/p>\n<p><img loading=\"lazy\" decoding=\"async\" class=\"alignnone size-full wp-image-807\" src=\"http:\/\/service.ptmsrl.com\/wp-content\/uploads\/2016\/11\/ptm_0021_recipes.jpg\" alt=\"ptm_0021_recipes\" width=\"459\" height=\"333\" srcset=\"http:\/\/service.ptmsrl.com\/wp-content\/uploads\/2016\/11\/ptm_0021_recipes.jpg 459w, http:\/\/service.ptmsrl.com\/wp-content\/uploads\/2016\/11\/ptm_0021_recipes-300x218.jpg 300w\" sizes=\"(max-width: 459px) 100vw, 459px\" \/><\/p>\n<p>In this menu they are created the recipes to be then sent to the scale.<\/p>\n<p>From the window menu [10] it is possible to select the recipe to visualize among those which have been previously created and, in the table [17], it is visualized the list of selected components with relevant values.<\/p>\n<p>For each recipe they are mentioned following data:<\/p>\n<p>&#8211; <strong>Name <\/strong>[10]: it states the wished name for the recipe (maximum 20 alphanumeric characters). This must be univocal; in fact, they cannot exist two recipes with the same name.<\/p>\n<p>&#8211; <strong>% Variation of recipe<\/strong> [11]: variation (positive or negative) calculated on the quantities of the components<\/p>\n<p>&#8211; <strong>Mixing time<\/strong> [12]: final mixing time as far as the components are concerned (in minutes)<\/p>\n<p>&#8211; <strong>Ration pro animal<\/strong> [13]: total sum of components to load for each animal (calculated automatically, not modifiable directly)<\/p>\n<p>&#8211; <strong>Nutritional value of recipe<\/strong> [14]: in KCal or Kj (settable in the options of the program), Nutritional value of the recipe for each animal (calculated automatically, not modifiable directly)<\/p>\n<p>&#8211; <strong>Dried substance of recipe<\/strong> [15]: expressed in percentage, it refers the dried substance used in the recipe (calculated automatically, not modifiable directly)<\/p>\n<p>&#8211; <strong>Note<\/strong> [16]: notes and remarks concerning the recipe<\/p>\n<p>&#8211; <strong>Components<\/strong> [17]: list of the components composing the recipe (maximum 30) with relevant information and settings<\/p>\n<p><strong>For each component they are mentioned following data:<\/strong><\/p>\n<p>&#8211; <strong>Color<\/strong>: color related to the selected component which is chosen when selecting the component (not modifiable directly)<\/p>\n<p>&#8211; <strong>Number<\/strong>: it is set automatically and it represents the progressive number of the component<\/p>\n<p>&#8211; <strong>Component<\/strong>: by selecting from the window menu, which appears when clicking on the relevant column of the table, it is possible to set the component to utilize<\/p>\n<p>&#8211; <strong>Quantity<\/strong>: mentioned in Kg. it represents the quantity of the component to load for the ration of each animal<\/p>\n<p>&#8211; <strong>% Variation<\/strong>: it is possible to insert a variation per cent as foreseen for the variation of the recipe, but in this table it is referred to each single component<\/p>\n<p>&#8211; Total: total quantity to load of each component, it is the result of the sum of the quantity with the per cent variation of the components and of the recipe (not modifiable directly)<\/p>\n<p>&#8211; <strong>% Alarm device<\/strong>: per cent alarm utilized for the mixer wagon&#8217;s alarm<\/p>\n<p>&#8211; <strong>Nutritional value<\/strong>: total nutritional value of the component, calculated on the quantity to load (not modifiable directly)<\/p>\n<p>&#8211; <strong>Dried substance<\/strong>: total dried substance of the component, calculated on the quantity to load (not modifiable directly)<\/p>\n<p>&#8211; <strong>Auto stop<\/strong>: Automatic or manual stop to the following components during the load. If selected the passage to the following component is manual<\/p>\n<p>&#8211; <strong>Percentage of alarm<\/strong>: percentage for the valuation of the margin of error in the load of the component. If the loading error overcomes this percentage, this will be evidently signaled in the report of the loading operations.<\/p>\n<p>Furthermore, for each recipe, they are generated three graphics [18] which represent respectively the ratio between the quantities of the components, the nutritional value and the dried substance.<\/p>\n<p>The color visualized in the graphics is fully matching the color related to the components.<\/p>\n<p>&nbsp;<\/p>\n<p>If you want to visualize a detailed report related to selected recipe press &#8220;Print&#8221; [8].<\/p>\n<p>[\/et_pb_text][et_pb_divider admin_label=&#8221;Modulo Separatore&#8221; color=&#8221;#bababa&#8221; show_divider=&#8221;on&#8221; height=&#8221;10&#8243; divider_style=&#8221;solid&#8221; divider_position=&#8221;top&#8221; hide_on_mobile=&#8221;on&#8221;]<br \/>\n[\/et_pb_divider][et_pb_cta admin_label=&#8221;Link al form&#8221; global_module=&#8221;142&#8243; saved_tabs=&#8221;all&#8221; title=&#8221;Non trovi quello che cerchi?&#8221; button_url=&#8221;#&#8221; url_new_window=&#8221;off&#8221; button_text=&#8221;Contattaci&#8221; use_background_color=&#8221;off&#8221; background_color=&#8221;#0d76ec&#8221; background_layout=&#8221;light&#8221; text_orientation=&#8221;center&#8221; use_border_color=&#8221;off&#8221; border_color=&#8221;#ffffff&#8221; border_style=&#8221;solid&#8221; custom_button=&#8221;off&#8221; button_letter_spacing=&#8221;0&#8243; button_use_icon=&#8221;default&#8221; button_icon_placement=&#8221;right&#8221; button_on_hover=&#8221;on&#8221; button_letter_spacing_hover=&#8221;0&#8243;]<br \/>\n[\/et_pb_cta][\/et_pb_column_inner][\/et_pb_row_inner][\/et_pb_column][\/et_pb_section]<\/p>\n","protected":false},"excerpt":{"rendered":"<p>SUPER DATAMIX Introduzione Installazione Attivazione Segnalazioni di stato Stato della connessione Funzione dei tasti Utilizzo del sistema Tastiera Peso totale Selezione della ricetta Azzeramento del peso totale Peso totale carico Peso totale scarico Peso parziale In this menu they are created the recipes to be then sent to the scale. From the window menu [10] [&hellip;]<\/p>\n","protected":false},"author":9,"featured_media":0,"parent":785,"menu_order":0,"comment_status":"closed","ping_status":"closed","template":"","meta":{"_et_pb_use_builder":"on","_et_pb_old_content":"<p>[et_pb_section admin_label=\"section\" global_module=\"706\" fullwidth=\"on\"][et_pb_fullwidth_header global_parent=\"706\" admin_label=\"Intestazione a Larghezza Piena\" title=\"SUPER DATAMIX\" background_layout=\"dark\" text_orientation=\"left\" header_fullscreen=\"off\" header_scroll_down=\"off\" background_color=\"#222349\" parallax=\"off\" parallax_method=\"off\" content_orientation=\"center\" image_orientation=\"center\" title_font=\"Montserrat|on|||\" title_font_size=\"40px\" custom_button_one=\"off\" button_one_letter_spacing=\"0\" button_one_use_icon=\"default\" button_one_icon_placement=\"right\" button_one_on_hover=\"on\" button_one_letter_spacing_hover=\"0\" custom_button_two=\"off\" button_two_letter_spacing=\"0\" button_two_use_icon=\"default\" button_two_icon_placement=\"right\" button_two_on_hover=\"on\" button_two_letter_spacing_hover=\"0\" title_font_color=\"#ffffff\"] [\/et_pb_fullwidth_header][\/et_pb_section][et_pb_section admin_label=\"Sezione\" fullwidth=\"off\" specialty=\"on\" transparent_background=\"off\" background_color=\"#ffffff\" allow_player_pause=\"off\" inner_shadow=\"off\" parallax=\"off\" parallax_method=\"off\" custom_padding=\"0px|||\" padding_mobile=\"off\" make_fullwidth=\"off\" use_custom_width=\"off\" width_unit=\"on\" make_equal=\"off\" use_custom_gutter=\"off\" parallax_1=\"off\" parallax_method_1=\"off\" parallax_2=\"off\" parallax_method_2=\"off\" custom_css_main_1=\"border-right: solid 1px #bababa;\"][et_pb_column type=\"1_4\"][et_pb_blurb admin_label=\"Link al prodotto - SUPER DATAMIX - ITA\" global_module=\"710\" saved_tabs=\"all\" title=\"Scheda prodotto\" url=\"http:\/\/www.ptmsrl.com\/it\/s34\/product\/\" url_new_window=\"on\" use_icon=\"on\" font_icon=\"%%101%%\" icon_color=\"#b5b5b5\" use_circle=\"off\" circle_color=\"#0d76ec\" use_circle_border=\"off\" circle_border_color=\"#0d76ec\" icon_placement=\"left\" animation=\"top\" background_layout=\"light\" text_orientation=\"left\" use_icon_font_size=\"off\" use_border_color=\"off\" border_color=\"#ffffff\" border_style=\"solid\"]<br \/> [\/et_pb_blurb][et_pb_divider admin_label=\"Modulo Separatore\" color=\"#b5b5b5\" show_divider=\"on\" divider_style=\"solid\" divider_position=\"top\" hide_on_mobile=\"on\" height=\"10\"]<br \/> [\/et_pb_divider][et_pb_text admin_label=\"Menu laterale - SUPER DATAMIX - ITA\" global_module=\"714\" saved_tabs=\"all\" background_layout=\"light\" text_orientation=\"left\" text_font_size=\"16\" use_border_color=\"off\" border_color=\"#ffffff\" border_style=\"solid\"]<\/p><p><strong>SUPER DATAMIX<\/strong><\/p><ul><li><a href=\"http:\/\/demo.n-3.it\/ptm\/guida-app-myscale\/\">Introduzione<\/a><\/li><li><a href=\"http:\/\/demo.n-3.it\/ptm\/guida-app-myscale\/guida-app-myscale-installazione-dellapp\/\">Installazione<\/a><\/li><li><a href=\"http:\/\/demo.n-3.it\/ptm\/guida-app-myscale\/guida-app-myscale-attivazione-della-modalita-myscale\/\">Attivazione<\/a><\/li><li><a href=\"http:\/\/demo.n-3.it\/ptm\/guida-app-myscale\/guida-app-myscale-segnalazioni-di-stato\/\">Segnalazioni di stato<\/a><\/li><li><a href=\"http:\/\/demo.n-3.it\/ptm\/guida-app-myscale\/guida-app-myscale-stato-della-connessione\/\">Stato della connessione<\/a><\/li><li><a href=\"http:\/\/demo.n-3.it\/ptm\/guida-app-myscale\/guida-app-myscale-funzione-dei-tasti\/\">Funzione dei tasti<\/a><\/li><li>Utilizzo del sistema<ul><li><a href=\"http:\/\/demo.n-3.it\/ptm\/guida-app-myscale\/guida-app-myscale-utilizzo-della-tastiera\/\">Tastiera<\/a><\/li><li><a href=\"http:\/\/demo.n-3.it\/ptm\/guida-app-myscale\/guida-app-myscale-peso-totale\/\">Peso totale<\/a><\/li><li><a href=\"http:\/\/demo.n-3.it\/ptm\/guida-app-myscale\/guida-app-myscale-peso-totale-selezione-della-ricetta\/\">Selezione della ricetta<\/a><\/li><li><a href=\"http:\/\/demo.n-3.it\/ptm\/guida-app-myscale\/guida-app-myscale-peso-totale-azzeramento-del-peso-totale\/\">Azzeramento del peso totale<\/a><\/li><li><a href=\"http:\/\/demo.n-3.it\/ptm\/guida-app-myscale\/guida-app-myscale-peso-totale-carico-avvio-del-carico-della-ricetta\/\">Peso totale carico<\/a><\/li><li><a href=\"http:\/\/demo.n-3.it\/ptm\/guida-app-myscale\/guida-app-myscale-peso-totale-scarico-avvio-dello-scarico-della-ricetta\/\">Peso totale scarico<\/a><\/li><li><a href=\"http:\/\/demo.n-3.it\/ptm\/guida-app-myscale\/guida-app-myscale-peso-parziale-azzeramento-del-peso-parziale\/\">Peso parziale<\/a><\/li><\/ul><\/li><\/ul><p>[\/et_pb_text][\/et_pb_column][et_pb_column type=\"3_4\" specialty_columns=\"3\"][et_pb_row_inner admin_label=\"Riga\"][et_pb_column_inner type=\"4_4\" saved_specialty_column_type=\"3_4\"][et_pb_cta admin_label=\"Titolo sezione\" title=\"Composizione ricette\" url_new_window=\"off\" use_background_color=\"off\" background_color=\"#0d76ec\" background_layout=\"light\" text_orientation=\"left\" use_border_color=\"off\" border_color=\"#ffffff\" border_style=\"solid\" custom_button=\"off\" button_letter_spacing=\"0\" button_use_icon=\"default\" button_icon_placement=\"right\" button_on_hover=\"on\" button_letter_spacing_hover=\"0\" header_font_size=\"40\"] [\/et_pb_cta][et_pb_text admin_label=\"Testo\" background_layout=\"light\" text_orientation=\"left\" use_border_color=\"off\" border_color=\"#ffffff\" border_style=\"solid\"]<\/p><p><img class=\"alignnone size-full wp-image-740\" src=\"http:\/\/demo.n-3.it\/ptm\/wp-content\/uploads\/2016\/11\/ptm_0021_composizione-ricette.jpg\" alt=\"ptm_0021_composizione-ricette\" width=\"467\" height=\"339\" \/><\/p><p>In questo men\u00f9 sono create le ricette che verranno poi inviate alla centralina.<\/p><p>Dal men\u00f9 a tendina [10] \u00e8 possibile selezionare la ricetta da visualizzare tra quelle precedentemente create e, nella tabella [17], \u00e8 visualizzato l'elenco degli ingredienti selezionati con i relativi valori.<\/p><p>Per ogni ricetta ci sono i seguenti dati:<\/p><p>- <strong>Nome<\/strong> [10]: il nome che si desidera dare alla ricetta (massimo 20 caratteri alfanumerici). Deve essere univoco, non possono esistere infatti due ricette con lo stesso nome<\/p><p>- <strong>Variazione percentuale ricetta<\/strong> [11]: variazione (positiva o negativa) applicata sul calcolo delle quantit\u00e0 di tutti i componenti<\/p><p>- <strong>Tempo di miscelazione<\/strong> [12]: tempo di miscelazione finale dei componenti (in minuti)<\/p><p>- <strong>Razione per animale<\/strong> [13]: somma totale dei componenti da caricare per ciascun animale (calcolato in automatico, non modificabile direttamente)<\/p><p>- <strong>Valore nutritivo ricetta<\/strong> [14]: in KCal o Kj (selezionabile nelle opzioni del programma), valore nutritivo totale della ricetta per ciascun animale (calcolato in automatico, non modificabile direttamente)<\/p><p>- <strong>Sostanza secca<\/strong> [15]: in percentuale, sostanza secca della ricetta (calcolato in automatico, non modificabile direttamente)<\/p><p>- <strong>Note<\/strong> [16]: annotazioni riguardanti la ricetta<\/p><p>- <strong>Ingredienti<\/strong> [17]: elenco dei componenti che costituiscono la ricetta e relative informazioni ed impostazioni<\/p><p>Per ogni ingrediente ci sono inoltre i seguenti dati:<\/p><p>- <strong>Colore<\/strong>: colore del componente selezionato, \u00e8 caricato quando si seleziona il componente (non modificabile direttamente)<\/p><p>- <strong>Numero<\/strong>: impostato automaticamente, rappresenta il numero crescente dell'ingrediente<\/p><p>- <strong>Componente<\/strong>: selezionandolo dal men\u00f9 a tendina che compare facendo click sulla relativa colonna della tabella, \u00e8 possibile impostare il componente da utilizzare<\/p><p>- <strong>Quantit\u00e0<\/strong>: in kg: rappresenta la quantit\u00e0 di componente da caricare per la razione del singolo animale<\/p><p>- <strong>Variazione percentuale componente<\/strong>: \u00e8 possibile inserire una variazione percentuale in modo analogo alla variazione della ricetta, ma riferita per\u00f2 al singolo componente<\/p><p>- <strong>Totale<\/strong>: quantit\u00e0 totale da caricare del singolo componente, \u00e8 data dalla quantit\u00e0 cui si somma la variazione percentuale del componente e della ricetta (non modificabile direttamente)<\/p><p>- <strong>Allarme sirena<\/strong>: percentuale di allarme utilizzata nel carico del componente sulla centralina del carro Unifeed<\/p><p>- <strong>Valore nutritivo<\/strong>: valore nutritivo totale del componente, calcolato sulla quantit\u00e0 da caricare (non modificabile direttamente)<\/p><p>- <strong>Sostanza secca<\/strong>: sostanza secca totale del componente, calcolata sulla quantit\u00e0 da caricare (non modificabile direttamente)<\/p><p>- <strong>Stop<\/strong>: passaggio automatico o manuale al componente successivo durante il carico della centralina sul carro Unifeed. Se selezionato il passaggio al componente successivo sar\u00e0 manuale<\/p><p>- <strong>Percentuale di allarme<\/strong>: percentuale per la valutazione del margine di errore nel carico del componente. Se l'errore di carico supera tale percentuale, sar\u00e0 segnalato in modo evidente nel rapporto delle operazioni di carico<\/p><p>Per ogni ricetta sono inoltre generati tre grafici [18] che rappresentano rispettivamente il rapporto tra le quantit\u00e0 dei componenti, del valore nutritivo e della sostanza secca. Il colore visualizzato nei grafici corrisponde al colore selezionato nei componenti.<\/p><p>Per selezionare il tipo di grafico premere su uno dei 3 pulsanti: \u201cComponenti\u201d, \"Valore nutritivo\u201d, \"Sostanza secca\u201d.<\/p><p>\u00a0<\/p><p>Se si desidera visualizzare un rapporto dettagliato stampabile della ricetta selezionata premere \"Report\" [8].<\/p><p>[\/et_pb_text][et_pb_divider admin_label=\"Modulo Separatore\" color=\"#bababa\" show_divider=\"on\" height=\"10\" divider_style=\"solid\" divider_position=\"top\" hide_on_mobile=\"on\"]<br \/> [\/et_pb_divider][et_pb_cta admin_label=\"Link al form\" global_module=\"142\" saved_tabs=\"all\" title=\"Non trovi quello che cerchi?\" button_url=\"#\" url_new_window=\"off\" button_text=\"Contattaci\" use_background_color=\"off\" background_color=\"#0d76ec\" background_layout=\"light\" text_orientation=\"center\" use_border_color=\"off\" border_color=\"#ffffff\" border_style=\"solid\" custom_button=\"off\" button_letter_spacing=\"0\" button_use_icon=\"default\" button_icon_placement=\"right\" button_on_hover=\"on\" button_letter_spacing_hover=\"0\"]<br \/> [\/et_pb_cta][\/et_pb_column_inner][\/et_pb_row_inner][\/et_pb_column][\/et_pb_section]<\/p>","_et_gb_content_width":"","footnotes":""},"_links":{"self":[{"href":"http:\/\/service.ptmsrl.com\/en\/wp-json\/wp\/v2\/pages\/820"}],"collection":[{"href":"http:\/\/service.ptmsrl.com\/en\/wp-json\/wp\/v2\/pages"}],"about":[{"href":"http:\/\/service.ptmsrl.com\/en\/wp-json\/wp\/v2\/types\/page"}],"author":[{"embeddable":true,"href":"http:\/\/service.ptmsrl.com\/en\/wp-json\/wp\/v2\/users\/9"}],"replies":[{"embeddable":true,"href":"http:\/\/service.ptmsrl.com\/en\/wp-json\/wp\/v2\/comments?post=820"}],"version-history":[{"count":0,"href":"http:\/\/service.ptmsrl.com\/en\/wp-json\/wp\/v2\/pages\/820\/revisions"}],"up":[{"embeddable":true,"href":"http:\/\/service.ptmsrl.com\/en\/wp-json\/wp\/v2\/pages\/785"}],"wp:attachment":[{"href":"http:\/\/service.ptmsrl.com\/en\/wp-json\/wp\/v2\/media?parent=820"}],"curies":[{"name":"wp","href":"https:\/\/api.w.org\/{rel}","templated":true}]}}