{"id":1703,"date":"2016-11-21T15:33:52","date_gmt":"2016-11-21T14:33:52","guid":{"rendered":"http:\/\/service.ptmsrl.com\/en\/?page_id=1703"},"modified":"2016-11-21T15:33:52","modified_gmt":"2016-11-21T14:33:52","slug":"check-of-the-starting-time-of-a-time-programming","status":"publish","type":"page","link":"http:\/\/service.ptmsrl.com\/en\/weighing-indicators-gsa\/check-of-the-starting-time-of-a-time-programming\/","title":{"rendered":"Check of the starting time of a time programming"},"content":{"rendered":"<p>[et_pb_section admin_label=&#8221;section&#8221; fullwidth=&#8221;on&#8221;][et_pb_fullwidth_header admin_label=&#8221;Header &#8211; Centralina GSA&#8221; title=&#8221;GSA&#8221; background_layout=&#8221;dark&#8221; text_orientation=&#8221;left&#8221; header_fullscreen=&#8221;off&#8221; header_scroll_down=&#8221;off&#8221; background_color=&#8221;#222349&#8243; parallax=&#8221;off&#8221; parallax_method=&#8221;off&#8221; content_orientation=&#8221;center&#8221; image_orientation=&#8221;center&#8221; title_font_color=&#8221;#ffffff&#8221; title_font=&#8221;Montserrat|on|||&#8221; title_font_size=&#8221;40px&#8221; custom_button_one=&#8221;off&#8221; button_one_letter_spacing=&#8221;0&#8243; button_one_use_icon=&#8221;default&#8221; button_one_icon_placement=&#8221;right&#8221; button_one_on_hover=&#8221;on&#8221; button_one_letter_spacing_hover=&#8221;0&#8243; custom_button_two=&#8221;off&#8221; button_two_letter_spacing=&#8221;0&#8243; button_two_use_icon=&#8221;default&#8221; button_two_icon_placement=&#8221;right&#8221; button_two_on_hover=&#8221;on&#8221; button_two_letter_spacing_hover=&#8221;0&#8243;] [\/et_pb_fullwidth_header][\/et_pb_section][et_pb_section admin_label=&#8221;Sezione&#8221; fullwidth=&#8221;off&#8221; specialty=&#8221;on&#8221; transparent_background=&#8221;off&#8221; background_color=&#8221;#ffffff&#8221; allow_player_pause=&#8221;off&#8221; inner_shadow=&#8221;off&#8221; parallax=&#8221;off&#8221; parallax_method=&#8221;off&#8221; custom_padding=&#8221;0px|||&#8221; padding_mobile=&#8221;off&#8221; make_fullwidth=&#8221;off&#8221; use_custom_width=&#8221;off&#8221; width_unit=&#8221;on&#8221; make_equal=&#8221;off&#8221; use_custom_gutter=&#8221;off&#8221; parallax_1=&#8221;off&#8221; parallax_method_1=&#8221;off&#8221; parallax_2=&#8221;off&#8221; parallax_method_2=&#8221;off&#8221; custom_css_main_1=&#8221;border-right: solid 1px #bababa;&#8221;][et_pb_column type=&#8221;1_4&#8243;][et_pb_blurb admin_label=&#8221;Link al prodotto &#8211; CENTRALINA GSA&#8221; global_module=&#8221;1498&#8243; saved_tabs=&#8221;all&#8221; title=&#8221;Scheda prodotto&#8221; url=&#8221;http:\/\/www.ptmsrl.com\/it\/s10\/product\/&#8221; url_new_window=&#8221;on&#8221; use_icon=&#8221;on&#8221; font_icon=&#8221;%%101%%&#8221; icon_color=&#8221;#b5b5b5&#8243; use_circle=&#8221;off&#8221; circle_color=&#8221;#0d76ec&#8221; use_circle_border=&#8221;off&#8221; circle_border_color=&#8221;#0d76ec&#8221; icon_placement=&#8221;left&#8221; animation=&#8221;top&#8221; background_layout=&#8221;light&#8221; text_orientation=&#8221;left&#8221; use_icon_font_size=&#8221;off&#8221; use_border_color=&#8221;off&#8221; border_color=&#8221;#ffffff&#8221; border_style=&#8221;solid&#8221;] Centralina GSA [\/et_pb_blurb][et_pb_divider admin_label=&#8221;Modulo Separatore&#8221; color=&#8221;#b5b5b5&#8243; show_divider=&#8221;on&#8221; divider_style=&#8221;solid&#8221; divider_position=&#8221;top&#8221; hide_on_mobile=&#8221;on&#8221; height=&#8221;10&#8243;] [\/et_pb_divider][et_pb_text admin_label=&#8221;MENU LATERALE &#8211; CENTRALINA GSA&#8221; background_layout=&#8221;light&#8221; text_orientation=&#8221;left&#8221; use_border_color=&#8221;off&#8221; border_color=&#8221;#ffffff&#8221; border_style=&#8221;solid&#8221; saved_tabs=&#8221;all&#8221; global_module=&#8221;1502&#8243;]<\/p>\n<p><strong>APP MYSCALE<\/strong><\/p>\n<ul>\n<li><a href=\"http:\/\/service.ptmsrl.com\/guida-app-myscale\/\">Introduzione<\/a><\/li>\n<li><a href=\"http:\/\/service.ptmsrl.com\/guida-app-myscale\/guida-app-myscale-installazione-dellapp\/\">Installazione<\/a><\/li>\n<li><a href=\"http:\/\/service.ptmsrl.com\/guida-app-myscale\/guida-app-myscale-attivazione-della-modalita-myscale\/\">Attivazione<\/a><\/li>\n<li><a href=\"http:\/\/service.ptmsrl.com\/guida-app-myscale\/guida-app-myscale-segnalazioni-di-stato\/\">Segnalazioni di stato<\/a><\/li>\n<li><a href=\"http:\/\/service.ptmsrl.com\/guida-app-myscale\/guida-app-myscale-stato-della-connessione\/\">Stato della connessione<\/a><\/li>\n<li><a href=\"http:\/\/service.ptmsrl.com\/guida-app-myscale\/guida-app-myscale-funzione-dei-tasti\/\">Funzione dei tasti<\/a><\/li>\n<li>Utilizzo del sistema\n<ul>\n<li><a href=\"http:\/\/service.ptmsrl.com\/guida-app-myscale\/guida-app-myscale-utilizzo-della-tastiera\/\">Tastiera<\/a><\/li>\n<li><a href=\"http:\/\/service.ptmsrl.com\/guida-app-myscale\/guida-app-myscale-peso-totale\/\">Peso totale<\/a><\/li>\n<li><a href=\"http:\/\/service.ptmsrl.com\/guida-app-myscale\/guida-app-myscale-peso-totale-selezione-della-ricetta\/\">Selezione della ricetta<\/a><\/li>\n<li><a href=\"http:\/\/service.ptmsrl.com\/guida-app-myscale\/guida-app-myscale-peso-totale-azzeramento-del-peso-totale\/\">Azzeramento del peso totale<\/a><\/li>\n<li><a href=\"http:\/\/service.ptmsrl.com\/guida-app-myscale\/guida-app-myscale-peso-totale-carico-avvio-del-carico-della-ricetta\/\">Peso totale carico<\/a><\/li>\n<li><a href=\"http:\/\/service.ptmsrl.com\/guida-app-myscale\/guida-app-myscale-peso-totale-scarico-avvio-dello-scarico-della-ricetta\/\">Peso totale scarico<\/a><\/li>\n<li><a href=\"http:\/\/service.ptmsrl.com\/guida-app-myscale\/guida-app-myscale-peso-parziale-azzeramento-del-peso-parziale\/\">Peso parziale<\/a><\/li>\n<\/ul>\n<\/li>\n<\/ul>\n<p>[\/et_pb_text][\/et_pb_column][et_pb_column type=&#8221;3_4&#8243; specialty_columns=&#8221;3&#8243;][et_pb_row_inner admin_label=&#8221;Riga&#8221;][et_pb_column_inner type=&#8221;4_4&#8243; saved_specialty_column_type=&#8221;3_4&#8243;][et_pb_cta admin_label=&#8221;Titolo sezione&#8221; title=&#8221;Check of the starting time of a time programming&#8221; url_new_window=&#8221;off&#8221; use_background_color=&#8221;off&#8221; background_color=&#8221;#0d76ec&#8221; background_layout=&#8221;light&#8221; text_orientation=&#8221;left&#8221; use_border_color=&#8221;off&#8221; border_color=&#8221;#ffffff&#8221; border_style=&#8221;solid&#8221; custom_button=&#8221;off&#8221; button_letter_spacing=&#8221;0&#8243; button_use_icon=&#8221;default&#8221; button_icon_placement=&#8221;right&#8221; button_on_hover=&#8221;on&#8221; button_letter_spacing_hover=&#8221;0&#8243; header_font_size=&#8221;40&#8243;] [\/et_pb_cta][et_pb_text admin_label=&#8221;Testo&#8221; background_layout=&#8221;light&#8221; text_orientation=&#8221;left&#8221; use_border_color=&#8221;off&#8221; border_color=&#8221;#ffffff&#8221; border_style=&#8221;solid&#8221;]<\/p>\n<p>Should a time program be active, the time left before the automatic start of the program or of the repetition of a time program is shown in the messages area of the weight screen.<\/p>\n<p>The message displayed in case of a time program or of a pending repetition is the following:<\/p>\n<p><strong>PXX [hh:mm] MMMM<\/strong><\/p>\n<p>Where:<\/p>\n<ul>\n<li><strong>XX<\/strong> = number of the time program<\/li>\n<li><strong>hh:mm<\/strong> = remaining time before the start of the time program, expressed in hours and minutes<\/li>\n<li><strong>MMMM<\/strong> = starting mode of the program: AUTO indicates that a time program is pending, RIP indicates that a program repetition is pending.<\/li>\n<\/ul>\n<p>We remind the user that the visualization of the remaining time before the start of the time program in the messages area does not begin immediately upon switching on the weighing indicator, but it is necessary to wait for about a minute before the message is shown.<\/p>\n<p>The time programs are not used in the working mode &#8220;single load&#8221;.<\/p>\n<p>NOTE: The start of time programs (excluding those with manual start) or of repetitions of time programs always occurs automatically while the weighing indicator is in the total weight menu.<\/p>\n<p>As the weighing indicator directly controls the electric engines, and the time programs starts automatically, it is user&#8217;s and installer&#8217;s responsibility to take care of the safety issues of these operation. PTM declines any responsibility in case the system safety rules are not observed.<\/p>\n<p>&nbsp;<\/p>\n<p><img loading=\"lazy\" decoding=\"async\" class=\"alignnone wp-image-1674 size-full\" src=\"http:\/\/service.ptmsrl.com\/wp-content\/uploads\/2016\/11\/ptm__0009_ptm-gsa-en.jpg\" width=\"135\" height=\"101\" \/>\u00a0 \u00a0<img loading=\"lazy\" decoding=\"async\" class=\"alignnone wp-image-1673 size-full\" src=\"http:\/\/service.ptmsrl.com\/wp-content\/uploads\/2016\/11\/ptm__0008_ptm-gsa-en.jpg\" width=\"135\" height=\"101\" \/><\/p>\n<p>[\/et_pb_text][et_pb_divider admin_label=&#8221;Modulo Separatore&#8221; color=&#8221;#bababa&#8221; show_divider=&#8221;on&#8221; height=&#8221;10&#8243; divider_style=&#8221;solid&#8221; divider_position=&#8221;top&#8221; hide_on_mobile=&#8221;on&#8221;] [\/et_pb_divider][et_pb_cta admin_label=&#8221;Link al form&#8221; global_module=&#8221;142&#8243; saved_tabs=&#8221;all&#8221; title=&#8221;Non trovi quello che cerchi?&#8221; button_url=&#8221;#&#8221; url_new_window=&#8221;off&#8221; button_text=&#8221;Contattaci&#8221; use_background_color=&#8221;off&#8221; background_color=&#8221;#0d76ec&#8221; background_layout=&#8221;light&#8221; text_orientation=&#8221;center&#8221; use_border_color=&#8221;off&#8221; border_color=&#8221;#ffffff&#8221; border_style=&#8221;solid&#8221; custom_button=&#8221;off&#8221; button_letter_spacing=&#8221;0&#8243; button_use_icon=&#8221;default&#8221; button_icon_placement=&#8221;right&#8221; button_on_hover=&#8221;on&#8221; button_letter_spacing_hover=&#8221;0&#8243;] [\/et_pb_cta][\/et_pb_column_inner][\/et_pb_row_inner][\/et_pb_column][\/et_pb_section]<\/p>\n","protected":false},"excerpt":{"rendered":"<p>Centralina GSA APP MYSCALE Introduzione Installazione Attivazione Segnalazioni di stato Stato della connessione Funzione dei tasti Utilizzo del sistema Tastiera Peso totale Selezione della ricetta Azzeramento del peso totale Peso totale carico Peso totale scarico Peso parziale Should a time program be active, the time left before the automatic start of the program or of [&hellip;]<\/p>\n","protected":false},"author":9,"featured_media":0,"parent":1625,"menu_order":0,"comment_status":"closed","ping_status":"closed","template":"","meta":{"_et_pb_use_builder":"on","_et_pb_old_content":"<p>[et_pb_section admin_label=\"section\" global_module=\"1495\" fullwidth=\"on\"][et_pb_fullwidth_header global_parent=\"1495\" admin_label=\"Header - Centralina GSA\" title=\"CENTRALINA GSA\" background_layout=\"dark\" text_orientation=\"left\" header_fullscreen=\"off\" header_scroll_down=\"off\" background_color=\"#222349\" parallax=\"off\" parallax_method=\"off\" content_orientation=\"center\" image_orientation=\"center\" title_font_color=\"#ffffff\" title_font=\"Montserrat|on|||\" title_font_size=\"40px\" custom_button_one=\"off\" button_one_letter_spacing=\"0\" button_one_use_icon=\"default\" button_one_icon_placement=\"right\" button_one_on_hover=\"on\" button_one_letter_spacing_hover=\"0\" custom_button_two=\"off\" button_two_letter_spacing=\"0\" button_two_use_icon=\"default\" button_two_icon_placement=\"right\" button_two_on_hover=\"on\" button_two_letter_spacing_hover=\"0\"] [\/et_pb_fullwidth_header][\/et_pb_section][et_pb_section admin_label=\"Sezione\" fullwidth=\"off\" specialty=\"on\" transparent_background=\"off\" background_color=\"#ffffff\" allow_player_pause=\"off\" inner_shadow=\"off\" parallax=\"off\" parallax_method=\"off\" custom_padding=\"0px|||\" padding_mobile=\"off\" make_fullwidth=\"off\" use_custom_width=\"off\" width_unit=\"on\" make_equal=\"off\" use_custom_gutter=\"off\" parallax_1=\"off\" parallax_method_1=\"off\" parallax_2=\"off\" parallax_method_2=\"off\" custom_css_main_1=\"border-right: solid 1px #bababa;\"][et_pb_column type=\"1_4\"][et_pb_blurb admin_label=\"Link al prodotto - CENTRALINA GSA\" global_module=\"1498\" saved_tabs=\"all\" title=\"Scheda prodotto\" url=\"http:\/\/www.ptmsrl.com\/it\/s10\/product\/\" url_new_window=\"on\" use_icon=\"on\" font_icon=\"%%101%%\" icon_color=\"#b5b5b5\" use_circle=\"off\" circle_color=\"#0d76ec\" use_circle_border=\"off\" circle_border_color=\"#0d76ec\" icon_placement=\"left\" animation=\"top\" background_layout=\"light\" text_orientation=\"left\" use_icon_font_size=\"off\" use_border_color=\"off\" border_color=\"#ffffff\" border_style=\"solid\"] Centralina GSA [\/et_pb_blurb][et_pb_divider admin_label=\"Modulo Separatore\" color=\"#b5b5b5\" show_divider=\"on\" divider_style=\"solid\" divider_position=\"top\" hide_on_mobile=\"on\" height=\"10\"] [\/et_pb_divider][et_pb_text admin_label=\"MENU LATERALE - CENTRALINA GSA\" background_layout=\"light\" text_orientation=\"left\" use_border_color=\"off\" border_color=\"#ffffff\" border_style=\"solid\" saved_tabs=\"all\" global_module=\"1502\"]<\/p><p><strong>APP MYSCALE<\/strong><\/p><ul><li><a href=\"http:\/\/service.ptmsrl.com\/guida-app-myscale\/\">Introduzione<\/a><\/li><li><a href=\"http:\/\/service.ptmsrl.com\/guida-app-myscale\/guida-app-myscale-installazione-dellapp\/\">Installazione<\/a><\/li><li><a href=\"http:\/\/service.ptmsrl.com\/guida-app-myscale\/guida-app-myscale-attivazione-della-modalita-myscale\/\">Attivazione<\/a><\/li><li><a href=\"http:\/\/service.ptmsrl.com\/guida-app-myscale\/guida-app-myscale-segnalazioni-di-stato\/\">Segnalazioni di stato<\/a><\/li><li><a href=\"http:\/\/service.ptmsrl.com\/guida-app-myscale\/guida-app-myscale-stato-della-connessione\/\">Stato della connessione<\/a><\/li><li><a href=\"http:\/\/service.ptmsrl.com\/guida-app-myscale\/guida-app-myscale-funzione-dei-tasti\/\">Funzione dei tasti<\/a><\/li><li>Utilizzo del sistema<ul><li><a href=\"http:\/\/service.ptmsrl.com\/guida-app-myscale\/guida-app-myscale-utilizzo-della-tastiera\/\">Tastiera<\/a><\/li><li><a href=\"http:\/\/service.ptmsrl.com\/guida-app-myscale\/guida-app-myscale-peso-totale\/\">Peso totale<\/a><\/li><li><a href=\"http:\/\/service.ptmsrl.com\/guida-app-myscale\/guida-app-myscale-peso-totale-selezione-della-ricetta\/\">Selezione della ricetta<\/a><\/li><li><a href=\"http:\/\/service.ptmsrl.com\/guida-app-myscale\/guida-app-myscale-peso-totale-azzeramento-del-peso-totale\/\">Azzeramento del peso totale<\/a><\/li><li><a href=\"http:\/\/service.ptmsrl.com\/guida-app-myscale\/guida-app-myscale-peso-totale-carico-avvio-del-carico-della-ricetta\/\">Peso totale carico<\/a><\/li><li><a href=\"http:\/\/service.ptmsrl.com\/guida-app-myscale\/guida-app-myscale-peso-totale-scarico-avvio-dello-scarico-della-ricetta\/\">Peso totale scarico<\/a><\/li><li><a href=\"http:\/\/service.ptmsrl.com\/guida-app-myscale\/guida-app-myscale-peso-parziale-azzeramento-del-peso-parziale\/\">Peso parziale<\/a><\/li><\/ul><\/li><\/ul><p>[\/et_pb_text][\/et_pb_column][et_pb_column type=\"3_4\" specialty_columns=\"3\"][et_pb_row_inner admin_label=\"Riga\"][et_pb_column_inner type=\"4_4\" saved_specialty_column_type=\"3_4\"][et_pb_cta admin_label=\"Titolo sezione\" title=\"Controllo dell\u2019orario di avvio di una programmazione oraria\" url_new_window=\"off\" use_background_color=\"off\" background_color=\"#0d76ec\" background_layout=\"light\" text_orientation=\"left\" use_border_color=\"off\" border_color=\"#ffffff\" border_style=\"solid\" custom_button=\"off\" button_letter_spacing=\"0\" button_use_icon=\"default\" button_icon_placement=\"right\" button_on_hover=\"on\" button_letter_spacing_hover=\"0\" header_font_size=\"40\"] [\/et_pb_cta][et_pb_text admin_label=\"Testo\" background_layout=\"light\" text_orientation=\"left\" use_border_color=\"off\" border_color=\"#ffffff\" border_style=\"solid\"]<\/p><p>Nel caso in cui fosse attiva una programmazione oraria, all\u2019interno dell\u2019area messaggistica del peso verr\u00e0 visualizzato il tempo residuo alla partenza di tale programmazione eseguita in automatico oppure della ripetizione di una programmazione oraria.<\/p><p>Il messaggio visualizzato quando \u00e8 presente una programmazione oraria oppure una ripetizione pendente \u00e8 il seguente:<\/p><p><strong>PXX [hh:mm] MMMM<\/strong><\/p><p>Dove per:<\/p><p><strong>XX<\/strong> = numero della programmazione oraria<\/p><p><strong>hh:mm<\/strong> = tempo residuo prima dell\u2019avvio della programmazione oraria, espresso in ore e minuti<\/p><p><strong>MMMM<\/strong> = modalit\u00e0 con cui viene lanciato il programma, se la scritta \u00e8 AUTO vuol dire che \u00e8 pendente una programmazione oraria, se \u00e8 RIP significa che \u00e8 pendente l\u2019esecuzione di una ripetizione di una programmazione oraria<\/p><p>Si ricorda all\u2019utente che la visualizzazione del tempo residuo all\u2019avvio della programmazione oraria nell\u2019area messaggistica non inizier\u00e0 immediatamente all\u2019avvio della centralina, ma sar\u00e0 necessario attendere al massimo un minuto prima che il messaggio venga visualizzato.<\/p><p>Le programmazioni orarie non vengono utilizzate nella modalit\u00e0 di lavoro \u201ccarico singolo\u201d.<\/p><p>NOTA: L\u2019avvio delle programmazioni orarie (ad esclusione di quelle con avvio manuale) o di ripetizioni di programmazioni orarie, parte sempre in automatico mentre la centralina si trova nel menu di peso totale. Dal momento che la centralina comanda direttamente i motori elettrici e che l\u2019avvio delle programmazioni orarie parte in automatico, sar\u00e0 compito dell\u2019utente e dell\u2019installatore curare tutti gli aspetti della sicurezza inerenti questo fenomeno. PTM declina ogni responsabilit\u00e0 nel caso in cui non venissero osservate le norme di sicurezza.<\/p><p>\u00a0<\/p><p><img class=\"alignnone size-full wp-image-1572\" src=\"http:\/\/service.ptmsrl.com\/wp-content\/uploads\/2016\/11\/ptm__0007_centralina-gsa.jpg\" alt=\"ptm__0007_centralina-gsa\" width=\"224\" height=\"168\" \/>\u00a0 \u00a0<img class=\"alignnone size-full wp-image-1571\" src=\"http:\/\/service.ptmsrl.com\/wp-content\/uploads\/2016\/11\/ptm__0006_centralina-gsa.jpg\" alt=\"ptm__0006_centralina-gsa\" width=\"224\" height=\"168\" \/><\/p><p>[\/et_pb_text][et_pb_divider admin_label=\"Modulo Separatore\" color=\"#bababa\" show_divider=\"on\" height=\"10\" divider_style=\"solid\" divider_position=\"top\" hide_on_mobile=\"on\"] [\/et_pb_divider][et_pb_cta admin_label=\"Link al form\" global_module=\"142\" saved_tabs=\"all\" title=\"Non trovi quello che cerchi?\" button_url=\"#\" url_new_window=\"off\" button_text=\"Contattaci\" use_background_color=\"off\" background_color=\"#0d76ec\" background_layout=\"light\" text_orientation=\"center\" use_border_color=\"off\" border_color=\"#ffffff\" border_style=\"solid\" custom_button=\"off\" button_letter_spacing=\"0\" button_use_icon=\"default\" button_icon_placement=\"right\" button_on_hover=\"on\" button_letter_spacing_hover=\"0\"] [\/et_pb_cta][\/et_pb_column_inner][\/et_pb_row_inner][\/et_pb_column][\/et_pb_section]<\/p>","_et_gb_content_width":"","footnotes":""},"_links":{"self":[{"href":"http:\/\/service.ptmsrl.com\/en\/wp-json\/wp\/v2\/pages\/1703"}],"collection":[{"href":"http:\/\/service.ptmsrl.com\/en\/wp-json\/wp\/v2\/pages"}],"about":[{"href":"http:\/\/service.ptmsrl.com\/en\/wp-json\/wp\/v2\/types\/page"}],"author":[{"embeddable":true,"href":"http:\/\/service.ptmsrl.com\/en\/wp-json\/wp\/v2\/users\/9"}],"replies":[{"embeddable":true,"href":"http:\/\/service.ptmsrl.com\/en\/wp-json\/wp\/v2\/comments?post=1703"}],"version-history":[{"count":0,"href":"http:\/\/service.ptmsrl.com\/en\/wp-json\/wp\/v2\/pages\/1703\/revisions"}],"up":[{"embeddable":true,"href":"http:\/\/service.ptmsrl.com\/en\/wp-json\/wp\/v2\/pages\/1625"}],"wp:attachment":[{"href":"http:\/\/service.ptmsrl.com\/en\/wp-json\/wp\/v2\/media?parent=1703"}],"curies":[{"name":"wp","href":"https:\/\/api.w.org\/{rel}","templated":true}]}}