{"id":344,"date":"2016-08-04T14:42:19","date_gmt":"2016-08-04T12:42:19","guid":{"rendered":"http:\/\/demo.n-3.it\/ptm\/de\/?page_id=344"},"modified":"2016-11-30T13:17:30","modified_gmt":"2016-11-30T12:17:30","slug":"home","status":"publish","type":"page","link":"http:\/\/service.ptmsrl.com\/de\/","title":{"rendered":"Home"},"content":{"rendered":"<p>[et_pb_section admin_label=&#8220;Sezione&#8220; fullwidth=&#8220;on&#8220; specialty=&#8220;off&#8220;][et_pb_fullwidth_header admin_label=&#8220;Intestazione a Larghezza Piena&#8220; title=&#8220;PTM: GUIDE DER VERWENDUNG&#8220; subhead=&#8220;Wir beantworten alle Ihre Fragen durch unsere F\u00fchrer.&#8220; background_layout=&#8220;dark&#8220; text_orientation=&#8220;left&#8220; header_fullscreen=&#8220;off&#8220; header_scroll_down=&#8220;off&#8220; parallax=&#8220;off&#8220; parallax_method=&#8220;off&#8220; content_orientation=&#8220;center&#8220; image_orientation=&#8220;center&#8220; title_font_color=&#8220;#ffffff&#8220; subhead_font_color=&#8220;#ffffff&#8220; custom_button_one=&#8220;off&#8220; button_one_letter_spacing=&#8220;0&#8243; button_one_use_icon=&#8220;default&#8220; button_one_icon_placement=&#8220;right&#8220; button_one_on_hover=&#8220;on&#8220; button_one_letter_spacing_hover=&#8220;0&#8243; custom_button_two=&#8220;off&#8220; button_two_letter_spacing=&#8220;0&#8243; button_two_use_icon=&#8220;default&#8220; button_two_icon_placement=&#8220;right&#8220; button_two_on_hover=&#8220;on&#8220; button_two_letter_spacing_hover=&#8220;0&#8243; title_font=&#8220;Montserrat|on|||&#8220; title_font_size=&#8220;45px&#8220; subhead_font_size=&#8220;24px&#8220; subhead_font=&#8220;Montserrat|on|||&#8220; background_color=&#8220;#222349&#8243; button_one_text=&#8220;Software F\u00fchrer&#8220; button_one_url=&#8220;#software&#8220; button_two_text=&#8220;Wiegecomputer F\u00fchrer&#8220; button_two_url=&#8220;#centraline&#8220; custom_css_button_2=&#8220;margin-left:0px;&#8220;] [\/et_pb_fullwidth_header][\/et_pb_section][et_pb_section admin_label=&#8220;section&#8220; transparent_background=&#8220;off&#8220; background_color=&#8220;#f2f2f1&#8243; allow_player_pause=&#8220;off&#8220; inner_shadow=&#8220;off&#8220; parallax=&#8220;off&#8220; parallax_method=&#8220;off&#8220; padding_mobile=&#8220;off&#8220; make_fullwidth=&#8220;off&#8220; use_custom_width=&#8220;off&#8220; width_unit=&#8220;on&#8220; make_equal=&#8220;off&#8220; use_custom_gutter=&#8220;off&#8220; custom_padding=&#8220;||50px|&#8220;][et_pb_row admin_label=&#8220;Riga&#8220; make_fullwidth=&#8220;on&#8220; use_custom_width=&#8220;off&#8220; width_unit=&#8220;on&#8220; use_custom_gutter=&#8220;off&#8220; padding_mobile=&#8220;off&#8220; allow_player_pause=&#8220;off&#8220; parallax=&#8220;off&#8220; parallax_method=&#8220;off&#8220; make_equal=&#8220;off&#8220; parallax_1=&#8220;off&#8220; parallax_method_1=&#8220;off&#8220; column_padding_mobile=&#8220;on&#8220; module_id=&#8220;software&#8220;][et_pb_column type=&#8220;4_4&#8243;][et_pb_text admin_label=&#8220;Titolo&#8220; background_layout=&#8220;light&#8220; text_orientation=&#8220;left&#8220; use_border_color=&#8220;off&#8220; border_color=&#8220;#ffffff&#8220; border_style=&#8220;solid&#8220; text_font=&#8220;Montserrat|on|||&#8220; text_font_size=&#8220;35&#8243; header_font=&#8220;Montserrat||||&#8220; text_text_color=&#8220;#394a85&#8243;]<\/p>\n<p>Software\u00a0F\u00fchrer<\/p>\n<p>[\/et_pb_text][\/et_pb_column][\/et_pb_row][et_pb_row admin_label=&#8220;row&#8220; make_fullwidth=&#8220;on&#8220; use_custom_width=&#8220;off&#8220; width_unit=&#8220;on&#8220; use_custom_gutter=&#8220;off&#8220; padding_mobile=&#8220;off&#8220; allow_player_pause=&#8220;off&#8220; parallax=&#8220;off&#8220; parallax_method=&#8220;off&#8220; make_equal=&#8220;on&#8220; parallax_1=&#8220;off&#8220; parallax_method_1=&#8220;off&#8220; background_color_1=&#8220;#f8f8f8&#8243; padding_top_1=&#8220;20px&#8220; padding_right_1=&#8220;10px&#8220; padding_bottom_1=&#8220;30px&#8220; padding_left_1=&#8220;10px&#8220; parallax_2=&#8220;off&#8220; parallax_method_2=&#8220;off&#8220; background_color_2=&#8220;#f8f8f8&#8243; padding_top_2=&#8220;20px&#8220; padding_right_2=&#8220;10px&#8220; padding_bottom_2=&#8220;30px&#8220; parallax_3=&#8220;off&#8220; parallax_method_3=&#8220;off&#8220; background_color_3=&#8220;#f8f8f8&#8243; padding_top_3=&#8220;20px&#8220; padding_right_3=&#8220;10px&#8220; padding_bottom_3=&#8220;30px&#8220; padding_left_3=&#8220;10px&#8220; column_padding_mobile=&#8220;on&#8220; custom_css_main_1=&#8220;border: solid 1px #BFBFBF;||border-bottom: 8px solid #45659C;||border-top: 8px solid #45659C;&#8220; custom_css_main_2=&#8220;border: solid 1px #BFBFBF;||border-bottom: 8px solid #45659C;||border-top: 8px solid #45659C;&#8220; custom_css_main_3=&#8220;border: solid 1px #BFBFBF;||border-bottom: 8px solid #45659C;||border-top: 8px solid #45659C;&#8220; padding_left_2=&#8220;10px&#8220;][et_pb_column type=&#8220;1_3&#8243;][et_pb_image admin_label=&#8220;Immagine&#8220; src=&#8220;http:\/\/service.ptmsrl.com\/wp-content\/uploads\/2016\/08\/ptm-management.jpg&#8220; show_in_lightbox=&#8220;off&#8220; url_new_window=&#8220;off&#8220; use_overlay=&#8220;off&#8220; animation=&#8220;off&#8220; sticky=&#8220;off&#8220; align=&#8220;center&#8220; force_fullwidth=&#8220;off&#8220; always_center_on_mobile=&#8220;on&#8220; use_border_color=&#8220;off&#8220; border_color=&#8220;#ffffff&#8220; border_style=&#8220;solid&#8220; custom_margin=&#8220;0px|0px||0px&#8220;] [\/et_pb_image][et_pb_cta admin_label=&#8220;PTM MANAGEMENT&#8220; title=&#8220;PTM MANAGEMENT&#8220; button_url=&#8220;http:\/\/service.ptmsrl.com\/de\/ptm-management\/&#8220; url_new_window=&#8220;off&#8220; button_text=&#8220;Zum Hilfe&#8220; use_background_color=&#8220;off&#8220; background_color=&#8220;#7EBEC5&#8243; background_layout=&#8220;light&#8220; text_orientation=&#8220;center&#8220; use_border_color=&#8220;off&#8220; border_color=&#8220;#ffffff&#8220; border_style=&#8220;solid&#8220; custom_button=&#8220;on&#8220; button_letter_spacing=&#8220;0&#8243; button_use_icon=&#8220;default&#8220; button_icon_placement=&#8220;right&#8220; button_on_hover=&#8220;off&#8220; button_letter_spacing_hover=&#8220;0&#8243; header_font_size=&#8220;30&#8243; header_text_color=&#8220;#45659c&#8220; button_text_color=&#8220;#ffffff&#8220; button_bg_color=&#8220;#45659c&#8220; button_icon_color=&#8220;#ffffff&#8220; body_text_color=&#8220;#000000&#8243; header_font=&#8220;Montserrat|on|||&#8220; button_border_color=&#8220;#f8f8f8&#8243; button_border_color_hover=&#8220;#45659c&#8220;]<\/p>\n<hr \/>\n<p style=\"text-align: left;\">Diese Software ist eine gro\u00dfe und detaillierte Werkzeug zur Programmierung der verschiedenen PTM-Steuereinheiten in ihrer Spezifit\u00e4t und in \u00dcbereinstimmung mit ihren urspr\u00fcnglichen Funktionen.<\/p>\n<hr \/>\n<p>[\/et_pb_cta][\/et_pb_column][et_pb_column type=&#8220;1_3&#8243;][et_pb_image admin_label=&#8220;Immagine&#8220; src=&#8220;http:\/\/service.ptmsrl.com\/wp-content\/uploads\/2016\/08\/ptm-super-datamix.jpg&#8220; show_in_lightbox=&#8220;off&#8220; url_new_window=&#8220;off&#8220; use_overlay=&#8220;off&#8220; animation=&#8220;off&#8220; sticky=&#8220;off&#8220; align=&#8220;center&#8220; force_fullwidth=&#8220;off&#8220; always_center_on_mobile=&#8220;on&#8220; use_border_color=&#8220;off&#8220; border_color=&#8220;#ffffff&#8220; border_style=&#8220;solid&#8220; custom_margin=&#8220;0px|0px||0px&#8220;] [\/et_pb_image][et_pb_cta admin_label=&#8220;SUPER DATAMIX&#8220; title=&#8220;SUPER DATAMIX 5&#8243; button_url=&#8220;http:\/\/service.ptmsrl.com\/de\/super-datamix\/&#8220; url_new_window=&#8220;off&#8220; button_text=&#8220;Zum Hilfe&#8220; use_background_color=&#8220;off&#8220; background_color=&#8220;#7EBEC5&#8243; background_layout=&#8220;light&#8220; text_orientation=&#8220;center&#8220; use_border_color=&#8220;off&#8220; border_color=&#8220;#ffffff&#8220; border_style=&#8220;solid&#8220; custom_button=&#8220;on&#8220; button_letter_spacing=&#8220;0&#8243; button_use_icon=&#8220;default&#8220; button_icon_placement=&#8220;right&#8220; button_on_hover=&#8220;off&#8220; button_letter_spacing_hover=&#8220;0&#8243; header_font_size=&#8220;30&#8243; header_text_color=&#8220;#45659c&#8220; button_text_color=&#8220;#ffffff&#8220; button_bg_color=&#8220;#45659c&#8220; button_icon_color=&#8220;#ffffff&#8220; body_text_color=&#8220;#000000&#8243; header_font=&#8220;Montserrat|on|||&#8220; button_border_color=&#8220;#f8f8f8&#8243; button_border_color_hover=&#8220;#45659c&#8220;]<\/p>\n<hr \/>\n<p style=\"text-align: left;\">Es ist eine einfache und intuitive Werkzeug, um die Steuereinheiten f\u00fcr die Programmierung Graphic Super, Graphic Super Usb, Evolution\u00a0e Advance Super Usb.<\/p>\n<hr \/>\n<p>[\/et_pb_cta][\/et_pb_column][et_pb_column type=&#8220;1_3&#8243;][et_pb_image admin_label=&#8220;Immagine&#8220; src=&#8220;http:\/\/service.ptmsrl.com\/wp-content\/uploads\/2016\/08\/ptm-app-myscale.jpg&#8220; show_in_lightbox=&#8220;off&#8220; url_new_window=&#8220;off&#8220; use_overlay=&#8220;off&#8220; animation=&#8220;off&#8220; sticky=&#8220;off&#8220; align=&#8220;center&#8220; force_fullwidth=&#8220;off&#8220; always_center_on_mobile=&#8220;on&#8220; use_border_color=&#8220;off&#8220; border_color=&#8220;#ffffff&#8220; border_style=&#8220;solid&#8220; custom_margin=&#8220;0px|0px||0px&#8220;] [\/et_pb_image][et_pb_cta admin_label=&#8220;APP MYSCALE&#8220; title=&#8220;APP MYSCALE&#8220; button_url=&#8220;http:\/\/service.ptmsrl.com\/de\/app-myscale\/&#8220; url_new_window=&#8220;off&#8220; button_text=&#8220;Zum Hilfe&#8220; use_background_color=&#8220;off&#8220; background_color=&#8220;#7EBEC5&#8243; background_layout=&#8220;light&#8220; text_orientation=&#8220;center&#8220; use_border_color=&#8220;off&#8220; border_color=&#8220;#ffffff&#8220; border_style=&#8220;solid&#8220; custom_button=&#8220;on&#8220; button_letter_spacing=&#8220;0&#8243; button_use_icon=&#8220;default&#8220; button_icon_placement=&#8220;right&#8220; button_on_hover=&#8220;off&#8220; button_letter_spacing_hover=&#8220;0&#8243; header_font_size=&#8220;30&#8243; header_text_color=&#8220;#45659c&#8220; button_text_color=&#8220;#ffffff&#8220; button_bg_color=&#8220;#45659c&#8220; button_icon_color=&#8220;#ffffff&#8220; body_text_color=&#8220;#000000&#8243; header_font=&#8220;Montserrat|on|||&#8220; button_border_color=&#8220;#f8f8f8&#8243; button_border_color_hover=&#8220;#45659c&#8220;]<\/p>\n<hr \/>\n<p style=\"text-align: left;\">Die Anwendung My Skala erm\u00f6glicht es Ihnen, \u00fcber WiFi W\u00e4gecontroller Serie anzeigen und steuern\u00a0Advance (Advance 250, Advance, Advance USB, Advance Super USB).<\/p>\n<hr \/>\n<p>[\/et_pb_cta][\/et_pb_column][\/et_pb_row][et_pb_row admin_label=&#8220;row&#8220; make_fullwidth=&#8220;on&#8220; use_custom_width=&#8220;off&#8220; width_unit=&#8220;on&#8220; use_custom_gutter=&#8220;off&#8220; padding_mobile=&#8220;off&#8220; allow_player_pause=&#8220;off&#8220; parallax=&#8220;off&#8220; parallax_method=&#8220;off&#8220; make_equal=&#8220;on&#8220; parallax_1=&#8220;off&#8220; parallax_method_1=&#8220;off&#8220; background_color_1=&#8220;#ffffff&#8220; parallax_2=&#8220;off&#8220; parallax_method_2=&#8220;off&#8220; background_color_2=&#8220;#ffffff&#8220; padding_top_2=&#8220;20px&#8220; parallax_3=&#8220;off&#8220; parallax_method_3=&#8220;off&#8220; background_color_3=&#8220;#ffffff&#8220; padding_top_3=&#8220;60px&#8220; column_padding_mobile=&#8220;on&#8220; custom_padding=&#8220;|10px||10px&#8220; background_color=&#8220;#ffffff&#8220; custom_css_main_element=&#8220;border: solid 1px #BFBFBF;||border-bottom: 8px solid #45659C;||border-top: 8px solid #45659C;&#8220;][et_pb_column type=&#8220;1_3&#8243;][et_pb_image admin_label=&#8220;Immagine&#8220; src=&#8220;http:\/\/service.ptmsrl.com\/wp-content\/uploads\/2016\/08\/datamix-card-1.jpg&#8220; show_in_lightbox=&#8220;off&#8220; url_new_window=&#8220;off&#8220; use_overlay=&#8220;off&#8220; animation=&#8220;off&#8220; sticky=&#8220;off&#8220; align=&#8220;center&#8220; force_fullwidth=&#8220;off&#8220; always_center_on_mobile=&#8220;on&#8220; use_border_color=&#8220;off&#8220; border_color=&#8220;#ffffff&#8220; border_style=&#8220;solid&#8220; custom_margin=&#8220;0px|0px||0px&#8220;] [\/et_pb_image][\/et_pb_column][et_pb_column type=&#8220;1_3&#8243;][et_pb_cta admin_label=&#8220;DATAMIX CARD&#8220; title=&#8220;DATAMIX CARD 3&#8243; url_new_window=&#8220;off&#8220; use_background_color=&#8220;off&#8220; background_color=&#8220;#7EBEC5&#8243; background_layout=&#8220;light&#8220; text_orientation=&#8220;center&#8220; use_border_color=&#8220;off&#8220; border_color=&#8220;#ffffff&#8220; border_style=&#8220;solid&#8220; custom_button=&#8220;on&#8220; button_letter_spacing=&#8220;0&#8243; button_use_icon=&#8220;default&#8220; button_icon_placement=&#8220;right&#8220; button_on_hover=&#8220;off&#8220; button_letter_spacing_hover=&#8220;0&#8243; header_font_size=&#8220;30&#8243; header_text_color=&#8220;#45659c&#8220; button_text_color=&#8220;#ffffff&#8220; button_bg_color=&#8220;#45659c&#8220; button_icon_color=&#8220;#ffffff&#8220; body_text_color=&#8220;#000000&#8243; header_font=&#8220;Montserrat|on|||&#8220; button_border_color=&#8220;#f8f8f8&#8243; button_border_color_hover=&#8220;#45659c&#8220;]<\/p>\n<hr \/>\n<p>Es ist eine einfache und intuitive Werkzeug, um die Steuereinheiten f\u00fcr die Programmierung Graphic Memory A, Graphic A Usb e Advance Usb.<\/p>\n<hr \/>\n<p>[\/et_pb_cta][\/et_pb_column][et_pb_column type=&#8220;1_3&#8243;][et_pb_cta admin_label=&#8220;PTM MANAGEMENT&#8220; button_url=&#8220;http:\/\/service.ptmsrl.com\/de\/datamix-card\/&#8220; url_new_window=&#8220;off&#8220; button_text=&#8220;Zum Hilfe&#8220; use_background_color=&#8220;off&#8220; background_color=&#8220;#7EBEC5&#8243; background_layout=&#8220;light&#8220; text_orientation=&#8220;center&#8220; use_border_color=&#8220;off&#8220; border_color=&#8220;#ffffff&#8220; border_style=&#8220;solid&#8220; custom_button=&#8220;on&#8220; button_letter_spacing=&#8220;0&#8243; button_use_icon=&#8220;default&#8220; button_icon_placement=&#8220;right&#8220; button_on_hover=&#8220;off&#8220; button_letter_spacing_hover=&#8220;0&#8243; header_font_size=&#8220;30&#8243; header_text_color=&#8220;#45659c&#8220; button_text_color=&#8220;#ffffff&#8220; button_bg_color=&#8220;#45659c&#8220; button_icon_color=&#8220;#ffffff&#8220; body_text_color=&#8220;#000000&#8243; header_font=&#8220;Montserrat|on|||&#8220; button_border_color=&#8220;#f8f8f8&#8243; button_border_color_hover=&#8220;#45659c&#8220;] [\/et_pb_cta][\/et_pb_column][\/et_pb_row][\/et_pb_section][et_pb_section admin_label=&#8220;section&#8220; transparent_background=&#8220;off&#8220; background_color=&#8220;#f2f2f1&#8243; allow_player_pause=&#8220;off&#8220; inner_shadow=&#8220;off&#8220; parallax=&#8220;off&#8220; parallax_method=&#8220;off&#8220; padding_mobile=&#8220;off&#8220; make_fullwidth=&#8220;off&#8220; use_custom_width=&#8220;off&#8220; width_unit=&#8220;on&#8220; make_equal=&#8220;off&#8220; use_custom_gutter=&#8220;off&#8220; custom_padding=&#8220;||0px|&#8220;][et_pb_row admin_label=&#8220;Riga&#8220; make_fullwidth=&#8220;on&#8220; use_custom_width=&#8220;off&#8220; width_unit=&#8220;on&#8220; use_custom_gutter=&#8220;off&#8220; padding_mobile=&#8220;off&#8220; allow_player_pause=&#8220;off&#8220; parallax=&#8220;off&#8220; parallax_method=&#8220;off&#8220; make_equal=&#8220;off&#8220; parallax_1=&#8220;off&#8220; parallax_method_1=&#8220;off&#8220; column_padding_mobile=&#8220;on&#8220; module_id=&#8220;centraline&#8220;][et_pb_column type=&#8220;4_4&#8243;][et_pb_divider admin_label=&#8220;Modulo Separatore&#8220; color=&#8220;#5e5e5e&#8220; show_divider=&#8220;on&#8220; divider_style=&#8220;solid&#8220; divider_position=&#8220;top&#8220; hide_on_mobile=&#8220;on&#8220;] [\/et_pb_divider][\/et_pb_column][\/et_pb_row][\/et_pb_section][et_pb_section admin_label=&#8220;section&#8220; transparent_background=&#8220;off&#8220; background_color=&#8220;#f2f2f1&#8243; allow_player_pause=&#8220;off&#8220; inner_shadow=&#8220;off&#8220; parallax=&#8220;off&#8220; parallax_method=&#8220;off&#8220; padding_mobile=&#8220;off&#8220; make_fullwidth=&#8220;off&#8220; use_custom_width=&#8220;off&#8220; width_unit=&#8220;on&#8220; make_equal=&#8220;off&#8220; use_custom_gutter=&#8220;off&#8220; custom_padding=&#8220;||50px|&#8220;][et_pb_row admin_label=&#8220;Riga&#8220; make_fullwidth=&#8220;on&#8220; use_custom_width=&#8220;off&#8220; width_unit=&#8220;on&#8220; use_custom_gutter=&#8220;off&#8220; padding_mobile=&#8220;off&#8220; allow_player_pause=&#8220;off&#8220; parallax=&#8220;off&#8220; parallax_method=&#8220;off&#8220; make_equal=&#8220;off&#8220; parallax_1=&#8220;off&#8220; parallax_method_1=&#8220;off&#8220; column_padding_mobile=&#8220;on&#8220; module_id=&#8220;centraline&#8220;][et_pb_column type=&#8220;4_4&#8243;][et_pb_text admin_label=&#8220;Titolo&#8220; background_layout=&#8220;light&#8220; text_orientation=&#8220;left&#8220; use_border_color=&#8220;off&#8220; border_color=&#8220;#ffffff&#8220; border_style=&#8220;solid&#8220; text_font=&#8220;Montserrat|on|||&#8220; text_font_size=&#8220;35&#8243; header_font=&#8220;Montserrat||||&#8220; text_text_color=&#8220;#394a85&#8243;]<\/p>\n<p>Wiegecomputer F\u00fchrer<\/p>\n<p>[\/et_pb_text][\/et_pb_column][\/et_pb_row][et_pb_row admin_label=&#8220;row&#8220; make_fullwidth=&#8220;on&#8220; use_custom_width=&#8220;off&#8220; width_unit=&#8220;on&#8220; use_custom_gutter=&#8220;off&#8220; padding_mobile=&#8220;off&#8220; allow_player_pause=&#8220;off&#8220; parallax=&#8220;off&#8220; parallax_method=&#8220;off&#8220; make_equal=&#8220;on&#8220; parallax_1=&#8220;off&#8220; parallax_method_1=&#8220;off&#8220; background_color_1=&#8220;#f8f8f8&#8243; padding_top_1=&#8220;20px&#8220; padding_right_1=&#8220;10px&#8220; padding_bottom_1=&#8220;30px&#8220; padding_left_1=&#8220;10px&#8220; parallax_2=&#8220;off&#8220; parallax_method_2=&#8220;off&#8220; background_color_2=&#8220;#f8f8f8&#8243; padding_top_2=&#8220;20px&#8220; padding_right_2=&#8220;10px&#8220; padding_bottom_2=&#8220;30px&#8220; parallax_3=&#8220;off&#8220; parallax_method_3=&#8220;off&#8220; background_color_3=&#8220;#f8f8f8&#8243; padding_top_3=&#8220;20px&#8220; padding_right_3=&#8220;10px&#8220; padding_bottom_3=&#8220;30px&#8220; padding_left_3=&#8220;10px&#8220; column_padding_mobile=&#8220;on&#8220; custom_css_main_1=&#8220;border: solid 1px #BFBFBF;||border-bottom: 8px solid #45659C;||border-top: 8px solid #45659C;&#8220; custom_css_main_2=&#8220;border: solid 1px #BFBFBF;||border-bottom: 8px solid #45659C;||border-top: 8px solid #45659C;&#8220; custom_css_main_3=&#8220;border: solid 1px #BFBFBF;||border-bottom: 8px solid #45659C;||border-top: 8px solid #45659C;&#8220; padding_left_2=&#8220;10px&#8220;][et_pb_column type=&#8220;1_3&#8243;][et_pb_image admin_label=&#8220;Immagine&#8220; src=&#8220;http:\/\/service.ptmsrl.com\/wp-content\/uploads\/2016\/08\/centralina_gsa_2.jpg&#8220; show_in_lightbox=&#8220;off&#8220; url_new_window=&#8220;off&#8220; use_overlay=&#8220;off&#8220; animation=&#8220;off&#8220; sticky=&#8220;off&#8220; align=&#8220;center&#8220; force_fullwidth=&#8220;off&#8220; always_center_on_mobile=&#8220;on&#8220; use_border_color=&#8220;off&#8220; border_color=&#8220;#ffffff&#8220; border_style=&#8220;solid&#8220; custom_margin=&#8220;0px|0px||0px&#8220;] [\/et_pb_image][et_pb_cta admin_label=&#8220;PTM MANAGEMENT&#8220; title=&#8220;Wiegecomputer GSA&#8220; button_url=&#8220;http:\/\/service.ptmsrl.com\/de\/gsa\/&#8220; url_new_window=&#8220;off&#8220; button_text=&#8220;Zum Hilfe&#8220; use_background_color=&#8220;off&#8220; background_color=&#8220;#7EBEC5&#8243; background_layout=&#8220;light&#8220; text_orientation=&#8220;center&#8220; use_border_color=&#8220;off&#8220; border_color=&#8220;#ffffff&#8220; border_style=&#8220;solid&#8220; custom_button=&#8220;on&#8220; button_letter_spacing=&#8220;0&#8243; button_use_icon=&#8220;default&#8220; button_icon_placement=&#8220;right&#8220; button_on_hover=&#8220;off&#8220; button_letter_spacing_hover=&#8220;0&#8243; header_font_size=&#8220;30&#8243; header_text_color=&#8220;#45659c&#8220; button_text_color=&#8220;#ffffff&#8220; button_bg_color=&#8220;#45659c&#8220; button_icon_color=&#8220;#ffffff&#8220; body_text_color=&#8220;#000000&#8243; header_font=&#8220;Montserrat|on|||&#8220; button_border_color=&#8220;#f8f8f8&#8243; button_border_color_hover=&#8220;#45659c&#8220;]<\/p>\n<hr \/>\n<p style=\"text-align: left;\">Die Wiege und Dosiercomputer der GSA-Serie sind leistungsf\u00e4hige, kompakte Steuerungseinheiten f\u00fcr Mahl und Mischanlagen bzw. f\u00fcr automatische\/manuelle Dosieranlagen.<\/p>\n<hr \/>\n<p>[\/et_pb_cta][\/et_pb_column][et_pb_column type=&#8220;1_3&#8243;][\/et_pb_column][et_pb_column type=&#8220;1_3&#8243;][\/et_pb_column][\/et_pb_row][\/et_pb_section]<\/p>\n","protected":false},"excerpt":{"rendered":"<p>Software\u00a0F\u00fchrer Diese Software ist eine gro\u00dfe und detaillierte Werkzeug zur Programmierung der verschiedenen PTM-Steuereinheiten in ihrer Spezifit\u00e4t und in \u00dcbereinstimmung mit ihren urspr\u00fcnglichen Funktionen. Es ist eine einfache und intuitive Werkzeug, um die Steuereinheiten f\u00fcr die Programmierung Graphic Super, Graphic Super Usb, Evolution\u00a0e Advance Super Usb. Die Anwendung My Skala erm\u00f6glicht es Ihnen, \u00fcber WiFi [&hellip;]<\/p>\n","protected":false},"author":9,"featured_media":0,"parent":0,"menu_order":0,"comment_status":"closed","ping_status":"closed","template":"","meta":{"_et_pb_use_builder":"on","_et_pb_old_content":"","_et_gb_content_width":"","footnotes":""},"_links":{"self":[{"href":"http:\/\/service.ptmsrl.com\/de\/wp-json\/wp\/v2\/pages\/344"}],"collection":[{"href":"http:\/\/service.ptmsrl.com\/de\/wp-json\/wp\/v2\/pages"}],"about":[{"href":"http:\/\/service.ptmsrl.com\/de\/wp-json\/wp\/v2\/types\/page"}],"author":[{"embeddable":true,"href":"http:\/\/service.ptmsrl.com\/de\/wp-json\/wp\/v2\/users\/9"}],"replies":[{"embeddable":true,"href":"http:\/\/service.ptmsrl.com\/de\/wp-json\/wp\/v2\/comments?post=344"}],"version-history":[{"count":0,"href":"http:\/\/service.ptmsrl.com\/de\/wp-json\/wp\/v2\/pages\/344\/revisions"}],"wp:attachment":[{"href":"http:\/\/service.ptmsrl.com\/de\/wp-json\/wp\/v2\/media?parent=344"}],"curies":[{"name":"wp","href":"https:\/\/api.w.org\/{rel}","templated":true}]}}