{"id":1388,"date":"2016-11-11T14:33:33","date_gmt":"2016-11-11T13:33:33","guid":{"rendered":"http:\/\/demo.n-3.it\/ptm\/de\/?page_id=1388"},"modified":"2016-11-11T14:33:33","modified_gmt":"2016-11-11T13:33:33","slug":"rezepte","status":"publish","type":"page","link":"http:\/\/service.ptmsrl.com\/de\/datamix-card\/rezepte\/","title":{"rendered":"Rezepte"},"content":{"rendered":"<p>[et_pb_section admin_label=&#8220;Header &#8211; Datamix Card &#8211; ITA&#8220; fullwidth=&#8220;on&#8220; specialty=&#8220;off&#8220; transparent_background=&#8220;off&#8220; background_color=&#8220;#ffffff&#8220; allow_player_pause=&#8220;off&#8220; inner_shadow=&#8220;off&#8220; parallax=&#8220;off&#8220; parallax_method=&#8220;off&#8220; padding_mobile=&#8220;off&#8220; make_fullwidth=&#8220;off&#8220; use_custom_width=&#8220;off&#8220; width_unit=&#8220;on&#8220; make_equal=&#8220;off&#8220; use_custom_gutter=&#8220;off&#8220;][et_pb_fullwidth_header admin_label=&#8220;Intestazione a Larghezza Piena&#8220; title=&#8220;DATAMIX CARD 3&#8243; background_layout=&#8220;dark&#8220; text_orientation=&#8220;left&#8220; header_fullscreen=&#8220;off&#8220; header_scroll_down=&#8220;off&#8220; background_color=&#8220;#222349&#8243; parallax=&#8220;off&#8220; parallax_method=&#8220;off&#8220; content_orientation=&#8220;center&#8220; image_orientation=&#8220;center&#8220; title_font_color=&#8220;#ffffff&#8220; title_font=&#8220;Montserrat|on|||&#8220; title_font_size=&#8220;40px&#8220; custom_button_one=&#8220;off&#8220; button_one_letter_spacing=&#8220;0&#8243; button_one_use_icon=&#8220;default&#8220; button_one_icon_placement=&#8220;right&#8220; button_one_on_hover=&#8220;on&#8220; button_one_letter_spacing_hover=&#8220;0&#8243; custom_button_two=&#8220;off&#8220; button_two_letter_spacing=&#8220;0&#8243; button_two_use_icon=&#8220;default&#8220; button_two_icon_placement=&#8220;right&#8220; button_two_on_hover=&#8220;on&#8220; button_two_letter_spacing_hover=&#8220;0&#8243;] [\/et_pb_fullwidth_header][\/et_pb_section][et_pb_section admin_label=&#8220;Sezione&#8220; fullwidth=&#8220;off&#8220; specialty=&#8220;on&#8220; transparent_background=&#8220;off&#8220; background_color=&#8220;#ffffff&#8220; allow_player_pause=&#8220;off&#8220; inner_shadow=&#8220;off&#8220; parallax=&#8220;off&#8220; parallax_method=&#8220;off&#8220; custom_padding=&#8220;0px|||&#8220; padding_mobile=&#8220;off&#8220; make_fullwidth=&#8220;off&#8220; use_custom_width=&#8220;off&#8220; width_unit=&#8220;on&#8220; make_equal=&#8220;off&#8220; use_custom_gutter=&#8220;off&#8220; parallax_1=&#8220;off&#8220; parallax_method_1=&#8220;off&#8220; parallax_2=&#8220;off&#8220; parallax_method_2=&#8220;off&#8220; custom_css_main_1=&#8220;border-right: solid 1px #bababa;&#8220;][et_pb_column type=&#8220;1_4&#8243;][et_pb_blurb admin_label=&#8220;Scheda prodotto&#8220; url_new_window=&#8220;on&#8220; use_icon=&#8220;off&#8220; icon_color=&#8220;#0d76ec&#8220; use_circle=&#8220;off&#8220; circle_color=&#8220;#0d76ec&#8220; use_circle_border=&#8220;off&#8220; circle_border_color=&#8220;#0d76ec&#8220; icon_placement=&#8220;top&#8220; animation=&#8220;top&#8220; background_layout=&#8220;light&#8220; text_orientation=&#8220;left&#8220; use_icon_font_size=&#8220;off&#8220; use_border_color=&#8220;off&#8220; border_color=&#8220;#ffffff&#8220; border_style=&#8220;solid&#8220; saved_tabs=&#8220;all&#8220; global_module=&#8220;1213&#8243;] [\/et_pb_blurb][et_pb_divider admin_label=&#8220;Modulo Separatore&#8220; color=&#8220;#b5b5b5&#8243; show_divider=&#8220;on&#8220; divider_style=&#8220;solid&#8220; divider_position=&#8220;top&#8220; hide_on_mobile=&#8220;on&#8220; height=&#8220;10&#8243;] [\/et_pb_divider][et_pb_text admin_label=&#8220;Menu laterale &#8211; Datamix Card &#8211; ITA&#8220; background_layout=&#8220;light&#8220; text_orientation=&#8220;left&#8220; use_border_color=&#8220;off&#8220; border_color=&#8220;#ffffff&#8220; border_style=&#8220;solid&#8220; saved_tabs=&#8220;all&#8220; global_module=&#8220;1215&#8243;]<\/p>\n<p><strong>DATAMIX CARD<\/strong><\/p>\n<ul>\n<li><a href=\"http:\/\/service.ptmsrl.com\/guida-app-myscale\/\">Introduzione<\/a><\/li>\n<li><a href=\"http:\/\/service.ptmsrl.com\/guida-app-myscale\/guida-app-myscale-installazione-dellapp\/\">Installazione<\/a><\/li>\n<li><a href=\"http:\/\/service.ptmsrl.com\/guida-app-myscale\/guida-app-myscale-attivazione-della-modalita-myscale\/\">Attivazione<\/a><\/li>\n<li><a href=\"http:\/\/service.ptmsrl.com\/guida-app-myscale\/guida-app-myscale-segnalazioni-di-stato\/\">Segnalazioni di stato<\/a><\/li>\n<li><a href=\"http:\/\/service.ptmsrl.com\/guida-app-myscale\/guida-app-myscale-stato-della-connessione\/\">Stato della connessione<\/a><\/li>\n<li><a href=\"http:\/\/service.ptmsrl.com\/guida-app-myscale\/guida-app-myscale-funzione-dei-tasti\/\">Funzione dei tasti<\/a><\/li>\n<li>Utilizzo del sistema\n<ul>\n<li><a href=\"http:\/\/service.ptmsrl.com\/guida-app-myscale\/guida-app-myscale-utilizzo-della-tastiera\/\">Tastiera<\/a><\/li>\n<li><a href=\"http:\/\/service.ptmsrl.com\/guida-app-myscale\/guida-app-myscale-peso-totale\/\">Peso totale<\/a><\/li>\n<li><a href=\"http:\/\/service.ptmsrl.com\/guida-app-myscale\/guida-app-myscale-peso-totale-selezione-della-ricetta\/\">Selezione della ricetta<\/a><\/li>\n<li><a href=\"http:\/\/service.ptmsrl.com\/guida-app-myscale\/guida-app-myscale-peso-totale-azzeramento-del-peso-totale\/\">Azzeramento del peso totale<\/a><\/li>\n<li><a href=\"http:\/\/service.ptmsrl.com\/guida-app-myscale\/guida-app-myscale-peso-totale-carico-avvio-del-carico-della-ricetta\/\">Peso totale carico<\/a><\/li>\n<li><a href=\"http:\/\/service.ptmsrl.com\/guida-app-myscale\/guida-app-myscale-peso-totale-scarico-avvio-dello-scarico-della-ricetta\/\">Peso totale scarico<\/a><\/li>\n<li><a href=\"http:\/\/service.ptmsrl.com\/guida-app-myscale\/guida-app-myscale-peso-parziale-azzeramento-del-peso-parziale\/\">Peso parziale<\/a><\/li>\n<\/ul>\n<\/li>\n<\/ul>\n<p>[\/et_pb_text][\/et_pb_column][et_pb_column type=&#8220;3_4&#8243; specialty_columns=&#8220;3&#8243;][et_pb_row_inner admin_label=&#8220;Riga&#8220;][et_pb_column_inner type=&#8220;4_4&#8243; saved_specialty_column_type=&#8220;3_4&#8243;][et_pb_cta admin_label=&#8220;Titolo sezione&#8220; title=&#8220;Rezepte&#8220; url_new_window=&#8220;off&#8220; use_background_color=&#8220;off&#8220; background_color=&#8220;#0d76ec&#8220; background_layout=&#8220;light&#8220; text_orientation=&#8220;left&#8220; use_border_color=&#8220;off&#8220; border_color=&#8220;#ffffff&#8220; border_style=&#8220;solid&#8220; custom_button=&#8220;off&#8220; button_letter_spacing=&#8220;0&#8243; button_use_icon=&#8220;default&#8220; button_icon_placement=&#8220;right&#8220; button_on_hover=&#8220;on&#8220; button_letter_spacing_hover=&#8220;0&#8243; header_font_size=&#8220;40&#8243;] [\/et_pb_cta][et_pb_text admin_label=&#8220;Testo&#8220; background_layout=&#8220;light&#8220; text_orientation=&#8220;left&#8220; use_border_color=&#8220;off&#8220; border_color=&#8220;#ffffff&#8220; border_style=&#8220;solid&#8220;]<\/p>\n<p><img loading=\"lazy\" decoding=\"async\" class=\"alignnone wp-image-1384 size-full\" src=\"http:\/\/service.ptmsrl.com\/wp-content\/uploads\/2016\/11\/ptm_0011_datamix-card-2.jpg\" width=\"289\" height=\"225\" \/><\/p>\n<p>Die Rezepte werden mittels eines Namens identifiziert, der sie eindeutig unterscheidet. Jedes Rezept entspricht der Anzahl von Tieren (h\u00f6chstens 9999), denen es verabreicht werden soll.<\/p>\n<p>F\u00fcr jedes Rezept besteht ein Ladungs- und Ausladungsmen\u00fc.<\/p>\n<p>Das Ladungsmen\u00fc (Abb. 1) besteht aus einer mit der Komponente assoziierten Inkrementalzahl. Jedes einzelne Rezept darf h\u00f6chstens aus 20 Komponenten bestehen, welche mittels eines Pull-Down-Men\u00fcs gew\u00e4hlt werden. F\u00fcr jede benutzte Komponente muss die ben\u00f6tigte Menge f\u00fcr das einzelne Tier angegeben werden, sowie der eventuelle Variationsprozentsatz dieser Komponente. Au\u00dferdem kann man im Textbereich unter der Tabelle eine Prozentsatzvariation f\u00fcr das gesamte Rezept eingeben. In der Spalte der Resultante erscheint das Endergebnis, das sich von der Menge mit der Prozentsatzvariation der Komponente und der Prozentsatzvariation des Rezepts ergibt.<\/p>\n<p>Man kann die Proportionen der Rezeptkomponenten graphisch sehen. Eine Graphik wird bei der Rezepterstellung und \u2013\u00c4nedrung automatisch erstellt.<\/p>\n<p><strong><em>Abb.1<\/em><\/strong><\/p>\n<p><img loading=\"lazy\" decoding=\"async\" class=\"alignnone wp-image-1383 size-full\" src=\"http:\/\/service.ptmsrl.com\/wp-content\/uploads\/2016\/11\/ptm_0010_datamix-card-2.jpg\" width=\"289\" height=\"225\" \/><\/p>\n<p>Auch das Ausladungsmen\u00fc (Abb. 2) besteht aus einer Inkrementalzahl, die allerdings mit einer Ausladung assoziiert ist.<\/p>\n<p>Unter Ausladung versteht man die Anzahl von Tieren, denen das Rezept verabreicht wird. F\u00fcr jedes einzelne Rezept sind h\u00f6chstens 20 Ausladungen erlaubt. Die Summe der Ausladungen soll der Anzahl der Tiere eintsprechen. Es ist n\u00f6tig, mindestens eine Ausladung aufzunehmen, sonst w\u00fcrde ein Fehler entstehen.<\/p>\n<p><strong><em>Abb.2<\/em><\/strong><\/p>\n<p><img loading=\"lazy\" decoding=\"async\" class=\"alignnone wp-image-1382 size-full\" src=\"http:\/\/service.ptmsrl.com\/wp-content\/uploads\/2016\/11\/ptm_0009_datamix-card-2.jpg\" width=\"289\" height=\"225\" \/><\/p>\n<p>Zur Erzeugung eines neuen Rezepts die Taste \u201eNeu\u201c (Abb. 3a) bet\u00e4tigen, den Namen (der von den anderen Rezeptnamen verschieden sein muss) und eventuelle Bemerkungen eingeben. Danach die Taste \u201eSpeichern\u201c (Abb. 3b) bet\u00e4tigen. Wenn man vor der Speicherung die Operation l\u00f6schen m\u00f6chte, die Taste \u201eL\u00f6schen\u201c (Abb. 3c) bet\u00e4tigen.<\/p>\n<p><strong><em>Abb.3<\/em><\/strong><\/p>\n<p>a)\u00a0<img loading=\"lazy\" decoding=\"async\" class=\"alignnone size-full wp-image-1247\" src=\"http:\/\/service.ptmsrl.com\/wp-content\/uploads\/2016\/11\/ptm_0004_icons.jpg\" alt=\"ptm_0004_icons\" width=\"80\" height=\"32\" \/>\u00a0b)\u00a0<img loading=\"lazy\" decoding=\"async\" class=\"alignnone size-full wp-image-1246\" src=\"http:\/\/service.ptmsrl.com\/wp-content\/uploads\/2016\/11\/ptm_0003_icons.jpg\" alt=\"ptm_0003_icons\" width=\"80\" height=\"32\" \/>\u00a0c) <img loading=\"lazy\" decoding=\"async\" class=\"alignnone size-full wp-image-1245\" src=\"http:\/\/service.ptmsrl.com\/wp-content\/uploads\/2016\/11\/ptm_0002_icons.jpg\" alt=\"ptm_0002_icons\" width=\"80\" height=\"32\" \/><\/p>\n<p>Zur \u00c4nderung eines vorhandenen Rezeptes braucht man nur, die angezeigten Daten zu \u00e4ndern, die dann automatisch vom Programm gespeichert werden.<\/p>\n<p>Zum L\u00f6schen eines vorhandenen Rezeptes die Taste \u201eL\u00f6schen\u201c (Abb. 4a) bet\u00e4tigen. Um das Rezept auf einem anderen zu kopieren, die Taste \u201eKopieren\u201c (Abb. 4b) bet\u00e4tigen und den Namen des Rezeptes angeben, auf welchem das Rezept kopiert werden muss.<\/p>\n<p><strong><em>Abb.4<\/em><\/strong><\/p>\n<p>a)\u00a0<img loading=\"lazy\" decoding=\"async\" class=\"alignnone size-full wp-image-1245\" src=\"http:\/\/service.ptmsrl.com\/wp-content\/uploads\/2016\/11\/ptm_0002_icons.jpg\" alt=\"ptm_0002_icons\" width=\"80\" height=\"32\" \/>\u00a0b)\u00a0<img loading=\"lazy\" decoding=\"async\" class=\"alignnone size-full wp-image-1244\" src=\"http:\/\/service.ptmsrl.com\/wp-content\/uploads\/2016\/11\/ptm_0001_icons.jpg\" alt=\"ptm_0001_icons\" width=\"80\" height=\"32\" \/><\/p>\n<p>Von hier kann man in die Komponentetabelle (Abb.5) kehren, die die Liste der Komponenten der Rezepte enth\u00e4lt.<\/p>\n<p><strong><em>Abb.5<\/em><\/strong><\/p>\n<p><em><img loading=\"lazy\" decoding=\"async\" class=\"alignnone size-full wp-image-1243\" src=\"http:\/\/service.ptmsrl.com\/wp-content\/uploads\/2016\/11\/ptm_0000_icons.jpg\" alt=\"ptm_0000_icons\" width=\"80\" height=\"32\" \/><\/em><\/p>\n<p>[\/et_pb_text][et_pb_divider admin_label=&#8220;Modulo Separatore&#8220; color=&#8220;#bababa&#8220; show_divider=&#8220;on&#8220; height=&#8220;10&#8243; divider_style=&#8220;solid&#8220; divider_position=&#8220;top&#8220; hide_on_mobile=&#8220;on&#8220;] [\/et_pb_divider][et_pb_cta admin_label=&#8220;Link al form&#8220; global_module=&#8220;142&#8243; saved_tabs=&#8220;all&#8220; title=&#8220;Non trovi quello che cerchi?&#8220; button_url=&#8220;#&#8220; url_new_window=&#8220;off&#8220; button_text=&#8220;Contattaci&#8220; use_background_color=&#8220;off&#8220; background_color=&#8220;#0d76ec&#8220; background_layout=&#8220;light&#8220; text_orientation=&#8220;center&#8220; use_border_color=&#8220;off&#8220; border_color=&#8220;#ffffff&#8220; border_style=&#8220;solid&#8220; custom_button=&#8220;off&#8220; button_letter_spacing=&#8220;0&#8243; button_use_icon=&#8220;default&#8220; button_icon_placement=&#8220;right&#8220; button_on_hover=&#8220;on&#8220; button_letter_spacing_hover=&#8220;0&#8243;] [\/et_pb_cta][\/et_pb_column_inner][\/et_pb_row_inner][\/et_pb_column][\/et_pb_section]<\/p>\n","protected":false},"excerpt":{"rendered":"<p>DATAMIX CARD Introduzione Installazione Attivazione Segnalazioni di stato Stato della connessione Funzione dei tasti Utilizzo del sistema Tastiera Peso totale Selezione della ricetta Azzeramento del peso totale Peso totale carico Peso totale scarico Peso parziale Die Rezepte werden mittels eines Namens identifiziert, der sie eindeutig unterscheidet. Jedes Rezept entspricht der Anzahl von Tieren (h\u00f6chstens 9999), [&hellip;]<\/p>\n","protected":false},"author":9,"featured_media":0,"parent":1366,"menu_order":0,"comment_status":"closed","ping_status":"closed","template":"","meta":{"_et_pb_use_builder":"on","_et_pb_old_content":"<p>[et_pb_section admin_label=\"Header - Datamix Card - ITA\" global_module=\"1218\" fullwidth=\"on\" specialty=\"off\" transparent_background=\"off\" background_color=\"#ffffff\" allow_player_pause=\"off\" inner_shadow=\"off\" parallax=\"off\" parallax_method=\"off\" padding_mobile=\"off\" make_fullwidth=\"off\" use_custom_width=\"off\" width_unit=\"on\" make_equal=\"off\" use_custom_gutter=\"off\"][et_pb_fullwidth_header global_parent=\"1218\" admin_label=\"Intestazione a Larghezza Piena\" title=\"DATAMIX CARD 3\" background_layout=\"dark\" text_orientation=\"left\" header_fullscreen=\"off\" header_scroll_down=\"off\" background_color=\"#222349\" parallax=\"off\" parallax_method=\"off\" content_orientation=\"center\" image_orientation=\"center\" title_font_color=\"#ffffff\" title_font=\"Montserrat|on|||\" title_font_size=\"40px\" custom_button_one=\"off\" button_one_letter_spacing=\"0\" button_one_use_icon=\"default\" button_one_icon_placement=\"right\" button_one_on_hover=\"on\" button_one_letter_spacing_hover=\"0\" custom_button_two=\"off\" button_two_letter_spacing=\"0\" button_two_use_icon=\"default\" button_two_icon_placement=\"right\" button_two_on_hover=\"on\" button_two_letter_spacing_hover=\"0\"] [\/et_pb_fullwidth_header][\/et_pb_section][et_pb_section admin_label=\"Sezione\" fullwidth=\"off\" specialty=\"on\" transparent_background=\"off\" background_color=\"#ffffff\" allow_player_pause=\"off\" inner_shadow=\"off\" parallax=\"off\" parallax_method=\"off\" custom_padding=\"0px|||\" padding_mobile=\"off\" make_fullwidth=\"off\" use_custom_width=\"off\" width_unit=\"on\" make_equal=\"off\" use_custom_gutter=\"off\" parallax_1=\"off\" parallax_method_1=\"off\" parallax_2=\"off\" parallax_method_2=\"off\" custom_css_main_1=\"border-right: solid 1px #bababa;\"][et_pb_column type=\"1_4\"][et_pb_blurb admin_label=\"Scheda prodotto\" url_new_window=\"on\" use_icon=\"off\" icon_color=\"#0d76ec\" use_circle=\"off\" circle_color=\"#0d76ec\" use_circle_border=\"off\" circle_border_color=\"#0d76ec\" icon_placement=\"top\" animation=\"top\" background_layout=\"light\" text_orientation=\"left\" use_icon_font_size=\"off\" use_border_color=\"off\" border_color=\"#ffffff\" border_style=\"solid\" saved_tabs=\"all\" global_module=\"1213\"] [\/et_pb_blurb][et_pb_divider admin_label=\"Modulo Separatore\" color=\"#b5b5b5\" show_divider=\"on\" divider_style=\"solid\" divider_position=\"top\" hide_on_mobile=\"on\" height=\"10\"] [\/et_pb_divider][et_pb_text admin_label=\"Menu laterale - Datamix Card - ITA\" background_layout=\"light\" text_orientation=\"left\" use_border_color=\"off\" border_color=\"#ffffff\" border_style=\"solid\" saved_tabs=\"all\" global_module=\"1215\"]<\/p><p><strong>DATAMIX CARD<\/strong><\/p><ul><li><a href=\"http:\/\/demo.n-3.it\/ptm\/guida-app-myscale\/\">Introduzione<\/a><\/li><li><a href=\"http:\/\/demo.n-3.it\/ptm\/guida-app-myscale\/guida-app-myscale-installazione-dellapp\/\">Installazione<\/a><\/li><li><a href=\"http:\/\/demo.n-3.it\/ptm\/guida-app-myscale\/guida-app-myscale-attivazione-della-modalita-myscale\/\">Attivazione<\/a><\/li><li><a href=\"http:\/\/demo.n-3.it\/ptm\/guida-app-myscale\/guida-app-myscale-segnalazioni-di-stato\/\">Segnalazioni di stato<\/a><\/li><li><a href=\"http:\/\/demo.n-3.it\/ptm\/guida-app-myscale\/guida-app-myscale-stato-della-connessione\/\">Stato della connessione<\/a><\/li><li><a href=\"http:\/\/demo.n-3.it\/ptm\/guida-app-myscale\/guida-app-myscale-funzione-dei-tasti\/\">Funzione dei tasti<\/a><\/li><li>Utilizzo del sistema<ul><li><a href=\"http:\/\/demo.n-3.it\/ptm\/guida-app-myscale\/guida-app-myscale-utilizzo-della-tastiera\/\">Tastiera<\/a><\/li><li><a href=\"http:\/\/demo.n-3.it\/ptm\/guida-app-myscale\/guida-app-myscale-peso-totale\/\">Peso totale<\/a><\/li><li><a href=\"http:\/\/demo.n-3.it\/ptm\/guida-app-myscale\/guida-app-myscale-peso-totale-selezione-della-ricetta\/\">Selezione della ricetta<\/a><\/li><li><a href=\"http:\/\/demo.n-3.it\/ptm\/guida-app-myscale\/guida-app-myscale-peso-totale-azzeramento-del-peso-totale\/\">Azzeramento del peso totale<\/a><\/li><li><a href=\"http:\/\/demo.n-3.it\/ptm\/guida-app-myscale\/guida-app-myscale-peso-totale-carico-avvio-del-carico-della-ricetta\/\">Peso totale carico<\/a><\/li><li><a href=\"http:\/\/demo.n-3.it\/ptm\/guida-app-myscale\/guida-app-myscale-peso-totale-scarico-avvio-dello-scarico-della-ricetta\/\">Peso totale scarico<\/a><\/li><li><a href=\"http:\/\/demo.n-3.it\/ptm\/guida-app-myscale\/guida-app-myscale-peso-parziale-azzeramento-del-peso-parziale\/\">Peso parziale<\/a><\/li><\/ul><\/li><\/ul><p>[\/et_pb_text][\/et_pb_column][et_pb_column type=\"3_4\" specialty_columns=\"3\"][et_pb_row_inner admin_label=\"Riga\"][et_pb_column_inner type=\"4_4\" saved_specialty_column_type=\"3_4\"][et_pb_cta admin_label=\"Titolo sezione\" title=\"Ricette\" url_new_window=\"off\" use_background_color=\"off\" background_color=\"#0d76ec\" background_layout=\"light\" text_orientation=\"left\" use_border_color=\"off\" border_color=\"#ffffff\" border_style=\"solid\" custom_button=\"off\" button_letter_spacing=\"0\" button_use_icon=\"default\" button_icon_placement=\"right\" button_on_hover=\"on\" button_letter_spacing_hover=\"0\" header_font_size=\"40\"] [\/et_pb_cta][et_pb_text admin_label=\"Testo\" background_layout=\"light\" text_orientation=\"left\" use_border_color=\"off\" border_color=\"#ffffff\" border_style=\"solid\"]<\/p><p><img class=\"alignnone wp-image-1239 size-full\" src=\"http:\/\/demo.n-3.it\/ptm\/wp-content\/uploads\/2016\/11\/ptm_0011_datamix-card.jpg\" width=\"289\" height=\"225\" \/><\/p><p>Le ricette vengono identificate tramite un nome che le distingue univocamente e ad ogni ricetta corrisponde il numero di animali (al massimo 9999) a cui deve essere somministrata.<\/p><p>Per ogni ricetta \u00e8 presente un men\u00f9 di carico ed uno di scarico.<\/p><p>Il men\u00f9 di carico (Fig.1) \u00e8 composto da un numero crescente associato ad un componente. In ogni ricetta sono permessi al massimo 20 componenti che possono essere scelti tramite un men\u00f9 a tendina. Per ogni componente utilizzato si deve specificare la quantit\u00e0 necessaria per ogni capo e l'eventuale variazione percentuale sul componente. \u00c8 inoltre possibile inserire una variazione percentuale su tutta la ricetta nella casella di testo sotto alla tabella. Nella colonna della risultante si potr\u00e0 leggere il totale derivato dalla quantit\u00e0 con la variazione percentuale sul componente e la variazione percentuale sulla ricetta.<\/p><p>\u00c8 possibile vedere graficamente le proporzioni tra i vari componenti della ricetta grazie al grafico che si compone automaticamente durante la creazione e la modifica delle ricette.<\/p><p><strong><em>Fig.1<\/em><\/strong><\/p><p><img class=\"alignnone size-full wp-image-1238\" src=\"http:\/\/demo.n-3.it\/ptm\/wp-content\/uploads\/2016\/11\/ptm_0010_datamix-card.jpg\" alt=\"ptm_0010_datamix-card\" width=\"289\" height=\"225\" \/><\/p><p>Il men\u00f9 di scarico (Fig.2) \u00e8 composto anch'esso da un numero crescente, associato per\u00f2 ad uno scarico. Per scarico si intende il numero di capi a cui dovr\u00e0 essere somministrata la ricetta. Per ogni ricetta sono ammessi al massimo 20 scarichi e la somma di essi corrisponder\u00e0 al numero di capi associati ad essa. \u00c8 necessario inserire almeno uno scarico altrimenti sar\u00e0 generato un errore.<\/p><p><strong><em>Fig.2<\/em><\/strong><\/p><p><img class=\"alignnone size-full wp-image-1237\" src=\"http:\/\/demo.n-3.it\/ptm\/wp-content\/uploads\/2016\/11\/ptm_0009_datamix-card.jpg\" alt=\"ptm_0009_datamix-card\" width=\"289\" height=\"225\" \/><\/p><p>Per creare una nuova ricetta \u00e8 necessario premere il pulsante \"Nuova\" (Fig.3a), inserire il nome (che deve essere diverso da quello delle altre ricette) e le eventuali note. Quindi premere il pulsante \"Salva\" (Fig.3b). Se, prima di salvare, si vuole annullare l'operazione, premere il pulsante \"Annulla\" (Fig.3c).<\/p><p><strong><em>Fig.3<\/em><\/strong><\/p><p>a)\u00a0<img class=\"alignnone size-full wp-image-1247\" src=\"http:\/\/demo.n-3.it\/ptm\/wp-content\/uploads\/2016\/11\/ptm_0004_icons.jpg\" alt=\"ptm_0004_icons\" width=\"80\" height=\"32\" \/>\u00a0b)\u00a0<img class=\"alignnone size-full wp-image-1246\" src=\"http:\/\/demo.n-3.it\/ptm\/wp-content\/uploads\/2016\/11\/ptm_0003_icons.jpg\" alt=\"ptm_0003_icons\" width=\"80\" height=\"32\" \/>\u00a0c) <img class=\"alignnone size-full wp-image-1245\" src=\"http:\/\/demo.n-3.it\/ptm\/wp-content\/uploads\/2016\/11\/ptm_0002_icons.jpg\" alt=\"ptm_0002_icons\" width=\"80\" height=\"32\" \/><\/p><p>Per modificare, invece, una ricetta esistente, \u00e8 sufficiente modificare i dati visualizzati che verranno salvati automaticamente dal programma.<\/p><p>Per eliminare una ricetta esistente, premere il pulsate \"Cancella\" (Fig.4a), per copiarla in un'altra, premere \"Copia\" (Fig.4b) e specificare il nome della ricetta su cui copiarla.<\/p><p><strong><em>Fig.4<\/em><\/strong><\/p><p>a)\u00a0<img class=\"alignnone size-full wp-image-1245\" src=\"http:\/\/demo.n-3.it\/ptm\/wp-content\/uploads\/2016\/11\/ptm_0002_icons.jpg\" alt=\"ptm_0002_icons\" width=\"80\" height=\"32\" \/>\u00a0b)\u00a0<img class=\"alignnone size-full wp-image-1244\" src=\"http:\/\/demo.n-3.it\/ptm\/wp-content\/uploads\/2016\/11\/ptm_0001_icons.jpg\" alt=\"ptm_0001_icons\" width=\"80\" height=\"32\" \/><\/p><p>Da qui \u00e8 anche possibile spostarsi sulla tabella dei Componenti (Fig.5) che contiene l\u2019elenco dei componenti delle ricette.<\/p><p><strong><em>Fig.5<\/em><\/strong><\/p><p><em><img class=\"alignnone size-full wp-image-1243\" src=\"http:\/\/demo.n-3.it\/ptm\/wp-content\/uploads\/2016\/11\/ptm_0000_icons.jpg\" alt=\"ptm_0000_icons\" width=\"80\" height=\"32\" \/><\/em><\/p><p>[\/et_pb_text][et_pb_divider admin_label=\"Modulo Separatore\" color=\"#bababa\" show_divider=\"on\" height=\"10\" divider_style=\"solid\" divider_position=\"top\" hide_on_mobile=\"on\"] [\/et_pb_divider][et_pb_cta admin_label=\"Link al form\" global_module=\"142\" saved_tabs=\"all\" title=\"Non trovi quello che cerchi?\" button_url=\"#\" url_new_window=\"off\" button_text=\"Contattaci\" use_background_color=\"off\" background_color=\"#0d76ec\" background_layout=\"light\" text_orientation=\"center\" use_border_color=\"off\" border_color=\"#ffffff\" border_style=\"solid\" custom_button=\"off\" button_letter_spacing=\"0\" button_use_icon=\"default\" button_icon_placement=\"right\" button_on_hover=\"on\" button_letter_spacing_hover=\"0\"] [\/et_pb_cta][\/et_pb_column_inner][\/et_pb_row_inner][\/et_pb_column][\/et_pb_section]<\/p>","_et_gb_content_width":"","footnotes":""},"_links":{"self":[{"href":"http:\/\/service.ptmsrl.com\/de\/wp-json\/wp\/v2\/pages\/1388"}],"collection":[{"href":"http:\/\/service.ptmsrl.com\/de\/wp-json\/wp\/v2\/pages"}],"about":[{"href":"http:\/\/service.ptmsrl.com\/de\/wp-json\/wp\/v2\/types\/page"}],"author":[{"embeddable":true,"href":"http:\/\/service.ptmsrl.com\/de\/wp-json\/wp\/v2\/users\/9"}],"replies":[{"embeddable":true,"href":"http:\/\/service.ptmsrl.com\/de\/wp-json\/wp\/v2\/comments?post=1388"}],"version-history":[{"count":0,"href":"http:\/\/service.ptmsrl.com\/de\/wp-json\/wp\/v2\/pages\/1388\/revisions"}],"up":[{"embeddable":true,"href":"http:\/\/service.ptmsrl.com\/de\/wp-json\/wp\/v2\/pages\/1366"}],"wp:attachment":[{"href":"http:\/\/service.ptmsrl.com\/de\/wp-json\/wp\/v2\/media?parent=1388"}],"curies":[{"name":"wp","href":"https:\/\/api.w.org\/{rel}","templated":true}]}}