{"id":1199,"date":"2016-11-10T17:25:31","date_gmt":"2016-11-10T16:25:31","guid":{"rendered":"http:\/\/demo.n-3.it\/ptm\/de\/?page_id=1199"},"modified":"2016-11-10T17:25:31","modified_gmt":"2016-11-10T16:25:31","slug":"konfiguration-der-software","status":"publish","type":"page","link":"http:\/\/service.ptmsrl.com\/de\/super-datamix\/konfiguration-der-software\/","title":{"rendered":"Konfiguration der software"},"content":{"rendered":"<p>[et_pb_section admin_label=&#8220;section&#8220; fullwidth=&#8220;on&#8220;][et_pb_fullwidth_header admin_label=&#8220;Intestazione a Larghezza Piena&#8220; title=&#8220;SUPER DATAMIX&#8220; background_layout=&#8220;dark&#8220; text_orientation=&#8220;left&#8220; header_fullscreen=&#8220;off&#8220; header_scroll_down=&#8220;off&#8220; background_color=&#8220;#222349&#8243; parallax=&#8220;off&#8220; parallax_method=&#8220;off&#8220; content_orientation=&#8220;center&#8220; image_orientation=&#8220;center&#8220; title_font=&#8220;Montserrat|on|||&#8220; title_font_size=&#8220;40px&#8220; custom_button_one=&#8220;off&#8220; button_one_letter_spacing=&#8220;0&#8243; button_one_use_icon=&#8220;default&#8220; button_one_icon_placement=&#8220;right&#8220; button_one_on_hover=&#8220;on&#8220; button_one_letter_spacing_hover=&#8220;0&#8243; custom_button_two=&#8220;off&#8220; button_two_letter_spacing=&#8220;0&#8243; button_two_use_icon=&#8220;default&#8220; button_two_icon_placement=&#8220;right&#8220; button_two_on_hover=&#8220;on&#8220; button_two_letter_spacing_hover=&#8220;0&#8243; title_font_color=&#8220;#ffffff&#8220;] [\/et_pb_fullwidth_header][\/et_pb_section][et_pb_section admin_label=&#8220;Sezione&#8220; fullwidth=&#8220;off&#8220; specialty=&#8220;on&#8220; transparent_background=&#8220;off&#8220; background_color=&#8220;#ffffff&#8220; allow_player_pause=&#8220;off&#8220; inner_shadow=&#8220;off&#8220; parallax=&#8220;off&#8220; parallax_method=&#8220;off&#8220; custom_padding=&#8220;0px|||&#8220; padding_mobile=&#8220;off&#8220; make_fullwidth=&#8220;off&#8220; use_custom_width=&#8220;off&#8220; width_unit=&#8220;on&#8220; make_equal=&#8220;off&#8220; use_custom_gutter=&#8220;off&#8220; parallax_1=&#8220;off&#8220; parallax_method_1=&#8220;off&#8220; parallax_2=&#8220;off&#8220; parallax_method_2=&#8220;off&#8220; custom_css_main_1=&#8220;border-right: solid 1px #bababa;&#8220;][et_pb_column type=&#8220;1_4&#8243;][et_pb_blurb admin_label=&#8220;Link al prodotto &#8211; SUPER DATAMIX &#8211; ITA&#8220; global_module=&#8220;710&#8243; saved_tabs=&#8220;all&#8220; title=&#8220;Scheda prodotto&#8220; url=&#8220;http:\/\/www.ptmsrl.com\/it\/s34\/product\/&#8220; url_new_window=&#8220;on&#8220; use_icon=&#8220;on&#8220; font_icon=&#8220;%%101%%&#8220; icon_color=&#8220;#b5b5b5&#8243; use_circle=&#8220;off&#8220; circle_color=&#8220;#0d76ec&#8220; use_circle_border=&#8220;off&#8220; circle_border_color=&#8220;#0d76ec&#8220; icon_placement=&#8220;left&#8220; animation=&#8220;top&#8220; background_layout=&#8220;light&#8220; text_orientation=&#8220;left&#8220; use_icon_font_size=&#8220;off&#8220; use_border_color=&#8220;off&#8220; border_color=&#8220;#ffffff&#8220; border_style=&#8220;solid&#8220;]<br \/>\n[\/et_pb_blurb][et_pb_divider admin_label=&#8220;Modulo Separatore&#8220; color=&#8220;#b5b5b5&#8243; show_divider=&#8220;on&#8220; divider_style=&#8220;solid&#8220; divider_position=&#8220;top&#8220; hide_on_mobile=&#8220;on&#8220; height=&#8220;10&#8243;]<br \/>\n[\/et_pb_divider][et_pb_text global_module=&#8220;970&#8243; admin_label=&#8220;Menu laterale &#8211; PTM Management &#8211; DE&#8220; saved_tabs=&#8220;all&#8220; background_layout=&#8220;light&#8220; text_orientation=&#8220;left&#8220; use_border_color=&#8220;off&#8220; border_color=&#8220;#ffffff&#8220; border_style=&#8220;solid&#8220;] <strong>Super Datamix<\/strong><\/p>\n<ul>\n<li><a href=\"http:\/\/service.ptmsrl.com\/de\/ptm-management\/erste-freischaltung\/\">Erste freischaltung <\/a><\/li>\n<li><a href=\"http:\/\/service.ptmsrl.com\/de\/ptm-management\/ptm-management-steuern\/\">Steuern<\/a><\/li>\n<li><a href=\"http:\/\/service.ptmsrl.com\/de\/ptm-management\/ptm-management-komponenten\/\">Komponenten<\/a><\/li>\n<li><a href=\"http:\/\/service.ptmsrl.com\/de\/ptm-management\/ptm-management-rezepte\/\">Rezepte<\/a><\/li>\n<li><a href=\"http:\/\/service.ptmsrl.com\/de\/ptm-management\/ptm-management-gruppen-super\/\">Gruppen (SUPER)<\/a><\/li>\n<li><a href=\"http:\/\/service.ptmsrl.com\/de\/ptm-management\/ptm-management-lager\/\">Lager<\/a><\/li>\n<li><a href=\"http:\/\/service.ptmsrl.com\/de\/ptm-management\/ptm-management-vorraete\/\">Vorr\u00e4te<\/a><\/li>\n<li><a href=\"http:\/\/service.ptmsrl.com\/de\/ptm-management\/ptm-management-programmierung\/\">Programmierung<\/a><\/li>\n<li><a href=\"http:\/\/service.ptmsrl.com\/de\/ptm-management\/ptm-management-loads\/\">Loads<\/a><\/li>\n<li><a href=\"http:\/\/service.ptmsrl.com\/de\/ptm-management\/ptm-management-erschoepfen\/\">Ersch\u00f6pfen<\/a><\/li>\n<li><a href=\"http:\/\/service.ptmsrl.com\/de\/ptm-management\/ptm-management-kundschaft\/\">Kundschaft<\/a><\/li>\n<li><a href=\"http:\/\/service.ptmsrl.com\/de\/ptm-management\/ptm-management-produktion-und-kosten\/\">Produktion und Kosten<\/a><\/li>\n<\/ul>\n<p>[\/et_pb_text][\/et_pb_column][et_pb_column type=&#8220;3_4&#8243; specialty_columns=&#8220;3&#8243;][et_pb_row_inner admin_label=&#8220;Riga&#8220;][et_pb_column_inner type=&#8220;4_4&#8243; saved_specialty_column_type=&#8220;3_4&#8243;][et_pb_cta admin_label=&#8220;Titolo sezione&#8220; title=&#8220;Konfiguration der software&#8220; url_new_window=&#8220;off&#8220; use_background_color=&#8220;off&#8220; background_color=&#8220;#0d76ec&#8220; background_layout=&#8220;light&#8220; text_orientation=&#8220;left&#8220; use_border_color=&#8220;off&#8220; border_color=&#8220;#ffffff&#8220; border_style=&#8220;solid&#8220; custom_button=&#8220;off&#8220; button_letter_spacing=&#8220;0&#8243; button_use_icon=&#8220;default&#8220; button_icon_placement=&#8220;right&#8220; button_on_hover=&#8220;on&#8220; button_letter_spacing_hover=&#8220;0&#8243; header_font_size=&#8220;40&#8243;] [\/et_pb_cta][et_pb_text admin_label=&#8220;Testo&#8220; background_layout=&#8220;light&#8220; text_orientation=&#8220;left&#8220; use_border_color=&#8220;off&#8220; border_color=&#8220;#ffffff&#8220; border_style=&#8220;solid&#8220;]<\/p>\n<p><img loading=\"lazy\" decoding=\"async\" class=\"alignnone wp-image-1151 size-full\" src=\"http:\/\/service.ptmsrl.com\/wp-content\/uploads\/2016\/11\/ptm_0010_ptm_de.jpg\" width=\"476\" height=\"347\" srcset=\"http:\/\/service.ptmsrl.com\/wp-content\/uploads\/2016\/11\/ptm_0010_ptm_de.jpg 476w, http:\/\/service.ptmsrl.com\/wp-content\/uploads\/2016\/11\/ptm_0010_ptm_de-300x219.jpg 300w\" sizes=\"(max-width: 476px) 100vw, 476px\" \/><\/p>\n<p>&nbsp;<\/p>\n<p>In diesem Men\u00fc k\u00f6nnen Sie die ganzen Konfigurationsoptionen der Software nachschauen und einstellen.<\/p>\n<p>&#8211; \u201c<strong>Version vom Wiegecomputer<\/strong>\u201d= hier kann man die Software Version des Wiegecomputers Graphic Memory Super einstellen.<\/p>\n<p>&#8211; \u201c<strong>Spezifizieren Sie die Sprache f\u00fcr die Software<\/strong>\u201d = durch diese Option kann man die gew\u00fcnschte Sprache ausw\u00e4hlen.<\/p>\n<p>&#8211; &#8222;<strong>Bedienung vom N\u00e4hrwert in KJ<\/strong>&#8220; = diese Option ist bedeutungsvoll, um die Ma\u00dfeinheit des N\u00e4hrwertes einzustellen. (Sollte das Feld &#8222;KJ&#8220; nicht ausgew\u00e4hlt sein, wird die Ma\u00dfeinheit Kcal von dem Programm verwendet)<\/p>\n<p>&#8211; \u201c<strong>Alarmsprozent der Ladungen<\/strong>\u201d = hier kann man die %-Fehlerabweichung der Ladungen einstellen. Sollte die Operation sich von dieser Prozent viel entfernen, wird diese Ladung in den jeweiligen Berichten unterstreicht.<\/p>\n<p>&#8211; \u201c<strong>Alarmsprozent der Ausladungen<\/strong>\u201d = hier kann man die %-Fehlerabweichung der Ausladungen einstellen. Sollte die Operation sich von dieser Prozent viel entfernen, wird diese Ausladung in den jeweiligen Berichten unterstreicht.<\/p>\n<p>&#8211; \u201c<strong>Anzahl der Karten<\/strong>\u201d = es ist die Anzahl der CF-Karten, die der Benutzer in dem Programm verwendet.<\/p>\n<p>&#8211; \u201c<strong>Anzahl der Rezepte<\/strong>\u201d = hier wird die maximale Anzahl der Rezepte eingestellt, die der Wiegecomputer Graphic Memory Super kontrollieren soll.<\/p>\n<p>&#8211; \u201c<strong>Arbeitslohn pro Minuten (\u20ac)<\/strong>\u201d = hier ist es m\u00f6glich den Kost vom Arbeitslohn einzustellen, um eine reale Situation der Kosten zu haben.<\/p>\n<p>&#8211; \u201c<strong>Milchpreis Kg\/l (\u20ac)<\/strong>\u201d = hier ist es m\u00f6glich den Milchpreis einzustellen, um eine reale Situation der Kosten und der Gewinne zu haben.<\/p>\n<p>&#8211; \u201c<strong>Toll. von Anfangsgewicht des Wagens (Kg)<\/strong>\u201d = es ist eine Menge in Kg. Sollte diese Toleranz \u00fcbersteigert beim Starten der Ladung werden, wird es in den jeweiligen Bericht unterstreicht.<\/p>\n<p>&#8211; \u201c<strong>Buchstab vom Kartenleser<\/strong>&#8222;(NUR F\u00dcR DIE WAAGE GRAPHIC MEMORY SUPER) = hier ist es n\u00f6tig die Einheit auszuw\u00e4hlen, nach der das Programm suchen wird, um die Daten der Karte abzulesen.<\/p>\n<p>Sollten Sie mit Zeus statt Graphic Memory Super arbeiten, w\u00e4re es n\u00f6tig nur das Feld &#8222;Aktivierung der serielle Kommunikation&#8220; [7] auszuw\u00e4hlen.<\/p>\n<p>&nbsp;<\/p>\n<p>[7]&#8220;<strong>Serielles Portal<\/strong>&#8220; = hier ist es n\u00f6tig das serielle Portal f\u00fcr die Kommunikation mit Zeus auszuw\u00e4hlen. (NUR F\u00dcR ZEUS).<\/p>\n<p>[8] &#8222;<strong>Anzeige der Taste Senden\/Empfangen in Men\u00fc \u201cKarte<\/strong>\u201d = Durch diese Funktion ist es m\u00f6glich die Anzeige der Taste &#8222;Senden\/Empfangen&#8220; im Men\u00fc Karte zu deaktivieren. Sollten Sie dieses Feld nicht ausw\u00e4hlen, wird die Taste &#8222;Senden\/Empfangen&#8220; im Men\u00fc Karte verschwinden.<\/p>\n<p>Beim Bet\u00e4tigen der Taste [9] &#8222;<strong>E-Mail Einstellungen<\/strong>\u201d ist es m\u00f6glich die Default-Parametern f\u00fcr die Sendung von automatischen E-Mails an den Software-Hersteller zu pr\u00fcfen. (Diese Einstellungen soll ge\u00e4ndert werden, nur wenn die Prozedur nicht in der richtigen Art l\u00e4uft).<\/p>\n<p>[5] &#8222;<strong>Exit<\/strong>&#8222;: um das Men\u00fc zu verlassen.<\/p>\n<p>&nbsp;<\/p>\n<p>[\/et_pb_text][et_pb_divider admin_label=&#8220;Modulo Separatore&#8220; color=&#8220;#bababa&#8220; show_divider=&#8220;on&#8220; height=&#8220;10&#8243; divider_style=&#8220;solid&#8220; divider_position=&#8220;top&#8220; hide_on_mobile=&#8220;on&#8220;]<br \/>\n[\/et_pb_divider][et_pb_cta admin_label=&#8220;Link al form&#8220; global_module=&#8220;142&#8243; saved_tabs=&#8220;all&#8220; title=&#8220;Non trovi quello che cerchi?&#8220; button_url=&#8220;#&#8220; url_new_window=&#8220;off&#8220; button_text=&#8220;Contattaci&#8220; use_background_color=&#8220;off&#8220; background_color=&#8220;#0d76ec&#8220; background_layout=&#8220;light&#8220; text_orientation=&#8220;center&#8220; use_border_color=&#8220;off&#8220; border_color=&#8220;#ffffff&#8220; border_style=&#8220;solid&#8220; custom_button=&#8220;off&#8220; button_letter_spacing=&#8220;0&#8243; button_use_icon=&#8220;default&#8220; button_icon_placement=&#8220;right&#8220; button_on_hover=&#8220;on&#8220; button_letter_spacing_hover=&#8220;0&#8243;]<br \/>\n[\/et_pb_cta][\/et_pb_column_inner][\/et_pb_row_inner][\/et_pb_column][\/et_pb_section]<\/p>\n","protected":false},"excerpt":{"rendered":"<p>Super Datamix Erste freischaltung Steuern Komponenten Rezepte Gruppen (SUPER) Lager Vorr\u00e4te Programmierung Loads Ersch\u00f6pfen Kundschaft Produktion und Kosten &nbsp; In diesem Men\u00fc k\u00f6nnen Sie die ganzen Konfigurationsoptionen der Software nachschauen und einstellen. &#8211; \u201cVersion vom Wiegecomputer\u201d= hier kann man die Software Version des Wiegecomputers Graphic Memory Super einstellen. &#8211; \u201cSpezifizieren Sie die Sprache f\u00fcr die [&hellip;]<\/p>\n","protected":false},"author":9,"featured_media":0,"parent":1140,"menu_order":0,"comment_status":"closed","ping_status":"closed","template":"","meta":{"_et_pb_use_builder":"on","_et_pb_old_content":"<p>[et_pb_section admin_label=\"section\" global_module=\"706\" fullwidth=\"on\"][et_pb_fullwidth_header global_parent=\"706\" admin_label=\"Intestazione a Larghezza Piena\" title=\"SUPER DATAMIX\" background_layout=\"dark\" text_orientation=\"left\" header_fullscreen=\"off\" header_scroll_down=\"off\" background_color=\"#222349\" parallax=\"off\" parallax_method=\"off\" content_orientation=\"center\" image_orientation=\"center\" title_font=\"Montserrat|on|||\" title_font_size=\"40px\" custom_button_one=\"off\" button_one_letter_spacing=\"0\" button_one_use_icon=\"default\" button_one_icon_placement=\"right\" button_one_on_hover=\"on\" button_one_letter_spacing_hover=\"0\" custom_button_two=\"off\" button_two_letter_spacing=\"0\" button_two_use_icon=\"default\" button_two_icon_placement=\"right\" button_two_on_hover=\"on\" button_two_letter_spacing_hover=\"0\" title_font_color=\"#ffffff\"] [\/et_pb_fullwidth_header][\/et_pb_section][et_pb_section admin_label=\"Sezione\" fullwidth=\"off\" specialty=\"on\" transparent_background=\"off\" background_color=\"#ffffff\" allow_player_pause=\"off\" inner_shadow=\"off\" parallax=\"off\" parallax_method=\"off\" custom_padding=\"0px|||\" padding_mobile=\"off\" make_fullwidth=\"off\" use_custom_width=\"off\" width_unit=\"on\" make_equal=\"off\" use_custom_gutter=\"off\" parallax_1=\"off\" parallax_method_1=\"off\" parallax_2=\"off\" parallax_method_2=\"off\" custom_css_main_1=\"border-right: solid 1px #bababa;\"][et_pb_column type=\"1_4\"][et_pb_blurb admin_label=\"Link al prodotto - SUPER DATAMIX - ITA\" global_module=\"710\" saved_tabs=\"all\" title=\"Scheda prodotto\" url=\"http:\/\/www.ptmsrl.com\/it\/s34\/product\/\" url_new_window=\"on\" use_icon=\"on\" font_icon=\"%%101%%\" icon_color=\"#b5b5b5\" use_circle=\"off\" circle_color=\"#0d76ec\" use_circle_border=\"off\" circle_border_color=\"#0d76ec\" icon_placement=\"left\" animation=\"top\" background_layout=\"light\" text_orientation=\"left\" use_icon_font_size=\"off\" use_border_color=\"off\" border_color=\"#ffffff\" border_style=\"solid\"]<br \/> [\/et_pb_blurb][et_pb_divider admin_label=\"Modulo Separatore\" color=\"#b5b5b5\" show_divider=\"on\" divider_style=\"solid\" divider_position=\"top\" hide_on_mobile=\"on\" height=\"10\"]<br \/> [\/et_pb_divider][et_pb_text admin_label=\"Menu laterale - SUPER DATAMIX - ITA\" global_module=\"714\" saved_tabs=\"all\" background_layout=\"light\" text_orientation=\"left\" text_font_size=\"16\" use_border_color=\"off\" border_color=\"#ffffff\" border_style=\"solid\"]<\/p><p><strong>SUPER DATAMIX<\/strong><\/p><ul><li><a href=\"http:\/\/demo.n-3.it\/ptm\/guida-app-myscale\/\">Introduzione<\/a><\/li><li><a href=\"http:\/\/demo.n-3.it\/ptm\/guida-app-myscale\/guida-app-myscale-installazione-dellapp\/\">Installazione<\/a><\/li><li><a href=\"http:\/\/demo.n-3.it\/ptm\/guida-app-myscale\/guida-app-myscale-attivazione-della-modalita-myscale\/\">Attivazione<\/a><\/li><li><a href=\"http:\/\/demo.n-3.it\/ptm\/guida-app-myscale\/guida-app-myscale-segnalazioni-di-stato\/\">Segnalazioni di stato<\/a><\/li><li><a href=\"http:\/\/demo.n-3.it\/ptm\/guida-app-myscale\/guida-app-myscale-stato-della-connessione\/\">Stato della connessione<\/a><\/li><li><a href=\"http:\/\/demo.n-3.it\/ptm\/guida-app-myscale\/guida-app-myscale-funzione-dei-tasti\/\">Funzione dei tasti<\/a><\/li><li>Utilizzo del sistema<ul><li><a href=\"http:\/\/demo.n-3.it\/ptm\/guida-app-myscale\/guida-app-myscale-utilizzo-della-tastiera\/\">Tastiera<\/a><\/li><li><a href=\"http:\/\/demo.n-3.it\/ptm\/guida-app-myscale\/guida-app-myscale-peso-totale\/\">Peso totale<\/a><\/li><li><a href=\"http:\/\/demo.n-3.it\/ptm\/guida-app-myscale\/guida-app-myscale-peso-totale-selezione-della-ricetta\/\">Selezione della ricetta<\/a><\/li><li><a href=\"http:\/\/demo.n-3.it\/ptm\/guida-app-myscale\/guida-app-myscale-peso-totale-azzeramento-del-peso-totale\/\">Azzeramento del peso totale<\/a><\/li><li><a href=\"http:\/\/demo.n-3.it\/ptm\/guida-app-myscale\/guida-app-myscale-peso-totale-carico-avvio-del-carico-della-ricetta\/\">Peso totale carico<\/a><\/li><li><a href=\"http:\/\/demo.n-3.it\/ptm\/guida-app-myscale\/guida-app-myscale-peso-totale-scarico-avvio-dello-scarico-della-ricetta\/\">Peso totale scarico<\/a><\/li><li><a href=\"http:\/\/demo.n-3.it\/ptm\/guida-app-myscale\/guida-app-myscale-peso-parziale-azzeramento-del-peso-parziale\/\">Peso parziale<\/a><\/li><\/ul><\/li><\/ul><p>[\/et_pb_text][\/et_pb_column][et_pb_column type=\"3_4\" specialty_columns=\"3\"][et_pb_row_inner admin_label=\"Riga\"][et_pb_column_inner type=\"4_4\" saved_specialty_column_type=\"3_4\"][et_pb_cta admin_label=\"Titolo sezione\" title=\"Opzioni di configurazione del programma\" url_new_window=\"off\" use_background_color=\"off\" background_color=\"#0d76ec\" background_layout=\"light\" text_orientation=\"left\" use_border_color=\"off\" border_color=\"#ffffff\" border_style=\"solid\" custom_button=\"off\" button_letter_spacing=\"0\" button_use_icon=\"default\" button_icon_placement=\"right\" button_on_hover=\"on\" button_letter_spacing_hover=\"0\" header_font_size=\"40\"] [\/et_pb_cta][et_pb_text admin_label=\"Testo\" background_layout=\"light\" text_orientation=\"left\" use_border_color=\"off\" border_color=\"#ffffff\" border_style=\"solid\"]<\/p><p><img class=\"alignnone size-full wp-image-729\" src=\"http:\/\/demo.n-3.it\/ptm\/wp-content\/uploads\/2016\/11\/ptm_0010_opzioni-di-configurazione.jpg\" alt=\"ptm_0010_opzioni-di-configurazione\" width=\"467\" height=\"339\" \/><\/p><p>In questo men\u00f9 \u00e8 possibile visualizzare ed impostare tutte le opzioni di configurazione del programma.<\/p><p>- \u201c<strong>Versione centralina<\/strong>\u201d, indica la versione del software della centralina Graphic Memory Super.<\/p><p>- \u201c<strong>Specifica la lingua da utilizzare nel programma<\/strong>\u201d, con il men\u00f9 a tendina si possono modificare la lingua dell\u2019intero programma.<\/p><p>- \"<strong>Utilizza valore nutritivo in KJ<\/strong>\", serve per impostare l'unit\u00e0 di misura per il valore nutritivo (se selezionato utilizza KJ, altrimenti utilizza KCal).<\/p><p>- \u201c<strong>Percentuale di allarme carichi<\/strong>\u201d, indica la percentuale di errore sui carichi in modo da evidenziarli nei Report.<\/p><p>- \u201c<strong>Percentuale di allarme sugli scarichi<\/strong>\u201d, indica la percentuale di errore sugli scarichi in modo da evidenziarli nei Report.<\/p><p>- \u201c<strong>Numero di card da gestire<\/strong>\u201d, inseriamo il numero delle Card da gestire con il programma.<\/p><p>- \u201c<strong>Numero di ricette da gestire<\/strong>\u201d, inseriamo il numero massimo di ricette da gestire nella centralina Graphic Memory Super.<\/p><p>- \u201c<strong>Costo della manodopera al minuto (\u20ac)<\/strong>\u201d, inseriamo il costo della manodopera per avere i dati nei costi.<\/p><p>- \u201c<strong>Prezzo del latte al Kg\/l (\u20ac)<\/strong>\u201d, inseriamo il costo del latte per avere calcoli dei costi e delle rese.<\/p><p>- \u201c<strong>Tolleranza peso iniziale del carro (Kg)<\/strong>\u201d, inseriamo la quantit\u00e0 tollerata del peso iniziale del carro prima che si carichi la ricetta.<\/p><p>- \u201c<strong>Lettera drive card<\/strong>\", serve per selezionare l'unit\u00e0 su cui il programma andr\u00e0 a cercare la Memory Card da cui leggere i dati (non necessario se si attiva la comunicazione seriale con lo Zeus), \"Attiva comunicazione seriale\" abilita la ricezione dei dati dallo Zeus.<\/p><p>[7]\"<strong>Porta seriale<\/strong>\" serve per selezionare la porta seriale su cui verr\u00e0 collegato la comunicazione con lo Zeus.<\/p><p>[8] \"<strong>Visualizza bottone Invia\/Ricevi in gestione Card<\/strong>\" \u00c8 possibile disattivare la visualizzazione del pulsante Invia\/Ricevi nella finestra per inviare o ricevere dati dalla Memory Card, in questo modo saranno solo attivi il tasto \u201cInvia\u201d e tasto \u201cRicevi\u201d.<\/p><p>Premendo sul tasto [9] \"<strong>Impostazioni e-mail di servizio<\/strong>\" \u00e8 possibile visualizzare i parametri gi\u00e0 impostati per l'invio di email automatiche da parte del programma verso il produttore del programma (da modificare solo in caso di malfunzionamento della procedura).<\/p><p>[5] \"<strong>Chiudi<\/strong>\": Per chiudere il men\u00f9 e tornare al Super Data Mix 5 .<\/p><p>[\/et_pb_text][et_pb_divider admin_label=\"Modulo Separatore\" color=\"#bababa\" show_divider=\"on\" height=\"10\" divider_style=\"solid\" divider_position=\"top\" hide_on_mobile=\"on\"]<br \/> [\/et_pb_divider][et_pb_cta admin_label=\"Link al form\" global_module=\"142\" saved_tabs=\"all\" title=\"Non trovi quello che cerchi?\" button_url=\"#\" url_new_window=\"off\" button_text=\"Contattaci\" use_background_color=\"off\" background_color=\"#0d76ec\" background_layout=\"light\" text_orientation=\"center\" use_border_color=\"off\" border_color=\"#ffffff\" border_style=\"solid\" custom_button=\"off\" button_letter_spacing=\"0\" button_use_icon=\"default\" button_icon_placement=\"right\" button_on_hover=\"on\" button_letter_spacing_hover=\"0\"]<br \/> [\/et_pb_cta][\/et_pb_column_inner][\/et_pb_row_inner][\/et_pb_column][\/et_pb_section]<\/p>","_et_gb_content_width":"","footnotes":""},"_links":{"self":[{"href":"http:\/\/service.ptmsrl.com\/de\/wp-json\/wp\/v2\/pages\/1199"}],"collection":[{"href":"http:\/\/service.ptmsrl.com\/de\/wp-json\/wp\/v2\/pages"}],"about":[{"href":"http:\/\/service.ptmsrl.com\/de\/wp-json\/wp\/v2\/types\/page"}],"author":[{"embeddable":true,"href":"http:\/\/service.ptmsrl.com\/de\/wp-json\/wp\/v2\/users\/9"}],"replies":[{"embeddable":true,"href":"http:\/\/service.ptmsrl.com\/de\/wp-json\/wp\/v2\/comments?post=1199"}],"version-history":[{"count":0,"href":"http:\/\/service.ptmsrl.com\/de\/wp-json\/wp\/v2\/pages\/1199\/revisions"}],"up":[{"embeddable":true,"href":"http:\/\/service.ptmsrl.com\/de\/wp-json\/wp\/v2\/pages\/1140"}],"wp:attachment":[{"href":"http:\/\/service.ptmsrl.com\/de\/wp-json\/wp\/v2\/media?parent=1199"}],"curies":[{"name":"wp","href":"https:\/\/api.w.org\/{rel}","templated":true}]}}