{"id":1188,"date":"2016-11-10T17:17:04","date_gmt":"2016-11-10T16:17:04","guid":{"rendered":"http:\/\/demo.n-3.it\/ptm\/de\/?page_id=1188"},"modified":"2016-11-10T17:17:04","modified_gmt":"2016-11-10T16:17:04","slug":"lager-der-komponenten","status":"publish","type":"page","link":"http:\/\/service.ptmsrl.com\/de\/super-datamix\/lager-der-komponenten\/","title":{"rendered":"Lager der komponenten"},"content":{"rendered":"<p>[et_pb_section admin_label=&#8220;section&#8220; fullwidth=&#8220;on&#8220;][et_pb_fullwidth_header admin_label=&#8220;Intestazione a Larghezza Piena&#8220; title=&#8220;SUPER DATAMIX&#8220; background_layout=&#8220;dark&#8220; text_orientation=&#8220;left&#8220; header_fullscreen=&#8220;off&#8220; header_scroll_down=&#8220;off&#8220; background_color=&#8220;#222349&#8243; parallax=&#8220;off&#8220; parallax_method=&#8220;off&#8220; content_orientation=&#8220;center&#8220; image_orientation=&#8220;center&#8220; title_font=&#8220;Montserrat|on|||&#8220; title_font_size=&#8220;40px&#8220; custom_button_one=&#8220;off&#8220; button_one_letter_spacing=&#8220;0&#8243; button_one_use_icon=&#8220;default&#8220; button_one_icon_placement=&#8220;right&#8220; button_one_on_hover=&#8220;on&#8220; button_one_letter_spacing_hover=&#8220;0&#8243; custom_button_two=&#8220;off&#8220; button_two_letter_spacing=&#8220;0&#8243; button_two_use_icon=&#8220;default&#8220; button_two_icon_placement=&#8220;right&#8220; button_two_on_hover=&#8220;on&#8220; button_two_letter_spacing_hover=&#8220;0&#8243; title_font_color=&#8220;#ffffff&#8220;] [\/et_pb_fullwidth_header][\/et_pb_section][et_pb_section admin_label=&#8220;Sezione&#8220; fullwidth=&#8220;off&#8220; specialty=&#8220;on&#8220; transparent_background=&#8220;off&#8220; background_color=&#8220;#ffffff&#8220; allow_player_pause=&#8220;off&#8220; inner_shadow=&#8220;off&#8220; parallax=&#8220;off&#8220; parallax_method=&#8220;off&#8220; custom_padding=&#8220;0px|||&#8220; padding_mobile=&#8220;off&#8220; make_fullwidth=&#8220;off&#8220; use_custom_width=&#8220;off&#8220; width_unit=&#8220;on&#8220; make_equal=&#8220;off&#8220; use_custom_gutter=&#8220;off&#8220; parallax_1=&#8220;off&#8220; parallax_method_1=&#8220;off&#8220; parallax_2=&#8220;off&#8220; parallax_method_2=&#8220;off&#8220; custom_css_main_1=&#8220;border-right: solid 1px #bababa;&#8220;][et_pb_column type=&#8220;1_4&#8243;][et_pb_blurb admin_label=&#8220;Link al prodotto &#8211; SUPER DATAMIX &#8211; ITA&#8220; global_module=&#8220;710&#8243; saved_tabs=&#8220;all&#8220; title=&#8220;Scheda prodotto&#8220; url=&#8220;http:\/\/www.ptmsrl.com\/it\/s34\/product\/&#8220; url_new_window=&#8220;on&#8220; use_icon=&#8220;on&#8220; font_icon=&#8220;%%101%%&#8220; icon_color=&#8220;#b5b5b5&#8243; use_circle=&#8220;off&#8220; circle_color=&#8220;#0d76ec&#8220; use_circle_border=&#8220;off&#8220; circle_border_color=&#8220;#0d76ec&#8220; icon_placement=&#8220;left&#8220; animation=&#8220;top&#8220; background_layout=&#8220;light&#8220; text_orientation=&#8220;left&#8220; use_icon_font_size=&#8220;off&#8220; use_border_color=&#8220;off&#8220; border_color=&#8220;#ffffff&#8220; border_style=&#8220;solid&#8220;]<br \/>\n[\/et_pb_blurb][et_pb_divider admin_label=&#8220;Modulo Separatore&#8220; color=&#8220;#b5b5b5&#8243; show_divider=&#8220;on&#8220; divider_style=&#8220;solid&#8220; divider_position=&#8220;top&#8220; hide_on_mobile=&#8220;on&#8220; height=&#8220;10&#8243;]<br \/>\n[\/et_pb_divider][et_pb_text global_module=&#8220;970&#8243; admin_label=&#8220;Menu laterale &#8211; PTM Management &#8211; DE&#8220; saved_tabs=&#8220;all&#8220; background_layout=&#8220;light&#8220; text_orientation=&#8220;left&#8220; use_border_color=&#8220;off&#8220; border_color=&#8220;#ffffff&#8220; border_style=&#8220;solid&#8220;] <strong>Super Datamix<\/strong><\/p>\n<ul>\n<li><a href=\"http:\/\/service.ptmsrl.com\/de\/ptm-management\/erste-freischaltung\/\">Erste freischaltung <\/a><\/li>\n<li><a href=\"http:\/\/service.ptmsrl.com\/de\/ptm-management\/ptm-management-steuern\/\">Steuern<\/a><\/li>\n<li><a href=\"http:\/\/service.ptmsrl.com\/de\/ptm-management\/ptm-management-komponenten\/\">Komponenten<\/a><\/li>\n<li><a href=\"http:\/\/service.ptmsrl.com\/de\/ptm-management\/ptm-management-rezepte\/\">Rezepte<\/a><\/li>\n<li><a href=\"http:\/\/service.ptmsrl.com\/de\/ptm-management\/ptm-management-gruppen-super\/\">Gruppen (SUPER)<\/a><\/li>\n<li><a href=\"http:\/\/service.ptmsrl.com\/de\/ptm-management\/ptm-management-lager\/\">Lager<\/a><\/li>\n<li><a href=\"http:\/\/service.ptmsrl.com\/de\/ptm-management\/ptm-management-vorraete\/\">Vorr\u00e4te<\/a><\/li>\n<li><a href=\"http:\/\/service.ptmsrl.com\/de\/ptm-management\/ptm-management-programmierung\/\">Programmierung<\/a><\/li>\n<li><a href=\"http:\/\/service.ptmsrl.com\/de\/ptm-management\/ptm-management-loads\/\">Loads<\/a><\/li>\n<li><a href=\"http:\/\/service.ptmsrl.com\/de\/ptm-management\/ptm-management-erschoepfen\/\">Ersch\u00f6pfen<\/a><\/li>\n<li><a href=\"http:\/\/service.ptmsrl.com\/de\/ptm-management\/ptm-management-kundschaft\/\">Kundschaft<\/a><\/li>\n<li><a href=\"http:\/\/service.ptmsrl.com\/de\/ptm-management\/ptm-management-produktion-und-kosten\/\">Produktion und Kosten<\/a><\/li>\n<\/ul>\n<p>[\/et_pb_text][\/et_pb_column][et_pb_column type=&#8220;3_4&#8243; specialty_columns=&#8220;3&#8243;][et_pb_row_inner admin_label=&#8220;Riga&#8220;][et_pb_column_inner type=&#8220;4_4&#8243; saved_specialty_column_type=&#8220;3_4&#8243;][et_pb_cta admin_label=&#8220;Titolo sezione&#8220; title=&#8220;Lager der komponenten&#8220; url_new_window=&#8220;off&#8220; use_background_color=&#8220;off&#8220; background_color=&#8220;#0d76ec&#8220; background_layout=&#8220;light&#8220; text_orientation=&#8220;left&#8220; use_border_color=&#8220;off&#8220; border_color=&#8220;#ffffff&#8220; border_style=&#8220;solid&#8220; custom_button=&#8220;off&#8220; button_letter_spacing=&#8220;0&#8243; button_use_icon=&#8220;default&#8220; button_icon_placement=&#8220;right&#8220; button_on_hover=&#8220;on&#8220; button_letter_spacing_hover=&#8220;0&#8243; header_font_size=&#8220;40&#8243;] [\/et_pb_cta][et_pb_text admin_label=&#8220;Testo&#8220; background_layout=&#8220;light&#8220; text_orientation=&#8220;left&#8220; use_border_color=&#8220;off&#8220; border_color=&#8220;#ffffff&#8220; border_style=&#8220;solid&#8220;]<\/p>\n<p><img loading=\"lazy\" decoding=\"async\" class=\"alignnone wp-image-1156 size-full\" src=\"http:\/\/service.ptmsrl.com\/wp-content\/uploads\/2016\/11\/ptm_0015_ptm_de.jpg\" width=\"476\" height=\"347\" srcset=\"http:\/\/service.ptmsrl.com\/wp-content\/uploads\/2016\/11\/ptm_0015_ptm_de.jpg 476w, http:\/\/service.ptmsrl.com\/wp-content\/uploads\/2016\/11\/ptm_0015_ptm_de-300x219.jpg 300w\" sizes=\"(max-width: 476px) 100vw, 476px\" \/><\/p>\n<p>Dieses Men\u00fc zeigt eine Zusammenfassung des Lagerbestandes an. Hier sieht man die theoretische Menge im Lager und die Menge pro Komponente, die w\u00e4hrend der Ladungsoperationen verbraucht wurde.<\/p>\n<p>In der Tabelle [4] k\u00f6nnen Sie die Namen der Komponenten, die verf\u00fcgbaren und verbrauchten Mengen und die jeweiligen Werten in \u20ac.<\/p>\n<p>Wenn die verf\u00fcgbare Menge unter den Wert der Alarmsmenge (Kg) geht, wird die Komponente rot, um den Benutzer auf die Abwesenheit der Komponente aufmerksam zu machen.<\/p>\n<p>Sollte eine neue Lieferung im &#8222;Lieferung&#8220; Men\u00fc eingef\u00fcgt werden, macht das Programm automatisch das Update der verf\u00fcgbaren Menge von der ausgew\u00e4hlten Komponente.<\/p>\n<p>Oder, sollten die Ladungsoperationen von dem Wiegecomputer importiert werden, wird die verf\u00fcgbare Menge der Komponente sich vermindert und die verbrauchte Menge wird sich erh\u00f6hen.<\/p>\n<p>Der Wert der verf\u00fcgbaren Menge soll nicht unbedingt gleich an die Summe der Lieferungen einer bestimmten Komponente sein, weil die Daten der abgelegten oder gel\u00f6schten Lieferungen im Lager bleiben, auch wenn sie nicht mehr in dem jeweiligen Men\u00fc liegen.<\/p>\n<p>Die Summe der Verbrauchen von den Ladungsoperationen hat das selbe oben beschriebene Verhalten der &#8222;verf\u00fcgbaren Menge&#8220;: sollten die Ladungsoperationen gel\u00f6scht werden, bleiben die Mengen im Lager unver\u00e4ndert.<\/p>\n<p>In jedem Moment kann man die Verbrauchen auf Null stellen.<\/p>\n<p>&nbsp;<\/p>\n<p>Taste \u201cBericht\u201d [2] = um einen detaillierten Bericht des Lagers zu visualisieren und ev. zu drucken.<\/p>\n<p>[\/et_pb_text][et_pb_divider admin_label=&#8220;Modulo Separatore&#8220; color=&#8220;#bababa&#8220; show_divider=&#8220;on&#8220; height=&#8220;10&#8243; divider_style=&#8220;solid&#8220; divider_position=&#8220;top&#8220; hide_on_mobile=&#8220;on&#8220;]<br \/>\n[\/et_pb_divider][et_pb_cta admin_label=&#8220;Link al form&#8220; global_module=&#8220;142&#8243; saved_tabs=&#8220;all&#8220; title=&#8220;Non trovi quello che cerchi?&#8220; button_url=&#8220;#&#8220; url_new_window=&#8220;off&#8220; button_text=&#8220;Contattaci&#8220; use_background_color=&#8220;off&#8220; background_color=&#8220;#0d76ec&#8220; background_layout=&#8220;light&#8220; text_orientation=&#8220;center&#8220; use_border_color=&#8220;off&#8220; border_color=&#8220;#ffffff&#8220; border_style=&#8220;solid&#8220; custom_button=&#8220;off&#8220; button_letter_spacing=&#8220;0&#8243; button_use_icon=&#8220;default&#8220; button_icon_placement=&#8220;right&#8220; button_on_hover=&#8220;on&#8220; button_letter_spacing_hover=&#8220;0&#8243;]<br \/>\n[\/et_pb_cta][\/et_pb_column_inner][\/et_pb_row_inner][\/et_pb_column][\/et_pb_section]<\/p>\n","protected":false},"excerpt":{"rendered":"<p>Super Datamix Erste freischaltung Steuern Komponenten Rezepte Gruppen (SUPER) Lager Vorr\u00e4te Programmierung Loads Ersch\u00f6pfen Kundschaft Produktion und Kosten Dieses Men\u00fc zeigt eine Zusammenfassung des Lagerbestandes an. Hier sieht man die theoretische Menge im Lager und die Menge pro Komponente, die w\u00e4hrend der Ladungsoperationen verbraucht wurde. In der Tabelle [4] k\u00f6nnen Sie die Namen der Komponenten, [&hellip;]<\/p>\n","protected":false},"author":9,"featured_media":0,"parent":1140,"menu_order":0,"comment_status":"closed","ping_status":"closed","template":"","meta":{"_et_pb_use_builder":"on","_et_pb_old_content":"<p>[et_pb_section admin_label=\"section\" global_module=\"706\" fullwidth=\"on\"][et_pb_fullwidth_header global_parent=\"706\" admin_label=\"Intestazione a Larghezza Piena\" title=\"SUPER DATAMIX\" background_layout=\"dark\" text_orientation=\"left\" header_fullscreen=\"off\" header_scroll_down=\"off\" background_color=\"#222349\" parallax=\"off\" parallax_method=\"off\" content_orientation=\"center\" image_orientation=\"center\" title_font=\"Montserrat|on|||\" title_font_size=\"40px\" custom_button_one=\"off\" button_one_letter_spacing=\"0\" button_one_use_icon=\"default\" button_one_icon_placement=\"right\" button_one_on_hover=\"on\" button_one_letter_spacing_hover=\"0\" custom_button_two=\"off\" button_two_letter_spacing=\"0\" button_two_use_icon=\"default\" button_two_icon_placement=\"right\" button_two_on_hover=\"on\" button_two_letter_spacing_hover=\"0\" title_font_color=\"#ffffff\"] [\/et_pb_fullwidth_header][\/et_pb_section][et_pb_section admin_label=\"Sezione\" fullwidth=\"off\" specialty=\"on\" transparent_background=\"off\" background_color=\"#ffffff\" allow_player_pause=\"off\" inner_shadow=\"off\" parallax=\"off\" parallax_method=\"off\" custom_padding=\"0px|||\" padding_mobile=\"off\" make_fullwidth=\"off\" use_custom_width=\"off\" width_unit=\"on\" make_equal=\"off\" use_custom_gutter=\"off\" parallax_1=\"off\" parallax_method_1=\"off\" parallax_2=\"off\" parallax_method_2=\"off\" custom_css_main_1=\"border-right: solid 1px #bababa;\"][et_pb_column type=\"1_4\"][et_pb_blurb admin_label=\"Link al prodotto - SUPER DATAMIX - ITA\" global_module=\"710\" saved_tabs=\"all\" title=\"Scheda prodotto\" url=\"http:\/\/www.ptmsrl.com\/it\/s34\/product\/\" url_new_window=\"on\" use_icon=\"on\" font_icon=\"%%101%%\" icon_color=\"#b5b5b5\" use_circle=\"off\" circle_color=\"#0d76ec\" use_circle_border=\"off\" circle_border_color=\"#0d76ec\" icon_placement=\"left\" animation=\"top\" background_layout=\"light\" text_orientation=\"left\" use_icon_font_size=\"off\" use_border_color=\"off\" border_color=\"#ffffff\" border_style=\"solid\"]<br \/> [\/et_pb_blurb][et_pb_divider admin_label=\"Modulo Separatore\" color=\"#b5b5b5\" show_divider=\"on\" divider_style=\"solid\" divider_position=\"top\" hide_on_mobile=\"on\" height=\"10\"]<br \/> [\/et_pb_divider][et_pb_text admin_label=\"Menu laterale - SUPER DATAMIX - ITA\" global_module=\"714\" saved_tabs=\"all\" background_layout=\"light\" text_orientation=\"left\" text_font_size=\"16\" use_border_color=\"off\" border_color=\"#ffffff\" border_style=\"solid\"]<\/p><p><strong>SUPER DATAMIX<\/strong><\/p><ul><li><a href=\"http:\/\/demo.n-3.it\/ptm\/guida-app-myscale\/\">Introduzione<\/a><\/li><li><a href=\"http:\/\/demo.n-3.it\/ptm\/guida-app-myscale\/guida-app-myscale-installazione-dellapp\/\">Installazione<\/a><\/li><li><a href=\"http:\/\/demo.n-3.it\/ptm\/guida-app-myscale\/guida-app-myscale-attivazione-della-modalita-myscale\/\">Attivazione<\/a><\/li><li><a href=\"http:\/\/demo.n-3.it\/ptm\/guida-app-myscale\/guida-app-myscale-segnalazioni-di-stato\/\">Segnalazioni di stato<\/a><\/li><li><a href=\"http:\/\/demo.n-3.it\/ptm\/guida-app-myscale\/guida-app-myscale-stato-della-connessione\/\">Stato della connessione<\/a><\/li><li><a href=\"http:\/\/demo.n-3.it\/ptm\/guida-app-myscale\/guida-app-myscale-funzione-dei-tasti\/\">Funzione dei tasti<\/a><\/li><li>Utilizzo del sistema<ul><li><a href=\"http:\/\/demo.n-3.it\/ptm\/guida-app-myscale\/guida-app-myscale-utilizzo-della-tastiera\/\">Tastiera<\/a><\/li><li><a href=\"http:\/\/demo.n-3.it\/ptm\/guida-app-myscale\/guida-app-myscale-peso-totale\/\">Peso totale<\/a><\/li><li><a href=\"http:\/\/demo.n-3.it\/ptm\/guida-app-myscale\/guida-app-myscale-peso-totale-selezione-della-ricetta\/\">Selezione della ricetta<\/a><\/li><li><a href=\"http:\/\/demo.n-3.it\/ptm\/guida-app-myscale\/guida-app-myscale-peso-totale-azzeramento-del-peso-totale\/\">Azzeramento del peso totale<\/a><\/li><li><a href=\"http:\/\/demo.n-3.it\/ptm\/guida-app-myscale\/guida-app-myscale-peso-totale-carico-avvio-del-carico-della-ricetta\/\">Peso totale carico<\/a><\/li><li><a href=\"http:\/\/demo.n-3.it\/ptm\/guida-app-myscale\/guida-app-myscale-peso-totale-scarico-avvio-dello-scarico-della-ricetta\/\">Peso totale scarico<\/a><\/li><li><a href=\"http:\/\/demo.n-3.it\/ptm\/guida-app-myscale\/guida-app-myscale-peso-parziale-azzeramento-del-peso-parziale\/\">Peso parziale<\/a><\/li><\/ul><\/li><\/ul><p>[\/et_pb_text][\/et_pb_column][et_pb_column type=\"3_4\" specialty_columns=\"3\"][et_pb_row_inner admin_label=\"Riga\"][et_pb_column_inner type=\"4_4\" saved_specialty_column_type=\"3_4\"][et_pb_cta admin_label=\"Titolo sezione\" title=\"Magazzino componenti\" url_new_window=\"off\" use_background_color=\"off\" background_color=\"#0d76ec\" background_layout=\"light\" text_orientation=\"left\" use_border_color=\"off\" border_color=\"#ffffff\" border_style=\"solid\" custom_button=\"off\" button_letter_spacing=\"0\" button_use_icon=\"default\" button_icon_placement=\"right\" button_on_hover=\"on\" button_letter_spacing_hover=\"0\" header_font_size=\"40\"] [\/et_pb_cta][et_pb_text admin_label=\"Testo\" background_layout=\"light\" text_orientation=\"left\" use_border_color=\"off\" border_color=\"#ffffff\" border_style=\"solid\"]<\/p><p><img class=\"alignnone size-full wp-image-734\" src=\"http:\/\/demo.n-3.it\/ptm\/wp-content\/uploads\/2016\/11\/ptm_0015_magazzino-componenti.jpg\" alt=\"ptm_0015_magazzino-componenti\" width=\"467\" height=\"339\" \/><\/p><p>Questo men\u00f9 \u00e8 un riepilogo della quantit\u00e0 teoricamente presente in magazzino e della quantit\u00e0 consumata durante le operazioni di carico, sono distinte per componente.<\/p><p>Tabella di visualizzazione dei componenti [4]: in questa tabella si vedono i nomi dei componenti, le quantit\u00e0 disponibili e consumate, ed i relativi valori.<\/p><p>Quando la quantit\u00e0 disponibile va al di sotto della quantit\u00e0 di allarme impostata nel componente, il componente viene segnalato in rosso per richiamare l'attenzione dell'operatore.<\/p><p>Quando si inserisce una nuova fornitura nel relativo men\u00f9, la quantit\u00e0 \u00e8 aggiunta alla giacenza del componente selezionato.<\/p><p>Invece quando vengono importate le operazioni di carico dalla centralina, viene scalata la quantit\u00e0 disponibile del componente e incrementata quella consumata.<\/p><p>La quantit\u00e0 disponibile non corrisponde necessariamente alla somma delle forniture, in quanto le forniture archiviate o cancellate non sono pi\u00f9 visualizzate nel relativo men\u00f9, ma sono ancora nel magazzino.<\/p><p>Allo stesso modo, la somma dei consumi delle operazioni di carico non corrisponde necessariamente ai consumi visualizzati in magazzino, in quanto \u00e8 possibile eliminare le operazioni di carico lasciando inalterate le quantit\u00e0 consumate in magazzino.<\/p><p>E\u2019 inoltre possibile azzerare i consumi in qualsiasi momento.<\/p><p>\u00a0<\/p><p>Se si desidera visualizzare un rapporto dettagliato stampabile del magazzino premere \"Report\" [2].<\/p><p>[\/et_pb_text][et_pb_divider admin_label=\"Modulo Separatore\" color=\"#bababa\" show_divider=\"on\" height=\"10\" divider_style=\"solid\" divider_position=\"top\" hide_on_mobile=\"on\"]<br \/> [\/et_pb_divider][et_pb_cta admin_label=\"Link al form\" global_module=\"142\" saved_tabs=\"all\" title=\"Non trovi quello che cerchi?\" button_url=\"#\" url_new_window=\"off\" button_text=\"Contattaci\" use_background_color=\"off\" background_color=\"#0d76ec\" background_layout=\"light\" text_orientation=\"center\" use_border_color=\"off\" border_color=\"#ffffff\" border_style=\"solid\" custom_button=\"off\" button_letter_spacing=\"0\" button_use_icon=\"default\" button_icon_placement=\"right\" button_on_hover=\"on\" button_letter_spacing_hover=\"0\"]<br \/> [\/et_pb_cta][\/et_pb_column_inner][\/et_pb_row_inner][\/et_pb_column][\/et_pb_section]<\/p>","_et_gb_content_width":"","footnotes":""},"_links":{"self":[{"href":"http:\/\/service.ptmsrl.com\/de\/wp-json\/wp\/v2\/pages\/1188"}],"collection":[{"href":"http:\/\/service.ptmsrl.com\/de\/wp-json\/wp\/v2\/pages"}],"about":[{"href":"http:\/\/service.ptmsrl.com\/de\/wp-json\/wp\/v2\/types\/page"}],"author":[{"embeddable":true,"href":"http:\/\/service.ptmsrl.com\/de\/wp-json\/wp\/v2\/users\/9"}],"replies":[{"embeddable":true,"href":"http:\/\/service.ptmsrl.com\/de\/wp-json\/wp\/v2\/comments?post=1188"}],"version-history":[{"count":0,"href":"http:\/\/service.ptmsrl.com\/de\/wp-json\/wp\/v2\/pages\/1188\/revisions"}],"up":[{"embeddable":true,"href":"http:\/\/service.ptmsrl.com\/de\/wp-json\/wp\/v2\/pages\/1140"}],"wp:attachment":[{"href":"http:\/\/service.ptmsrl.com\/de\/wp-json\/wp\/v2\/media?parent=1188"}],"curies":[{"name":"wp","href":"https:\/\/api.w.org\/{rel}","templated":true}]}}