{"id":1182,"date":"2016-11-10T17:12:31","date_gmt":"2016-11-10T16:12:31","guid":{"rendered":"http:\/\/demo.n-3.it\/ptm\/de\/?page_id=1182"},"modified":"2016-11-10T17:12:31","modified_gmt":"2016-11-10T16:12:31","slug":"ladungsarchiv","status":"publish","type":"page","link":"http:\/\/service.ptmsrl.com\/de\/super-datamix\/ladungsarchiv\/","title":{"rendered":"Ladungsarchiv"},"content":{"rendered":"<p>[et_pb_section admin_label=&#8220;section&#8220; fullwidth=&#8220;on&#8220;][et_pb_fullwidth_header admin_label=&#8220;Intestazione a Larghezza Piena&#8220; title=&#8220;SUPER DATAMIX&#8220; background_layout=&#8220;dark&#8220; text_orientation=&#8220;left&#8220; header_fullscreen=&#8220;off&#8220; header_scroll_down=&#8220;off&#8220; background_color=&#8220;#222349&#8243; parallax=&#8220;off&#8220; parallax_method=&#8220;off&#8220; content_orientation=&#8220;center&#8220; image_orientation=&#8220;center&#8220; title_font=&#8220;Montserrat|on|||&#8220; title_font_size=&#8220;40px&#8220; custom_button_one=&#8220;off&#8220; button_one_letter_spacing=&#8220;0&#8243; button_one_use_icon=&#8220;default&#8220; button_one_icon_placement=&#8220;right&#8220; button_one_on_hover=&#8220;on&#8220; button_one_letter_spacing_hover=&#8220;0&#8243; custom_button_two=&#8220;off&#8220; button_two_letter_spacing=&#8220;0&#8243; button_two_use_icon=&#8220;default&#8220; button_two_icon_placement=&#8220;right&#8220; button_two_on_hover=&#8220;on&#8220; button_two_letter_spacing_hover=&#8220;0&#8243; title_font_color=&#8220;#ffffff&#8220;] [\/et_pb_fullwidth_header][\/et_pb_section][et_pb_section admin_label=&#8220;Sezione&#8220; fullwidth=&#8220;off&#8220; specialty=&#8220;on&#8220; transparent_background=&#8220;off&#8220; background_color=&#8220;#ffffff&#8220; allow_player_pause=&#8220;off&#8220; inner_shadow=&#8220;off&#8220; parallax=&#8220;off&#8220; parallax_method=&#8220;off&#8220; custom_padding=&#8220;0px|||&#8220; padding_mobile=&#8220;off&#8220; make_fullwidth=&#8220;off&#8220; use_custom_width=&#8220;off&#8220; width_unit=&#8220;on&#8220; make_equal=&#8220;off&#8220; use_custom_gutter=&#8220;off&#8220; parallax_1=&#8220;off&#8220; parallax_method_1=&#8220;off&#8220; parallax_2=&#8220;off&#8220; parallax_method_2=&#8220;off&#8220; custom_css_main_1=&#8220;border-right: solid 1px #bababa;&#8220;][et_pb_column type=&#8220;1_4&#8243;][et_pb_blurb admin_label=&#8220;Link al prodotto &#8211; SUPER DATAMIX &#8211; ITA&#8220; global_module=&#8220;710&#8243; saved_tabs=&#8220;all&#8220; title=&#8220;Scheda prodotto&#8220; url=&#8220;http:\/\/www.ptmsrl.com\/it\/s34\/product\/&#8220; url_new_window=&#8220;on&#8220; use_icon=&#8220;on&#8220; font_icon=&#8220;%%101%%&#8220; icon_color=&#8220;#b5b5b5&#8243; use_circle=&#8220;off&#8220; circle_color=&#8220;#0d76ec&#8220; use_circle_border=&#8220;off&#8220; circle_border_color=&#8220;#0d76ec&#8220; icon_placement=&#8220;left&#8220; animation=&#8220;top&#8220; background_layout=&#8220;light&#8220; text_orientation=&#8220;left&#8220; use_icon_font_size=&#8220;off&#8220; use_border_color=&#8220;off&#8220; border_color=&#8220;#ffffff&#8220; border_style=&#8220;solid&#8220;] [\/et_pb_blurb][et_pb_divider admin_label=&#8220;Modulo Separatore&#8220; color=&#8220;#b5b5b5&#8243; show_divider=&#8220;on&#8220; divider_style=&#8220;solid&#8220; divider_position=&#8220;top&#8220; hide_on_mobile=&#8220;on&#8220; height=&#8220;10&#8243;] [\/et_pb_divider][et_pb_text global_module=&#8220;970&#8243; admin_label=&#8220;Menu laterale &#8211; PTM Management &#8211; DE&#8220; saved_tabs=&#8220;all&#8220; background_layout=&#8220;light&#8220; text_orientation=&#8220;left&#8220; use_border_color=&#8220;off&#8220; border_color=&#8220;#ffffff&#8220; border_style=&#8220;solid&#8220;] <strong>Super Datamix<\/strong><\/p>\n<ul>\n<li><a href=\"http:\/\/service.ptmsrl.com\/de\/ptm-management\/erste-freischaltung\/\">Erste freischaltung <\/a><\/li>\n<li><a href=\"http:\/\/service.ptmsrl.com\/de\/ptm-management\/ptm-management-steuern\/\">Steuern<\/a><\/li>\n<li><a href=\"http:\/\/service.ptmsrl.com\/de\/ptm-management\/ptm-management-komponenten\/\">Komponenten<\/a><\/li>\n<li><a href=\"http:\/\/service.ptmsrl.com\/de\/ptm-management\/ptm-management-rezepte\/\">Rezepte<\/a><\/li>\n<li><a href=\"http:\/\/service.ptmsrl.com\/de\/ptm-management\/ptm-management-gruppen-super\/\">Gruppen (SUPER)<\/a><\/li>\n<li><a href=\"http:\/\/service.ptmsrl.com\/de\/ptm-management\/ptm-management-lager\/\">Lager<\/a><\/li>\n<li><a href=\"http:\/\/service.ptmsrl.com\/de\/ptm-management\/ptm-management-vorraete\/\">Vorr\u00e4te<\/a><\/li>\n<li><a href=\"http:\/\/service.ptmsrl.com\/de\/ptm-management\/ptm-management-programmierung\/\">Programmierung<\/a><\/li>\n<li><a href=\"http:\/\/service.ptmsrl.com\/de\/ptm-management\/ptm-management-loads\/\">Loads<\/a><\/li>\n<li><a href=\"http:\/\/service.ptmsrl.com\/de\/ptm-management\/ptm-management-erschoepfen\/\">Ersch\u00f6pfen<\/a><\/li>\n<li><a href=\"http:\/\/service.ptmsrl.com\/de\/ptm-management\/ptm-management-kundschaft\/\">Kundschaft<\/a><\/li>\n<li><a href=\"http:\/\/service.ptmsrl.com\/de\/ptm-management\/ptm-management-produktion-und-kosten\/\">Produktion und Kosten<\/a><\/li>\n<\/ul>\n<p>[\/et_pb_text][\/et_pb_column][et_pb_column type=&#8220;3_4&#8243; specialty_columns=&#8220;3&#8243;][et_pb_row_inner admin_label=&#8220;Riga&#8220;][et_pb_column_inner type=&#8220;4_4&#8243; saved_specialty_column_type=&#8220;3_4&#8243;][et_pb_cta admin_label=&#8220;Titolo sezione&#8220; title=&#8220;Ladungsarchiv&#8220; url_new_window=&#8220;off&#8220; use_background_color=&#8220;off&#8220; background_color=&#8220;#0d76ec&#8220; background_layout=&#8220;light&#8220; text_orientation=&#8220;left&#8220; use_border_color=&#8220;off&#8220; border_color=&#8220;#ffffff&#8220; border_style=&#8220;solid&#8220; custom_button=&#8220;off&#8220; button_letter_spacing=&#8220;0&#8243; button_use_icon=&#8220;default&#8220; button_icon_placement=&#8220;right&#8220; button_on_hover=&#8220;on&#8220; button_letter_spacing_hover=&#8220;0&#8243; header_font_size=&#8220;40&#8243;] [\/et_pb_cta][et_pb_text admin_label=&#8220;Testo&#8220; background_layout=&#8220;light&#8220; text_orientation=&#8220;left&#8220; use_border_color=&#8220;off&#8220; border_color=&#8220;#ffffff&#8220; border_style=&#8220;solid&#8220;]<\/p>\n<p><img loading=\"lazy\" decoding=\"async\" class=\"alignnone wp-image-1159 size-full\" src=\"http:\/\/service.ptmsrl.com\/wp-content\/uploads\/2016\/11\/ptm_0018_ptm_de.jpg\" width=\"476\" height=\"347\" srcset=\"http:\/\/service.ptmsrl.com\/wp-content\/uploads\/2016\/11\/ptm_0018_ptm_de.jpg 476w, http:\/\/service.ptmsrl.com\/wp-content\/uploads\/2016\/11\/ptm_0018_ptm_de-300x219.jpg 300w\" sizes=\"(max-width: 476px) 100vw, 476px\" \/><\/p>\n<p>In diesem Men\u00fc k\u00f6nnen Sie die Ladungsoperationen visualisieren und \u00fcberwachen.<\/p>\n<p>Die Tabelle zeigt die Ladungsoperationen, die von dem Wiegecomputer importiert wurden, an.<\/p>\n<p>Um die gew\u00fcnschten Daten zu finden, ist es m\u00f6glich gezielte Suchen durch die oberen Men\u00fcs durchzuf\u00fchren.<\/p>\n<p>Nur die Daten, die den ausgew\u00e4hlten Kriterien entsprechen, werden angezeigt.<\/p>\n<p>Man kann Suchen durchf\u00fchren, gem\u00e4\u00df:<\/p>\n<p>&#8211; <strong>Wagen <\/strong>[3]: diese Liste zeigt die ganzen Wagen enth\u00e4lt in der Ladungsoperationen an.(Es ist n\u00f6tig &#8222;Wagen&#8220; mit einem anderen Suchekriterium koppeln).<\/p>\n<p>&#8211; <strong>Kunde <\/strong>[5]: diese Liste zeigt die ganzen Kunden enth\u00e4lt in der Ladungsoperationen an.<\/p>\n<p>&#8211; <strong>Rezept<\/strong> [4]: diese Liste zeigt die ganzen Rezepte enth\u00e4lt in der Ladungsoperationen an.<\/p>\n<p>&#8211; <strong>Gruppe <\/strong>[6]: diese Liste zeigt die ganzen Gruppen enth\u00e4lt in der Ladungsoperationen an.<\/p>\n<p>&#8211; <strong>Von<\/strong> [7]: durch diesen Kalender kann man das Startdatum der zu visualisierenden Ladungsoperationen einstellen (das Programm stellt als Default das \u00e4lteste Datum der Ladungsoperationen ein). Der Kriterium [7] soll mit dem Kriterium Nr. 08 gekoppelt werden.<\/p>\n<p>&#8211; <strong>Bis<\/strong> [8]: durch diesen Kalender kann man das Enddatum der zu visualisierenden Ladungsoperationen einstellen (das Programm stellt als Default das letzte Datum der Ladungsoperationen ein). Der Kriterium [8] soll mit dem Kriterium Nr. 07 gekoppelt werden.<\/p>\n<p>&#8211; <strong>Monat<\/strong> [9]: in dieser Liste ist es m\u00f6glich den Monat der zu visualisierenden Operationen auszuw\u00e4hlen.<\/p>\n<p>&nbsp;<\/p>\n<p>Um die Berichten zu sehen und ev. zu drucken, ist es n\u00f6tig eine oder mehrere Linien auszuw\u00e4hlen und die Taste \u201cBericht\u201d[2] zu dr\u00fccken.<\/p>\n<p>&nbsp;<\/p>\n<p>[\/et_pb_text][et_pb_divider admin_label=&#8220;Modulo Separatore&#8220; color=&#8220;#bababa&#8220; show_divider=&#8220;on&#8220; height=&#8220;10&#8243; divider_style=&#8220;solid&#8220; divider_position=&#8220;top&#8220; hide_on_mobile=&#8220;on&#8220;] [\/et_pb_divider][et_pb_cta admin_label=&#8220;Link al form&#8220; global_module=&#8220;142&#8243; saved_tabs=&#8220;all&#8220; title=&#8220;Non trovi quello che cerchi?&#8220; button_url=&#8220;#&#8220; url_new_window=&#8220;off&#8220; button_text=&#8220;Contattaci&#8220; use_background_color=&#8220;off&#8220; background_color=&#8220;#0d76ec&#8220; background_layout=&#8220;light&#8220; text_orientation=&#8220;center&#8220; use_border_color=&#8220;off&#8220; border_color=&#8220;#ffffff&#8220; border_style=&#8220;solid&#8220; custom_button=&#8220;off&#8220; button_letter_spacing=&#8220;0&#8243; button_use_icon=&#8220;default&#8220; button_icon_placement=&#8220;right&#8220; button_on_hover=&#8220;on&#8220; button_letter_spacing_hover=&#8220;0&#8243;] [\/et_pb_cta][\/et_pb_column_inner][\/et_pb_row_inner][\/et_pb_column][\/et_pb_section]<\/p>\n","protected":false},"excerpt":{"rendered":"<p>Super Datamix Erste freischaltung Steuern Komponenten Rezepte Gruppen (SUPER) Lager Vorr\u00e4te Programmierung Loads Ersch\u00f6pfen Kundschaft Produktion und Kosten In diesem Men\u00fc k\u00f6nnen Sie die Ladungsoperationen visualisieren und \u00fcberwachen. Die Tabelle zeigt die Ladungsoperationen, die von dem Wiegecomputer importiert wurden, an. Um die gew\u00fcnschten Daten zu finden, ist es m\u00f6glich gezielte Suchen durch die oberen Men\u00fcs [&hellip;]<\/p>\n","protected":false},"author":9,"featured_media":0,"parent":1140,"menu_order":0,"comment_status":"closed","ping_status":"closed","template":"","meta":{"_et_pb_use_builder":"on","_et_pb_old_content":"<p>[et_pb_section admin_label=\"section\" global_module=\"706\" fullwidth=\"on\"][et_pb_fullwidth_header global_parent=\"706\" admin_label=\"Intestazione a Larghezza Piena\" title=\"SUPER DATAMIX\" background_layout=\"dark\" text_orientation=\"left\" header_fullscreen=\"off\" header_scroll_down=\"off\" background_color=\"#222349\" parallax=\"off\" parallax_method=\"off\" content_orientation=\"center\" image_orientation=\"center\" title_font=\"Montserrat|on|||\" title_font_size=\"40px\" custom_button_one=\"off\" button_one_letter_spacing=\"0\" button_one_use_icon=\"default\" button_one_icon_placement=\"right\" button_one_on_hover=\"on\" button_one_letter_spacing_hover=\"0\" custom_button_two=\"off\" button_two_letter_spacing=\"0\" button_two_use_icon=\"default\" button_two_icon_placement=\"right\" button_two_on_hover=\"on\" button_two_letter_spacing_hover=\"0\" title_font_color=\"#ffffff\"] [\/et_pb_fullwidth_header][\/et_pb_section][et_pb_section admin_label=\"Sezione\" fullwidth=\"off\" specialty=\"on\" transparent_background=\"off\" background_color=\"#ffffff\" allow_player_pause=\"off\" inner_shadow=\"off\" parallax=\"off\" parallax_method=\"off\" custom_padding=\"0px|||\" padding_mobile=\"off\" make_fullwidth=\"off\" use_custom_width=\"off\" width_unit=\"on\" make_equal=\"off\" use_custom_gutter=\"off\" parallax_1=\"off\" parallax_method_1=\"off\" parallax_2=\"off\" parallax_method_2=\"off\" custom_css_main_1=\"border-right: solid 1px #bababa;\"][et_pb_column type=\"1_4\"][et_pb_blurb admin_label=\"Link al prodotto - SUPER DATAMIX - ITA\" global_module=\"710\" saved_tabs=\"all\" title=\"Scheda prodotto\" url=\"http:\/\/www.ptmsrl.com\/it\/s34\/product\/\" url_new_window=\"on\" use_icon=\"on\" font_icon=\"%%101%%\" icon_color=\"#b5b5b5\" use_circle=\"off\" circle_color=\"#0d76ec\" use_circle_border=\"off\" circle_border_color=\"#0d76ec\" icon_placement=\"left\" animation=\"top\" background_layout=\"light\" text_orientation=\"left\" use_icon_font_size=\"off\" use_border_color=\"off\" border_color=\"#ffffff\" border_style=\"solid\"] [\/et_pb_blurb][et_pb_divider admin_label=\"Modulo Separatore\" color=\"#b5b5b5\" show_divider=\"on\" divider_style=\"solid\" divider_position=\"top\" hide_on_mobile=\"on\" height=\"10\"] [\/et_pb_divider][et_pb_text admin_label=\"Menu laterale - SUPER DATAMIX - ITA\" global_module=\"714\" saved_tabs=\"all\" background_layout=\"light\" text_orientation=\"left\" text_font_size=\"16\" use_border_color=\"off\" border_color=\"#ffffff\" border_style=\"solid\"]<\/p><p><strong>SUPER DATAMIX<\/strong><\/p><ul><li><a href=\"http:\/\/demo.n-3.it\/ptm\/guida-app-myscale\/\">Introduzione<\/a><\/li><li><a href=\"http:\/\/demo.n-3.it\/ptm\/guida-app-myscale\/guida-app-myscale-installazione-dellapp\/\">Installazione<\/a><\/li><li><a href=\"http:\/\/demo.n-3.it\/ptm\/guida-app-myscale\/guida-app-myscale-attivazione-della-modalita-myscale\/\">Attivazione<\/a><\/li><li><a href=\"http:\/\/demo.n-3.it\/ptm\/guida-app-myscale\/guida-app-myscale-segnalazioni-di-stato\/\">Segnalazioni di stato<\/a><\/li><li><a href=\"http:\/\/demo.n-3.it\/ptm\/guida-app-myscale\/guida-app-myscale-stato-della-connessione\/\">Stato della connessione<\/a><\/li><li><a href=\"http:\/\/demo.n-3.it\/ptm\/guida-app-myscale\/guida-app-myscale-funzione-dei-tasti\/\">Funzione dei tasti<\/a><\/li><li>Utilizzo del sistema<ul><li><a href=\"http:\/\/demo.n-3.it\/ptm\/guida-app-myscale\/guida-app-myscale-utilizzo-della-tastiera\/\">Tastiera<\/a><\/li><li><a href=\"http:\/\/demo.n-3.it\/ptm\/guida-app-myscale\/guida-app-myscale-peso-totale\/\">Peso totale<\/a><\/li><li><a href=\"http:\/\/demo.n-3.it\/ptm\/guida-app-myscale\/guida-app-myscale-peso-totale-selezione-della-ricetta\/\">Selezione della ricetta<\/a><\/li><li><a href=\"http:\/\/demo.n-3.it\/ptm\/guida-app-myscale\/guida-app-myscale-peso-totale-azzeramento-del-peso-totale\/\">Azzeramento del peso totale<\/a><\/li><li><a href=\"http:\/\/demo.n-3.it\/ptm\/guida-app-myscale\/guida-app-myscale-peso-totale-carico-avvio-del-carico-della-ricetta\/\">Peso totale carico<\/a><\/li><li><a href=\"http:\/\/demo.n-3.it\/ptm\/guida-app-myscale\/guida-app-myscale-peso-totale-scarico-avvio-dello-scarico-della-ricetta\/\">Peso totale scarico<\/a><\/li><li><a href=\"http:\/\/demo.n-3.it\/ptm\/guida-app-myscale\/guida-app-myscale-peso-parziale-azzeramento-del-peso-parziale\/\">Peso parziale<\/a><\/li><\/ul><\/li><\/ul><p>[\/et_pb_text][\/et_pb_column][et_pb_column type=\"3_4\" specialty_columns=\"3\"][et_pb_row_inner admin_label=\"Riga\"][et_pb_column_inner type=\"4_4\" saved_specialty_column_type=\"3_4\"][et_pb_cta admin_label=\"Titolo sezione\" title=\"Archivio delle operazioni di carico\" url_new_window=\"off\" use_background_color=\"off\" background_color=\"#0d76ec\" background_layout=\"light\" text_orientation=\"left\" use_border_color=\"off\" border_color=\"#ffffff\" border_style=\"solid\" custom_button=\"off\" button_letter_spacing=\"0\" button_use_icon=\"default\" button_icon_placement=\"right\" button_on_hover=\"on\" button_letter_spacing_hover=\"0\" header_font_size=\"40\"] [\/et_pb_cta][et_pb_text admin_label=\"Testo\" background_layout=\"light\" text_orientation=\"left\" use_border_color=\"off\" border_color=\"#ffffff\" border_style=\"solid\"]<\/p><p><img class=\"alignnone size-full wp-image-737\" src=\"http:\/\/demo.n-3.it\/ptm\/wp-content\/uploads\/2016\/11\/ptm_0018_archivio-delle-operazioni-di-carico.jpg\" alt=\"ptm_0018_archivio-delle-operazioni-di-carico\" width=\"467\" height=\"339\" \/><\/p><p>In questo men\u00f9 \u00e8 possibile visualizzare e tenere sotto controllo le operazioni di carico.<\/p><p>Nella tabella [10] vengono visualizzate le operazioni di carico importate dalla centralina. Su di esse \u00e8 possibile eseguire ricerche mirate per visualizzare i dati di interesse.<\/p><p>Per eseguire queste ricerche \u00e8 sufficiente selezionare dai men\u00f9 a tendina situati nella parte superiore della finestra i criteri per i quali si desidera visualizzare i dati. Verranno visualizzati solo i dati che soddisfano tutti i criteri di ricerca selezionati. In modo particolare \u00e8 possibile eseguire ricerche su:<\/p><p>- <strong>Carro<\/strong> [3]: in questo elenco sono visualizzati tutti i carri che si trovano nelle operazioni di carico (da abbinare ad almeno un altro criterio di ricerca)<\/p><p>- <strong>Cliente<\/strong> [5]: in questo elenco sono visualizzati tutti i clienti che si trovano nelle operazioni di carico<\/p><p>- <strong>Ricetta<\/strong> [4]: in questo elenco sono visualizzate tutte le ricette che si trovano nelle operazioni di carico<\/p><p>- <strong>Gruppo<\/strong> [6]: in questo elenco sono visualizzati tutti i gruppi che si trovano nelle operazioni di carico<\/p><p>- <strong>Dal<\/strong> [7]: da questo calendario \u00e8 possibile selezionare la data di inizio delle operazioni da visualizzare (quando si accede la prima volta a questo men\u00f9, la data di inizio viene automaticamente impostata alla data pi\u00f9 vecchia delle operazioni di carico) , da abbinare al criterio [8]<\/p><p>- <strong>Al<\/strong> [8]: da questo calendario \u00e8 possibile selezionare la data di fine delle operazioni da visualizzare (quando si accede la prima volta a questo men\u00f9, la data di fine viene automaticamente impostata alla data pi\u00f9 recente delle operazioni di carico) , da abbinare al criterio [7]<\/p><p>- <strong>Nel mese di<\/strong> [9]: in questo elenco \u00e8 possibile selezionare il mese delle operazioni da visualizzare<\/p><p>\u00a0<\/p><p>Per visualizzare i Rapporti ed eventualmente stamparli, occorre selezionare una o pi\u00f9 righe nella tabella e dopo premere il tasto \"Report\" [2].<\/p><p>[\/et_pb_text][et_pb_divider admin_label=\"Modulo Separatore\" color=\"#bababa\" show_divider=\"on\" height=\"10\" divider_style=\"solid\" divider_position=\"top\" hide_on_mobile=\"on\"] [\/et_pb_divider][et_pb_cta admin_label=\"Link al form\" global_module=\"142\" saved_tabs=\"all\" title=\"Non trovi quello che cerchi?\" button_url=\"#\" url_new_window=\"off\" button_text=\"Contattaci\" use_background_color=\"off\" background_color=\"#0d76ec\" background_layout=\"light\" text_orientation=\"center\" use_border_color=\"off\" border_color=\"#ffffff\" border_style=\"solid\" custom_button=\"off\" button_letter_spacing=\"0\" button_use_icon=\"default\" button_icon_placement=\"right\" button_on_hover=\"on\" button_letter_spacing_hover=\"0\"] [\/et_pb_cta][\/et_pb_column_inner][\/et_pb_row_inner][\/et_pb_column][\/et_pb_section]<\/p>","_et_gb_content_width":"","footnotes":""},"_links":{"self":[{"href":"http:\/\/service.ptmsrl.com\/de\/wp-json\/wp\/v2\/pages\/1182"}],"collection":[{"href":"http:\/\/service.ptmsrl.com\/de\/wp-json\/wp\/v2\/pages"}],"about":[{"href":"http:\/\/service.ptmsrl.com\/de\/wp-json\/wp\/v2\/types\/page"}],"author":[{"embeddable":true,"href":"http:\/\/service.ptmsrl.com\/de\/wp-json\/wp\/v2\/users\/9"}],"replies":[{"embeddable":true,"href":"http:\/\/service.ptmsrl.com\/de\/wp-json\/wp\/v2\/comments?post=1182"}],"version-history":[{"count":0,"href":"http:\/\/service.ptmsrl.com\/de\/wp-json\/wp\/v2\/pages\/1182\/revisions"}],"up":[{"embeddable":true,"href":"http:\/\/service.ptmsrl.com\/de\/wp-json\/wp\/v2\/pages\/1140"}],"wp:attachment":[{"href":"http:\/\/service.ptmsrl.com\/de\/wp-json\/wp\/v2\/media?parent=1182"}],"curies":[{"name":"wp","href":"https:\/\/api.w.org\/{rel}","templated":true}]}}