{"id":1180,"date":"2016-11-10T17:09:50","date_gmt":"2016-11-10T16:09:50","guid":{"rendered":"http:\/\/demo.n-3.it\/ptm\/de\/?page_id=1180"},"modified":"2016-11-10T17:09:50","modified_gmt":"2016-11-10T16:09:50","slug":"wagenprogrammierung","status":"publish","type":"page","link":"http:\/\/service.ptmsrl.com\/de\/super-datamix\/wagenprogrammierung\/","title":{"rendered":"Wagenprogrammierung"},"content":{"rendered":"<p>[et_pb_section admin_label=&#8220;section&#8220; fullwidth=&#8220;on&#8220;][et_pb_fullwidth_header admin_label=&#8220;Intestazione a Larghezza Piena&#8220; title=&#8220;SUPER DATAMIX&#8220; background_layout=&#8220;dark&#8220; text_orientation=&#8220;left&#8220; header_fullscreen=&#8220;off&#8220; header_scroll_down=&#8220;off&#8220; background_color=&#8220;#222349&#8243; parallax=&#8220;off&#8220; parallax_method=&#8220;off&#8220; content_orientation=&#8220;center&#8220; image_orientation=&#8220;center&#8220; title_font=&#8220;Montserrat|on|||&#8220; title_font_size=&#8220;40px&#8220; custom_button_one=&#8220;off&#8220; button_one_letter_spacing=&#8220;0&#8243; button_one_use_icon=&#8220;default&#8220; button_one_icon_placement=&#8220;right&#8220; button_one_on_hover=&#8220;on&#8220; button_one_letter_spacing_hover=&#8220;0&#8243; custom_button_two=&#8220;off&#8220; button_two_letter_spacing=&#8220;0&#8243; button_two_use_icon=&#8220;default&#8220; button_two_icon_placement=&#8220;right&#8220; button_two_on_hover=&#8220;on&#8220; button_two_letter_spacing_hover=&#8220;0&#8243; title_font_color=&#8220;#ffffff&#8220;] [\/et_pb_fullwidth_header][\/et_pb_section][et_pb_section admin_label=&#8220;Sezione&#8220; fullwidth=&#8220;off&#8220; specialty=&#8220;on&#8220; transparent_background=&#8220;off&#8220; background_color=&#8220;#ffffff&#8220; allow_player_pause=&#8220;off&#8220; inner_shadow=&#8220;off&#8220; parallax=&#8220;off&#8220; parallax_method=&#8220;off&#8220; custom_padding=&#8220;0px|||&#8220; padding_mobile=&#8220;off&#8220; make_fullwidth=&#8220;off&#8220; use_custom_width=&#8220;off&#8220; width_unit=&#8220;on&#8220; make_equal=&#8220;off&#8220; use_custom_gutter=&#8220;off&#8220; parallax_1=&#8220;off&#8220; parallax_method_1=&#8220;off&#8220; parallax_2=&#8220;off&#8220; parallax_method_2=&#8220;off&#8220; custom_css_main_1=&#8220;border-right: solid 1px #bababa;&#8220;][et_pb_column type=&#8220;1_4&#8243;][et_pb_blurb admin_label=&#8220;Link al prodotto &#8211; SUPER DATAMIX &#8211; ITA&#8220; global_module=&#8220;710&#8243; saved_tabs=&#8220;all&#8220; title=&#8220;Scheda prodotto&#8220; url=&#8220;http:\/\/www.ptmsrl.com\/it\/s34\/product\/&#8220; url_new_window=&#8220;on&#8220; use_icon=&#8220;on&#8220; font_icon=&#8220;%%101%%&#8220; icon_color=&#8220;#b5b5b5&#8243; use_circle=&#8220;off&#8220; circle_color=&#8220;#0d76ec&#8220; use_circle_border=&#8220;off&#8220; circle_border_color=&#8220;#0d76ec&#8220; icon_placement=&#8220;left&#8220; animation=&#8220;top&#8220; background_layout=&#8220;light&#8220; text_orientation=&#8220;left&#8220; use_icon_font_size=&#8220;off&#8220; use_border_color=&#8220;off&#8220; border_color=&#8220;#ffffff&#8220; border_style=&#8220;solid&#8220;]<br \/>\n[\/et_pb_blurb][et_pb_divider admin_label=&#8220;Modulo Separatore&#8220; color=&#8220;#b5b5b5&#8243; show_divider=&#8220;on&#8220; divider_style=&#8220;solid&#8220; divider_position=&#8220;top&#8220; hide_on_mobile=&#8220;on&#8220; height=&#8220;10&#8243;]<br \/>\n[\/et_pb_divider][et_pb_text global_module=&#8220;970&#8243; admin_label=&#8220;Menu laterale &#8211; PTM Management &#8211; DE&#8220; saved_tabs=&#8220;all&#8220; background_layout=&#8220;light&#8220; text_orientation=&#8220;left&#8220; use_border_color=&#8220;off&#8220; border_color=&#8220;#ffffff&#8220; border_style=&#8220;solid&#8220;] <strong>Super Datamix<\/strong><\/p>\n<ul>\n<li><a href=\"http:\/\/service.ptmsrl.com\/de\/ptm-management\/erste-freischaltung\/\">Erste freischaltung <\/a><\/li>\n<li><a href=\"http:\/\/service.ptmsrl.com\/de\/ptm-management\/ptm-management-steuern\/\">Steuern<\/a><\/li>\n<li><a href=\"http:\/\/service.ptmsrl.com\/de\/ptm-management\/ptm-management-komponenten\/\">Komponenten<\/a><\/li>\n<li><a href=\"http:\/\/service.ptmsrl.com\/de\/ptm-management\/ptm-management-rezepte\/\">Rezepte<\/a><\/li>\n<li><a href=\"http:\/\/service.ptmsrl.com\/de\/ptm-management\/ptm-management-gruppen-super\/\">Gruppen (SUPER)<\/a><\/li>\n<li><a href=\"http:\/\/service.ptmsrl.com\/de\/ptm-management\/ptm-management-lager\/\">Lager<\/a><\/li>\n<li><a href=\"http:\/\/service.ptmsrl.com\/de\/ptm-management\/ptm-management-vorraete\/\">Vorr\u00e4te<\/a><\/li>\n<li><a href=\"http:\/\/service.ptmsrl.com\/de\/ptm-management\/ptm-management-programmierung\/\">Programmierung<\/a><\/li>\n<li><a href=\"http:\/\/service.ptmsrl.com\/de\/ptm-management\/ptm-management-loads\/\">Loads<\/a><\/li>\n<li><a href=\"http:\/\/service.ptmsrl.com\/de\/ptm-management\/ptm-management-erschoepfen\/\">Ersch\u00f6pfen<\/a><\/li>\n<li><a href=\"http:\/\/service.ptmsrl.com\/de\/ptm-management\/ptm-management-kundschaft\/\">Kundschaft<\/a><\/li>\n<li><a href=\"http:\/\/service.ptmsrl.com\/de\/ptm-management\/ptm-management-produktion-und-kosten\/\">Produktion und Kosten<\/a><\/li>\n<\/ul>\n<p>[\/et_pb_text][\/et_pb_column][et_pb_column type=&#8220;3_4&#8243; specialty_columns=&#8220;3&#8243;][et_pb_row_inner admin_label=&#8220;Riga&#8220;][et_pb_column_inner type=&#8220;4_4&#8243; saved_specialty_column_type=&#8220;3_4&#8243;][et_pb_cta admin_label=&#8220;Titolo sezione&#8220; title=&#8220;Wagenprogrammierung&#8220; url_new_window=&#8220;off&#8220; use_background_color=&#8220;off&#8220; background_color=&#8220;#0d76ec&#8220; background_layout=&#8220;light&#8220; text_orientation=&#8220;left&#8220; use_border_color=&#8220;off&#8220; border_color=&#8220;#ffffff&#8220; border_style=&#8220;solid&#8220; custom_button=&#8220;off&#8220; button_letter_spacing=&#8220;0&#8243; button_use_icon=&#8220;default&#8220; button_icon_placement=&#8220;right&#8220; button_on_hover=&#8220;on&#8220; button_letter_spacing_hover=&#8220;0&#8243; header_font_size=&#8220;40&#8243;] [\/et_pb_cta][et_pb_text admin_label=&#8220;Testo&#8220; background_layout=&#8220;light&#8220; text_orientation=&#8220;left&#8220; use_border_color=&#8220;off&#8220; border_color=&#8220;#ffffff&#8220; border_style=&#8220;solid&#8220;]<\/p>\n<p><img loading=\"lazy\" decoding=\"async\" class=\"alignnone wp-image-1160 size-full\" src=\"http:\/\/service.ptmsrl.com\/wp-content\/uploads\/2016\/11\/ptm_0019_ptm_de.jpg\" width=\"476\" height=\"347\" srcset=\"http:\/\/service.ptmsrl.com\/wp-content\/uploads\/2016\/11\/ptm_0019_ptm_de.jpg 476w, http:\/\/service.ptmsrl.com\/wp-content\/uploads\/2016\/11\/ptm_0019_ptm_de-300x219.jpg 300w\" sizes=\"(max-width: 476px) 100vw, 476px\" \/><\/p>\n<p>Die Elemente dieses Men\u00fc darstellen die Wagenkomposition f\u00fcr die Komponentenladung und f\u00fcr die Mischungsausladung. Sie k\u00f6nnen nur einen Wagen pro jede Karte einstellen.<\/p>\n<p>Von Men\u00fc [9] kann man den zu visualisierenden Wagen ausw\u00e4hlen und in der Tabelle [13] wird die Liste der ausgew\u00e4hlten Rezepte mit ihren eigenen Kunden angezeigt.<\/p>\n<p>Jeder Wagen besteht aus den folgenden Daten:<\/p>\n<ul>\n<li><strong>Name<\/strong> [9]: der gew\u00fcnschte Name f\u00fcr den Wagen (20 alphanumerische Zeichen). Dieser Name soll eindeutig sein; 02 Gruppen k\u00f6nnen nicht den selben Name haben.<\/li>\n<li><strong>Karte Nr.<\/strong> [10]: Nummer von der Karten, auf der den Wagen bezog. Die Nr. der Karte geht von 01 bis die Kartenanzahl eingestellt im Men\u00fc &#8222;Konfiguration der Software&#8220;.<\/li>\n<li><strong>Abweichung des Wagens<\/strong> [11]: diese %-Abweichung (in plus oder minus) wird an die Berechnung der zu ladende Menge gewendet.<\/li>\n<li><strong>Note <\/strong>[12]: wir k\u00f6nnen Bemerkungen \u00fcber den Wagen schreiben.<\/li>\n<li><strong>Rezepte<\/strong> [13]: Liste der Rezepte von dem ausgew\u00e4hlten Wagen mit jeweiligen Kunden.<\/li>\n<li><strong>Ausladungsgruppen<\/strong> [14]: die Gruppen sind verschieden pro Rezept. Sie sind die Tiergruppen, die mit der Ration gef\u00fcttert werden.<\/li>\n<li>Jede Gruppe hat die folgenden Daten:<\/li>\n<li><strong>Nummer<\/strong>: es wird automatisch eingestellt. Es ist die zunehmende Nummer der Gruppe.<\/li>\n<li><strong>Gruppe<\/strong>: Beim Verwenden des Men\u00fc k\u00f6nnen Sie die gew\u00fcnschte Gruppe einstellen.<\/li>\n<li><strong>Tiere<\/strong>: Es ist die Anzahl der Tiere, die die Gruppe bildet. (dieser Wert ist ver\u00e4nderbar nur im Men\u00fc &#8222;Ausladungsgruppe&#8220;).<\/li>\n<li><strong>Abweichung %<\/strong>: es ist die %-Abweichung der Gruppe (dieser Wert ist ver\u00e4nderbar nur im Men\u00fc &#8222;Ausladungsgruppe&#8220;).<\/li>\n<li><strong>Alarm<\/strong>: Es ist der %-Wert gem\u00e4\u00df dem auszuladenden Gewicht. Dieser Wert wird von der Hupe auf dem Futtermischwagen verwendet.<\/li>\n<li><strong>Alarm Prozent<\/strong>: Es ist der %-Wert, der f\u00fcr die Bewertung des Fehlermargen in der F\u00fctterungsausladung ber\u00fccksichtigt wird. Sollte dieser Ausladungsfehler diese Prozent \u00fcbersteigern, wird diese Abweichung in dem Bericht der Ladungs- Ausladungsoperationen aufmerksam gemacht.<\/li>\n<li>Au\u00dferdem, in dem unteren Teil des Fensters werden einige Daten des Rezeptes angezeigt [15]:<\/li>\n<li><strong>Tieranzahl<\/strong>: die Summe der eingestellten Tieranzahl der Gruppen von dem ausgew\u00e4hlten Rezept.<\/li>\n<li><strong>Gesamtrezept (Kg)<\/strong>: Es ist die eingestellte Ration pro Tier f\u00fcr das ausgew\u00e4hlte Rezept (mit %-Abweichung des Rezeptes)<\/li>\n<li><strong>Gesamtladung (Kg)<\/strong>: Es ist das Ergebnis zwischen &#8222;Tieranzahl&#8220; X &#8222;Gesamtrezept&#8220;. Es ist die Gesamtmenge der zuladenden Komponenten (ohne der %-Abweichung vom Wagen).<\/li>\n<li><strong>Gesamtladung mit \u00c4nderung (Kg)<\/strong>: Es ist das Ergebnis zwischen &#8222;Tieranzahl&#8220; X &#8222;Gesamtrezept&#8220;. Es ist die Gesamtmenge der zuladenden Komponenten (mit der %-Abweichung vom Wagen).<\/li>\n<\/ul>\n<p>&nbsp;<\/p>\n<p>Sollten Sie einen detaillierten Bericht vom Wagen anzeigen wollen, bet\u00e4tigen Sie \u201cBericht\u201d [7].<\/p>\n<p>[\/et_pb_text][et_pb_divider admin_label=&#8220;Modulo Separatore&#8220; color=&#8220;#bababa&#8220; show_divider=&#8220;on&#8220; height=&#8220;10&#8243; divider_style=&#8220;solid&#8220; divider_position=&#8220;top&#8220; hide_on_mobile=&#8220;on&#8220;]<br \/>\n[\/et_pb_divider][et_pb_cta admin_label=&#8220;Link al form&#8220; global_module=&#8220;142&#8243; saved_tabs=&#8220;all&#8220; title=&#8220;Non trovi quello che cerchi?&#8220; button_url=&#8220;#&#8220; url_new_window=&#8220;off&#8220; button_text=&#8220;Contattaci&#8220; use_background_color=&#8220;off&#8220; background_color=&#8220;#0d76ec&#8220; background_layout=&#8220;light&#8220; text_orientation=&#8220;center&#8220; use_border_color=&#8220;off&#8220; border_color=&#8220;#ffffff&#8220; border_style=&#8220;solid&#8220; custom_button=&#8220;off&#8220; button_letter_spacing=&#8220;0&#8243; button_use_icon=&#8220;default&#8220; button_icon_placement=&#8220;right&#8220; button_on_hover=&#8220;on&#8220; button_letter_spacing_hover=&#8220;0&#8243;]<br \/>\n[\/et_pb_cta][\/et_pb_column_inner][\/et_pb_row_inner][\/et_pb_column][\/et_pb_section]<\/p>\n","protected":false},"excerpt":{"rendered":"<p>Super Datamix Erste freischaltung Steuern Komponenten Rezepte Gruppen (SUPER) Lager Vorr\u00e4te Programmierung Loads Ersch\u00f6pfen Kundschaft Produktion und Kosten Die Elemente dieses Men\u00fc darstellen die Wagenkomposition f\u00fcr die Komponentenladung und f\u00fcr die Mischungsausladung. Sie k\u00f6nnen nur einen Wagen pro jede Karte einstellen. Von Men\u00fc [9] kann man den zu visualisierenden Wagen ausw\u00e4hlen und in der Tabelle [&hellip;]<\/p>\n","protected":false},"author":9,"featured_media":0,"parent":1140,"menu_order":0,"comment_status":"closed","ping_status":"closed","template":"","meta":{"_et_pb_use_builder":"on","_et_pb_old_content":"<p>[et_pb_section admin_label=\"section\" global_module=\"706\" fullwidth=\"on\"][et_pb_fullwidth_header global_parent=\"706\" admin_label=\"Intestazione a Larghezza Piena\" title=\"SUPER DATAMIX\" background_layout=\"dark\" text_orientation=\"left\" header_fullscreen=\"off\" header_scroll_down=\"off\" background_color=\"#222349\" parallax=\"off\" parallax_method=\"off\" content_orientation=\"center\" image_orientation=\"center\" title_font=\"Montserrat|on|||\" title_font_size=\"40px\" custom_button_one=\"off\" button_one_letter_spacing=\"0\" button_one_use_icon=\"default\" button_one_icon_placement=\"right\" button_one_on_hover=\"on\" button_one_letter_spacing_hover=\"0\" custom_button_two=\"off\" button_two_letter_spacing=\"0\" button_two_use_icon=\"default\" button_two_icon_placement=\"right\" button_two_on_hover=\"on\" button_two_letter_spacing_hover=\"0\" title_font_color=\"#ffffff\"] [\/et_pb_fullwidth_header][\/et_pb_section][et_pb_section admin_label=\"Sezione\" fullwidth=\"off\" specialty=\"on\" transparent_background=\"off\" background_color=\"#ffffff\" allow_player_pause=\"off\" inner_shadow=\"off\" parallax=\"off\" parallax_method=\"off\" custom_padding=\"0px|||\" padding_mobile=\"off\" make_fullwidth=\"off\" use_custom_width=\"off\" width_unit=\"on\" make_equal=\"off\" use_custom_gutter=\"off\" parallax_1=\"off\" parallax_method_1=\"off\" parallax_2=\"off\" parallax_method_2=\"off\" custom_css_main_1=\"border-right: solid 1px #bababa;\"][et_pb_column type=\"1_4\"][et_pb_blurb admin_label=\"Link al prodotto - SUPER DATAMIX - ITA\" global_module=\"710\" saved_tabs=\"all\" title=\"Scheda prodotto\" url=\"http:\/\/www.ptmsrl.com\/it\/s34\/product\/\" url_new_window=\"on\" use_icon=\"on\" font_icon=\"%%101%%\" icon_color=\"#b5b5b5\" use_circle=\"off\" circle_color=\"#0d76ec\" use_circle_border=\"off\" circle_border_color=\"#0d76ec\" icon_placement=\"left\" animation=\"top\" background_layout=\"light\" text_orientation=\"left\" use_icon_font_size=\"off\" use_border_color=\"off\" border_color=\"#ffffff\" border_style=\"solid\"]<br \/> [\/et_pb_blurb][et_pb_divider admin_label=\"Modulo Separatore\" color=\"#b5b5b5\" show_divider=\"on\" divider_style=\"solid\" divider_position=\"top\" hide_on_mobile=\"on\" height=\"10\"]<br \/> [\/et_pb_divider][et_pb_text admin_label=\"Menu laterale - SUPER DATAMIX - ITA\" global_module=\"714\" saved_tabs=\"all\" background_layout=\"light\" text_orientation=\"left\" text_font_size=\"16\" use_border_color=\"off\" border_color=\"#ffffff\" border_style=\"solid\"]<\/p><p><strong>SUPER DATAMIX<\/strong><\/p><ul><li><a href=\"http:\/\/demo.n-3.it\/ptm\/guida-app-myscale\/\">Introduzione<\/a><\/li><li><a href=\"http:\/\/demo.n-3.it\/ptm\/guida-app-myscale\/guida-app-myscale-installazione-dellapp\/\">Installazione<\/a><\/li><li><a href=\"http:\/\/demo.n-3.it\/ptm\/guida-app-myscale\/guida-app-myscale-attivazione-della-modalita-myscale\/\">Attivazione<\/a><\/li><li><a href=\"http:\/\/demo.n-3.it\/ptm\/guida-app-myscale\/guida-app-myscale-segnalazioni-di-stato\/\">Segnalazioni di stato<\/a><\/li><li><a href=\"http:\/\/demo.n-3.it\/ptm\/guida-app-myscale\/guida-app-myscale-stato-della-connessione\/\">Stato della connessione<\/a><\/li><li><a href=\"http:\/\/demo.n-3.it\/ptm\/guida-app-myscale\/guida-app-myscale-funzione-dei-tasti\/\">Funzione dei tasti<\/a><\/li><li>Utilizzo del sistema<ul><li><a href=\"http:\/\/demo.n-3.it\/ptm\/guida-app-myscale\/guida-app-myscale-utilizzo-della-tastiera\/\">Tastiera<\/a><\/li><li><a href=\"http:\/\/demo.n-3.it\/ptm\/guida-app-myscale\/guida-app-myscale-peso-totale\/\">Peso totale<\/a><\/li><li><a href=\"http:\/\/demo.n-3.it\/ptm\/guida-app-myscale\/guida-app-myscale-peso-totale-selezione-della-ricetta\/\">Selezione della ricetta<\/a><\/li><li><a href=\"http:\/\/demo.n-3.it\/ptm\/guida-app-myscale\/guida-app-myscale-peso-totale-azzeramento-del-peso-totale\/\">Azzeramento del peso totale<\/a><\/li><li><a href=\"http:\/\/demo.n-3.it\/ptm\/guida-app-myscale\/guida-app-myscale-peso-totale-carico-avvio-del-carico-della-ricetta\/\">Peso totale carico<\/a><\/li><li><a href=\"http:\/\/demo.n-3.it\/ptm\/guida-app-myscale\/guida-app-myscale-peso-totale-scarico-avvio-dello-scarico-della-ricetta\/\">Peso totale scarico<\/a><\/li><li><a href=\"http:\/\/demo.n-3.it\/ptm\/guida-app-myscale\/guida-app-myscale-peso-parziale-azzeramento-del-peso-parziale\/\">Peso parziale<\/a><\/li><\/ul><\/li><\/ul><p>[\/et_pb_text][\/et_pb_column][et_pb_column type=\"3_4\" specialty_columns=\"3\"][et_pb_row_inner admin_label=\"Riga\"][et_pb_column_inner type=\"4_4\" saved_specialty_column_type=\"3_4\"][et_pb_cta admin_label=\"Titolo sezione\" title=\"Composizione carri\" url_new_window=\"off\" use_background_color=\"off\" background_color=\"#0d76ec\" background_layout=\"light\" text_orientation=\"left\" use_border_color=\"off\" border_color=\"#ffffff\" border_style=\"solid\" custom_button=\"off\" button_letter_spacing=\"0\" button_use_icon=\"default\" button_icon_placement=\"right\" button_on_hover=\"on\" button_letter_spacing_hover=\"0\" header_font_size=\"40\"] [\/et_pb_cta][et_pb_text admin_label=\"Testo\" background_layout=\"light\" text_orientation=\"left\" use_border_color=\"off\" border_color=\"#ffffff\" border_style=\"solid\"]<\/p><p><img class=\"alignnone size-full wp-image-738\" src=\"http:\/\/demo.n-3.it\/ptm\/wp-content\/uploads\/2016\/11\/ptm_0019_composizione-carri.jpg\" alt=\"ptm_0019_composizione-carri\" width=\"467\" height=\"339\" \/><\/p><p>Gli elementi di questo men\u00f9 rappresentano la composizione dei carri per il carico dei componenti e lo scarico della miscela.<\/p><p>\u00c8 possibile inserire un solo carro per ogni card.<\/p><p>Dal men\u00f9 a tendina [9] \u00e8 possibile selezionare il carro da visualizzare tra quelli precedentemente creati e, nella tabella [13], \u00e8 visualizzato l'elenco delle ricette selezionate con i relativi clienti.<\/p><p>Per ogni carro ci sono i seguenti dati:<\/p><p>- <strong>Nome <\/strong>[9]: il nome che si desidera dare al carro (massimo 20 caratteri alfanumerici). Deve essere univoco, non possono esistere due carri con lo stesso nome<\/p><p>- <strong>Numero card<\/strong> [10]: numero della card cui si riferisce il carro. Va da 1 al numero di card da gestire impostate nel men\u00f9 Opzioni<\/p><p>- <strong>Variazione percentuale carro<\/strong> [11]: variazione (positiva o negativa) applicata sul calcolo delle quantit\u00e0 da caricare<\/p><p>- <strong>Note<\/strong> [12]: annotazioni riguardanti il carro, possiamo scrivere delle note di interesse<\/p><p>- <strong>Ricette<\/strong> [13]: elenco delle ricette che costituiscono il carro e relativo cliente<\/p><p>- <strong>Gruppi di scarico<\/strong> [14]: distinti per ricetta, rappresentano i gruppi cui sar\u00e0 somministrata la razione preparata<\/p><p>Per ogni gruppo sono presenti i seguenti dati:<\/p><p>- <strong>Numero<\/strong>: impostato automaticamente, rappresenta il numero crescente del gruppo<\/p><p>- <strong>Gruppo<\/strong>: selezionandolo dal men\u00f9 a tendina all\u2019interno della cella, \u00e8 possibile impostare il gruppo da utilizzare<\/p><p>- <strong>Capi<\/strong>: rappresenta il numero di animali di cui \u00e8 composto il gruppo (modificabile solo nel men\u00f9 Gruppi)<\/p><p>- <strong>Variazione percentuale gruppo<\/strong>: variazione percentuale riferita al gruppo (modificabile solo nel men\u00f9 Gruppi)<\/p><p>- <strong>Percentuale sirena<\/strong>: percentuale sul peso da scaricare utilizzata per la sirena di allarme del carro unifeed<\/p><p>- <strong>Percentuale di allarme<\/strong>: percentuale per la valutazione del margine di errore nello scarico della miscela. Se l'errore di scarico supera tale percentuale, verr\u00e0 segnalato in modo evidente nel rapporto delle operazioni di carico\/scarico<\/p><p>Per ogni ricetta vengono inoltre visualizzati alcuni totali [15]:<\/p><p>- <strong>Capi<\/strong>: somma dei capi impostati nei gruppi selezionati per la ricetta correntemente evidenziata<\/p><p>- <strong>Totale ricetta<\/strong>: in kg, razione per animale impostata nella ricetta selezionata (con variazione percentuale ricetta)<\/p><p>- <strong>Totale caricato<\/strong>: in kg, prodotto tra razione animale e capi. Rappresenta la quantit\u00e0 di componenti da caricare (senza variazione percentuale carro)<\/p><p>- <strong>Totale caricato con variazione<\/strong>: in kg, prodotto tra razione animale e capi. Rappresenta la quantit\u00e0 di componenti da caricare (con variazione percentuale carro)<\/p><p>\u00a0<\/p><p>Se si desidera visualizzare un rapporto dettagliato del carro selezionato premere \"Report\" [7].<\/p><p>[\/et_pb_text][et_pb_divider admin_label=\"Modulo Separatore\" color=\"#bababa\" show_divider=\"on\" height=\"10\" divider_style=\"solid\" divider_position=\"top\" hide_on_mobile=\"on\"]<br \/> [\/et_pb_divider][et_pb_cta admin_label=\"Link al form\" global_module=\"142\" saved_tabs=\"all\" title=\"Non trovi quello che cerchi?\" button_url=\"#\" url_new_window=\"off\" button_text=\"Contattaci\" use_background_color=\"off\" background_color=\"#0d76ec\" background_layout=\"light\" text_orientation=\"center\" use_border_color=\"off\" border_color=\"#ffffff\" border_style=\"solid\" custom_button=\"off\" button_letter_spacing=\"0\" button_use_icon=\"default\" button_icon_placement=\"right\" button_on_hover=\"on\" button_letter_spacing_hover=\"0\"]<br \/> [\/et_pb_cta][\/et_pb_column_inner][\/et_pb_row_inner][\/et_pb_column][\/et_pb_section]<\/p>","_et_gb_content_width":"","footnotes":""},"_links":{"self":[{"href":"http:\/\/service.ptmsrl.com\/de\/wp-json\/wp\/v2\/pages\/1180"}],"collection":[{"href":"http:\/\/service.ptmsrl.com\/de\/wp-json\/wp\/v2\/pages"}],"about":[{"href":"http:\/\/service.ptmsrl.com\/de\/wp-json\/wp\/v2\/types\/page"}],"author":[{"embeddable":true,"href":"http:\/\/service.ptmsrl.com\/de\/wp-json\/wp\/v2\/users\/9"}],"replies":[{"embeddable":true,"href":"http:\/\/service.ptmsrl.com\/de\/wp-json\/wp\/v2\/comments?post=1180"}],"version-history":[{"count":0,"href":"http:\/\/service.ptmsrl.com\/de\/wp-json\/wp\/v2\/pages\/1180\/revisions"}],"up":[{"embeddable":true,"href":"http:\/\/service.ptmsrl.com\/de\/wp-json\/wp\/v2\/pages\/1140"}],"wp:attachment":[{"href":"http:\/\/service.ptmsrl.com\/de\/wp-json\/wp\/v2\/media?parent=1180"}],"curies":[{"name":"wp","href":"https:\/\/api.w.org\/{rel}","templated":true}]}}