{"id":1174,"date":"2016-11-10T17:05:13","date_gmt":"2016-11-10T16:05:13","guid":{"rendered":"http:\/\/demo.n-3.it\/ptm\/de\/?page_id=1174"},"modified":"2016-11-10T17:05:13","modified_gmt":"2016-11-10T16:05:13","slug":"rezeptesprogrammierung","status":"publish","type":"page","link":"http:\/\/service.ptmsrl.com\/de\/super-datamix\/rezeptesprogrammierung\/","title":{"rendered":"Rezeptesprogrammierung"},"content":{"rendered":"<p>[et_pb_section admin_label=&#8220;section&#8220; fullwidth=&#8220;on&#8220;][et_pb_fullwidth_header admin_label=&#8220;Intestazione a Larghezza Piena&#8220; title=&#8220;SUPER DATAMIX&#8220; background_layout=&#8220;dark&#8220; text_orientation=&#8220;left&#8220; header_fullscreen=&#8220;off&#8220; header_scroll_down=&#8220;off&#8220; background_color=&#8220;#222349&#8243; parallax=&#8220;off&#8220; parallax_method=&#8220;off&#8220; content_orientation=&#8220;center&#8220; image_orientation=&#8220;center&#8220; title_font=&#8220;Montserrat|on|||&#8220; title_font_size=&#8220;40px&#8220; custom_button_one=&#8220;off&#8220; button_one_letter_spacing=&#8220;0&#8243; button_one_use_icon=&#8220;default&#8220; button_one_icon_placement=&#8220;right&#8220; button_one_on_hover=&#8220;on&#8220; button_one_letter_spacing_hover=&#8220;0&#8243; custom_button_two=&#8220;off&#8220; button_two_letter_spacing=&#8220;0&#8243; button_two_use_icon=&#8220;default&#8220; button_two_icon_placement=&#8220;right&#8220; button_two_on_hover=&#8220;on&#8220; button_two_letter_spacing_hover=&#8220;0&#8243; title_font_color=&#8220;#ffffff&#8220;] [\/et_pb_fullwidth_header][\/et_pb_section][et_pb_section admin_label=&#8220;Sezione&#8220; fullwidth=&#8220;off&#8220; specialty=&#8220;on&#8220; transparent_background=&#8220;off&#8220; background_color=&#8220;#ffffff&#8220; allow_player_pause=&#8220;off&#8220; inner_shadow=&#8220;off&#8220; parallax=&#8220;off&#8220; parallax_method=&#8220;off&#8220; custom_padding=&#8220;0px|||&#8220; padding_mobile=&#8220;off&#8220; make_fullwidth=&#8220;off&#8220; use_custom_width=&#8220;off&#8220; width_unit=&#8220;on&#8220; make_equal=&#8220;off&#8220; use_custom_gutter=&#8220;off&#8220; parallax_1=&#8220;off&#8220; parallax_method_1=&#8220;off&#8220; parallax_2=&#8220;off&#8220; parallax_method_2=&#8220;off&#8220; custom_css_main_1=&#8220;border-right: solid 1px #bababa;&#8220;][et_pb_column type=&#8220;1_4&#8243;][et_pb_blurb admin_label=&#8220;Link al prodotto &#8211; SUPER DATAMIX &#8211; ITA&#8220; global_module=&#8220;710&#8243; saved_tabs=&#8220;all&#8220; title=&#8220;Scheda prodotto&#8220; url=&#8220;http:\/\/www.ptmsrl.com\/it\/s34\/product\/&#8220; url_new_window=&#8220;on&#8220; use_icon=&#8220;on&#8220; font_icon=&#8220;%%101%%&#8220; icon_color=&#8220;#b5b5b5&#8243; use_circle=&#8220;off&#8220; circle_color=&#8220;#0d76ec&#8220; use_circle_border=&#8220;off&#8220; circle_border_color=&#8220;#0d76ec&#8220; icon_placement=&#8220;left&#8220; animation=&#8220;top&#8220; background_layout=&#8220;light&#8220; text_orientation=&#8220;left&#8220; use_icon_font_size=&#8220;off&#8220; use_border_color=&#8220;off&#8220; border_color=&#8220;#ffffff&#8220; border_style=&#8220;solid&#8220;]<br \/>\n[\/et_pb_blurb][et_pb_divider admin_label=&#8220;Modulo Separatore&#8220; color=&#8220;#b5b5b5&#8243; show_divider=&#8220;on&#8220; divider_style=&#8220;solid&#8220; divider_position=&#8220;top&#8220; hide_on_mobile=&#8220;on&#8220; height=&#8220;10&#8243;]<br \/>\n[\/et_pb_divider][et_pb_text admin_label=&#8220;Menu laterale &#8211; PTM Management &#8211; DE&#8220; global_module=&#8220;970&#8243; saved_tabs=&#8220;all&#8220; background_layout=&#8220;light&#8220; text_orientation=&#8220;left&#8220; use_border_color=&#8220;off&#8220; border_color=&#8220;#ffffff&#8220; border_style=&#8220;solid&#8220;]<\/p>\n<p><a href=\"http:\/\/service.ptmsrl.com\/de\/ptm-management\/\"><strong>PTM MANAGEMENT<\/strong><\/a><\/p>\n<ul>\n<li><a href=\"http:\/\/service.ptmsrl.com\/de\/ptm-management\/erste-freischaltung\/\">Erste freischaltung<br \/>\n<\/a><\/li>\n<li><a href=\"http:\/\/service.ptmsrl.com\/de\/ptm-management\/ptm-management-steuern\/\">Steuern<\/a><\/li>\n<li><a href=\"http:\/\/service.ptmsrl.com\/de\/ptm-management\/ptm-management-komponenten\/\">Komponenten<\/a><\/li>\n<li><a href=\"http:\/\/service.ptmsrl.com\/de\/ptm-management\/ptm-management-rezepte\/\">Rezepte<\/a><\/li>\n<li><a href=\"http:\/\/service.ptmsrl.com\/de\/ptm-management\/ptm-management-gruppen-super\/\">Gruppen (SUPER)<\/a><\/li>\n<li><a href=\"http:\/\/service.ptmsrl.com\/de\/ptm-management\/ptm-management-lager\/\">Lager<\/a><\/li>\n<li><a href=\"http:\/\/service.ptmsrl.com\/de\/ptm-management\/ptm-management-vorraete\/\">Vorr\u00e4te<\/a><\/li>\n<li><a href=\"http:\/\/service.ptmsrl.com\/de\/ptm-management\/ptm-management-programmierung\/\">Programmierung<\/a><\/li>\n<li><a href=\"http:\/\/service.ptmsrl.com\/de\/ptm-management\/ptm-management-loads\/\">Loads<\/a><\/li>\n<li><a href=\"http:\/\/service.ptmsrl.com\/de\/ptm-management\/ptm-management-erschoepfen\/\">Ersch\u00f6pfen<\/a><\/li>\n<li><a href=\"http:\/\/service.ptmsrl.com\/de\/ptm-management\/ptm-management-kundschaft\/\">Kundschaft<\/a><\/li>\n<li><a href=\"http:\/\/service.ptmsrl.com\/de\/ptm-management\/ptm-management-produktion-und-kosten\/\">Produktion und Kosten<\/a><\/li>\n<\/ul>\n<p>[\/et_pb_text][\/et_pb_column][et_pb_column type=&#8220;3_4&#8243; specialty_columns=&#8220;3&#8243;][et_pb_row_inner admin_label=&#8220;Riga&#8220;][et_pb_column_inner type=&#8220;4_4&#8243; saved_specialty_column_type=&#8220;3_4&#8243;][et_pb_cta admin_label=&#8220;Titolo sezione&#8220; title=&#8220;Rezeptesprogrammierung&#8220; url_new_window=&#8220;off&#8220; use_background_color=&#8220;off&#8220; background_color=&#8220;#0d76ec&#8220; background_layout=&#8220;light&#8220; text_orientation=&#8220;left&#8220; use_border_color=&#8220;off&#8220; border_color=&#8220;#ffffff&#8220; border_style=&#8220;solid&#8220; custom_button=&#8220;off&#8220; button_letter_spacing=&#8220;0&#8243; button_use_icon=&#8220;default&#8220; button_icon_placement=&#8220;right&#8220; button_on_hover=&#8220;on&#8220; button_letter_spacing_hover=&#8220;0&#8243; header_font_size=&#8220;40&#8243;] [\/et_pb_cta][et_pb_text admin_label=&#8220;Testo&#8220; background_layout=&#8220;light&#8220; text_orientation=&#8220;left&#8220; use_border_color=&#8220;off&#8220; border_color=&#8220;#ffffff&#8220; border_style=&#8220;solid&#8220;]<\/p>\n<p><img loading=\"lazy\" decoding=\"async\" class=\"alignnone wp-image-1162 size-full\" src=\"http:\/\/service.ptmsrl.com\/wp-content\/uploads\/2016\/11\/ptm_0021_ptm_de.jpg\" width=\"476\" height=\"347\" srcset=\"http:\/\/service.ptmsrl.com\/wp-content\/uploads\/2016\/11\/ptm_0021_ptm_de.jpg 476w, http:\/\/service.ptmsrl.com\/wp-content\/uploads\/2016\/11\/ptm_0021_ptm_de-300x219.jpg 300w\" sizes=\"(max-width: 476px) 100vw, 476px\" \/><\/p>\n<p>Durch dieses Men\u00fc werden die Rezepte programmiert, die dann zum Wiegecomputer gesendet werden.<\/p>\n<p>Dank des Men\u00fcs [10] kann der Benutzer die vorherigen eingestellten Rezepte ausw\u00e4hlen. Dann in der Tabelle 17 wird die Liste der ausgew\u00e4hlten Komponenten mit den jeweiligen Werten angezeigt.<\/p>\n<p>Jedes Rezept besteht aus den folgenden Daten:<\/p>\n<p>&#8211; <strong>Name <\/strong>[10]: der gew\u00fcnschte Name f\u00fcr das Rezept (20 alphanumerische Zeichen). Dieser Name soll eindeutig sein; 02 Rezepte k\u00f6nnen nicht den selben Name haben.<\/p>\n<p>&#8211; <strong>%-Abweichung des Rezeptes<\/strong> [11]: diese %-Abweichung (in plus oder minus) wird an die Berechnung der ganzen Komponenten gewendet.<\/p>\n<p>&#8211; <strong>Mischungszeit \u2013Minuten<\/strong>&#8211; [12]: es entspricht der Endmischungszeit der Komponenten (Minuten)<\/p>\n<p>&#8211; <strong>Ration pro Tier \u2013 kg<\/strong> -[13]: es entspricht der Summe der zuladenden Komponenten pro Tier <u>(dieser Wert wird automatisch berechnet und es kann nicht ge\u00e4ndert werden) <\/u><\/p>\n<p>&#8211; <strong>N\u00e4hrwert des Rezeptes<\/strong> [14]: in Kcal oder KJ (die Ma\u00dfeinheit ist einstellbar im &#8222;Optionen&#8220; Men\u00fc). Es entspricht dem Gesamtn\u00e4hrwert des Rezeptes pro Tier <u>(dieser Wert wird automatisch berechnet und es kann nicht ge\u00e4dert werden) <\/u><\/p>\n<p>&#8211; <strong>Trock. Rezeptsubstanz<\/strong> [15]: es entspricht der trockenen Substanz des Rezeptes in % <u>(dieser Wert wird automatisch berechnet und es kann nicht ge\u00e4dert werden) <\/u><\/p>\n<p>&#8211; <strong>Note<\/strong> [16]: Hier kann man Bemerkungen \u00fcber das Rezept schreiben.<\/p>\n<p>&#8211; <strong>Komponenten<\/strong> [17]: es ist die Liste der Komponenten.<\/p>\n<p>Jede Komponente besteht aus den folgenden Daten:<\/p>\n<p>&#8211; <strong>Farbe<\/strong>: es ist die Farbe der ausgew\u00e4hlten Komponenten <u>(die Farbe kann nicht in diesem Men\u00fc ver\u00e4ndert werden) <\/u><\/p>\n<p>&#8211;<strong>Nummer<\/strong>: die Nummer der Komponente wird automatisch vom Programm eingestellt. Es entspricht der zunehmenden Nummer der Komponente.<\/p>\n<p>&#8211; <strong>Komponente<\/strong>: durch das spezielle Men\u00fc (beim Dr\u00fccken auf die Pfeile), kann man die gew\u00fcnschte Komponente einstellen.<\/p>\n<p>&#8211; <strong>Menge (kg)<\/strong>: es entspricht der zuladenden Menge\/ pro Tier von der Komponente.<\/p>\n<p>&#8211; <strong>%-Abweichung<\/strong>: diese %-Abweichung (in plus oder minus) wird an die Berechnung der einzelnen Komponente gewendet.<\/p>\n<p>&#8211; <strong>Total (Kg)<\/strong>: es entspricht der Gesamtmenge der Komponente, der geladen werden soll. Dieser Wert ist das Ergebnis der Summer mit den %-Abweichungen der Komponente und des Rezeptes. <u>(dieser Wert wird automatisch berechnet und es kann nicht ge\u00e4dert werden) <\/u><\/p>\n<p>&#8211; <strong>%-Alarm der Hupe<\/strong>: es ist die Prozent der Hupe, die w\u00e4hrend der Ladung der Komponente von dem Wiegecomputer ber\u00fccksichtigt wird.<\/p>\n<p>&#8211; <strong>N\u00e4hrwert<\/strong>: es entspricht dem Gesamtn\u00e4hrwert der Komponente. Dieser Wert wird gem\u00e4\u00df der zuladenden Menge berechnet. <u>(dieser Wert wird automatisch berechnet und es kann nicht ge\u00e4dert werden) <\/u><\/p>\n<p>&#8211; <strong>Trockene Substanz (%)<\/strong>:es entspricht der Gesamt- trockenen Substanz von der Komponente. Dieser Wert wird gem\u00e4\u00df der zuladenden Menge berechnet. <u>(dieser Wert wird automatisch berechnet und es kann nicht ge\u00e4dert werden) <\/u><\/p>\n<p>&#8211; <strong>Automatischer Stop<\/strong>: hier kann man ausw\u00e4hlen, ob der Durchgang der n\u00e4chsten Komponente automatisch oder manuell \u2013w\u00e4hrend der Ladung mit dem Wiegecomputer \u2013 durchgef\u00fchrt werden soll. Wenn Sie das spezielle Feld ausw\u00e4hlen werden, bleibt der Durchgang der n\u00e4chsten Komponente manuell.<\/p>\n<p>&#8211; <strong>%-Alarm<\/strong>: es entspricht dem Wert in %, um die Fehlermargen in der Ladung der Komponente zu pr\u00fcfen. Sollte der Ladungsfehler diese Prozent \u00fcbersteigern, wird diese Operation in dem jeweiligen Bericht unterstreicht.<\/p>\n<p>&nbsp;<\/p>\n<p>In diesem Men\u00fc werden 03 Graphiken f\u00fcr jedes Rezept dargestellt. Diese Graphiken darstellen: die Situation der Komponentemengen, die Situation des N\u00e4hrwertes und die Situation der trockenen Substanz.<\/p>\n<p>Die Farben in den Graphiken entsprechen der ausgew\u00e4hlten Farbe f\u00fcr jede Komponente.<\/p>\n<p>Um eine Graphik auszuw\u00e4hlen, bet\u00e4tigen Sie auf dem entsprechenden Feld: \u201cKomponenten des Rezeptes\u201d, \u201cN\u00e4hrwert\u201d, \u201cTrockene Substanz\u201d.<\/p>\n<p>&nbsp;<\/p>\n<p>Sollten Sie einen detaillierten Bericht des Rezeptes anzeigen wollen, bet\u00e4tigen Sie \u201cBericht\u201d [8].<\/p>\n<p>&nbsp;<\/p>\n<p>Se si desidera visualizzare un rapporto dettagliato stampabile della ricetta selezionata premere &#8222;Report&#8220; [8].<\/p>\n<p>[\/et_pb_text][et_pb_divider admin_label=&#8220;Modulo Separatore&#8220; color=&#8220;#bababa&#8220; show_divider=&#8220;on&#8220; height=&#8220;10&#8243; divider_style=&#8220;solid&#8220; divider_position=&#8220;top&#8220; hide_on_mobile=&#8220;on&#8220;]<br \/>\n[\/et_pb_divider][et_pb_cta admin_label=&#8220;Link al form&#8220; global_module=&#8220;142&#8243; saved_tabs=&#8220;all&#8220; title=&#8220;Non trovi quello che cerchi?&#8220; button_url=&#8220;#&#8220; url_new_window=&#8220;off&#8220; button_text=&#8220;Contattaci&#8220; use_background_color=&#8220;off&#8220; background_color=&#8220;#0d76ec&#8220; background_layout=&#8220;light&#8220; text_orientation=&#8220;center&#8220; use_border_color=&#8220;off&#8220; border_color=&#8220;#ffffff&#8220; border_style=&#8220;solid&#8220; custom_button=&#8220;off&#8220; button_letter_spacing=&#8220;0&#8243; button_use_icon=&#8220;default&#8220; button_icon_placement=&#8220;right&#8220; button_on_hover=&#8220;on&#8220; button_letter_spacing_hover=&#8220;0&#8243;]<br \/>\n[\/et_pb_cta][\/et_pb_column_inner][\/et_pb_row_inner][\/et_pb_column][\/et_pb_section]<\/p>\n","protected":false},"excerpt":{"rendered":"<p>PTM MANAGEMENT Erste freischaltung Steuern Komponenten Rezepte Gruppen (SUPER) Lager Vorr\u00e4te Programmierung Loads Ersch\u00f6pfen Kundschaft Produktion und Kosten Durch dieses Men\u00fc werden die Rezepte programmiert, die dann zum Wiegecomputer gesendet werden. Dank des Men\u00fcs [10] kann der Benutzer die vorherigen eingestellten Rezepte ausw\u00e4hlen. Dann in der Tabelle 17 wird die Liste der ausgew\u00e4hlten Komponenten mit [&hellip;]<\/p>\n","protected":false},"author":9,"featured_media":0,"parent":1140,"menu_order":0,"comment_status":"closed","ping_status":"closed","template":"","meta":{"_et_pb_use_builder":"on","_et_pb_old_content":"<p>[et_pb_section admin_label=\"section\" global_module=\"706\" fullwidth=\"on\"][et_pb_fullwidth_header global_parent=\"706\" admin_label=\"Intestazione a Larghezza Piena\" title=\"SUPER DATAMIX\" background_layout=\"dark\" text_orientation=\"left\" header_fullscreen=\"off\" header_scroll_down=\"off\" background_color=\"#222349\" parallax=\"off\" parallax_method=\"off\" content_orientation=\"center\" image_orientation=\"center\" title_font=\"Montserrat|on|||\" title_font_size=\"40px\" custom_button_one=\"off\" button_one_letter_spacing=\"0\" button_one_use_icon=\"default\" button_one_icon_placement=\"right\" button_one_on_hover=\"on\" button_one_letter_spacing_hover=\"0\" custom_button_two=\"off\" button_two_letter_spacing=\"0\" button_two_use_icon=\"default\" button_two_icon_placement=\"right\" button_two_on_hover=\"on\" button_two_letter_spacing_hover=\"0\" title_font_color=\"#ffffff\"] [\/et_pb_fullwidth_header][\/et_pb_section][et_pb_section admin_label=\"Sezione\" fullwidth=\"off\" specialty=\"on\" transparent_background=\"off\" background_color=\"#ffffff\" allow_player_pause=\"off\" inner_shadow=\"off\" parallax=\"off\" parallax_method=\"off\" custom_padding=\"0px|||\" padding_mobile=\"off\" make_fullwidth=\"off\" use_custom_width=\"off\" width_unit=\"on\" make_equal=\"off\" use_custom_gutter=\"off\" parallax_1=\"off\" parallax_method_1=\"off\" parallax_2=\"off\" parallax_method_2=\"off\" custom_css_main_1=\"border-right: solid 1px #bababa;\"][et_pb_column type=\"1_4\"][et_pb_blurb admin_label=\"Link al prodotto - SUPER DATAMIX - ITA\" global_module=\"710\" saved_tabs=\"all\" title=\"Scheda prodotto\" url=\"http:\/\/www.ptmsrl.com\/it\/s34\/product\/\" url_new_window=\"on\" use_icon=\"on\" font_icon=\"%%101%%\" icon_color=\"#b5b5b5\" use_circle=\"off\" circle_color=\"#0d76ec\" use_circle_border=\"off\" circle_border_color=\"#0d76ec\" icon_placement=\"left\" animation=\"top\" background_layout=\"light\" text_orientation=\"left\" use_icon_font_size=\"off\" use_border_color=\"off\" border_color=\"#ffffff\" border_style=\"solid\"]<br \/> [\/et_pb_blurb][et_pb_divider admin_label=\"Modulo Separatore\" color=\"#b5b5b5\" show_divider=\"on\" divider_style=\"solid\" divider_position=\"top\" hide_on_mobile=\"on\" height=\"10\"]<br \/> [\/et_pb_divider][et_pb_text admin_label=\"Menu laterale - SUPER DATAMIX - ITA\" global_module=\"714\" saved_tabs=\"all\" background_layout=\"light\" text_orientation=\"left\" text_font_size=\"16\" use_border_color=\"off\" border_color=\"#ffffff\" border_style=\"solid\"]<\/p><p><strong>SUPER DATAMIX<\/strong><\/p><ul><li><a href=\"http:\/\/demo.n-3.it\/ptm\/guida-app-myscale\/\">Introduzione<\/a><\/li><li><a href=\"http:\/\/demo.n-3.it\/ptm\/guida-app-myscale\/guida-app-myscale-installazione-dellapp\/\">Installazione<\/a><\/li><li><a href=\"http:\/\/demo.n-3.it\/ptm\/guida-app-myscale\/guida-app-myscale-attivazione-della-modalita-myscale\/\">Attivazione<\/a><\/li><li><a href=\"http:\/\/demo.n-3.it\/ptm\/guida-app-myscale\/guida-app-myscale-segnalazioni-di-stato\/\">Segnalazioni di stato<\/a><\/li><li><a href=\"http:\/\/demo.n-3.it\/ptm\/guida-app-myscale\/guida-app-myscale-stato-della-connessione\/\">Stato della connessione<\/a><\/li><li><a href=\"http:\/\/demo.n-3.it\/ptm\/guida-app-myscale\/guida-app-myscale-funzione-dei-tasti\/\">Funzione dei tasti<\/a><\/li><li>Utilizzo del sistema<ul><li><a href=\"http:\/\/demo.n-3.it\/ptm\/guida-app-myscale\/guida-app-myscale-utilizzo-della-tastiera\/\">Tastiera<\/a><\/li><li><a href=\"http:\/\/demo.n-3.it\/ptm\/guida-app-myscale\/guida-app-myscale-peso-totale\/\">Peso totale<\/a><\/li><li><a href=\"http:\/\/demo.n-3.it\/ptm\/guida-app-myscale\/guida-app-myscale-peso-totale-selezione-della-ricetta\/\">Selezione della ricetta<\/a><\/li><li><a href=\"http:\/\/demo.n-3.it\/ptm\/guida-app-myscale\/guida-app-myscale-peso-totale-azzeramento-del-peso-totale\/\">Azzeramento del peso totale<\/a><\/li><li><a href=\"http:\/\/demo.n-3.it\/ptm\/guida-app-myscale\/guida-app-myscale-peso-totale-carico-avvio-del-carico-della-ricetta\/\">Peso totale carico<\/a><\/li><li><a href=\"http:\/\/demo.n-3.it\/ptm\/guida-app-myscale\/guida-app-myscale-peso-totale-scarico-avvio-dello-scarico-della-ricetta\/\">Peso totale scarico<\/a><\/li><li><a href=\"http:\/\/demo.n-3.it\/ptm\/guida-app-myscale\/guida-app-myscale-peso-parziale-azzeramento-del-peso-parziale\/\">Peso parziale<\/a><\/li><\/ul><\/li><\/ul><p>[\/et_pb_text][\/et_pb_column][et_pb_column type=\"3_4\" specialty_columns=\"3\"][et_pb_row_inner admin_label=\"Riga\"][et_pb_column_inner type=\"4_4\" saved_specialty_column_type=\"3_4\"][et_pb_cta admin_label=\"Titolo sezione\" title=\"Composizione ricette\" url_new_window=\"off\" use_background_color=\"off\" background_color=\"#0d76ec\" background_layout=\"light\" text_orientation=\"left\" use_border_color=\"off\" border_color=\"#ffffff\" border_style=\"solid\" custom_button=\"off\" button_letter_spacing=\"0\" button_use_icon=\"default\" button_icon_placement=\"right\" button_on_hover=\"on\" button_letter_spacing_hover=\"0\" header_font_size=\"40\"] [\/et_pb_cta][et_pb_text admin_label=\"Testo\" background_layout=\"light\" text_orientation=\"left\" use_border_color=\"off\" border_color=\"#ffffff\" border_style=\"solid\"]<\/p><p><img class=\"alignnone size-full wp-image-740\" src=\"http:\/\/demo.n-3.it\/ptm\/wp-content\/uploads\/2016\/11\/ptm_0021_composizione-ricette.jpg\" alt=\"ptm_0021_composizione-ricette\" width=\"467\" height=\"339\" \/><\/p><p>In questo men\u00f9 sono create le ricette che verranno poi inviate alla centralina.<\/p><p>Dal men\u00f9 a tendina [10] \u00e8 possibile selezionare la ricetta da visualizzare tra quelle precedentemente create e, nella tabella [17], \u00e8 visualizzato l'elenco degli ingredienti selezionati con i relativi valori.<\/p><p>Per ogni ricetta ci sono i seguenti dati:<\/p><p>- <strong>Nome<\/strong> [10]: il nome che si desidera dare alla ricetta (massimo 20 caratteri alfanumerici). Deve essere univoco, non possono esistere infatti due ricette con lo stesso nome<\/p><p>- <strong>Variazione percentuale ricetta<\/strong> [11]: variazione (positiva o negativa) applicata sul calcolo delle quantit\u00e0 di tutti i componenti<\/p><p>- <strong>Tempo di miscelazione<\/strong> [12]: tempo di miscelazione finale dei componenti (in minuti)<\/p><p>- <strong>Razione per animale<\/strong> [13]: somma totale dei componenti da caricare per ciascun animale (calcolato in automatico, non modificabile direttamente)<\/p><p>- <strong>Valore nutritivo ricetta<\/strong> [14]: in KCal o Kj (selezionabile nelle opzioni del programma), valore nutritivo totale della ricetta per ciascun animale (calcolato in automatico, non modificabile direttamente)<\/p><p>- <strong>Sostanza secca<\/strong> [15]: in percentuale, sostanza secca della ricetta (calcolato in automatico, non modificabile direttamente)<\/p><p>- <strong>Note<\/strong> [16]: annotazioni riguardanti la ricetta<\/p><p>- <strong>Ingredienti<\/strong> [17]: elenco dei componenti che costituiscono la ricetta e relative informazioni ed impostazioni<\/p><p>Per ogni ingrediente ci sono inoltre i seguenti dati:<\/p><p>- <strong>Colore<\/strong>: colore del componente selezionato, \u00e8 caricato quando si seleziona il componente (non modificabile direttamente)<\/p><p>- <strong>Numero<\/strong>: impostato automaticamente, rappresenta il numero crescente dell'ingrediente<\/p><p>- <strong>Componente<\/strong>: selezionandolo dal men\u00f9 a tendina che compare facendo click sulla relativa colonna della tabella, \u00e8 possibile impostare il componente da utilizzare<\/p><p>- <strong>Quantit\u00e0<\/strong>: in kg: rappresenta la quantit\u00e0 di componente da caricare per la razione del singolo animale<\/p><p>- <strong>Variazione percentuale componente<\/strong>: \u00e8 possibile inserire una variazione percentuale in modo analogo alla variazione della ricetta, ma riferita per\u00f2 al singolo componente<\/p><p>- <strong>Totale<\/strong>: quantit\u00e0 totale da caricare del singolo componente, \u00e8 data dalla quantit\u00e0 cui si somma la variazione percentuale del componente e della ricetta (non modificabile direttamente)<\/p><p>- <strong>Allarme sirena<\/strong>: percentuale di allarme utilizzata nel carico del componente sulla centralina del carro Unifeed<\/p><p>- <strong>Valore nutritivo<\/strong>: valore nutritivo totale del componente, calcolato sulla quantit\u00e0 da caricare (non modificabile direttamente)<\/p><p>- <strong>Sostanza secca<\/strong>: sostanza secca totale del componente, calcolata sulla quantit\u00e0 da caricare (non modificabile direttamente)<\/p><p>- <strong>Stop<\/strong>: passaggio automatico o manuale al componente successivo durante il carico della centralina sul carro Unifeed. Se selezionato il passaggio al componente successivo sar\u00e0 manuale<\/p><p>- <strong>Percentuale di allarme<\/strong>: percentuale per la valutazione del margine di errore nel carico del componente. Se l'errore di carico supera tale percentuale, sar\u00e0 segnalato in modo evidente nel rapporto delle operazioni di carico<\/p><p>Per ogni ricetta sono inoltre generati tre grafici [18] che rappresentano rispettivamente il rapporto tra le quantit\u00e0 dei componenti, del valore nutritivo e della sostanza secca. Il colore visualizzato nei grafici corrisponde al colore selezionato nei componenti.<\/p><p>Per selezionare il tipo di grafico premere su uno dei 3 pulsanti: \u201cComponenti\u201d, \"Valore nutritivo\u201d, \"Sostanza secca\u201d.<\/p><p>\u00a0<\/p><p>Se si desidera visualizzare un rapporto dettagliato stampabile della ricetta selezionata premere \"Report\" [8].<\/p><p>[\/et_pb_text][et_pb_divider admin_label=\"Modulo Separatore\" color=\"#bababa\" show_divider=\"on\" height=\"10\" divider_style=\"solid\" divider_position=\"top\" hide_on_mobile=\"on\"]<br \/> [\/et_pb_divider][et_pb_cta admin_label=\"Link al form\" global_module=\"142\" saved_tabs=\"all\" title=\"Non trovi quello che cerchi?\" button_url=\"#\" url_new_window=\"off\" button_text=\"Contattaci\" use_background_color=\"off\" background_color=\"#0d76ec\" background_layout=\"light\" text_orientation=\"center\" use_border_color=\"off\" border_color=\"#ffffff\" border_style=\"solid\" custom_button=\"off\" button_letter_spacing=\"0\" button_use_icon=\"default\" button_icon_placement=\"right\" button_on_hover=\"on\" button_letter_spacing_hover=\"0\"]<br \/> [\/et_pb_cta][\/et_pb_column_inner][\/et_pb_row_inner][\/et_pb_column][\/et_pb_section]<\/p>","_et_gb_content_width":"","footnotes":""},"_links":{"self":[{"href":"http:\/\/service.ptmsrl.com\/de\/wp-json\/wp\/v2\/pages\/1174"}],"collection":[{"href":"http:\/\/service.ptmsrl.com\/de\/wp-json\/wp\/v2\/pages"}],"about":[{"href":"http:\/\/service.ptmsrl.com\/de\/wp-json\/wp\/v2\/types\/page"}],"author":[{"embeddable":true,"href":"http:\/\/service.ptmsrl.com\/de\/wp-json\/wp\/v2\/users\/9"}],"replies":[{"embeddable":true,"href":"http:\/\/service.ptmsrl.com\/de\/wp-json\/wp\/v2\/comments?post=1174"}],"version-history":[{"count":0,"href":"http:\/\/service.ptmsrl.com\/de\/wp-json\/wp\/v2\/pages\/1174\/revisions"}],"up":[{"embeddable":true,"href":"http:\/\/service.ptmsrl.com\/de\/wp-json\/wp\/v2\/pages\/1140"}],"wp:attachment":[{"href":"http:\/\/service.ptmsrl.com\/de\/wp-json\/wp\/v2\/media?parent=1174"}],"curies":[{"name":"wp","href":"https:\/\/api.w.org\/{rel}","templated":true}]}}