{"id":1140,"date":"2016-11-10T16:58:42","date_gmt":"2016-11-10T15:58:42","guid":{"rendered":"http:\/\/demo.n-3.it\/ptm\/de\/?page_id=1140"},"modified":"2016-11-10T17:02:13","modified_gmt":"2016-11-10T16:02:13","slug":"super-datamix","status":"publish","type":"page","link":"http:\/\/service.ptmsrl.com\/de\/super-datamix\/","title":{"rendered":"Super Datamix"},"content":{"rendered":"<p>[et_pb_section admin_label=&#8220;section&#8220; fullwidth=&#8220;on&#8220;][et_pb_fullwidth_header admin_label=&#8220;Intestazione a Larghezza Piena&#8220; title=&#8220;SUPER DATAMIX&#8220; background_layout=&#8220;dark&#8220; text_orientation=&#8220;left&#8220; header_fullscreen=&#8220;off&#8220; header_scroll_down=&#8220;off&#8220; background_color=&#8220;#222349&#8243; parallax=&#8220;off&#8220; parallax_method=&#8220;off&#8220; content_orientation=&#8220;center&#8220; image_orientation=&#8220;center&#8220; title_font=&#8220;Montserrat|on|||&#8220; title_font_size=&#8220;40px&#8220; custom_button_one=&#8220;off&#8220; button_one_letter_spacing=&#8220;0&#8243; button_one_use_icon=&#8220;default&#8220; button_one_icon_placement=&#8220;right&#8220; button_one_on_hover=&#8220;on&#8220; button_one_letter_spacing_hover=&#8220;0&#8243; custom_button_two=&#8220;off&#8220; button_two_letter_spacing=&#8220;0&#8243; button_two_use_icon=&#8220;default&#8220; button_two_icon_placement=&#8220;right&#8220; button_two_on_hover=&#8220;on&#8220; button_two_letter_spacing_hover=&#8220;0&#8243; title_font_color=&#8220;#ffffff&#8220;] [\/et_pb_fullwidth_header][\/et_pb_section][et_pb_section admin_label=&#8220;Sezione&#8220; fullwidth=&#8220;off&#8220; specialty=&#8220;on&#8220; transparent_background=&#8220;off&#8220; background_color=&#8220;#ffffff&#8220; allow_player_pause=&#8220;off&#8220; inner_shadow=&#8220;off&#8220; parallax=&#8220;off&#8220; parallax_method=&#8220;off&#8220; custom_padding=&#8220;0px|||&#8220; padding_mobile=&#8220;off&#8220; make_fullwidth=&#8220;off&#8220; use_custom_width=&#8220;off&#8220; width_unit=&#8220;on&#8220; make_equal=&#8220;off&#8220; use_custom_gutter=&#8220;off&#8220; parallax_1=&#8220;off&#8220; parallax_method_1=&#8220;off&#8220; parallax_2=&#8220;off&#8220; parallax_method_2=&#8220;off&#8220; custom_css_main_1=&#8220;border-right: solid 1px #bababa;&#8220;][et_pb_column type=&#8220;1_4&#8243;][et_pb_blurb admin_label=&#8220;Link al prodotto &#8211; SUPER DATAMIX &#8211; ITA&#8220; global_module=&#8220;710&#8243; saved_tabs=&#8220;all&#8220; title=&#8220;Scheda prodotto&#8220; url=&#8220;http:\/\/www.ptmsrl.com\/it\/s34\/product\/&#8220; url_new_window=&#8220;on&#8220; use_icon=&#8220;on&#8220; font_icon=&#8220;%%101%%&#8220; icon_color=&#8220;#b5b5b5&#8243; use_circle=&#8220;off&#8220; circle_color=&#8220;#0d76ec&#8220; use_circle_border=&#8220;off&#8220; circle_border_color=&#8220;#0d76ec&#8220; icon_placement=&#8220;left&#8220; animation=&#8220;top&#8220; background_layout=&#8220;light&#8220; text_orientation=&#8220;left&#8220; use_icon_font_size=&#8220;off&#8220; use_border_color=&#8220;off&#8220; border_color=&#8220;#ffffff&#8220; border_style=&#8220;solid&#8220;] [\/et_pb_blurb][et_pb_divider admin_label=&#8220;Modulo Separatore&#8220; color=&#8220;#b5b5b5&#8243; show_divider=&#8220;on&#8220; divider_style=&#8220;solid&#8220; divider_position=&#8220;top&#8220; hide_on_mobile=&#8220;on&#8220; height=&#8220;10&#8243;] [\/et_pb_divider][et_pb_text admin_label=&#8220;Menu laterale &#8211; SUPER DATAMIX &#8211; ITA&#8220; background_layout=&#8220;light&#8220; text_orientation=&#8220;left&#8220; use_border_color=&#8220;off&#8220; border_color=&#8220;#ffffff&#8220; border_style=&#8220;solid&#8220; saved_tabs=&#8220;all&#8220; global_module=&#8220;1169&#8243;]<\/p>\n<p><strong>SUPER DATAMIX<\/strong><\/p>\n<ul>\n<li><a href=\"http:\/\/service.ptmsrl.com\/guida-super-datamix\/\">Men\u00f9 principale<\/a><\/li>\n<li><a href=\"http:\/\/service.ptmsrl.com\/guida-super-datamix\/componenti-ricette\/\">Componenti ricette<\/a><\/li>\n<li><a href=\"http:\/\/service.ptmsrl.com\/guida-super-datamix\/composizione-ricette\/\">Composizione ricette<\/a><\/li>\n<li><a href=\"http:\/\/service.ptmsrl.com\/guida-super-datamix\/gruppi-di-scarico\/\">Gruppi di scarico<\/a><\/li>\n<li><a href=\"http:\/\/service.ptmsrl.com\/guida-super-datamix\/composizione-carri\/\">Composizione carri<\/a><\/li>\n<li><a href=\"http:\/\/service.ptmsrl.com\/guida-super-datamix\/archivio-delle-operazioni-di-carico\/\">Archivio delle operazioni di carico<\/a><\/li>\n<li><a href=\"http:\/\/service.ptmsrl.com\/guida-super-datamix\/archivio-delle-operazioni-di-scarico\/\">Archivio delle operazioni di scarico<\/a><\/li>\n<li><a href=\"http:\/\/service.ptmsrl.com\/guida-super-datamix\/costo-operazioni\/\">Costo operazioni<\/a><\/li>\n<li><a href=\"http:\/\/service.ptmsrl.com\/guida-super-datamix\/magazzino-componenti\/\">Magazzino componenti<\/a><\/li>\n<li><a href=\"http:\/\/service.ptmsrl.com\/guida-super-datamix\/forniture-componenti\/\">Forniture componenti<\/a><\/li>\n<li><a href=\"http:\/\/service.ptmsrl.com\/guida-super-datamix\/anagrafica-clienti\/\">Anagrafica clienti<\/a><\/li>\n<li><a href=\"http:\/\/service.ptmsrl.com\/guida-super-datamix\/carichi-parziali\/\">Carichi parziali<\/a><\/li>\n<li><a href=\"http:\/\/service.ptmsrl.com\/guida-super-datamix\/invio-ricezione-dati\/\">Invio-Ricezione dati<\/a><\/li>\n<li><a href=\"http:\/\/service.ptmsrl.com\/guida-super-datamix\/opzioni-di-configurazione-del-programma\/\">Opzioni di configurazione del programma<\/a><\/li>\n<li><a href=\"http:\/\/service.ptmsrl.com\/guida-super-datamix\/utilita-per-la-manutenzione\/\">Utilit\u00e0 per la manutenzione<\/a><\/li>\n<li><a href=\"http:\/\/service.ptmsrl.com\/guida-super-datamix\/rapporti\/\">Rapporti<\/a><\/li>\n<li><a href=\"http:\/\/service.ptmsrl.com\/guida-super-datamix\/backup-manager\/\">Backup manager<\/a><\/li>\n<\/ul>\n<p>[\/et_pb_text][\/et_pb_column][et_pb_column type=&#8220;3_4&#8243; specialty_columns=&#8220;3&#8243;][et_pb_row_inner admin_label=&#8220;Riga&#8220;][et_pb_column_inner type=&#8220;4_4&#8243; saved_specialty_column_type=&#8220;3_4&#8243;][et_pb_cta admin_label=&#8220;Titolo sezione&#8220; title=&#8220;Hauptmenu&#8220; url_new_window=&#8220;off&#8220; use_background_color=&#8220;off&#8220; background_color=&#8220;#0d76ec&#8220; background_layout=&#8220;light&#8220; text_orientation=&#8220;left&#8220; use_border_color=&#8220;off&#8220; border_color=&#8220;#ffffff&#8220; border_style=&#8220;solid&#8220; custom_button=&#8220;off&#8220; button_letter_spacing=&#8220;0&#8243; button_use_icon=&#8220;default&#8220; button_icon_placement=&#8220;right&#8220; button_on_hover=&#8220;on&#8220; button_letter_spacing_hover=&#8220;0&#8243; header_font_size=&#8220;40&#8243;] [\/et_pb_cta][et_pb_text admin_label=&#8220;Testo&#8220; background_layout=&#8220;light&#8220; text_orientation=&#8220;left&#8220; use_border_color=&#8220;off&#8220; border_color=&#8220;#ffffff&#8220; border_style=&#8220;solid&#8220;]<\/p>\n<p><img loading=\"lazy\" decoding=\"async\" class=\"alignnone wp-image-1164 size-full\" src=\"http:\/\/service.ptmsrl.com\/wp-content\/uploads\/2016\/11\/ptm_0023_ptm_de.jpg\" width=\"476\" height=\"347\" srcset=\"http:\/\/service.ptmsrl.com\/wp-content\/uploads\/2016\/11\/ptm_0023_ptm_de.jpg 476w, http:\/\/service.ptmsrl.com\/wp-content\/uploads\/2016\/11\/ptm_0023_ptm_de-300x219.jpg 300w\" sizes=\"(max-width: 476px) 100vw, 476px\" \/><\/p>\n<p>Das Hauptmen\u00fc ist das erste Dialog-Fenster mit Benutzer.<\/p>\n<p>Durch Hauptmen\u00fc kann der Benutzer in den ganzen Funktionen des Programms eintreten.<\/p>\n<p><strong>2) Komponenten<\/strong><\/p>\n<p><strong>3) Rezepte<\/strong><\/p>\n<p><strong>4) Gruppen<\/strong><\/p>\n<p><strong>5) Wagen<\/strong><\/p>\n<p><strong>6) Ladung<\/strong><\/p>\n<p><strong>7) Ausladung<\/strong><\/p>\n<p><strong>8) Kosten<\/strong><\/p>\n<p><strong>9) Lager<\/strong><\/p>\n<p><strong>10) Lieferungen<\/strong><\/p>\n<p><strong>11) Kunden<\/strong><\/p>\n<p><strong>12) Teilwerte<\/strong><\/p>\n<p><strong>13) Karte<\/strong><\/p>\n<p><strong>14) Optionen<\/strong><\/p>\n<p><strong>15) Utility<\/strong><\/p>\n<p><strong>16) Hilfe<\/strong><\/p>\n<p><strong>17) Exit<\/strong><\/p>\n<p>[\/et_pb_text][et_pb_divider admin_label=&#8220;Modulo Separatore&#8220; color=&#8220;#bababa&#8220; show_divider=&#8220;on&#8220; height=&#8220;10&#8243; divider_style=&#8220;solid&#8220; divider_position=&#8220;top&#8220; hide_on_mobile=&#8220;on&#8220;] [\/et_pb_divider][et_pb_cta admin_label=&#8220;Link al form&#8220; global_module=&#8220;142&#8243; saved_tabs=&#8220;all&#8220; title=&#8220;Non trovi quello che cerchi?&#8220; button_url=&#8220;#&#8220; url_new_window=&#8220;off&#8220; button_text=&#8220;Contattaci&#8220; use_background_color=&#8220;off&#8220; background_color=&#8220;#0d76ec&#8220; background_layout=&#8220;light&#8220; text_orientation=&#8220;center&#8220; use_border_color=&#8220;off&#8220; border_color=&#8220;#ffffff&#8220; border_style=&#8220;solid&#8220; custom_button=&#8220;off&#8220; button_letter_spacing=&#8220;0&#8243; button_use_icon=&#8220;default&#8220; button_icon_placement=&#8220;right&#8220; button_on_hover=&#8220;on&#8220; button_letter_spacing_hover=&#8220;0&#8243;] [\/et_pb_cta][\/et_pb_column_inner][\/et_pb_row_inner][\/et_pb_column][\/et_pb_section]<\/p>\n","protected":false},"excerpt":{"rendered":"<p>SUPER DATAMIX Men\u00f9 principale Componenti ricette Composizione ricette Gruppi di scarico Composizione carri Archivio delle operazioni di carico Archivio delle operazioni di scarico Costo operazioni Magazzino componenti Forniture componenti Anagrafica clienti Carichi parziali Invio-Ricezione dati Opzioni di configurazione del programma Utilit\u00e0 per la manutenzione Rapporti Backup manager Das Hauptmen\u00fc ist das erste Dialog-Fenster mit Benutzer. [&hellip;]<\/p>\n","protected":false},"author":9,"featured_media":0,"parent":0,"menu_order":0,"comment_status":"closed","ping_status":"closed","template":"","meta":{"_et_pb_use_builder":"on","_et_pb_old_content":"<p>[et_pb_section admin_label=\"section\" global_module=\"706\" fullwidth=\"on\"][et_pb_fullwidth_header global_parent=\"706\" admin_label=\"Intestazione a Larghezza Piena\" title=\"SUPER DATAMIX\" background_layout=\"dark\" text_orientation=\"left\" header_fullscreen=\"off\" header_scroll_down=\"off\" background_color=\"#222349\" parallax=\"off\" parallax_method=\"off\" content_orientation=\"center\" image_orientation=\"center\" title_font=\"Montserrat|on|||\" title_font_size=\"40px\" custom_button_one=\"off\" button_one_letter_spacing=\"0\" button_one_use_icon=\"default\" button_one_icon_placement=\"right\" button_one_on_hover=\"on\" button_one_letter_spacing_hover=\"0\" custom_button_two=\"off\" button_two_letter_spacing=\"0\" button_two_use_icon=\"default\" button_two_icon_placement=\"right\" button_two_on_hover=\"on\" button_two_letter_spacing_hover=\"0\" title_font_color=\"#ffffff\"] [\/et_pb_fullwidth_header][\/et_pb_section][et_pb_section admin_label=\"Sezione\" fullwidth=\"off\" specialty=\"on\" transparent_background=\"off\" background_color=\"#ffffff\" allow_player_pause=\"off\" inner_shadow=\"off\" parallax=\"off\" parallax_method=\"off\" custom_padding=\"0px|||\" padding_mobile=\"off\" make_fullwidth=\"off\" use_custom_width=\"off\" width_unit=\"on\" make_equal=\"off\" use_custom_gutter=\"off\" parallax_1=\"off\" parallax_method_1=\"off\" parallax_2=\"off\" parallax_method_2=\"off\" custom_css_main_1=\"border-right: solid 1px #bababa;\"][et_pb_column type=\"1_4\"][et_pb_blurb admin_label=\"Link al prodotto - SUPER DATAMIX - ITA\" global_module=\"710\" saved_tabs=\"all\" title=\"Scheda prodotto\" url=\"http:\/\/www.ptmsrl.com\/it\/s34\/product\/\" url_new_window=\"on\" use_icon=\"on\" font_icon=\"%%101%%\" icon_color=\"#b5b5b5\" use_circle=\"off\" circle_color=\"#0d76ec\" use_circle_border=\"off\" circle_border_color=\"#0d76ec\" icon_placement=\"left\" animation=\"top\" background_layout=\"light\" text_orientation=\"left\" use_icon_font_size=\"off\" use_border_color=\"off\" border_color=\"#ffffff\" border_style=\"solid\"] [\/et_pb_blurb][et_pb_divider admin_label=\"Modulo Separatore\" color=\"#b5b5b5\" show_divider=\"on\" divider_style=\"solid\" divider_position=\"top\" hide_on_mobile=\"on\" height=\"10\"] [\/et_pb_divider][et_pb_text admin_label=\"Menu laterale - SUPER DATAMIX - ITA\" global_module=\"714\" saved_tabs=\"all\" background_layout=\"light\" text_orientation=\"left\" text_font_size=\"16\" use_border_color=\"off\" border_color=\"#ffffff\" border_style=\"solid\"] <strong>SUPER DATAMIX<\/strong><\/p><ul><li><a href=\"http:\/\/demo.n-3.it\/ptm\/guida-app-myscale\/\">Introduzione<\/a><\/li><li><a href=\"http:\/\/demo.n-3.it\/ptm\/guida-app-myscale\/guida-app-myscale-installazione-dellapp\/\">Installazione<\/a><\/li><li><a href=\"http:\/\/demo.n-3.it\/ptm\/guida-app-myscale\/guida-app-myscale-attivazione-della-modalita-myscale\/\">Attivazione<\/a><\/li><li><a href=\"http:\/\/demo.n-3.it\/ptm\/guida-app-myscale\/guida-app-myscale-segnalazioni-di-stato\/\">Segnalazioni di stato<\/a><\/li><li><a href=\"http:\/\/demo.n-3.it\/ptm\/guida-app-myscale\/guida-app-myscale-stato-della-connessione\/\">Stato della connessione<\/a><\/li><li><a href=\"http:\/\/demo.n-3.it\/ptm\/guida-app-myscale\/guida-app-myscale-funzione-dei-tasti\/\">Funzione dei tasti<\/a><\/li><li>Utilizzo del sistema<ul><li><a href=\"http:\/\/demo.n-3.it\/ptm\/guida-app-myscale\/guida-app-myscale-utilizzo-della-tastiera\/\">Tastiera<\/a><\/li><li><a href=\"http:\/\/demo.n-3.it\/ptm\/guida-app-myscale\/guida-app-myscale-peso-totale\/\">Peso totale<\/a><\/li><li><a href=\"http:\/\/demo.n-3.it\/ptm\/guida-app-myscale\/guida-app-myscale-peso-totale-selezione-della-ricetta\/\">Selezione della ricetta<\/a><\/li><li><a href=\"http:\/\/demo.n-3.it\/ptm\/guida-app-myscale\/guida-app-myscale-peso-totale-azzeramento-del-peso-totale\/\">Azzeramento del peso totale<\/a><\/li><li><a href=\"http:\/\/demo.n-3.it\/ptm\/guida-app-myscale\/guida-app-myscale-peso-totale-carico-avvio-del-carico-della-ricetta\/\">Peso totale carico<\/a><\/li><li><a href=\"http:\/\/demo.n-3.it\/ptm\/guida-app-myscale\/guida-app-myscale-peso-totale-scarico-avvio-dello-scarico-della-ricetta\/\">Peso totale scarico<\/a><\/li><li><a href=\"http:\/\/demo.n-3.it\/ptm\/guida-app-myscale\/guida-app-myscale-peso-parziale-azzeramento-del-peso-parziale\/\">Peso parziale<\/a><\/li><\/ul><\/li><\/ul><p>[\/et_pb_text][\/et_pb_column][et_pb_column type=\"3_4\" specialty_columns=\"3\"][et_pb_row_inner admin_label=\"Riga\"][et_pb_column_inner type=\"4_4\" saved_specialty_column_type=\"3_4\"][et_pb_cta admin_label=\"Titolo sezione\" title=\"Men\u00f9 principale\" url_new_window=\"off\" use_background_color=\"off\" background_color=\"#0d76ec\" background_layout=\"light\" text_orientation=\"left\" use_border_color=\"off\" border_color=\"#ffffff\" border_style=\"solid\" custom_button=\"off\" button_letter_spacing=\"0\" button_use_icon=\"default\" button_icon_placement=\"right\" button_on_hover=\"on\" button_letter_spacing_hover=\"0\" header_font_size=\"40\"] [\/et_pb_cta][et_pb_text admin_label=\"Testo\" background_layout=\"light\" text_orientation=\"left\" use_border_color=\"off\" border_color=\"#ffffff\" border_style=\"solid\"]<\/p><p><img class=\"alignnone size-full wp-image-742\" src=\"http:\/\/demo.n-3.it\/ptm\/wp-content\/uploads\/2016\/11\/ptm_0023_menu-principale.jpg\" alt=\"ptm_0023_menu-principale\" width=\"467\" height=\"339\" \/><\/p><p>Il men\u00f9 principale \u00e8 la prima interfaccia di dialogo con l'utente. Dal men\u00f9 si accede a tutte le funzionalit\u00e0 del programma da cui l'utente eseguir\u00e0 le operazioni necessarie.<\/p><p><strong>2) Men\u00f9 Componenti<\/strong><\/p><p><strong>3) Men\u00f9 composizione Ricette<\/strong><\/p><p><strong>4) Men\u00f9 Gruppi<\/strong><\/p><p><strong>5) Men\u00f9 composizione Carri<\/strong><\/p><p><strong>6) Men\u00f9 archivio di Carico<\/strong><\/p><p><strong>7) Men\u00f9 archivio di Scarico<\/strong><\/p><p><strong>8) Men\u00f9 Costi di produzione<\/strong><\/p><p><strong>9) Men\u00f9 Magazzino componenti<\/strong><\/p><p><strong>10) Men\u00f9 Forniture componenti<\/strong><\/p><p><strong>11) Men\u00f9 anagrafica Clienti<\/strong><\/p><p><strong>12) Men\u00f9 carichi Parziali<\/strong><\/p><p><strong>13) Men\u00f9 invio\/ricezione dati Card<\/strong><\/p><p><strong>14) Men\u00f9 Opzioni di configurazione programma<\/strong><\/p><p><strong>15) Men\u00f9 Utilit\u00e0 manutenzione programma<\/strong><\/p><p><strong>16) Men\u00f9 Guida in linea<\/strong><\/p><p><strong>17) Men\u00f9 chiudi <\/strong><\/p><p>[\/et_pb_text][et_pb_divider admin_label=\"Modulo Separatore\" color=\"#bababa\" show_divider=\"on\" height=\"10\" divider_style=\"solid\" divider_position=\"top\" hide_on_mobile=\"on\"] [\/et_pb_divider][et_pb_cta admin_label=\"Link al form\" global_module=\"142\" saved_tabs=\"all\" title=\"Non trovi quello che cerchi?\" button_url=\"#\" url_new_window=\"off\" button_text=\"Contattaci\" use_background_color=\"off\" background_color=\"#0d76ec\" background_layout=\"light\" text_orientation=\"center\" use_border_color=\"off\" border_color=\"#ffffff\" border_style=\"solid\" custom_button=\"off\" button_letter_spacing=\"0\" button_use_icon=\"default\" button_icon_placement=\"right\" button_on_hover=\"on\" button_letter_spacing_hover=\"0\"] [\/et_pb_cta][\/et_pb_column_inner][\/et_pb_row_inner][\/et_pb_column][\/et_pb_section]<\/p>","_et_gb_content_width":"","footnotes":""},"_links":{"self":[{"href":"http:\/\/service.ptmsrl.com\/de\/wp-json\/wp\/v2\/pages\/1140"}],"collection":[{"href":"http:\/\/service.ptmsrl.com\/de\/wp-json\/wp\/v2\/pages"}],"about":[{"href":"http:\/\/service.ptmsrl.com\/de\/wp-json\/wp\/v2\/types\/page"}],"author":[{"embeddable":true,"href":"http:\/\/service.ptmsrl.com\/de\/wp-json\/wp\/v2\/users\/9"}],"replies":[{"embeddable":true,"href":"http:\/\/service.ptmsrl.com\/de\/wp-json\/wp\/v2\/comments?post=1140"}],"version-history":[{"count":0,"href":"http:\/\/service.ptmsrl.com\/de\/wp-json\/wp\/v2\/pages\/1140\/revisions"}],"wp:attachment":[{"href":"http:\/\/service.ptmsrl.com\/de\/wp-json\/wp\/v2\/media?parent=1140"}],"curies":[{"name":"wp","href":"https:\/\/api.w.org\/{rel}","templated":true}]}}