{"id":1017,"date":"2016-11-09T15:16:24","date_gmt":"2016-11-09T14:16:24","guid":{"rendered":"http:\/\/demo.n-3.it\/ptm\/de\/?page_id=1017"},"modified":"2016-11-09T15:16:24","modified_gmt":"2016-11-09T14:16:24","slug":"tastenfunktionen","status":"publish","type":"page","link":"http:\/\/service.ptmsrl.com\/de\/app-myscale\/tastenfunktionen\/","title":{"rendered":"Tastenfunktionen"},"content":{"rendered":"<p>[et_pb_section admin_label=&#8220;section&#8220; fullwidth=&#8220;on&#8220;][et_pb_fullwidth_header admin_label=&#8220;Header &#8211; App MyScale&#8220; title=&#8220;APP MYSCALE&#8220; background_layout=&#8220;light&#8220; text_orientation=&#8220;left&#8220; header_fullscreen=&#8220;off&#8220; header_scroll_down=&#8220;off&#8220; background_color=&#8220;#222349&#8243; parallax=&#8220;off&#8220; parallax_method=&#8220;off&#8220; content_orientation=&#8220;center&#8220; image_orientation=&#8220;center&#8220; title_font_color=&#8220;#ffffff&#8220; title_font=&#8220;Montserrat|on|||&#8220; title_font_size=&#8220;40px&#8220; custom_button_one=&#8220;off&#8220; button_one_letter_spacing=&#8220;0&#8243; button_one_use_icon=&#8220;default&#8220; button_one_icon_placement=&#8220;right&#8220; button_one_on_hover=&#8220;on&#8220; button_one_letter_spacing_hover=&#8220;0&#8243; custom_button_two=&#8220;off&#8220; button_two_letter_spacing=&#8220;0&#8243; button_two_use_icon=&#8220;default&#8220; button_two_icon_placement=&#8220;right&#8220; button_two_on_hover=&#8220;on&#8220; button_two_letter_spacing_hover=&#8220;0&#8243;] [\/et_pb_fullwidth_header][\/et_pb_section][et_pb_section admin_label=&#8220;Sezione&#8220; fullwidth=&#8220;off&#8220; specialty=&#8220;on&#8220; transparent_background=&#8220;off&#8220; background_color=&#8220;#ffffff&#8220; allow_player_pause=&#8220;off&#8220; inner_shadow=&#8220;off&#8220; parallax=&#8220;off&#8220; parallax_method=&#8220;off&#8220; custom_padding=&#8220;0px|||&#8220; padding_mobile=&#8220;off&#8220; make_fullwidth=&#8220;off&#8220; use_custom_width=&#8220;off&#8220; width_unit=&#8220;on&#8220; make_equal=&#8220;off&#8220; use_custom_gutter=&#8220;off&#8220; parallax_1=&#8220;off&#8220; parallax_method_1=&#8220;off&#8220; parallax_2=&#8220;off&#8220; parallax_method_2=&#8220;off&#8220; custom_css_main_1=&#8220;border-right: solid 1px #bababa;&#8220;][et_pb_column type=&#8220;1_4&#8243;][et_pb_blurb admin_label=&#8220;Link al prodotto &#8211; APP MYSCALE &#8211; ITA&#8220; global_module=&#8220;548&#8243; saved_tabs=&#8220;all&#8220; title=&#8220;Scheda prodotto&#8220; url=&#8220;http:\/\/www.ptmsrl.com\/it\/s47\/product\/&#8220; url_new_window=&#8220;on&#8220; use_icon=&#8220;on&#8220; font_icon=&#8220;%%101%%&#8220; icon_color=&#8220;#b5b5b5&#8243; use_circle=&#8220;off&#8220; circle_color=&#8220;#0d76ec&#8220; use_circle_border=&#8220;off&#8220; circle_border_color=&#8220;#0d76ec&#8220; icon_placement=&#8220;left&#8220; animation=&#8220;top&#8220; background_layout=&#8220;light&#8220; text_orientation=&#8220;left&#8220; use_icon_font_size=&#8220;off&#8220; use_border_color=&#8220;off&#8220; border_color=&#8220;#ffffff&#8220; border_style=&#8220;solid&#8220;]<\/p>\n<p>App MyScale<\/p>\n<p>[\/et_pb_blurb][et_pb_divider admin_label=&#8220;Modulo Separatore&#8220; color=&#8220;#b5b5b5&#8243; show_divider=&#8220;on&#8220; divider_style=&#8220;solid&#8220; divider_position=&#8220;top&#8220; hide_on_mobile=&#8220;on&#8220; height=&#8220;10&#8243;] [\/et_pb_divider][et_pb_text admin_label=&#8220;Menu laterale &#8211; APP MYSCALE &#8211; ITA&#8220; global_module=&#8220;554&#8243; saved_tabs=&#8220;all&#8220; background_layout=&#8220;light&#8220; text_orientation=&#8220;left&#8220; text_font_size=&#8220;16&#8243; use_border_color=&#8220;off&#8220; border_color=&#8220;#ffffff&#8220; border_style=&#8220;solid&#8220;]<\/p>\n<p><strong>APP MYSCALE<\/strong><\/p>\n<ul>\n<li>Installazione<\/li>\n<li>Attivazione modalit\u00e0 AppScale<\/li>\n<li>Segnalazioni di stato<\/li>\n<li>Stato della connessione<\/li>\n<li>Funzione dei tasti<\/li>\n<li>Utilizzo del sistema<\/li>\n<\/ul>\n<p>[\/et_pb_text][\/et_pb_column][et_pb_column type=&#8220;3_4&#8243; specialty_columns=&#8220;3&#8243;][et_pb_row_inner admin_label=&#8220;Riga&#8220;][et_pb_column_inner type=&#8220;4_4&#8243; saved_specialty_column_type=&#8220;3_4&#8243;][et_pb_cta admin_label=&#8220;Titolo sezione&#8220; title=&#8220;Tastenfunktionen&#8220; url_new_window=&#8220;off&#8220; use_background_color=&#8220;off&#8220; background_color=&#8220;#0d76ec&#8220; background_layout=&#8220;light&#8220; text_orientation=&#8220;left&#8220; use_border_color=&#8220;off&#8220; border_color=&#8220;#ffffff&#8220; border_style=&#8220;solid&#8220; custom_button=&#8220;off&#8220; button_letter_spacing=&#8220;0&#8243; button_use_icon=&#8220;default&#8220; button_icon_placement=&#8220;right&#8220; button_on_hover=&#8220;on&#8220; button_letter_spacing_hover=&#8220;0&#8243; header_font_size=&#8220;40&#8243;] [\/et_pb_cta][et_pb_text admin_label=&#8220;Testo&#8220; background_layout=&#8220;light&#8220; text_orientation=&#8220;left&#8220; use_border_color=&#8220;off&#8220; border_color=&#8220;#ffffff&#8220; border_style=&#8220;solid&#8220; module_class=&#8220;tabella&#8220;]<\/p>\n<table>\n<tbody>\n<tr>\n<td class=\"td-left\"><img loading=\"lazy\" decoding=\"async\" class=\"alignnone size-full wp-image-603\" src=\"http:\/\/service.ptmsrl.com\/wp-content\/uploads\/2016\/11\/0012_appmyscale.jpg\" alt=\"_0012_appmyscale\" width=\"100\" height=\"84\" \/><\/td>\n<td class=\"td-right\">\n<ul>\n<li>\u00a0TASTATUR ERSCHEINT<\/li>\n<\/ul>\n<\/td>\n<\/tr>\n<\/tbody>\n<\/table>\n<table>\n<tbody>\n<tr>\n<td class=\"td-left\"><img loading=\"lazy\" decoding=\"async\" class=\"alignnone size-full wp-image-602\" src=\"http:\/\/service.ptmsrl.com\/wp-content\/uploads\/2016\/11\/0011_appmyscale.jpg\" alt=\"_0011_appmyscale\" width=\"100\" height=\"84\" \/><\/td>\n<td class=\"td-right\">\n<ul>\n<li>TASTATUR VERSCHWINDET<\/li>\n<\/ul>\n<\/td>\n<\/tr>\n<\/tbody>\n<\/table>\n<table>\n<tbody>\n<tr>\n<td class=\"td-left\"><img loading=\"lazy\" decoding=\"async\" class=\"alignnone size-full wp-image-601\" src=\"http:\/\/service.ptmsrl.com\/wp-content\/uploads\/2016\/11\/0010_appmyscale.jpg\" alt=\"_0010_appmyscale\" width=\"100\" height=\"84\" \/><\/td>\n<td class=\"td-right\">\n<ul>\n<li>Exit<\/li>\n<\/ul>\n<\/td>\n<\/tr>\n<\/tbody>\n<\/table>\n<table>\n<tbody>\n<tr>\n<td class=\"td-left\"><img loading=\"lazy\" decoding=\"async\" class=\"alignnone size-full wp-image-600\" src=\"http:\/\/service.ptmsrl.com\/wp-content\/uploads\/2016\/11\/0009_appmyscale.jpg\" alt=\"_0009_appmyscale\" width=\"100\" height=\"84\" \/><\/td>\n<td class=\"td-right\">\n<ul>\n<li>\u00a0Enter<\/li>\n<\/ul>\n<\/td>\n<\/tr>\n<\/tbody>\n<\/table>\n<table>\n<tbody>\n<tr>\n<td class=\"td-left\"><img loading=\"lazy\" decoding=\"async\" class=\"alignnone size-full wp-image-599\" src=\"http:\/\/service.ptmsrl.com\/wp-content\/uploads\/2016\/11\/0008_appmyscale.jpg\" alt=\"_0008_appmyscale\" width=\"100\" height=\"84\" \/><\/td>\n<td class=\"td-right\">\n<ul>\n<li>BEWEGUNG VOM CURSOR NACH OBEN<\/li>\n<li>DURCHGANG ZUR N\u00c4CHSTEN KOMPONENTE<\/li>\n<li>DURCHGANG ZUR N\u00c4CHSTEN GRUPPE<\/li>\n<\/ul>\n<\/td>\n<\/tr>\n<\/tbody>\n<\/table>\n<table>\n<tbody>\n<tr>\n<td class=\"td-left\"><img loading=\"lazy\" decoding=\"async\" class=\"alignnone size-full wp-image-598\" src=\"http:\/\/service.ptmsrl.com\/wp-content\/uploads\/2016\/11\/0007_appmyscale.jpg\" alt=\"_0007_appmyscale\" width=\"100\" height=\"84\" \/><\/td>\n<td class=\"td-right\">\n<ul>\n<li>BEWEGUNG VOM CURSOR NACH UNTEN<\/li>\n<li>ZUR VORIGEN KOMPONENTE ZUR\u00dcCK<\/li>\n<li>ZUR VORIGEN GRUPPE ZUR\u00dcCK<\/li>\n<\/ul>\n<\/td>\n<\/tr>\n<\/tbody>\n<\/table>\n<table>\n<tbody>\n<tr>\n<td class=\"td-left\"><img loading=\"lazy\" decoding=\"async\" class=\"alignnone size-full wp-image-597\" src=\"http:\/\/service.ptmsrl.com\/wp-content\/uploads\/2016\/11\/0006_appmyscale.jpg\" alt=\"_0006_appmyscale\" width=\"100\" height=\"84\" \/><\/td>\n<td class=\"td-right\">\n<ul>\n<li>BEWEGUNG VOM CURSOR NACH LINKS<\/li>\n<\/ul>\n<\/td>\n<\/tr>\n<\/tbody>\n<\/table>\n<table>\n<tbody>\n<tr>\n<td class=\"td-left\"><img loading=\"lazy\" decoding=\"async\" class=\"alignnone size-full wp-image-596\" src=\"http:\/\/service.ptmsrl.com\/wp-content\/uploads\/2016\/11\/0005_appmyscale.jpg\" alt=\"_0005_appmyscale\" width=\"100\" height=\"84\" \/><\/td>\n<td class=\"td-right\">\n<ul>\n<li>BEWEGUNG VOM CURSOR NACH RECHTS<\/li>\n<\/ul>\n<\/td>\n<\/tr>\n<\/tbody>\n<\/table>\n<table>\n<tbody>\n<tr>\n<td class=\"td-left\"><img loading=\"lazy\" decoding=\"async\" class=\"alignnone size-full wp-image-595\" src=\"http:\/\/service.ptmsrl.com\/wp-content\/uploads\/2016\/11\/0004_appmyscale.jpg\" alt=\"_0004_appmyscale\" width=\"100\" height=\"84\" \/><\/td>\n<td class=\"td-right\">\n<ul>\n<li>NULLSTELLUNG DER TARA<\/li>\n<li>GESAMTGEWICHT ABRUFEN<\/li>\n<\/ul>\n<\/td>\n<\/tr>\n<\/tbody>\n<\/table>\n<table>\n<tbody>\n<tr>\n<td class=\"td-left\"><img loading=\"lazy\" decoding=\"async\" class=\"alignnone size-full wp-image-594\" src=\"http:\/\/service.ptmsrl.com\/wp-content\/uploads\/2016\/11\/0003_appmyscale.jpg\" alt=\"_0003_appmyscale\" width=\"100\" height=\"84\" \/><\/td>\n<td class=\"td-right\">\n<ul>\n<li>TEILGEWICHT ABRUFEN<\/li>\n<li>NULLSTELLUNG VOM TEILGEWICHT<\/li>\n<\/ul>\n<\/td>\n<\/tr>\n<\/tbody>\n<\/table>\n<table>\n<tbody>\n<tr>\n<td class=\"td-left\"><img loading=\"lazy\" decoding=\"async\" class=\"alignnone size-full wp-image-593\" src=\"http:\/\/service.ptmsrl.com\/wp-content\/uploads\/2016\/11\/0002_appmyscale.jpg\" alt=\"_0002_appmyscale\" width=\"100\" height=\"84\" \/><\/td>\n<td class=\"td-right\">\n<ul>\n<li>LADUNGSTART F\u00dcR DAS AUSGEW\u00c4HLTE REZEPT<\/li>\n<\/ul>\n<\/td>\n<\/tr>\n<\/tbody>\n<\/table>\n<table>\n<tbody>\n<tr>\n<td class=\"td-left\"><img loading=\"lazy\" decoding=\"async\" class=\"alignnone size-full wp-image-592\" src=\"http:\/\/service.ptmsrl.com\/wp-content\/uploads\/2016\/11\/0001_appmyscale.jpg\" alt=\"_0001_appmyscale\" width=\"100\" height=\"84\" \/><\/td>\n<td class=\"td-right\">\n<ul>\n<li>AUSLADUNGSSTART F\u00dcR DAS AUSGEW\u00c4HLTE REZEPT<\/li>\n<\/ul>\n<\/td>\n<\/tr>\n<\/tbody>\n<\/table>\n<table>\n<tbody>\n<tr>\n<td class=\"td-left\"><img loading=\"lazy\" decoding=\"async\" class=\"alignnone size-full wp-image-591\" src=\"http:\/\/service.ptmsrl.com\/wp-content\/uploads\/2016\/11\/0000_appmyscale.jpg\" alt=\"_0000_appmyscale\" width=\"100\" height=\"84\" \/><\/td>\n<td class=\"td-right\">\n<ul>\n<li>ZEICHEN \u201c-\u201c EINGEBEN<\/li>\n<li>BLOCK \/ SBLOCK DER GEWICHTSABWEICHUNG<\/li>\n<\/ul>\n<\/td>\n<\/tr>\n<\/tbody>\n<\/table>\n<p>[\/et_pb_text][et_pb_divider admin_label=&#8220;Modulo Separatore&#8220; color=&#8220;#bababa&#8220; show_divider=&#8220;on&#8220; height=&#8220;10&#8243; divider_style=&#8220;solid&#8220; divider_position=&#8220;top&#8220; hide_on_mobile=&#8220;on&#8220;] [\/et_pb_divider][et_pb_cta admin_label=&#8220;Link al form&#8220; global_module=&#8220;142&#8243; saved_tabs=&#8220;all&#8220; title=&#8220;Non trovi quello che cerchi?&#8220; button_url=&#8220;#&#8220; url_new_window=&#8220;off&#8220; button_text=&#8220;Contattaci&#8220; use_background_color=&#8220;off&#8220; background_color=&#8220;#0d76ec&#8220; background_layout=&#8220;light&#8220; text_orientation=&#8220;center&#8220; use_border_color=&#8220;off&#8220; border_color=&#8220;#ffffff&#8220; border_style=&#8220;solid&#8220; custom_button=&#8220;off&#8220; button_letter_spacing=&#8220;0&#8243; button_use_icon=&#8220;default&#8220; button_icon_placement=&#8220;right&#8220; button_on_hover=&#8220;on&#8220; button_letter_spacing_hover=&#8220;0&#8243;] [\/et_pb_cta][\/et_pb_column_inner][\/et_pb_row_inner][\/et_pb_column][\/et_pb_section]<\/p>\n","protected":false},"excerpt":{"rendered":"<p>App MyScale APP MYSCALE Installazione Attivazione modalit\u00e0 AppScale Segnalazioni di stato Stato della connessione Funzione dei tasti Utilizzo del sistema \u00a0TASTATUR ERSCHEINT TASTATUR VERSCHWINDET Exit \u00a0Enter BEWEGUNG VOM CURSOR NACH OBEN DURCHGANG ZUR N\u00c4CHSTEN KOMPONENTE DURCHGANG ZUR N\u00c4CHSTEN GRUPPE BEWEGUNG VOM CURSOR NACH UNTEN ZUR VORIGEN KOMPONENTE ZUR\u00dcCK ZUR VORIGEN GRUPPE ZUR\u00dcCK BEWEGUNG VOM CURSOR [&hellip;]<\/p>\n","protected":false},"author":9,"featured_media":0,"parent":996,"menu_order":0,"comment_status":"closed","ping_status":"closed","template":"","meta":{"_et_pb_use_builder":"on","_et_pb_old_content":"<p>[et_pb_section admin_label=\"section\" global_module=\"542\" fullwidth=\"on\"][et_pb_fullwidth_header global_parent=\"542\" admin_label=\"Header - App MyScale\" title=\"APP MYSCALE\" background_layout=\"light\" text_orientation=\"left\" header_fullscreen=\"off\" header_scroll_down=\"off\" background_color=\"#222349\" parallax=\"off\" parallax_method=\"off\" content_orientation=\"center\" image_orientation=\"center\" title_font_color=\"#ffffff\" title_font=\"Montserrat|on|||\" title_font_size=\"40px\" custom_button_one=\"off\" button_one_letter_spacing=\"0\" button_one_use_icon=\"default\" button_one_icon_placement=\"right\" button_one_on_hover=\"on\" button_one_letter_spacing_hover=\"0\" custom_button_two=\"off\" button_two_letter_spacing=\"0\" button_two_use_icon=\"default\" button_two_icon_placement=\"right\" button_two_on_hover=\"on\" button_two_letter_spacing_hover=\"0\"]<\/p><p>[\/et_pb_fullwidth_header][\/et_pb_section][et_pb_section admin_label=\"Sezione\" fullwidth=\"off\" specialty=\"on\" transparent_background=\"off\" background_color=\"#ffffff\" allow_player_pause=\"off\" inner_shadow=\"off\" parallax=\"off\" parallax_method=\"off\" custom_padding=\"0px|||\" padding_mobile=\"off\" make_fullwidth=\"off\" use_custom_width=\"off\" width_unit=\"on\" make_equal=\"off\" use_custom_gutter=\"off\" parallax_1=\"off\" parallax_method_1=\"off\" parallax_2=\"off\" parallax_method_2=\"off\" custom_css_main_1=\"border-right: solid 1px #bababa;\"][et_pb_column type=\"1_4\"][et_pb_blurb admin_label=\"Link al prodotto - APP MYSCALE - ITA\" global_module=\"548\" saved_tabs=\"all\" title=\"Scheda prodotto\" url=\"http:\/\/www.ptmsrl.com\/it\/s47\/product\/\" url_new_window=\"on\" use_icon=\"on\" font_icon=\"%%101%%\" icon_color=\"#b5b5b5\" use_circle=\"off\" circle_color=\"#0d76ec\" use_circle_border=\"off\" circle_border_color=\"#0d76ec\" icon_placement=\"left\" animation=\"top\" background_layout=\"light\" text_orientation=\"left\" use_icon_font_size=\"off\" use_border_color=\"off\" border_color=\"#ffffff\" border_style=\"solid\"]<\/p><p>App MyScale<\/p><p>[\/et_pb_blurb][et_pb_divider admin_label=\"Modulo Separatore\" color=\"#b5b5b5\" show_divider=\"on\" divider_style=\"solid\" divider_position=\"top\" hide_on_mobile=\"on\" height=\"10\"]<\/p><p>[\/et_pb_divider][et_pb_text admin_label=\"Menu laterale - APP MYSCALE - ITA\" global_module=\"554\" saved_tabs=\"all\" background_layout=\"light\" text_orientation=\"left\" text_font_size=\"16\" use_border_color=\"off\" border_color=\"#ffffff\" border_style=\"solid\"]<\/p><p><strong>APP MYSCALE<\/strong><\/p><ul><li>Installazione<\/li><li>Attivazione modalit\u00e0 AppScale<\/li><li>Segnalazioni di stato<\/li><li>Stato della connessione<\/li><li>Funzione dei tasti<\/li><li>Utilizzo del sistema<\/li><\/ul><p>[\/et_pb_text][\/et_pb_column][et_pb_column type=\"3_4\" specialty_columns=\"3\"][et_pb_row_inner admin_label=\"Riga\"][et_pb_column_inner type=\"4_4\" saved_specialty_column_type=\"3_4\"][et_pb_cta admin_label=\"Titolo sezione\" title=\"Funzione dei tasti\" url_new_window=\"off\" use_background_color=\"off\" background_color=\"#0d76ec\" background_layout=\"light\" text_orientation=\"left\" use_border_color=\"off\" border_color=\"#ffffff\" border_style=\"solid\" custom_button=\"off\" button_letter_spacing=\"0\" button_use_icon=\"default\" button_icon_placement=\"right\" button_on_hover=\"on\" button_letter_spacing_hover=\"0\" header_font_size=\"40\"]<\/p><p>[\/et_pb_cta][et_pb_text admin_label=\"Testo\" background_layout=\"light\" text_orientation=\"left\" use_border_color=\"off\" border_color=\"#ffffff\" border_style=\"solid\" module_class=\"tabella\"]<\/p><table><tbody><tr><td class=\"td-left\"><img class=\"alignnone size-full wp-image-603\" src=\"http:\/\/demo.n-3.it\/ptm\/wp-content\/uploads\/2016\/11\/0012_appmyscale.jpg\" alt=\"_0012_appmyscale\" width=\"100\" height=\"84\" \/><\/td><td class=\"td-right\"><ul><li>\u00a0Tastiera comparsa<\/li><\/ul><\/td><\/tr><\/tbody><\/table><table><tbody><tr><td class=\"td-left\"><img class=\"alignnone size-full wp-image-602\" src=\"http:\/\/demo.n-3.it\/ptm\/wp-content\/uploads\/2016\/11\/0011_appmyscale.jpg\" alt=\"_0011_appmyscale\" width=\"100\" height=\"84\" \/><\/td><td class=\"td-right\"><ul><li>Tastiera scomparsa<\/li><\/ul><\/td><\/tr><\/tbody><\/table><table><tbody><tr><td class=\"td-left\"><img class=\"alignnone size-full wp-image-601\" src=\"http:\/\/demo.n-3.it\/ptm\/wp-content\/uploads\/2016\/11\/0010_appmyscale.jpg\" alt=\"_0010_appmyscale\" width=\"100\" height=\"84\" \/><\/td><td class=\"td-right\"><ul><li>Exit<\/li><\/ul><\/td><\/tr><\/tbody><\/table><table><tbody><tr><td class=\"td-left\"><img class=\"alignnone size-full wp-image-600\" src=\"http:\/\/demo.n-3.it\/ptm\/wp-content\/uploads\/2016\/11\/0009_appmyscale.jpg\" alt=\"_0009_appmyscale\" width=\"100\" height=\"84\" \/><\/td><td class=\"td-right\"><ul><li>\u00a0Enter<\/li><\/ul><\/td><\/tr><\/tbody><\/table><table><tbody><tr><td class=\"td-left\"><img class=\"alignnone size-full wp-image-599\" src=\"http:\/\/demo.n-3.it\/ptm\/wp-content\/uploads\/2016\/11\/0008_appmyscale.jpg\" alt=\"_0008_appmyscale\" width=\"100\" height=\"84\" \/><\/td><td class=\"td-right\"><ul><li>Spostamento del cursore verso l'alto<\/li><li>Passa al componente successivo<\/li><li>Passa al gruppo successivo<\/li><\/ul><\/td><\/tr><\/tbody><\/table><table><tbody><tr><td class=\"td-left\"><img class=\"alignnone size-full wp-image-598\" src=\"http:\/\/demo.n-3.it\/ptm\/wp-content\/uploads\/2016\/11\/0007_appmyscale.jpg\" alt=\"_0007_appmyscale\" width=\"100\" height=\"84\" \/><\/td><td class=\"td-right\"><ul><li>Spostamento del cursore verso\u00a0il basso<\/li><li>Passa al componente\u00a0precedente<\/li><li>Passa al gruppo precedente<\/li><\/ul><\/td><\/tr><\/tbody><\/table><table><tbody><tr><td class=\"td-left\"><img class=\"alignnone size-full wp-image-597\" src=\"http:\/\/demo.n-3.it\/ptm\/wp-content\/uploads\/2016\/11\/0006_appmyscale.jpg\" alt=\"_0006_appmyscale\" width=\"100\" height=\"84\" \/><\/td><td class=\"td-right\"><ul><li>\u00a0Spostamento del cursore verso sinistra<\/li><\/ul><\/td><\/tr><\/tbody><\/table><table><tbody><tr><td class=\"td-left\"><img class=\"alignnone size-full wp-image-596\" src=\"http:\/\/demo.n-3.it\/ptm\/wp-content\/uploads\/2016\/11\/0005_appmyscale.jpg\" alt=\"_0005_appmyscale\" width=\"100\" height=\"84\" \/><\/td><td class=\"td-right\"><ul><li>\u00a0Spostamento del cursore verso destra<\/li><\/ul><\/td><\/tr><\/tbody><\/table><table><tbody><tr><td class=\"td-left\"><img class=\"alignnone size-full wp-image-595\" src=\"http:\/\/demo.n-3.it\/ptm\/wp-content\/uploads\/2016\/11\/0004_appmyscale.jpg\" alt=\"_0004_appmyscale\" width=\"100\" height=\"84\" \/><\/td><td class=\"td-right\"><ul><li>Azzeramento tara<\/li><li>Richiamo peso totale<\/li><\/ul><\/td><\/tr><\/tbody><\/table><table><tbody><tr><td class=\"td-left\"><img class=\"alignnone size-full wp-image-594\" src=\"http:\/\/demo.n-3.it\/ptm\/wp-content\/uploads\/2016\/11\/0003_appmyscale.jpg\" alt=\"_0003_appmyscale\" width=\"100\" height=\"84\" \/><\/td><td class=\"td-right\"><ul><li>Richiamo peso parziale<\/li><li>Azzeramento peso parziale<\/li><\/ul><\/td><\/tr><\/tbody><\/table><table><tbody><tr><td class=\"td-left\"><img class=\"alignnone size-full wp-image-593\" src=\"http:\/\/demo.n-3.it\/ptm\/wp-content\/uploads\/2016\/11\/0002_appmyscale.jpg\" alt=\"_0002_appmyscale\" width=\"100\" height=\"84\" \/><\/td><td class=\"td-right\"><ul><li>Avvio del<\/li><\/ul><p>carico\u00a0per la ricetta selezionata<\/p><\/td><\/tr><\/tbody><\/table><table><tbody><tr><td class=\"td-left\"><img class=\"alignnone size-full wp-image-592\" src=\"http:\/\/demo.n-3.it\/ptm\/wp-content\/uploads\/2016\/11\/0001_appmyscale.jpg\" alt=\"_0001_appmyscale\" width=\"100\" height=\"84\" \/><\/td><td class=\"td-right\"><ul><li>Avvio del scarico\u00a0per la ricetta selezionata<\/li><\/ul><\/td><\/tr><\/tbody><\/table><table><tbody><tr><td class=\"td-left\"><img class=\"alignnone size-full wp-image-591\" src=\"http:\/\/demo.n-3.it\/ptm\/wp-content\/uploads\/2016\/11\/0000_appmyscale.jpg\" alt=\"_0000_appmyscale\" width=\"100\" height=\"84\" \/><\/td><td class=\"td-right\"><ul><li>Inserimento carattere \"-\u201c<\/li><li>Blocco \/ Sblocco della variazione del peso<\/li><\/ul><\/td><\/tr><\/tbody><\/table><p>[\/et_pb_text][et_pb_divider admin_label=\"Modulo Separatore\" color=\"#bababa\" show_divider=\"on\" height=\"10\" divider_style=\"solid\" divider_position=\"top\" hide_on_mobile=\"on\"]<\/p><p>[\/et_pb_divider][et_pb_cta admin_label=\"Link al form\" global_module=\"142\" saved_tabs=\"all\" title=\"Non trovi quello che cerchi?\" button_url=\"#\" url_new_window=\"off\" button_text=\"Contattaci\" use_background_color=\"off\" background_color=\"#0d76ec\" background_layout=\"light\" text_orientation=\"center\" use_border_color=\"off\" border_color=\"#ffffff\" border_style=\"solid\" custom_button=\"off\" button_letter_spacing=\"0\" button_use_icon=\"default\" button_icon_placement=\"right\" button_on_hover=\"on\" button_letter_spacing_hover=\"0\"]<\/p><p>[\/et_pb_cta][\/et_pb_column_inner][\/et_pb_row_inner][\/et_pb_column][\/et_pb_section]<\/p>","_et_gb_content_width":"","footnotes":""},"_links":{"self":[{"href":"http:\/\/service.ptmsrl.com\/de\/wp-json\/wp\/v2\/pages\/1017"}],"collection":[{"href":"http:\/\/service.ptmsrl.com\/de\/wp-json\/wp\/v2\/pages"}],"about":[{"href":"http:\/\/service.ptmsrl.com\/de\/wp-json\/wp\/v2\/types\/page"}],"author":[{"embeddable":true,"href":"http:\/\/service.ptmsrl.com\/de\/wp-json\/wp\/v2\/users\/9"}],"replies":[{"embeddable":true,"href":"http:\/\/service.ptmsrl.com\/de\/wp-json\/wp\/v2\/comments?post=1017"}],"version-history":[{"count":0,"href":"http:\/\/service.ptmsrl.com\/de\/wp-json\/wp\/v2\/pages\/1017\/revisions"}],"up":[{"embeddable":true,"href":"http:\/\/service.ptmsrl.com\/de\/wp-json\/wp\/v2\/pages\/996"}],"wp:attachment":[{"href":"http:\/\/service.ptmsrl.com\/de\/wp-json\/wp\/v2\/media?parent=1017"}],"curies":[{"name":"wp","href":"https:\/\/api.w.org\/{rel}","templated":true}]}}